{"id":54,"date":"2014-06-07T20:56:37","date_gmt":"2014-06-07T20:56:37","guid":{"rendered":"http:\/\/blog.espol.edu.ec\/jcashug\/?page_id=54"},"modified":"2014-06-07T21:05:39","modified_gmt":"2014-06-07T21:05:39","slug":"otavalo","status":"publish","type":"page","link":"https:\/\/blog.espol.edu.ec\/jcashug\/otavalo\/","title":{"rendered":"Otavalo"},"content":{"rendered":"<p><b style=\"color: #252525\">San Luis de Otavalo<\/b><span style=\"color: #252525\">,' o simplemente\u00a0<\/span><b style=\"color: #252525\">Otavalo<\/b><span style=\"color: #252525\">,' es una\u00a0<\/span><a style=\"color: #0b0080\" title=\"Ciudad\" href=\"http:\/\/es.wikipedia.org\/wiki\/Ciudad\">ciudad<\/a><span style=\"color: #252525\">\u00a0de la\u00a0<\/span><a style=\"color: #0b0080\" title=\"Provincia de Imbabura\" href=\"http:\/\/es.wikipedia.org\/wiki\/Provincia_de_Imbabura\">provincia de Imbabura<\/a><span style=\"color: #252525\">, en\u00a0<\/span><a style=\"color: #0b0080\" title=\"Ecuador\" href=\"http:\/\/es.wikipedia.org\/wiki\/Ecuador\">Ecuador<\/a><span style=\"color: #252525\">; situada a 110 kil\u00f3metros al norte de la ciudad de\u00a0<\/span><a style=\"color: #0b0080\" title=\"Quito\" href=\"http:\/\/es.wikipedia.org\/wiki\/Quito\">Quito<\/a><span style=\"color: #252525\">.<\/span><sup id=\"cite_ref-ubicgeo_1-0\" class=\"reference\" style=\"color: #252525\"><a style=\"color: #0b0080\" href=\"http:\/\/es.wikipedia.org\/wiki\/Otavalo#cite_note-ubicgeo-1\">1<\/a><\/sup><span style=\"color: #252525\">\u00a0Otavalo ha sido declarada como \u201cCapital intercultural de Ecuador\u201d por ser un ciudad con enorme potencial en varios aspectos, poseedor de un encanto paisaj\u00edstico, riqueza cultural, historia y desarrollo comercial. Este valle andino es hogar de la etnia ind\u00edgena kichwa de los Otavalos, famosos por su habilidad textil y comercial, caracter\u00edsticas que han dado lugar al mercado artesanal ind\u00edgena m\u00e1s grande de Sudam\u00e9rica. La Plaza de Ponchos o Plaza Centenerio, colorido mercado artesanal m\u00e1s grande de Sudam\u00e9rica, es un sitio de confluencia a donde gente de todas partes del mundo llega para admirar la diversidad y habilidad artesanal y comercial.<\/span><\/p>\n<p>Ubicacion:<\/p>\n<p><a href=\"http:\/\/goo.gl\/maps\/qg848\">http:\/\/goo.gl\/maps\/qg848<\/a><\/p>\n<p>Gastronomia:<\/p>\n<h3 style=\"color: #888888\"><span style=\"font-weight: inherit;font-style: inherit;color: #003366\"><strong style=\"font-weight: inherit;font-style: inherit\">El Yamor<\/strong><\/span><\/h3>\n<p><span style=\"color: #666666\">La comida tradicional es parte\u00a0<\/span><span id=\"egy6beu7h777_5\" class=\"egy6beu7h777\" style=\"color: #009900 !important\">del<\/span><span style=\"color: #666666\">\u00a0acervo cultural de Otavalo. El\u00a0<\/span><span id=\"egy6beu7h777_2\" class=\"egy6beu7h777\" style=\"color: #009900 !important\">plato m\u00e1s<\/span><span style=\"color: #666666\">\u00a0conocido es el Yamor y se lo consume en septiembre, durante la celebraci\u00f3n de la fiesta del mismo nombre. Est\u00e1 compuesto por la chicha de siete variedades de ma\u00edz, el mote, tortillas, empanadas y el aj\u00ed. Yamor es el nombre de la chicha, bebida ancestral muy apetecida por su sabor dulce.<\/span><\/p>\n<p><img decoding=\"async\" src=\"http:\/\/www.visitotavalo.com\/wp-content\/uploads\/2012\/05\/yamor.jpg\" alt=\"\" \/><\/p>\n<p>Su Gente:<\/p>\n<p><img decoding=\"async\" src=\"http:\/\/www.neovoyage.com\/images\/fullres\/ecuador08.jpg\" alt=\"\" \/><\/p>\n<p>&nbsp;<\/p>\n<p><img loading=\"lazy\" decoding=\"async\" src=\"http:\/\/1.bp.blogspot.com\/-lwM9a8504JM\/UWdJKjTentI\/AAAAAAAAAGU\/tz4Bb10iCBI\/s1600\/otavalo1.JPG\" alt=\"\" width=\"762\" height=\"518\" \/><\/p>\n<p>&nbsp;<\/p>\n<p>&nbsp;<\/p>\n<p>&nbsp;<\/p>\n<p>&nbsp;<\/p>\n<p>&nbsp;<\/p>\n<p>&nbsp;<\/p>\n<p>&nbsp;<\/p>\n<p>&nbsp;<\/p>\n<p>&nbsp;<\/p>\n<p>&nbsp;<\/p>\n<p>&nbsp;<\/p>\n<p>&nbsp;<\/p>\n<p>&nbsp;<\/p>\n<p>&nbsp;<\/p>\n<p>&nbsp;<\/p>\n<p>&nbsp;<\/p>\n","protected":false},"excerpt":{"rendered":"<p>San Luis de Otavalo,' o simplemente\u00a0Otavalo,' es una\u00a0ciudad\u00a0de la\u00a0provincia de Imbabura, en\u00a0Ecuador; situada a 110 kil\u00f3metros al norte de la ciudad de\u00a0Quito.1\u00a0Otavalo ha sido declarada como \u201cCapital intercultural de Ecuador\u201d por ser un ciudad con enorme potencial en varios aspectos, poseedor de un encanto paisaj\u00edstico, riqueza cultural, historia y desarrollo comercial. Este valle andino es [&hellip;]<\/p>\n","protected":false},"author":9022,"featured_media":0,"parent":0,"menu_order":1,"comment_status":"open","ping_status":"closed","template":"","meta":{"footnotes":""},"class_list":["post-54","page","type-page","status-publish","hentry"],"_links":{"self":[{"href":"https:\/\/blog.espol.edu.ec\/jcashug\/wp-json\/wp\/v2\/pages\/54","targetHints":{"allow":["GET"]}}],"collection":[{"href":"https:\/\/blog.espol.edu.ec\/jcashug\/wp-json\/wp\/v2\/pages"}],"about":[{"href":"https:\/\/blog.espol.edu.ec\/jcashug\/wp-json\/wp\/v2\/types\/page"}],"author":[{"embeddable":true,"href":"https:\/\/blog.espol.edu.ec\/jcashug\/wp-json\/wp\/v2\/users\/9022"}],"replies":[{"embeddable":true,"href":"https:\/\/blog.espol.edu.ec\/jcashug\/wp-json\/wp\/v2\/comments?post=54"}],"version-history":[{"count":4,"href":"https:\/\/blog.espol.edu.ec\/jcashug\/wp-json\/wp\/v2\/pages\/54\/revisions"}],"predecessor-version":[{"id":59,"href":"https:\/\/blog.espol.edu.ec\/jcashug\/wp-json\/wp\/v2\/pages\/54\/revisions\/59"}],"wp:attachment":[{"href":"https:\/\/blog.espol.edu.ec\/jcashug\/wp-json\/wp\/v2\/media?parent=54"}],"curies":[{"name":"wp","href":"https:\/\/api.w.org\/{rel}","templated":true}]}}