{"id":7,"date":"2014-05-27T20:34:32","date_gmt":"2014-05-27T20:34:32","guid":{"rendered":"http:\/\/blog.espol.edu.ec\/jcashug\/?page_id=7"},"modified":"2014-06-07T21:02:25","modified_gmt":"2014-06-07T21:02:25","slug":"ejemplo-de-pagina","status":"publish","type":"page","link":"https:\/\/blog.espol.edu.ec\/jcashug\/ejemplo-de-pagina\/","title":{"rendered":"Instrumentos de viento (artesanias)"},"content":{"rendered":"<div id=\"attachment_11\" style=\"width: 310px\" class=\"wp-caption alignnone\"><a href=\"http:\/\/blog.espol.edu.ec\/jcashug\/files\/2014\/05\/flauta-de-panamarrada.jpg\"><img loading=\"lazy\" decoding=\"async\" aria-describedby=\"caption-attachment-11\" class=\"wp-image-11 size-medium\" src=\"http:\/\/blog.espol.edu.ec\/jcashug\/files\/2014\/05\/flauta-de-panamarrada-300x300.jpg\" alt=\"Toma su nombre de Syrinx. La ninfa Siringe, a la que amaba, fue convertida en ca\u00f1a y entonces Pan cort\u00f3 la ca\u00f1a en trozos de diferente longitud, los uni\u00f3 e hizo con ellos una m\u00fasica que le consol\u00f3 de la p\u00e9rdida. El  termino Syrinx es normalmente el nombre generico para nombrar a toda la familia, aunque hay derivados en muchas lenguas.\" width=\"300\" height=\"300\" srcset=\"https:\/\/blog.espol.edu.ec\/jcashug\/files\/2014\/05\/flauta-de-panamarrada-300x300.jpg 300w, https:\/\/blog.espol.edu.ec\/jcashug\/files\/2014\/05\/flauta-de-panamarrada-150x150.jpg 150w, https:\/\/blog.espol.edu.ec\/jcashug\/files\/2014\/05\/flauta-de-panamarrada.jpg 400w\" sizes=\"auto, (max-width: 300px) 100vw, 300px\" \/><\/a><p id=\"caption-attachment-11\" class=\"wp-caption-text\">Antara: Es un instrumento musical cuyo uso sigue siendo muy extendido entre los m\u00fasicos de los Andes. Este instrumento es conocido tambi\u00e9n como \u201cflauta de pan\u201d o \u201czampo\u00f1a\u201d. Se confeccionaba con ca\u00f1as de carrizo y huesos.<\/p><\/div>\n<div id=\"attachment_13\" style=\"width: 185px\" class=\"wp-caption alignnone\"><a href=\"http:\/\/blog.espol.edu.ec\/jcashug\/files\/2014\/05\/198.jpg\"><img loading=\"lazy\" decoding=\"async\" aria-describedby=\"caption-attachment-13\" class=\"size-full wp-image-13\" src=\"http:\/\/blog.espol.edu.ec\/jcashug\/files\/2014\/05\/198.jpg\" alt=\"Maracas hechas de cuerno emiten un sonido al agitarlas \" width=\"175\" height=\"200\" \/><\/a><p id=\"caption-attachment-13\" class=\"wp-caption-text\">Maracas hechas de cuerno emiten un sonido al agitarlas<\/p><\/div>\n<p>&nbsp;<\/p>\n<div id=\"attachment_16\" style=\"width: 310px\" class=\"wp-caption alignnone\"><a href=\"http:\/\/blog.espol.edu.ec\/jcashug\/files\/2014\/05\/Zampo\u00f1a.jpg\"><img loading=\"lazy\" decoding=\"async\" aria-describedby=\"caption-attachment-16\" class=\"size-medium wp-image-16\" src=\"http:\/\/blog.espol.edu.ec\/jcashug\/files\/2014\/05\/Zampo\u00f1a-300x225.jpg\" alt=\" Realizado en ca\u00f1a con adornos de tela hechos a mano, con cord\u00f3n para poder colgar al cuello, y la notaci\u00f3n musical escrita en cada ca\u00f1a.as zampo\u00f1as, sikus o antaras son un conjunto de instrumentos de viento compuestos de tubos huecos tapados por las manos.\" width=\"300\" height=\"225\" srcset=\"https:\/\/blog.espol.edu.ec\/jcashug\/files\/2014\/05\/Zampo\u00f1a-300x225.jpg 300w, https:\/\/blog.espol.edu.ec\/jcashug\/files\/2014\/05\/Zampo\u00f1a.jpg 640w\" sizes=\"auto, (max-width: 300px) 100vw, 300px\" \/><\/a><p id=\"caption-attachment-16\" class=\"wp-caption-text\">Realizado en ca\u00f1a con adornos de tela hechos a mano, con cord\u00f3n para poder colgar al cuello, y la notaci\u00f3n musical escrita en cada ca\u00f1a.as zampo\u00f1as, sikus o antaras son un conjunto de instrumentos de viento compuestos de tubos huecos tapados por las manos.<\/p><\/div>\n<div id=\"attachment_17\" style=\"width: 310px\" class=\"wp-caption alignnone\"><a href=\"http:\/\/blog.espol.edu.ec\/jcashug\/files\/2014\/05\/charango.jpg\"><img loading=\"lazy\" decoding=\"async\" aria-describedby=\"caption-attachment-17\" class=\"size-medium wp-image-17\" src=\"http:\/\/blog.espol.edu.ec\/jcashug\/files\/2014\/05\/charango-300x179.jpg\" alt=\"El charango es un instrumento musical de cuerdas, de plena vigencia en las regiones andinas(Cordillera de los Andes) de Am\u00e9rica del Sur, especialmente en las zonas de influencia cultural de los pueblos aimaras y quechuas. \" width=\"300\" height=\"179\" srcset=\"https:\/\/blog.espol.edu.ec\/jcashug\/files\/2014\/05\/charango-300x179.jpg 300w, https:\/\/blog.espol.edu.ec\/jcashug\/files\/2014\/05\/charango.jpg 360w\" sizes=\"auto, (max-width: 300px) 100vw, 300px\" \/><\/a><p id=\"caption-attachment-17\" class=\"wp-caption-text\">El charango es un instrumento musical de cuerdas, de plena vigencia en las regiones andinas(Cordillera de los Andes) de Am\u00e9rica del Sur, especialmente en las zonas de influencia cultural de los pueblos aimaras y quechuas.<\/p><\/div>\n<div id=\"attachment_18\" style=\"width: 230px\" class=\"wp-caption alignnone\"><a href=\"http:\/\/blog.espol.edu.ec\/jcashug\/files\/2014\/05\/220px-Okarina1.jpg\"><img loading=\"lazy\" decoding=\"async\" aria-describedby=\"caption-attachment-18\" class=\"wp-image-18 size-full\" src=\"http:\/\/blog.espol.edu.ec\/jcashug\/files\/2014\/05\/220px-Okarina1.jpg\" alt=\"s un peque\u00f1o instrumento de viento sin llaves, descendiente de primitivos silbatos hechos de barro o de hueso.\" width=\"220\" height=\"165\" \/><\/a><p id=\"caption-attachment-18\" class=\"wp-caption-text\">s un peque\u00f1o instrumento de viento sin llaves, descendiente de primitivos silbatos hechos de barro o de hueso.Morfol\u00f3gicamente es un objeto oval y alargado, pero tambi\u00e9n existen ocarinas redondas, tubulares y, en Am\u00e9rica, zoomorfas, antropomorfas y fant\u00e1sticas.<\/p><\/div>\n<p>&nbsp;<\/p>\n<div id=\"attachment_15\" style=\"width: 310px\" class=\"wp-caption alignnone\"><a href=\"http:\/\/blog.espol.edu.ec\/jcashug\/files\/2014\/05\/quena-ii.jpg\"><img loading=\"lazy\" decoding=\"async\" aria-describedby=\"caption-attachment-15\" class=\"size-medium wp-image-15\" src=\"http:\/\/blog.espol.edu.ec\/jcashug\/files\/2014\/05\/quena-ii-300x300.jpg\" alt=\"Es un instrumento de viento de bisel, La quena es tradicionalmente de ca\u00f1a o madera y tiene un total de siete agujeros, seis al frente y uno atr\u00e1s, para el pulgar. \" width=\"300\" height=\"300\" srcset=\"https:\/\/blog.espol.edu.ec\/jcashug\/files\/2014\/05\/quena-ii-300x300.jpg 300w, https:\/\/blog.espol.edu.ec\/jcashug\/files\/2014\/05\/quena-ii-150x150.jpg 150w, https:\/\/blog.espol.edu.ec\/jcashug\/files\/2014\/05\/quena-ii.jpg 420w\" sizes=\"auto, (max-width: 300px) 100vw, 300px\" \/><\/a><p id=\"caption-attachment-15\" class=\"wp-caption-text\">Es un instrumento de viento de bisel, La quena es tradicionalmente de ca\u00f1a o madera y tiene un total de siete agujeros, seis al frente y uno atr\u00e1s, para el pulgar.<\/p><\/div>\n","protected":false},"excerpt":{"rendered":"<p>&nbsp; &nbsp;<\/p>\n","protected":false},"author":9022,"featured_media":0,"parent":0,"menu_order":2,"comment_status":"open","ping_status":"closed","template":"","meta":{"footnotes":""},"class_list":["post-7","page","type-page","status-publish","hentry"],"_links":{"self":[{"href":"https:\/\/blog.espol.edu.ec\/jcashug\/wp-json\/wp\/v2\/pages\/7","targetHints":{"allow":["GET"]}}],"collection":[{"href":"https:\/\/blog.espol.edu.ec\/jcashug\/wp-json\/wp\/v2\/pages"}],"about":[{"href":"https:\/\/blog.espol.edu.ec\/jcashug\/wp-json\/wp\/v2\/types\/page"}],"author":[{"embeddable":true,"href":"https:\/\/blog.espol.edu.ec\/jcashug\/wp-json\/wp\/v2\/users\/9022"}],"replies":[{"embeddable":true,"href":"https:\/\/blog.espol.edu.ec\/jcashug\/wp-json\/wp\/v2\/comments?post=7"}],"version-history":[{"count":4,"href":"https:\/\/blog.espol.edu.ec\/jcashug\/wp-json\/wp\/v2\/pages\/7\/revisions"}],"predecessor-version":[{"id":19,"href":"https:\/\/blog.espol.edu.ec\/jcashug\/wp-json\/wp\/v2\/pages\/7\/revisions\/19"}],"wp:attachment":[{"href":"https:\/\/blog.espol.edu.ec\/jcashug\/wp-json\/wp\/v2\/media?parent=7"}],"curies":[{"name":"wp","href":"https:\/\/api.w.org\/{rel}","templated":true}]}}