{"id":29,"date":"2014-06-10T02:21:57","date_gmt":"2014-06-10T02:21:57","guid":{"rendered":"http:\/\/blog.espol.edu.ec\/jcchavez\/?page_id=29"},"modified":"2014-06-10T05:06:05","modified_gmt":"2014-06-10T05:06:05","slug":"beneficios-del-reciclaje","status":"publish","type":"page","link":"https:\/\/blog.espol.edu.ec\/jcchavez\/beneficios-del-reciclaje\/","title":{"rendered":"Beneficios del Reciclaje"},"content":{"rendered":"<ul>\n<li>El Reciclaje protege y ampl\u00eda empleos de fabricaci\u00f3n y el aumento de la competitividad en EE.UU.<\/li>\n<\/ul>\n<ul>\n<li>Reduce la necesidad de vertederos y del proceso de incineraci\u00f3n.<\/li>\n<\/ul>\n<ul>\n<li>Evita la contaminaci\u00f3n causada por la fabricaci\u00f3n de productos de materiales v\u00edrgenes.<\/li>\n<\/ul>\n<ul>\n<li>Ahorra energ\u00eda.<\/li>\n<\/ul>\n<ul>\n<li>Reduce las emisiones de Gases de efecto invernadero que contribuyen al cambio clim\u00e1tico y global.<\/li>\n<\/ul>\n<ul>\n<li>Ahorra en Recursos naturales como son el uso de la madera, el agua y los minerales.<\/li>\n<\/ul>\n<ul>\n<li>Ayuda a mantener y proteger el medio ambiente para las generaciones futuras.<\/li>\n<\/ul>\n<p>&nbsp;<\/p>\n<p>http:\/\/www.cienciapopular.com\/wordpress\/wp-content\/uploads\/2013\/10\/degradacion_basura_01.jpg<\/p>\n","protected":false},"excerpt":{"rendered":"<p>El Reciclaje protege y ampl\u00eda empleos de fabricaci\u00f3n y el aumento de la competitividad en EE.UU. Reduce la necesidad de vertederos y del proceso de incineraci\u00f3n. Evita la contaminaci\u00f3n causada por la fabricaci\u00f3n de productos de materiales v\u00edrgenes. Ahorra energ\u00eda. Reduce las emisiones de Gases de efecto invernadero que contribuyen al cambio clim\u00e1tico y global. [&hellip;]<\/p>\n","protected":false},"author":9095,"featured_media":0,"parent":0,"menu_order":0,"comment_status":"open","ping_status":"open","template":"","meta":{"footnotes":""},"class_list":["post-29","page","type-page","status-publish","hentry"],"_links":{"self":[{"href":"https:\/\/blog.espol.edu.ec\/jcchavez\/wp-json\/wp\/v2\/pages\/29","targetHints":{"allow":["GET"]}}],"collection":[{"href":"https:\/\/blog.espol.edu.ec\/jcchavez\/wp-json\/wp\/v2\/pages"}],"about":[{"href":"https:\/\/blog.espol.edu.ec\/jcchavez\/wp-json\/wp\/v2\/types\/page"}],"author":[{"embeddable":true,"href":"https:\/\/blog.espol.edu.ec\/jcchavez\/wp-json\/wp\/v2\/users\/9095"}],"replies":[{"embeddable":true,"href":"https:\/\/blog.espol.edu.ec\/jcchavez\/wp-json\/wp\/v2\/comments?post=29"}],"version-history":[{"count":4,"href":"https:\/\/blog.espol.edu.ec\/jcchavez\/wp-json\/wp\/v2\/pages\/29\/revisions"}],"predecessor-version":[{"id":43,"href":"https:\/\/blog.espol.edu.ec\/jcchavez\/wp-json\/wp\/v2\/pages\/29\/revisions\/43"}],"wp:attachment":[{"href":"https:\/\/blog.espol.edu.ec\/jcchavez\/wp-json\/wp\/v2\/media?parent=29"}],"curies":[{"name":"wp","href":"https:\/\/api.w.org\/{rel}","templated":true}]}}