{"id":2,"date":"2013-05-10T19:17:15","date_gmt":"2013-05-11T00:17:15","guid":{"rendered":"http:\/\/blog.espol.edu.ec\/jchica\/?page_id=2"},"modified":"2013-06-10T14:16:36","modified_gmt":"2013-06-10T19:16:36","slug":"investigacion","status":"publish","type":"page","link":"https:\/\/blog.espol.edu.ec\/jchica\/investigacion\/","title":{"rendered":"Investigaci\u00f3n"},"content":{"rendered":"<p>Las \u00e1reas focales de nuestro programa de investigaci\u00f3n son la fisiolog\u00eda de cultivos tropicales y subtropicales, principalmente frutales, con \u00e9nfasis en la regulaci\u00f3n de la floraci\u00f3n y respuestas a factores ambientales. Otras \u00e1reas de inter\u00e9s del programa son la citricultura tropical y la horticultura de frutales poco conocidos.<\/p>\n<p>Nuestros proyectos actuales son:<\/p>\n<ul>\n<li>Tolerancia a la salinidad de cucurbit\u00e1ceas silvestres y su potencial uso como portainjertos para cucurbit\u00e1ceas comerciales.<\/li>\n<li><a title=\"Diagn\u00f3stico de Huanglongbing y Diaphorina citri\" href=\"http:\/\/blog.espol.edu.ec\/jchica\/investigacion\/diagnostico-de-huanglongbing-y-diaphorina-citri\/\">Diagn\u00f3stico preliminar de Huanglongbing y el ps\u00edlido asi\u00e1tico de los c\u00edtricos en la costa de Ecuador.<\/a><\/li>\n<li>Efecto de la aplicaci\u00f3n de citoquininas sobre el enraizamiento y macollamiento de arroz.<\/li>\n<\/ul>\n","protected":false},"excerpt":{"rendered":"<p>Las \u00e1reas focales de nuestro programa de investigaci\u00f3n son la fisiolog\u00eda de cultivos tropicales y subtropicales, principalmente frutales, con \u00e9nfasis en la regulaci\u00f3n de la floraci\u00f3n y respuestas a factores ambientales. Otras \u00e1reas de inter\u00e9s del programa son la citricultura &hellip; <a href=\"https:\/\/blog.espol.edu.ec\/jchica\/investigacion\/\">Sigue leyendo <span class=\"meta-nav\">&rarr;<\/span><\/a><\/p>\n","protected":false},"author":6822,"featured_media":0,"parent":0,"menu_order":3,"comment_status":"closed","ping_status":"closed","template":"","meta":{"footnotes":""},"class_list":["post-2","page","type-page","status-publish","hentry"],"_links":{"self":[{"href":"https:\/\/blog.espol.edu.ec\/jchica\/wp-json\/wp\/v2\/pages\/2","targetHints":{"allow":["GET"]}}],"collection":[{"href":"https:\/\/blog.espol.edu.ec\/jchica\/wp-json\/wp\/v2\/pages"}],"about":[{"href":"https:\/\/blog.espol.edu.ec\/jchica\/wp-json\/wp\/v2\/types\/page"}],"author":[{"embeddable":true,"href":"https:\/\/blog.espol.edu.ec\/jchica\/wp-json\/wp\/v2\/users\/6822"}],"replies":[{"embeddable":true,"href":"https:\/\/blog.espol.edu.ec\/jchica\/wp-json\/wp\/v2\/comments?post=2"}],"version-history":[{"count":7,"href":"https:\/\/blog.espol.edu.ec\/jchica\/wp-json\/wp\/v2\/pages\/2\/revisions"}],"predecessor-version":[{"id":122,"href":"https:\/\/blog.espol.edu.ec\/jchica\/wp-json\/wp\/v2\/pages\/2\/revisions\/122"}],"wp:attachment":[{"href":"https:\/\/blog.espol.edu.ec\/jchica\/wp-json\/wp\/v2\/media?parent=2"}],"curies":[{"name":"wp","href":"https:\/\/api.w.org\/{rel}","templated":true}]}}