{"id":21,"date":"2013-05-10T16:02:06","date_gmt":"2013-05-10T21:02:06","guid":{"rendered":"http:\/\/blog.espol.edu.ec\/jchica\/?page_id=21"},"modified":"2013-05-12T15:41:19","modified_gmt":"2013-05-12T20:41:19","slug":"cursos","status":"publish","type":"page","link":"https:\/\/blog.espol.edu.ec\/jchica\/cursos\/","title":{"rendered":"Cursos"},"content":{"rendered":"<ul>\n<li>Fundamentos de Fisiolog\u00eda Vegetal (FIMP07997)<\/li>\n<li>Bot\u00e1nica General (FIMP07583)<\/li>\n<li>Bot\u00e1nica Sistem\u00e1tica (FIMP07898)<\/li>\n<\/ul>\n","protected":false},"excerpt":{"rendered":"<p>Fundamentos de Fisiolog\u00eda Vegetal (FIMP07997) Bot\u00e1nica General (FIMP07583) Bot\u00e1nica Sistem\u00e1tica (FIMP07898)<\/p>\n","protected":false},"author":6822,"featured_media":0,"parent":0,"menu_order":4,"comment_status":"closed","ping_status":"closed","template":"","meta":{"footnotes":""},"class_list":["post-21","page","type-page","status-publish","hentry"],"_links":{"self":[{"href":"https:\/\/blog.espol.edu.ec\/jchica\/wp-json\/wp\/v2\/pages\/21","targetHints":{"allow":["GET"]}}],"collection":[{"href":"https:\/\/blog.espol.edu.ec\/jchica\/wp-json\/wp\/v2\/pages"}],"about":[{"href":"https:\/\/blog.espol.edu.ec\/jchica\/wp-json\/wp\/v2\/types\/page"}],"author":[{"embeddable":true,"href":"https:\/\/blog.espol.edu.ec\/jchica\/wp-json\/wp\/v2\/users\/6822"}],"replies":[{"embeddable":true,"href":"https:\/\/blog.espol.edu.ec\/jchica\/wp-json\/wp\/v2\/comments?post=21"}],"version-history":[{"count":6,"href":"https:\/\/blog.espol.edu.ec\/jchica\/wp-json\/wp\/v2\/pages\/21\/revisions"}],"predecessor-version":[{"id":24,"href":"https:\/\/blog.espol.edu.ec\/jchica\/wp-json\/wp\/v2\/pages\/21\/revisions\/24"}],"wp:attachment":[{"href":"https:\/\/blog.espol.edu.ec\/jchica\/wp-json\/wp\/v2\/media?parent=21"}],"curies":[{"name":"wp","href":"https:\/\/api.w.org\/{rel}","templated":true}]}}