{"id":8,"date":"2013-05-10T16:02:29","date_gmt":"2013-05-10T21:02:29","guid":{"rendered":"http:\/\/blog.espol.edu.ec\/jchica\/?page_id=8"},"modified":"2013-05-17T20:47:14","modified_gmt":"2013-05-18T01:47:14","slug":"portada","status":"publish","type":"page","link":"https:\/\/blog.espol.edu.ec\/jchica\/","title":{"rendered":""},"content":{"rendered":"<p>Bienvenidos al sitio de nuestro laboratorio en ESPOL. En este sitio encontrar\u00e1n informaci\u00f3n acerca de las investigaciones que nuestro grupo desarrolla as\u00ed como actualizaciones sobre noticias de inter\u00e9s acerca de agricultura, biolog\u00eda de plantas y sobre la carrera de ingenier\u00eda agr\u00edcola y biol\u00f3gica de la ESPOL.<\/p>\n<p><a title=\"Este sitio en Ingl\u00e9s\" href=\"http:\/\/blog.espol.edu.ec\/jchicaen\/\" target=\"_blank\">Ingl\u00e9s<\/a><\/p>\n","protected":false},"excerpt":{"rendered":"<p>Bienvenidos al sitio de nuestro laboratorio en ESPOL. En este sitio encontrar\u00e1n informaci\u00f3n acerca de las investigaciones que nuestro grupo desarrolla as\u00ed como actualizaciones sobre noticias de inter\u00e9s acerca de agricultura, biolog\u00eda de plantas y sobre la carrera de ingenier\u00eda &hellip; <a href=\"https:\/\/blog.espol.edu.ec\/jchica\/\">Sigue leyendo <span class=\"meta-nav\">&rarr;<\/span><\/a><\/p>\n","protected":false},"author":6822,"featured_media":0,"parent":0,"menu_order":0,"comment_status":"closed","ping_status":"closed","template":"","meta":{"footnotes":""},"class_list":["post-8","page","type-page","status-publish","hentry"],"_links":{"self":[{"href":"https:\/\/blog.espol.edu.ec\/jchica\/wp-json\/wp\/v2\/pages\/8","targetHints":{"allow":["GET"]}}],"collection":[{"href":"https:\/\/blog.espol.edu.ec\/jchica\/wp-json\/wp\/v2\/pages"}],"about":[{"href":"https:\/\/blog.espol.edu.ec\/jchica\/wp-json\/wp\/v2\/types\/page"}],"author":[{"embeddable":true,"href":"https:\/\/blog.espol.edu.ec\/jchica\/wp-json\/wp\/v2\/users\/6822"}],"replies":[{"embeddable":true,"href":"https:\/\/blog.espol.edu.ec\/jchica\/wp-json\/wp\/v2\/comments?post=8"}],"version-history":[{"count":12,"href":"https:\/\/blog.espol.edu.ec\/jchica\/wp-json\/wp\/v2\/pages\/8\/revisions"}],"predecessor-version":[{"id":48,"href":"https:\/\/blog.espol.edu.ec\/jchica\/wp-json\/wp\/v2\/pages\/8\/revisions\/48"}],"wp:attachment":[{"href":"https:\/\/blog.espol.edu.ec\/jchica\/wp-json\/wp\/v2\/media?parent=8"}],"curies":[{"name":"wp","href":"https:\/\/api.w.org\/{rel}","templated":true}]}}