{"id":16,"date":"2013-05-18T01:23:48","date_gmt":"2013-05-18T01:23:48","guid":{"rendered":"http:\/\/blog.espol.edu.ec\/jchicaen\/?page_id=16"},"modified":"2013-05-18T01:51:09","modified_gmt":"2013-05-18T01:51:09","slug":"contact","status":"publish","type":"page","link":"https:\/\/blog.espol.edu.ec\/jchicaen\/contact\/","title":{"rendered":"Contact"},"content":{"rendered":"<p>Eduardo J. Chica<br \/>\nCarrera de Ingenier\u00eda Agr\u00edcola y Biol\u00f3gica<br \/>\nEscuela Superior Polit\u00e9cnica del Litoral<br \/>\nKm 30.5 v\u00eda Perimentral<br \/>\nGuayaquil, Ecuador<br \/>\nTelf. +593 (4) 226 9151<br \/>\njchica[at]espol.edu.ec<\/p>\n","protected":false},"excerpt":{"rendered":"<p>Eduardo J. Chica Carrera de Ingenier\u00eda Agr\u00edcola y Biol\u00f3gica Escuela Superior Polit\u00e9cnica del Litoral Km 30.5 v\u00eda Perimentral Guayaquil, Ecuador Telf. +593 (4) 226 9151 jchica[at]espol.edu.ec<\/p>\n","protected":false},"author":6822,"featured_media":0,"parent":0,"menu_order":7,"comment_status":"closed","ping_status":"closed","template":"","meta":{"footnotes":""},"class_list":["post-16","page","type-page","status-publish","hentry"],"_links":{"self":[{"href":"https:\/\/blog.espol.edu.ec\/jchicaen\/wp-json\/wp\/v2\/pages\/16","targetHints":{"allow":["GET"]}}],"collection":[{"href":"https:\/\/blog.espol.edu.ec\/jchicaen\/wp-json\/wp\/v2\/pages"}],"about":[{"href":"https:\/\/blog.espol.edu.ec\/jchicaen\/wp-json\/wp\/v2\/types\/page"}],"author":[{"embeddable":true,"href":"https:\/\/blog.espol.edu.ec\/jchicaen\/wp-json\/wp\/v2\/users\/6822"}],"replies":[{"embeddable":true,"href":"https:\/\/blog.espol.edu.ec\/jchicaen\/wp-json\/wp\/v2\/comments?post=16"}],"version-history":[{"count":5,"href":"https:\/\/blog.espol.edu.ec\/jchicaen\/wp-json\/wp\/v2\/pages\/16\/revisions"}],"predecessor-version":[{"id":18,"href":"https:\/\/blog.espol.edu.ec\/jchicaen\/wp-json\/wp\/v2\/pages\/16\/revisions\/18"}],"wp:attachment":[{"href":"https:\/\/blog.espol.edu.ec\/jchicaen\/wp-json\/wp\/v2\/media?parent=16"}],"curies":[{"name":"wp","href":"https:\/\/api.w.org\/{rel}","templated":true}]}}