{"id":2,"date":"2009-11-06T18:32:19","date_gmt":"2009-11-06T23:32:19","guid":{"rendered":""},"modified":"2016-05-07T16:35:57","modified_gmt":"2016-05-07T21:35:57","slug":"about","status":"publish","type":"page","link":"https:\/\/blog.espol.edu.ec\/jdbravo\/about\/","title":{"rendered":"Acerca de"},"content":{"rendered":"<p><em>Un blog sobre educaci\u00f3n, formaci\u00f3n, capacitaci\u00f3n y m\u00e1s...<\/em><\/p>\n","protected":false},"excerpt":{"rendered":"<p>Un blog sobre educaci\u00f3n, formaci\u00f3n, capacitaci\u00f3n y m\u00e1s...<\/p>\n","protected":false},"author":3301,"featured_media":0,"parent":0,"menu_order":0,"comment_status":"open","ping_status":"open","template":"","meta":{"footnotes":""},"class_list":["post-2","page","type-page","status-publish","hentry"],"aioseo_notices":[],"_links":{"self":[{"href":"https:\/\/blog.espol.edu.ec\/jdbravo\/wp-json\/wp\/v2\/pages\/2","targetHints":{"allow":["GET"]}}],"collection":[{"href":"https:\/\/blog.espol.edu.ec\/jdbravo\/wp-json\/wp\/v2\/pages"}],"about":[{"href":"https:\/\/blog.espol.edu.ec\/jdbravo\/wp-json\/wp\/v2\/types\/page"}],"author":[{"embeddable":true,"href":"https:\/\/blog.espol.edu.ec\/jdbravo\/wp-json\/wp\/v2\/users\/3301"}],"replies":[{"embeddable":true,"href":"https:\/\/blog.espol.edu.ec\/jdbravo\/wp-json\/wp\/v2\/comments?post=2"}],"version-history":[{"count":3,"href":"https:\/\/blog.espol.edu.ec\/jdbravo\/wp-json\/wp\/v2\/pages\/2\/revisions"}],"predecessor-version":[{"id":116,"href":"https:\/\/blog.espol.edu.ec\/jdbravo\/wp-json\/wp\/v2\/pages\/2\/revisions\/116"}],"wp:attachment":[{"href":"https:\/\/blog.espol.edu.ec\/jdbravo\/wp-json\/wp\/v2\/media?parent=2"}],"curies":[{"name":"wp","href":"https:\/\/api.w.org\/{rel}","templated":true}]}}