{"id":75,"date":"2012-07-11T22:57:52","date_gmt":"2012-07-11T22:57:52","guid":{"rendered":"http:\/\/blog.espol.edu.ec\/jdcalder\/?page_id=75"},"modified":"2012-07-12T16:09:57","modified_gmt":"2012-07-12T16:09:57","slug":"titanes","status":"publish","type":"page","link":"https:\/\/blog.espol.edu.ec\/jdcalder\/titanes\/","title":{"rendered":"Titanes"},"content":{"rendered":"<p><strong>CRONO<\/strong><br \/>\nEn la mitolog\u00eda griega, Crono era el l\u00edder y \u2014en algunos mitos\u2014 el m\u00e1s joven de la primera generaci\u00f3n de Titanes, descendientes divinos de Gea, la tierra, y Urano, el cielo. Crono derroc\u00f3 a su padre y gobern\u00f3 durante la mitol\u00f3gica edad dorada, hasta que fue derrocado por sus propios hijos, Zeus, Hades y Poseid\u00f3n, y encerrado en el T\u00e1rtaro5 o enviado a gobernar el para\u00edso de los Campos El\u00edseos.6<br \/>\nSe le sol\u00eda representar con una hoz o guada\u00f1a, que us\u00f3 como arma para castrar y destronar a su padre, Urano. En Atenas se celebraba el duod\u00e9cimo d\u00eda de cada mes (Hekatombaion) una fiesta llamada Cronia en honor a Crono para celebrar la cosecha, sugiriendo que, como resultado de su relaci\u00f3n con la virtuosa edad dorada, segu\u00eda presidiendo como patr\u00f3n de la cosecha. Crono tambi\u00e9n fue identificado en la antig\u00fcedad cl\u00e1sica con el dios romano Saturno.<\/p>\n<p><a href=\"http:\/\/blog.espol.edu.ec\/jdcalder\/files\/2012\/07\/Cronos1.jpg\"><img loading=\"lazy\" decoding=\"async\" src=\"http:\/\/blog.espol.edu.ec\/jdcalder\/files\/2012\/07\/Cronos1-224x300.jpg\" alt=\"\" width=\"224\" height=\"300\" class=\"alignnone size-medium wp-image-85\" srcset=\"https:\/\/blog.espol.edu.ec\/jdcalder\/files\/2012\/07\/Cronos1-224x300.jpg 224w, https:\/\/blog.espol.edu.ec\/jdcalder\/files\/2012\/07\/Cronos1.jpg 374w\" sizes=\"auto, (max-width: 224px) 100vw, 224px\" \/><\/a><\/p>\n<p><strong>HIPERION<\/strong><br \/>\nEn la mitolog\u00eda griega, Hiperi\u00f3n es un Tit\u00e1n, hijo de Urano (el Cielo) y Gea (la Tierra).<br \/>\nEn la Il\u00edada de Homero, el dios sol se llamaba Helios Hyperion (\u2018Sol en lo m\u00e1s alto\u2019), pero en la Odisea, la Teogon\u00eda de Hes\u00edodo y el himno hom\u00e9rico a Dem\u00e9ter el sol recibe el nombre de Hyperonides (\u2018hijo de Hiperi\u00f3n\u2019), y ciertamente Hes\u00edodo imaginaba a Hiperi\u00f3n como un ser separado de Helios en otras obras. De hecho, algunos traducen \u00abHiperi\u00f3n\u00bb como \u2018el que aparece antes que el Sol\u2019. En la literatura griega posterior Hiperi\u00f3n siempre se distingue de Helios.<br \/>\nHiperi\u00f3n es considerado a menudo el dios de la observaci\u00f3n, y su hermana Tea la diosa de la vista.<br \/>\nSeg\u00fan Hes\u00edodo, se cas\u00f3 con Tea (llamada Eurifaesa en el Himno hom\u00e9rico a Helios), su hermana, con la que tuvo tres hijos: Helios (el Sol), Selene (la Luna) y Eos (la Aurora):Estos son hijos de Hiperi\u00f3n.<br \/>\n<a href=\"http:\/\/blog.espol.edu.ec\/jdcalder\/files\/2012\/07\/hombre-fuego-energia-tata1.jpg\"><img loading=\"lazy\" decoding=\"async\" src=\"http:\/\/blog.espol.edu.ec\/jdcalder\/files\/2012\/07\/hombre-fuego-energia-tata1-259x300.jpg\" alt=\"\" width=\"259\" height=\"300\" class=\"alignnone size-medium wp-image-80\" srcset=\"https:\/\/blog.espol.edu.ec\/jdcalder\/files\/2012\/07\/hombre-fuego-energia-tata1-259x300.jpg 259w, https:\/\/blog.espol.edu.ec\/jdcalder\/files\/2012\/07\/hombre-fuego-energia-tata1.jpg 432w\" sizes=\"auto, (max-width: 259px) 100vw, 259px\" \/><\/a><\/p>\n","protected":false},"excerpt":{"rendered":"<p>CRONO En la mitolog\u00eda griega, Crono era el l\u00edder y \u2014en algunos mitos\u2014 el m\u00e1s joven de la primera generaci\u00f3n de Titanes, descendientes divinos de Gea, la tierra, y Urano, el cielo. Crono derroc\u00f3 a su padre y gobern\u00f3 durante la mitol\u00f3gica edad dorada, hasta que fue derrocado por sus propios hijos, Zeus, Hades y [&hellip;]<\/p>\n","protected":false},"author":7479,"featured_media":0,"parent":0,"menu_order":0,"comment_status":"open","ping_status":"closed","template":"","meta":{"footnotes":""},"class_list":["post-75","page","type-page","status-publish","hentry"],"_links":{"self":[{"href":"https:\/\/blog.espol.edu.ec\/jdcalder\/wp-json\/wp\/v2\/pages\/75","targetHints":{"allow":["GET"]}}],"collection":[{"href":"https:\/\/blog.espol.edu.ec\/jdcalder\/wp-json\/wp\/v2\/pages"}],"about":[{"href":"https:\/\/blog.espol.edu.ec\/jdcalder\/wp-json\/wp\/v2\/types\/page"}],"author":[{"embeddable":true,"href":"https:\/\/blog.espol.edu.ec\/jdcalder\/wp-json\/wp\/v2\/users\/7479"}],"replies":[{"embeddable":true,"href":"https:\/\/blog.espol.edu.ec\/jdcalder\/wp-json\/wp\/v2\/comments?post=75"}],"version-history":[{"count":7,"href":"https:\/\/blog.espol.edu.ec\/jdcalder\/wp-json\/wp\/v2\/pages\/75\/revisions"}],"predecessor-version":[{"id":90,"href":"https:\/\/blog.espol.edu.ec\/jdcalder\/wp-json\/wp\/v2\/pages\/75\/revisions\/90"}],"wp:attachment":[{"href":"https:\/\/blog.espol.edu.ec\/jdcalder\/wp-json\/wp\/v2\/media?parent=75"}],"curies":[{"name":"wp","href":"https:\/\/api.w.org\/{rel}","templated":true}]}}