{"id":114,"date":"2014-11-10T02:58:23","date_gmt":"2014-11-10T02:58:23","guid":{"rendered":"http:\/\/blog.espol.edu.ec\/jdefaz\/?page_id=114"},"modified":"2014-11-10T03:00:37","modified_gmt":"2014-11-10T03:00:37","slug":"tips","status":"publish","type":"page","link":"https:\/\/blog.espol.edu.ec\/jdefaz\/tips\/","title":{"rendered":"Tips"},"content":{"rendered":"<p>Ser un maestro del ajedrez no ocurre de la nada. Necesitas aprender a proteger tus piezas y ser m\u00e1s agresivo contra tu oponente. Pero no puedes estar seguro de que ganar\u00e1s una partida. Sin embargo, te ayudar\u00e9 a mejorar tus oportunidades de ganar en casi todas las partidas de ajedrez:<\/p>\n<ul>\n<li class=\"step_num\"><b class=\"whb\">Nunca regales tus piezas, o hagas un mal trato.<\/b><\/li>\n<\/ul>\n<div class=\"step_num\">\u00a0El valor de las piezas es: Pe\u00f3n= 1, Alfil =3, Caballo = 3, Torre= 5, Reina= 9. El Rey, obviamente no se puede tomar, pues de eso trata el juego. Inspecciona cada movimiento que hagas. Realiza el movimiento en tu mente. \u00bfEse movimiento pone alguna de tus piezas en peligro?<\/div>\n<div class=\"step_num\"><\/div>\n<ul>\n<li class=\"step_num\"><b class=\"whb\">Sigilosamente, toma las piezas de tu oponente.<\/b><\/li>\n<\/ul>\n<div class=\"step_num\">No importa si solo te queda un pe\u00f3n, a\u00fan tienes oportunidad de ganar la partida. Solo busca peones aislados que puedas tomar. Sin embargo no bajes la guardia, no seas completamente agresivo. Sigue este porcentaje 60% atacar, 40% defender.<\/div>\n<div class=\"step_num\"><\/div>\n<ul>\n<li class=\"step_num\"><b class=\"whb\">Mueve tus piezas hacia adelante.<\/b><\/li>\n<\/ul>\n<div class=\"step_num\">El ajedrez es como una guerra medieval. Necesitas empujar a tu oponente e invadir su territorio, con la b\u00fasqueda de acercarte m\u00e1s y m\u00e1s a su rey. Si estas en guerra, y estas siendo empujado mientras tu oponente avanza, \u00bfser\u00e1 bueno para ti? No, eso ayudar\u00e1 a tu oponente a ganar.<\/div>\n<div class=\"step_num\"><\/div>\n<ul>\n<li class=\"step_num\"><b class=\"whb\">\u00a1Usa todas tus piezas!<\/b><\/li>\n<\/ul>\n<div class=\"step_num\">Una torre vale 5 puntos, y suele abandonarse en la esquina, sola, haciendo nada. \u00a1Un desperdicio de 5 puntos!. Sin embargo, si la mueves hacia el centro y los lados, estar\u00e1s dominando y atacando una de las filas m\u00e1s importantes del tablero, el centro.Combina esto con tu otra torre y la reina, y estar\u00e1s atacando las otras partes del tablero.<\/div>\n<div class=\"step_num\">En torneos, es aplicada la regla de tocar-mover la pieza. Esta regla significa que si tocas una de tus piezas, tendr\u00e1s que moverla, si es posible. Lo mismo aplica con las piezas de tu oponente, si tocas alguna, tendr\u00e1s que tomarla de alguna forma. Si no la tomas, ser\u00e1s penalizado bajo las mismas reglas de hacer un movimiento ilegal. Esto significa perder instant\u00e1neamente (que es la regla usual para el ajedrez r\u00e1pido) o ser penalizado con restar tiempo.<\/div>\n<div class=\"step_num\"><\/div>\n<ul>\n<li class=\"step_num\"><b class=\"whb\">No toques una pieza si no sabes a donde la vas a mover.<\/b><\/li>\n<\/ul>\n<div class=\"step_num\">No solo por el problema de la regla tocar-mover, adem\u00e1s te hace ver inseguro, que no sabes que vas a hacer (si la regla aplica, tendr\u00e1s que moverla).<\/div>\n<div class=\"step_num\"><\/div>\n<ul>\n<li class=\"step_num\"><b class=\"whb\">\u00a1Practica.<\/b><\/li>\n<\/ul>\n<div class=\"step_num\">Practica, practica!. No tienes que practicar contra otras personas. Puedes instalar un juego en tu computadora, y practicar contra la m\u00e1quina. En las versiones m\u00e1s recientes de Windows y Mac, ya viene instalado un juego. \u00a1Usa esto para practicar!<\/div>\n<div class=\"step_num\"><a href=\"http:\/\/blog.espol.edu.ec\/jdefaz\/files\/2014\/11\/frase-el-sobresalir-en-el-ajedrez-watson-es-signo-de-una-mente-intrigante-arthur-conan-doyle-180334.jpg\"><img loading=\"lazy\" decoding=\"async\" class=\"aligncenter wp-image-94 size-medium\" src=\"http:\/\/blog.espol.edu.ec\/jdefaz\/files\/2014\/11\/frase-el-sobresalir-en-el-ajedrez-watson-es-signo-de-una-mente-intrigante-arthur-conan-doyle-180334-300x141.jpg\" alt=\"frase-el-sobresalir-en-el-ajedrez-watson-es-signo-de-una-mente-intrigante-arthur-conan-doyle-180334\" width=\"300\" height=\"141\" srcset=\"https:\/\/blog.espol.edu.ec\/jdefaz\/files\/2014\/11\/frase-el-sobresalir-en-el-ajedrez-watson-es-signo-de-una-mente-intrigante-arthur-conan-doyle-180334-300x141.jpg 300w, https:\/\/blog.espol.edu.ec\/jdefaz\/files\/2014\/11\/frase-el-sobresalir-en-el-ajedrez-watson-es-signo-de-una-mente-intrigante-arthur-conan-doyle-180334.jpg 850w\" sizes=\"auto, (max-width: 300px) 100vw, 300px\" \/><\/a><\/div>\n","protected":false},"excerpt":{"rendered":"<p>Ser un maestro del ajedrez no ocurre de la nada. Necesitas aprender a proteger tus piezas y ser m\u00e1s agresivo contra tu oponente. Pero no puedes estar seguro de que ganar\u00e1s una partida. Sin embargo, te ayudar\u00e9 a mejorar tus &hellip; <a href=\"https:\/\/blog.espol.edu.ec\/jdefaz\/tips\/\">Sigue leyendo <span class=\"meta-nav\">&rarr;<\/span><\/a><\/p>\n","protected":false},"author":9289,"featured_media":0,"parent":0,"menu_order":0,"comment_status":"open","ping_status":"open","template":"","meta":{"footnotes":""},"class_list":["post-114","page","type-page","status-publish","hentry"],"_links":{"self":[{"href":"https:\/\/blog.espol.edu.ec\/jdefaz\/wp-json\/wp\/v2\/pages\/114","targetHints":{"allow":["GET"]}}],"collection":[{"href":"https:\/\/blog.espol.edu.ec\/jdefaz\/wp-json\/wp\/v2\/pages"}],"about":[{"href":"https:\/\/blog.espol.edu.ec\/jdefaz\/wp-json\/wp\/v2\/types\/page"}],"author":[{"embeddable":true,"href":"https:\/\/blog.espol.edu.ec\/jdefaz\/wp-json\/wp\/v2\/users\/9289"}],"replies":[{"embeddable":true,"href":"https:\/\/blog.espol.edu.ec\/jdefaz\/wp-json\/wp\/v2\/comments?post=114"}],"version-history":[{"count":3,"href":"https:\/\/blog.espol.edu.ec\/jdefaz\/wp-json\/wp\/v2\/pages\/114\/revisions"}],"predecessor-version":[{"id":117,"href":"https:\/\/blog.espol.edu.ec\/jdefaz\/wp-json\/wp\/v2\/pages\/114\/revisions\/117"}],"wp:attachment":[{"href":"https:\/\/blog.espol.edu.ec\/jdefaz\/wp-json\/wp\/v2\/media?parent=114"}],"curies":[{"name":"wp","href":"https:\/\/api.w.org\/{rel}","templated":true}]}}