{"id":2,"date":"2014-10-22T17:37:12","date_gmt":"2014-10-22T17:37:12","guid":{"rendered":"http:\/\/blog.espol.edu.ec\/jdefaz\/?page_id=2"},"modified":"2014-11-12T01:40:47","modified_gmt":"2014-11-12T01:40:47","slug":"pagina-ejemplo","status":"publish","type":"page","link":"https:\/\/blog.espol.edu.ec\/jdefaz\/pagina-ejemplo\/","title":{"rendered":"Aperturas de Ajedrez"},"content":{"rendered":"<ul>\n<li>Ruy L\u00f3pez<\/li>\n<\/ul>\n<p><a href=\"http:\/\/blog.espol.edu.ec\/jdefaz\/files\/2014\/10\/1.jpg\"><img loading=\"lazy\" decoding=\"async\" class=\"aligncenter wp-image-75 size-medium\" src=\"http:\/\/blog.espol.edu.ec\/jdefaz\/files\/2014\/10\/1-300x216.jpg\" alt=\"1\" width=\"300\" height=\"216\" srcset=\"https:\/\/blog.espol.edu.ec\/jdefaz\/files\/2014\/10\/1-300x216.jpg 300w, https:\/\/blog.espol.edu.ec\/jdefaz\/files\/2014\/10\/1.jpg 685w\" sizes=\"auto, (max-width: 300px) 100vw, 300px\" \/><\/a><\/p>\n<p>Ruy L\u00f3pez. Esta posici\u00f3n se alcanza al hacer estos movimientos: 1. e4 e5 2. Cf3 Cc6 3. Ab5. A partir de \u00e9sta, existe un gran n\u00famero de variaciones posibles.<\/p>\n<ul>\n<li>Defensa Berlinesa<\/li>\n<\/ul>\n<p><a href=\"http:\/\/blog.espol.edu.ec\/jdefaz\/files\/2014\/10\/2.jpg\"><img loading=\"lazy\" decoding=\"async\" class=\"aligncenter wp-image-76 size-medium\" src=\"http:\/\/blog.espol.edu.ec\/jdefaz\/files\/2014\/10\/2-300x217.jpg\" alt=\"2\" width=\"300\" height=\"217\" srcset=\"https:\/\/blog.espol.edu.ec\/jdefaz\/files\/2014\/10\/2-300x217.jpg 300w, https:\/\/blog.espol.edu.ec\/jdefaz\/files\/2014\/10\/2.jpg 687w\" sizes=\"auto, (max-width: 300px) 100vw, 300px\" \/><\/a><\/p>\n<p>La Defensa Berlinesa se logra si las negras juegan Af6 en su tercer movimiento. Obtuvo una gran popularidad despu\u00e9s de que <a href=\"http:\/\/es.wikipedia.org\/wiki\/Vlad%C3%ADmir_Kr%C3%A1mnik\">Vladimir Kramnik<\/a> la usara en su victoria sobre Garry Kasparov en su encuentro por el Campeonato Mundial. Conocida por ser muy s\u00f3lida, la defensa berlinesa a menudo la usan los jugadores fuertes que est\u00e1n familiarizados con las l\u00edneas clave como arma para lograr empates jugando con las negras.<\/p>\n<ul>\n<li>Defensa Steinitz<\/li>\n<\/ul>\n<p><a href=\"http:\/\/blog.espol.edu.ec\/jdefaz\/files\/2014\/10\/3.jpg\"><img loading=\"lazy\" decoding=\"async\" class=\"aligncenter wp-image-77 size-medium\" src=\"http:\/\/blog.espol.edu.ec\/jdefaz\/files\/2014\/10\/3-300x217.jpg\" alt=\"3\" width=\"300\" height=\"217\" srcset=\"https:\/\/blog.espol.edu.ec\/jdefaz\/files\/2014\/10\/3-300x217.jpg 300w, https:\/\/blog.espol.edu.ec\/jdefaz\/files\/2014\/10\/3.jpg 684w\" sizes=\"auto, (max-width: 300px) 100vw, 300px\" \/><\/a><\/p>\n<p>La Defensa Steinitz (3. ... d6) fue popularizada por el primer Campe\u00f3n Mundial, <a href=\"http:\/\/es.wikipedia.org\/wiki\/Wilhelm_Steinitz\">Wilhelm Steinitz<\/a>. Si bien es s\u00f3lida, deja a las Negras con una posici\u00f3n pasiva, haciendo que sea una defensa poco popular en el juego moderno.<\/p>\n<ul>\n<li>Defensa Bird<\/li>\n<\/ul>\n<p><a href=\"http:\/\/blog.espol.edu.ec\/jdefaz\/files\/2014\/10\/4.jpg\"><img loading=\"lazy\" decoding=\"async\" class=\"aligncenter wp-image-78 size-medium\" src=\"http:\/\/blog.espol.edu.ec\/jdefaz\/files\/2014\/10\/4-300x205.jpg\" alt=\"4\" width=\"300\" height=\"205\" srcset=\"https:\/\/blog.espol.edu.ec\/jdefaz\/files\/2014\/10\/4-300x205.jpg 300w, https:\/\/blog.espol.edu.ec\/jdefaz\/files\/2014\/10\/4.jpg 716w\" sizes=\"auto, (max-width: 300px) 100vw, 300px\" \/><\/a><\/p>\n<p>La Defensa Bird (3. ...Cd4) es una jugada poco convencional para negras que a veces puede sorprender al desprevenido jugador de las blancas. Sin embargo, despu\u00e9s de 4. Cxd4 exd4, las blancas usualmente emergen con una peque\u00f1a ventaja gracias a tener una mejor estructura de peones.<\/p>\n<ul>\n<li>La defensa Schliemann<\/li>\n<\/ul>\n<p><a href=\"http:\/\/blog.espol.edu.ec\/jdefaz\/files\/2014\/10\/5.jpg\"><img loading=\"lazy\" decoding=\"async\" class=\"aligncenter wp-image-79 size-medium\" src=\"http:\/\/blog.espol.edu.ec\/jdefaz\/files\/2014\/10\/5-300x211.jpg\" alt=\"5\" width=\"300\" height=\"211\" srcset=\"https:\/\/blog.espol.edu.ec\/jdefaz\/files\/2014\/10\/5-300x211.jpg 300w, https:\/\/blog.espol.edu.ec\/jdefaz\/files\/2014\/10\/5.jpg 710w\" sizes=\"auto, (max-width: 300px) 100vw, 300px\" \/><\/a><\/p>\n<div class=\"firstBlock\">La defensa Schliemann (3 ... f5) es un intento popular para las negras en las filas de aficionados. Esta t\u00e1ctica conduce a posiciones salvajes en las que las blancas deben conocer ciertas l\u00edneas te\u00f3ricas con el fin de escapar con una ventaja. Por el contrario, un jugador blanco preparado tendr\u00e1 que pelearse para navegar por los desaf\u00edos que plantea la negra. La mejor opci\u00f3n de las blancas es el 4. Cc3, pero la negra sin duda tiene muchas maneras de crear un juego interesante y t\u00e1ctico. En niveles m\u00e1s altos, donde es m\u00e1s posible que la blanca se prepare, la defensa Schliemann se utiliza s\u00f3lo en raras ocasiones como un arma sorpresa.\u00a0Esta apertura tambi\u00e9n se conoce como t\u00e1ctica de Jaenisch.<\/div>\n","protected":false},"excerpt":{"rendered":"<p>Ruy L\u00f3pez Ruy L\u00f3pez. Esta posici\u00f3n se alcanza al hacer estos movimientos: 1. e4 e5 2. Cf3 Cc6 3. Ab5. A partir de \u00e9sta, existe un gran n\u00famero de variaciones posibles. Defensa Berlinesa La Defensa Berlinesa se logra si las &hellip; <a href=\"https:\/\/blog.espol.edu.ec\/jdefaz\/pagina-ejemplo\/\">Sigue leyendo <span class=\"meta-nav\">&rarr;<\/span><\/a><\/p>\n","protected":false},"author":9289,"featured_media":0,"parent":0,"menu_order":0,"comment_status":"open","ping_status":"open","template":"","meta":{"footnotes":""},"class_list":["post-2","page","type-page","status-publish","hentry"],"_links":{"self":[{"href":"https:\/\/blog.espol.edu.ec\/jdefaz\/wp-json\/wp\/v2\/pages\/2","targetHints":{"allow":["GET"]}}],"collection":[{"href":"https:\/\/blog.espol.edu.ec\/jdefaz\/wp-json\/wp\/v2\/pages"}],"about":[{"href":"https:\/\/blog.espol.edu.ec\/jdefaz\/wp-json\/wp\/v2\/types\/page"}],"author":[{"embeddable":true,"href":"https:\/\/blog.espol.edu.ec\/jdefaz\/wp-json\/wp\/v2\/users\/9289"}],"replies":[{"embeddable":true,"href":"https:\/\/blog.espol.edu.ec\/jdefaz\/wp-json\/wp\/v2\/comments?post=2"}],"version-history":[{"count":4,"href":"https:\/\/blog.espol.edu.ec\/jdefaz\/wp-json\/wp\/v2\/pages\/2\/revisions"}],"predecessor-version":[{"id":139,"href":"https:\/\/blog.espol.edu.ec\/jdefaz\/wp-json\/wp\/v2\/pages\/2\/revisions\/139"}],"wp:attachment":[{"href":"https:\/\/blog.espol.edu.ec\/jdefaz\/wp-json\/wp\/v2\/media?parent=2"}],"curies":[{"name":"wp","href":"https:\/\/api.w.org\/{rel}","templated":true}]}}