{"id":55,"date":"2014-11-09T21:40:19","date_gmt":"2014-11-09T21:40:19","guid":{"rendered":"http:\/\/blog.espol.edu.ec\/jdefaz\/?page_id=55"},"modified":"2014-11-12T01:50:42","modified_gmt":"2014-11-12T01:50:42","slug":"ejemplo-a-seguir-claudia-munoz","status":"publish","type":"page","link":"https:\/\/blog.espol.edu.ec\/jdefaz\/ejemplo-a-seguir-claudia-munoz\/","title":{"rendered":"Ejemplo a seguir Claudia Mu\u00f1oz"},"content":{"rendered":"<p><a href=\"http:\/\/www.claudiamunoz.com\/index.php\/es\/\" target=\"_blank\">Claudia Mu\u00f1oz Robles<\/a> naci\u00f3 en 1997 en Wichita Falls, Texas, Estados Unidos de padres con doble nacionalidad M\u00e9xico\/Americana. Por esta raz\u00f3n Claudia tambi\u00e9n tiene la doble nacionalidad con la documentaci\u00f3n oficial de M\u00e9xico y los Estados Unidos. En el 2004 su familia se mud\u00f3 de Texas a Ciudad Acu\u00f1a, Coahuila en donde fundaron una empresa vinculado con el sector maquiladora. Fue en esa ciudad donde Claudia fue descubierta como ajedrecista a la edad de 6 a\u00f1os. En menos de 36 meses de haber movido sus primeros peones recibi\u00f3 de la Federaci\u00f3n Internacional de Ajedrez su primer t\u00edtulo internacional a los 9 a\u00f1os de edad. Claudia ha ganado cada medalla por ganarse dentro del sistema de Olimpiada Nacionales en M\u00e9xico. En estos momentos Claudia es la \u00daNICA latina nacida en los Estados Unidos entre los rankings m\u00e1s altos de su categor\u00eda dentro de la Federaci\u00f3n Americana de Ajedrez.<\/p>\n<p>Durante el periodo 2005 al 2009, estos fueron sus logros aun cuando en algunas ocasiones no se tuvo a nivel nacional la categor\u00eda sub 10. Estos resultados son \u00fanicamente dentro de las eliminatorias de la Olimpiada Nacional.<\/p>\n<ul>\n<li>5 veces medalla de oro Olimpiada Estatal de Coahuila \u2013 Completamente invicta 23-partidas sin perder.<\/li>\n<li>3 veces medalla de oro Olimpiada Regional Regi\u00f3n III \u2013 Completamente invicta 15-partidas sin perder o dar tablas.<\/li>\n<li>3 medallas Olimpiada Nacional 2008, una convirti\u00e9ndola en Campeona Nacional. Durante este evento logro crear una racha de 8-victorias consecutivas en la categor\u00eda mixta.<\/li>\n<li>1 medalla Abierto Nacional Mexicano 2007.<\/li>\n<\/ul>\n<p><strong>En el 2009, la <a href=\"CONADE\">CONADE <\/a>y <a href=\"http:\/\/fenamac.org.mx\/index\/\">Federaci\u00f3n Mexicana de Ajedrez<\/a> dieron de baja a Claudia Mu\u00f1oz de competir por Coahuila por no considerarla \u2018mexicana\u2019 aunque ten\u00eda una acta de nacimiento mexicana. Sus padres decidieron sacarla de M\u00e9xico por seis meses de cada a\u00f1o para que pudiera competir en el ajedrez americano sin tener problemas pol\u00edticos.<\/strong><\/p>\n<p>En enero del 2010, despu\u00e9s de ser \u2018deportada\u2019 del sistema de Olimpiadas Nacionales en M\u00e9xico, Claudia regreso al ajedrez en los <a href=\"http:\/\/es.wikipedia.org\/wiki\/Estados_Unidos\">Estados Unidos<\/a> donde ten\u00eda un rating de 1460, en menos de 90 d\u00edas logro incrementarlo a 1760. En su sexto mes se posiciono como la 10\u00aa mejor ajedrecista del pa\u00eds siendo la \u00fanica latina en ese puesto. Adem\u00e1s derroto a su primer MASTER en un torneo avalado.<\/p>\n<p>Ambos Panamericanos Juveniles Colombia 2011 y Per\u00fa 2012 fueron claves para el crecimiento de Claudia quedando en el octavo lugar en 2011. El Panamericano en Per\u00fa fue clave para la ajedrecista y en un futuro escribir\u00e1 sobre su renacimiento ah\u00ed.<\/p>\n<p>Claudia gano el \u201c<a href=\"http:\/\/rknights.org\/past-events\/2013-events\/2013-all-girls-national\/\">All Girls National Championship 2013<\/a>\u201d de manera Invicta al ganar seis partidas consecutivas en la Sub 16 en la ciudad de Chicago. Este evento fue clasificatorio en los Estados Unidos para asistir al <a href=\"http:\/\/es.chessbase.com\/post\/mundial-juvenil-en-los-emiratos-rabes\" target=\"_blank\">Mundial Juvenil de Ajedrez en los Emiratos \u00c1rabes Unidos <\/a>donde Claudia asistir\u00eda a su segundo mundial juvenil.<\/p>\n<p><a href=\"http:\/\/blog.espol.edu.ec\/jdefaz\/files\/2014\/11\/LpssaSPH.jpeg\"><img loading=\"lazy\" decoding=\"async\" class=\"aligncenter wp-image-56 size-medium\" src=\"http:\/\/blog.espol.edu.ec\/jdefaz\/files\/2014\/11\/LpssaSPH-300x300.jpeg\" alt=\"LpssaSPH\" width=\"300\" height=\"300\" srcset=\"https:\/\/blog.espol.edu.ec\/jdefaz\/files\/2014\/11\/LpssaSPH-300x300.jpeg 300w, https:\/\/blog.espol.edu.ec\/jdefaz\/files\/2014\/11\/LpssaSPH-150x150.jpeg 150w, https:\/\/blog.espol.edu.ec\/jdefaz\/files\/2014\/11\/LpssaSPH.jpeg 575w\" sizes=\"auto, (max-width: 300px) 100vw, 300px\" \/><\/a><\/p>\n","protected":false},"excerpt":{"rendered":"<p>Claudia Mu\u00f1oz Robles naci\u00f3 en 1997 en Wichita Falls, Texas, Estados Unidos de padres con doble nacionalidad M\u00e9xico\/Americana. Por esta raz\u00f3n Claudia tambi\u00e9n tiene la doble nacionalidad con la documentaci\u00f3n oficial de M\u00e9xico y los Estados Unidos. En el 2004 &hellip; <a href=\"https:\/\/blog.espol.edu.ec\/jdefaz\/ejemplo-a-seguir-claudia-munoz\/\">Sigue leyendo <span class=\"meta-nav\">&rarr;<\/span><\/a><\/p>\n","protected":false},"author":9289,"featured_media":0,"parent":0,"menu_order":0,"comment_status":"open","ping_status":"open","template":"","meta":{"footnotes":""},"class_list":["post-55","page","type-page","status-publish","hentry"],"_links":{"self":[{"href":"https:\/\/blog.espol.edu.ec\/jdefaz\/wp-json\/wp\/v2\/pages\/55","targetHints":{"allow":["GET"]}}],"collection":[{"href":"https:\/\/blog.espol.edu.ec\/jdefaz\/wp-json\/wp\/v2\/pages"}],"about":[{"href":"https:\/\/blog.espol.edu.ec\/jdefaz\/wp-json\/wp\/v2\/types\/page"}],"author":[{"embeddable":true,"href":"https:\/\/blog.espol.edu.ec\/jdefaz\/wp-json\/wp\/v2\/users\/9289"}],"replies":[{"embeddable":true,"href":"https:\/\/blog.espol.edu.ec\/jdefaz\/wp-json\/wp\/v2\/comments?post=55"}],"version-history":[{"count":4,"href":"https:\/\/blog.espol.edu.ec\/jdefaz\/wp-json\/wp\/v2\/pages\/55\/revisions"}],"predecessor-version":[{"id":143,"href":"https:\/\/blog.espol.edu.ec\/jdefaz\/wp-json\/wp\/v2\/pages\/55\/revisions\/143"}],"wp:attachment":[{"href":"https:\/\/blog.espol.edu.ec\/jdefaz\/wp-json\/wp\/v2\/media?parent=55"}],"curies":[{"name":"wp","href":"https:\/\/api.w.org\/{rel}","templated":true}]}}