{"id":68,"date":"2014-11-09T22:12:51","date_gmt":"2014-11-09T22:12:51","guid":{"rendered":"http:\/\/blog.espol.edu.ec\/jdefaz\/?page_id=68"},"modified":"2014-11-09T22:12:51","modified_gmt":"2014-11-09T22:12:51","slug":"consejos-ajedrecistas","status":"publish","type":"page","link":"https:\/\/blog.espol.edu.ec\/jdefaz\/consejos-ajedrecistas\/","title":{"rendered":"Consejos Ajedrecistas"},"content":{"rendered":"<p>1.- En la apertura, evite mover la misma pieza dos veces. Esto ayudar\u00e1 a conseguir un desarrollo r\u00e1pido.<\/p>\n<p>2.-En la apertura realice pocas movidas de peones, s\u00f3lo las suficientes como para liberar sus piezas.<\/p>\n<p>3.- Mueva su pe\u00f3n de e4 o d4 como primer movimiento. Es el pe\u00f3n que permite un desarrollo m\u00e1s r\u00e1pido.<\/p>\n<p>4.- Trate de controlar las casillas centrales (d4 d5 e4 e5). Desde all\u00ed se domina todo el tablero.<\/p>\n<p>5.- Enr\u00f3quese r\u00e1pido. Libere su alfil y torre. Ello lleva al rey hacia un lugar seguro y a la torre al juego por el medio. Y, al mismo tiempo trate de evitar que su rival se enroque, si es posible, sin sacrificar material.<\/p>\n<p>6.- Desarrolle los caballos antes que los alfiles.<\/p>\n<p>7.- Evite colocar caballos y alfiles en el borde del tablero. Dominan menos casillas.<\/p>\n<p>8.- Cuando capture con pe\u00f3n siempre h\u00e1galo hacia el centro si es posible. Los peones centrales son m\u00e1s fuertes.<\/p>\n<p>9.- Utilice los peones para defender sus piezas mayores, nunca utilice sus piezas mayores para defender peones. Esto ayudar\u00e1 a que sus piezas mayores est\u00e9n disponibles para llevar a cabo el ataque.<\/p>\n<p>10.- Preg\u00fantese a si mismo, \"Si yo fuera mi oponente, Cu\u00e1l ser\u00eda mi pr\u00f3ximo movimiento?\" Entonces encuentre la forma de evitar ese movimiento o un plan que haga que esa jugada no sea la mejor para \u00e9l.<\/p>\n<p>11.- Evite dar jaques sin utilidad. S\u00f3lo es una p\u00e9rdida de tiempo.<\/p>\n<p>12.- Si usted tiene ventaja de material, aunque sea leve, no dude en cambiar piezas, esto har\u00e1 que la ventaja se incremente hacia el final, cuando quedan pocas piezas. Ej. Si tiene 5 peones contra 4 tiene un 20% de ventaja, Si tiene 2 peones contra 1 tiene el doble, siendo la diferencia de peones la misma.<\/p>\n<p>13.- Recuerde que un alfil solo puede recorrer el 50% del tablero. (Las casillas blancas o negras seg\u00fan que alfil sea). Pero un solo caballo puede recorrer todo el tablero. (Las casillas de ambos colores alternativamente en cada movimiento). Esto es importante si usted tiene que decidir que pieza sacrificar o cambiar antes del final del juego.<\/p>\n<p>14.- Los peones son insignificantes al principio, pero ellos van siendo cada vez m\u00e1s importantes a medida que se acercan a la octava l\u00ednea y pueden convertirse en piezas mayores (sobre todo damas). No los subestime.<\/p>\n<p>15.- La mayor\u00eda de las piezas trabajan mejor en conjunto con otras que si est\u00e1n separadas por todo el tablero.<\/p>\n<p>16.- No intente buscar oportunidades de dobles con caballo o peones. Es mejor buscar la forma de crearlos, tentando a su oponente con peque\u00f1os sacrificios.<\/p>\n<p>17.- No sacrifique material sin ver c\u00f3mo lo recupera o si no c\u00f3mo le da mate al rey contrario.<\/p>\n<p>&nbsp;<\/p>\n<p><a href=\"http:\/\/blog.espol.edu.ec\/jdefaz\/files\/2014\/11\/373034.jpg\"><img loading=\"lazy\" decoding=\"async\" class=\"aligncenter wp-image-69 size-medium\" src=\"http:\/\/blog.espol.edu.ec\/jdefaz\/files\/2014\/11\/373034-300x199.jpg\" alt=\"373034\" width=\"300\" height=\"199\" srcset=\"https:\/\/blog.espol.edu.ec\/jdefaz\/files\/2014\/11\/373034-300x199.jpg 300w, https:\/\/blog.espol.edu.ec\/jdefaz\/files\/2014\/11\/373034-1024x682.jpg 1024w, https:\/\/blog.espol.edu.ec\/jdefaz\/files\/2014\/11\/373034.jpg 2048w\" sizes=\"auto, (max-width: 300px) 100vw, 300px\" \/><\/a><\/p>\n","protected":false},"excerpt":{"rendered":"<p>1.- En la apertura, evite mover la misma pieza dos veces. Esto ayudar\u00e1 a conseguir un desarrollo r\u00e1pido. 2.-En la apertura realice pocas movidas de peones, s\u00f3lo las suficientes como para liberar sus piezas. 3.- Mueva su pe\u00f3n de e4 &hellip; <a href=\"https:\/\/blog.espol.edu.ec\/jdefaz\/consejos-ajedrecistas\/\">Sigue leyendo <span class=\"meta-nav\">&rarr;<\/span><\/a><\/p>\n","protected":false},"author":9289,"featured_media":0,"parent":0,"menu_order":0,"comment_status":"open","ping_status":"open","template":"","meta":{"footnotes":""},"class_list":["post-68","page","type-page","status-publish","hentry"],"_links":{"self":[{"href":"https:\/\/blog.espol.edu.ec\/jdefaz\/wp-json\/wp\/v2\/pages\/68","targetHints":{"allow":["GET"]}}],"collection":[{"href":"https:\/\/blog.espol.edu.ec\/jdefaz\/wp-json\/wp\/v2\/pages"}],"about":[{"href":"https:\/\/blog.espol.edu.ec\/jdefaz\/wp-json\/wp\/v2\/types\/page"}],"author":[{"embeddable":true,"href":"https:\/\/blog.espol.edu.ec\/jdefaz\/wp-json\/wp\/v2\/users\/9289"}],"replies":[{"embeddable":true,"href":"https:\/\/blog.espol.edu.ec\/jdefaz\/wp-json\/wp\/v2\/comments?post=68"}],"version-history":[{"count":1,"href":"https:\/\/blog.espol.edu.ec\/jdefaz\/wp-json\/wp\/v2\/pages\/68\/revisions"}],"predecessor-version":[{"id":70,"href":"https:\/\/blog.espol.edu.ec\/jdefaz\/wp-json\/wp\/v2\/pages\/68\/revisions\/70"}],"wp:attachment":[{"href":"https:\/\/blog.espol.edu.ec\/jdefaz\/wp-json\/wp\/v2\/media?parent=68"}],"curies":[{"name":"wp","href":"https:\/\/api.w.org\/{rel}","templated":true}]}}