{"id":7,"date":"2014-10-27T16:59:36","date_gmt":"2014-10-27T16:59:36","guid":{"rendered":"http:\/\/blog.espol.edu.ec\/jdefaz\/?page_id=7"},"modified":"2014-11-09T18:40:04","modified_gmt":"2014-11-09T18:40:04","slug":"historia-del-ajedrez","status":"publish","type":"page","link":"https:\/\/blog.espol.edu.ec\/jdefaz\/historia-del-ajedrez\/","title":{"rendered":"Historia del Ajedrez"},"content":{"rendered":"<p style=\"text-align: left\">La Historia del Ajedrez\u00a0tiene origen controvertido, pero es posible afirmar que el juego fue inventado en\u00a0Asia. Actualmente, la versi\u00f3n generalizada es que han surgido en la\u00a0India\u00a0con el nombre de\u00a0chaturanga\u00a0y desde all\u00ed se extendi\u00f3 a\u00a0China,\u00a0Rusia,Persia\u00a0y\u00a0Europa, donde se estableci\u00f3 la\u00a0normativa vigente. Sin embargo, investigaciones recientes indican un posible origen chino desde el siglo III a.C., la regi\u00f3n entre\u00a0Uzbekist\u00e1n\u00a0y la antigua\u00a0Persia\u00a0(actual\u00a0Ir\u00e1n)<\/p>\n<p>Uno de los registros literarios m\u00e1s antiguos sobre el ajedrez es el poema persa\u00a0Karnamak-i-Artakhshatr-i-Papakan, escrito en el\u00a0siglo VI, y, a partir de esta era, su evoluci\u00f3n est\u00e1 m\u00e1s bien documentado y ampliamente aceptada en el mundo acad\u00e9mico. Tras la conquista de Persia por los \u00e1rabes, estos asimilaron el juego y la difusi\u00f3n en Occidente, que lo llev\u00f3 al norte de\u00a0\u00c1frica\u00a0y\u00a0Europa, e incluso la actual\u00a0Espa\u00f1a\u00a0e\u00a0Italia\u00a0alrededor del siglo X, desde donde se extendi\u00f3 al resto del continente que viene a la regi\u00f3n de\u00a0Escandinavia\u00a0e Islandia. En Oriente, el ajedrez se ha expandido desde su versi\u00f3n china, el\u00a0Xiangqi, a\u00a0Corea\u00a0y\u00a0Jap\u00f3nen el siglo X.<\/p>\n<p><a href=\"http:\/\/blog.espol.edu.ec\/jdefaz\/files\/2014\/10\/chess.jpg\"><img loading=\"lazy\" decoding=\"async\" class=\"aligncenter wp-image-36 size-full\" src=\"http:\/\/blog.espol.edu.ec\/jdefaz\/files\/2014\/10\/chess.jpg\" alt=\"chess\" width=\"259\" height=\"194\" \/><\/a><\/p>\n<p>En el siglo XV, el juego fue ampliamente difundido en Europa y entre las\u00a0variantes\u00a0existentes del juego, la europea fue el que se destac\u00f3 por la velocidad indicada por la inclusi\u00f3n de la\u00a0dama\u00a0y el\u00a0alfil. A pesar de que en esa \u00e9poca ya exist\u00edan literatura de ajedrez, fue en este per\u00edodo que comenzaron a surgir el primer an\u00e1lisis de aperturas debido a las nuevas posibilidades de juego.<\/p>\n<p>Los partidos comenzaron a ser registrados con mayor frecuencia y se han publicado m\u00e1s estudios te\u00f3ricos. En el siglo XVIII se fund\u00f3 los primeros clubes para la pr\u00e1ctica de ajedrez y federaciones deportivas en Europa, y debido a la gran cantidad de peque\u00f1os torneos que ocurren por todo el continente, en 1851 se celebr\u00f3 el\u00a0primer torneo internacional\u00a0en Londres. La popularidad de las competiciones internacionales ha llevado a la creaci\u00f3n del t\u00edtulo de\u00a0campe\u00f3n del mundo, ganado por\u00a0Wilhelm Steinitz\u00a0en\u00a01886, y, en\u00a01924, se fund\u00f3 la\u00a0Federaci\u00f3n Internacional de Ajedrez\u00a0(FIDE), en Par\u00eds, que organiza la primera\u00a0Olimpiada de Ajedrez\u00a0y el\u00a0mundial femenino, ganado por\u00a0Vera Menchik.<\/p>\n<p>A finales de la d\u00e9cada de 1950, con la popularizaci\u00f3n de las\u00a0computadoras, comenzaron a surgir los primeros\u00a0programas que juegan al ajedrez, que acompa\u00f1aban la evoluci\u00f3n del tratamiento de la informaci\u00f3n e introducir\u00edan el juego en la era moderna con competiciones\u00a0on-line\u00a0y facilitando el an\u00e1lisis de las partidas.<\/p>\n<p><a href=\"http:\/\/blog.espol.edu.ec\/jdefaz\/files\/2014\/10\/21860.jpg\"><img loading=\"lazy\" decoding=\"async\" class=\"aligncenter wp-image-34 size-medium\" src=\"http:\/\/blog.espol.edu.ec\/jdefaz\/files\/2014\/10\/21860-300x240.jpg\" alt=\"21860\" width=\"300\" height=\"240\" srcset=\"https:\/\/blog.espol.edu.ec\/jdefaz\/files\/2014\/10\/21860-300x240.jpg 300w, https:\/\/blog.espol.edu.ec\/jdefaz\/files\/2014\/10\/21860-1024x819.jpg 1024w, https:\/\/blog.espol.edu.ec\/jdefaz\/files\/2014\/10\/21860.jpg 1280w\" sizes=\"auto, (max-width: 300px) 100vw, 300px\" \/><\/a><\/p>\n","protected":false},"excerpt":{"rendered":"<p>La Historia del Ajedrez\u00a0tiene origen controvertido, pero es posible afirmar que el juego fue inventado en\u00a0Asia. Actualmente, la versi\u00f3n generalizada es que han surgido en la\u00a0India\u00a0con el nombre de\u00a0chaturanga\u00a0y desde all\u00ed se extendi\u00f3 a\u00a0China,\u00a0Rusia,Persia\u00a0y\u00a0Europa, donde se estableci\u00f3 la\u00a0normativa vigente. Sin &hellip; <a href=\"https:\/\/blog.espol.edu.ec\/jdefaz\/historia-del-ajedrez\/\">Sigue leyendo <span class=\"meta-nav\">&rarr;<\/span><\/a><\/p>\n","protected":false},"author":9289,"featured_media":0,"parent":0,"menu_order":0,"comment_status":"open","ping_status":"open","template":"","meta":{"footnotes":""},"class_list":["post-7","page","type-page","status-publish","hentry"],"_links":{"self":[{"href":"https:\/\/blog.espol.edu.ec\/jdefaz\/wp-json\/wp\/v2\/pages\/7","targetHints":{"allow":["GET"]}}],"collection":[{"href":"https:\/\/blog.espol.edu.ec\/jdefaz\/wp-json\/wp\/v2\/pages"}],"about":[{"href":"https:\/\/blog.espol.edu.ec\/jdefaz\/wp-json\/wp\/v2\/types\/page"}],"author":[{"embeddable":true,"href":"https:\/\/blog.espol.edu.ec\/jdefaz\/wp-json\/wp\/v2\/users\/9289"}],"replies":[{"embeddable":true,"href":"https:\/\/blog.espol.edu.ec\/jdefaz\/wp-json\/wp\/v2\/comments?post=7"}],"version-history":[{"count":5,"href":"https:\/\/blog.espol.edu.ec\/jdefaz\/wp-json\/wp\/v2\/pages\/7\/revisions"}],"predecessor-version":[{"id":37,"href":"https:\/\/blog.espol.edu.ec\/jdefaz\/wp-json\/wp\/v2\/pages\/7\/revisions\/37"}],"wp:attachment":[{"href":"https:\/\/blog.espol.edu.ec\/jdefaz\/wp-json\/wp\/v2\/media?parent=7"}],"curies":[{"name":"wp","href":"https:\/\/api.w.org\/{rel}","templated":true}]}}