{"id":54,"date":"2015-11-20T07:47:20","date_gmt":"2015-11-20T07:47:20","guid":{"rendered":"http:\/\/blog.espol.edu.ec\/jeacgome\/?page_id=54"},"modified":"2015-11-21T03:49:29","modified_gmt":"2015-11-21T03:49:29","slug":"danzas-urbanas","status":"publish","type":"page","link":"https:\/\/blog.espol.edu.ec\/jeacgome\/danzas-urbanas\/","title":{"rendered":"Danza Urbana"},"content":{"rendered":"<h1 class=\"title\" style=\"text-align: center\"><span style=\"color: #000000\"><strong><em>DANZA URBANA<\/em><\/strong><\/span><\/h1>\n<div class=\"content\">\n<p style=\"text-align: justify\"><span style=\"color: #000000\"><em>Cuando hablamos de \"Danza Urbana\" nos referimos como no pod\u00eda ser de otra manera a la danza <strong>Hip Hop<\/strong>, tambi\u00e9n llamada \"<strong>Street Dance<\/strong>\". Son muchos los estilos que abarca la danza Hip Hop desde sus or\u00edgenes en los a\u00f1os 70 con el famoso Breakdance hasta ahora con el llamado \"New Style\", pasando por las danzas Funk como el Locking o el Popping. En deshojando la Danza nos apartamos del sentido m\u00e1s competitivo de estas danzas, volc\u00e1ndonos sobretodo en el trabajo grupal con el objetivo de unir m\u00e1s si cabe a los j\u00f3venes participantes. En Deshojando la Danza concebimos las Danzas Urbanas desde la tolerancia y la creatividad, haciendo part\u00edcipes a todos y cada uno de los jovenes que integran el grupo. La danza, el respeto y la creatividad unida a la expresi\u00f3n corporal son la base de nuestras clases.<\/em><\/span><\/p>\n<p style=\"text-align: justify\"><span style=\"color: #000000\"><em>La danza urbana es un subgenero de las danzas populares, con la aparici\u00f3n y el desarrollo\u00a0de la ciudad como organizaci\u00f3n social y pol\u00edtica marca tambien el desarrollo de la danza. Este tipo de danzas llamadas danzas populares urbanas han nacido en el n\u00facleo de las grandes ciudades, a partir de los impulsos colectivos de sectores sociales oriundos de la \u201curbe o aclimatados\u201d, a los sistemas de vida urbanos. Tal vez por razones de participaci\u00f3n y reproducci\u00f3n de las actitudes, ritmos y rutinas en las esferas citadinas, se generen con mayor facilidad \u201cideas dancisticas\u201d <img loading=\"lazy\" decoding=\"async\" class=\"alignright\" src=\"http:\/\/dondeir.com\/wp-content\/uploads\/2015\/05\/hiphop.jpg\" alt=\"\" width=\"225\" height=\"135\" \/>originales, m\u00e1s complejas o m\u00e1s cargadas de ingenio y formas, incluso m\u00e1s complicadas. O sea: m\u00e1s elementales y directas que las folkl\u00f3ricas y regionales. En general en las ciudades tiende a institucionalizar de manera m\u00e1s din\u00e1mica y funcionalsus medios de creaci\u00f3n y de acci\u00f3n art\u00edsticas. Si a estos factores les agregamos el hecho natural o impulso del ser humano por hacer danza es como tendremos la danza popular urbana. Estas danzas en<img loading=\"lazy\" decoding=\"async\" class=\"alignleft\" src=\"http:\/\/laestaciondebeniajan.com\/wp-content\/uploads\/2014\/03\/danza-urbana-460x460.jpg\" alt=\"\" width=\"280\" height=\"280\" \/> su mayoria estan influenciadas por la publicidad y que lleba al consumo como mercanc\u00eda, y tienen entre sus caracteriasticas el hecho de que son m\u00e1s individuales que las danzas folkl\u00f3ricas o regionales, o por lo menos son de car\u00e1cter personal. Pese a todo esto no deja de ser un tipo de danza popular ya que en el momento en que no podemos dejar de darnos cuenta que el ritmo, los pasos, etc\u00e9tera, son caracteristicos de cada barrio o comunidad, y es por ello que tambien son denominadas populares. Este tipo de danzas de origen urbano han sido perfectas acompa\u00f1antes de otras expreciones, modalidades y artes escenicas,, esto desde la antigua grecia, pasando por los bailes de sal\u00f3n que hacian alegoria a todo ello, y hasta llegar al ballet, que con todo y su t\u00e9cnica y seriedad hacian resaltar hechos de las danzas urbanas, lo cual en muchas ocaciones favorecia al espect\u00e1culo.<\/em><\/span><br \/>\n<span style=\"color: #000000\"> <em> Este tip\u00f3 de danzas o bailes se han hido incrementando con el paso del tiempo y m\u00e1s a\u00fan con el avance de la tecnolog\u00eda, y con la aparici\u00f3n de los grandes medios masivos de comunicaci\u00f3n tales como la televisi\u00f3n y el radio<\/em><\/span><\/p>\n<p style=\"text-align: justify\">\n<\/div>\n","protected":false},"excerpt":{"rendered":"<p>DANZA URBANA Cuando hablamos de \"Danza Urbana\" nos referimos como no pod\u00eda ser de otra manera a la danza Hip Hop, tambi\u00e9n llamada \"Street Dance\". Son muchos los estilos que abarca la danza Hip Hop desde sus or\u00edgenes en los a\u00f1os 70 con el famoso Breakdance hasta ahora con el llamado \"New Style\", pasando por [&hellip;]<\/p>\n","protected":false},"author":10020,"featured_media":0,"parent":0,"menu_order":0,"comment_status":"closed","ping_status":"closed","template":"","meta":{"footnotes":""},"class_list":["post-54","page","type-page","status-publish","hentry"],"_links":{"self":[{"href":"https:\/\/blog.espol.edu.ec\/jeacgome\/wp-json\/wp\/v2\/pages\/54","targetHints":{"allow":["GET"]}}],"collection":[{"href":"https:\/\/blog.espol.edu.ec\/jeacgome\/wp-json\/wp\/v2\/pages"}],"about":[{"href":"https:\/\/blog.espol.edu.ec\/jeacgome\/wp-json\/wp\/v2\/types\/page"}],"author":[{"embeddable":true,"href":"https:\/\/blog.espol.edu.ec\/jeacgome\/wp-json\/wp\/v2\/users\/10020"}],"replies":[{"embeddable":true,"href":"https:\/\/blog.espol.edu.ec\/jeacgome\/wp-json\/wp\/v2\/comments?post=54"}],"version-history":[{"count":4,"href":"https:\/\/blog.espol.edu.ec\/jeacgome\/wp-json\/wp\/v2\/pages\/54\/revisions"}],"predecessor-version":[{"id":63,"href":"https:\/\/blog.espol.edu.ec\/jeacgome\/wp-json\/wp\/v2\/pages\/54\/revisions\/63"}],"wp:attachment":[{"href":"https:\/\/blog.espol.edu.ec\/jeacgome\/wp-json\/wp\/v2\/media?parent=54"}],"curies":[{"name":"wp","href":"https:\/\/api.w.org\/{rel}","templated":true}]}}