{"id":64,"date":"2015-11-21T03:57:38","date_gmt":"2015-11-21T03:57:38","guid":{"rendered":"http:\/\/blog.espol.edu.ec\/jeacgome\/?page_id=64"},"modified":"2015-11-21T03:57:38","modified_gmt":"2015-11-21T03:57:38","slug":"breakdance","status":"publish","type":"page","link":"https:\/\/blog.espol.edu.ec\/jeacgome\/breakdance\/","title":{"rendered":"Breakdance"},"content":{"rendered":"<p style=\"text-align: justify\">El <b>Break Dance<\/b> , <b>Breaking<\/b> o Bboying, es una danza urbana que forma parte de la cultura <a class=\"mw-redirect\" title=\"Hip-Hop\" href=\"https:\/\/es.wikipedia.org\/wiki\/Hip-Hop\">Hip-Hop<\/a> surgida en las comunidades <a title=\"Afroamericano\" href=\"https:\/\/es.wikipedia.org\/wiki\/Afroamericano\">afro-americanas<\/a> de los barrios <a title=\"Nueva York\" href=\"https:\/\/es.wikipedia.org\/wiki\/Nueva_York\">neoyorquinos<\/a>como <a title=\"Bronx\" href=\"https:\/\/es.wikipedia.org\/wiki\/Bronx\">Bronx<\/a> y <a title=\"Brooklyn\" href=\"https:\/\/es.wikipedia.org\/wiki\/Brooklyn\">Brooklyn<\/a> en los <a title=\"A\u00f1os 1970\" href=\"https:\/\/es.wikipedia.org\/wiki\/A%C3%B1os_1970\">70<\/a>. Si bien es cierto que alcanzar\u00eda un reconocimiento m\u00e1s alto en la d\u00e9cada de los <a title=\"A\u00f1os 1980\" href=\"https:\/\/es.wikipedia.org\/wiki\/A%C3%B1os_1980\">80<\/a>, gracias a la influencia de diversos artistas como <a title=\"James Brown\" href=\"https:\/\/es.wikipedia.org\/wiki\/James_Brown\">James Brown<\/a> o <a title=\"Michael Jackson\" href=\"https:\/\/es.wikipedia.org\/wiki\/Michael_Jackson\">Michael Jackson<\/a>, y pel\u00edculas como <a title=\"Breakin'\" href=\"https:\/\/es.wikipedia.org\/wiki\/Breakin%27\">Breakin'<\/a> y <a title=\"Beat Street\" href=\"https:\/\/es.wikipedia.org\/wiki\/Beat_Street\">Beat Street<\/a> que extendieron el movimiento hacia los pa\u00edses europeos y Latinoam\u00e9rica. El t\u00e9rmino fue impuesto por los medios de comunicaci\u00f3n al baile conocido como Break Dance, as\u00ed llamado originalmente por un n\u00famero significativo de practicantes (B-boys). Se piensa que este nombre ten\u00eda motivos comerciales, y por eso algunos \"B-boys\" prefieren seguir llamando \u00a8Bboying\u00a8 a su baile del modo original.<img decoding=\"async\" src=\"https:\/\/i.ytimg.com\/vi\/ChP2-x1gZz8\/maxresdefault.jpg\" alt=\"\" \/><\/p>\n<p style=\"text-align: justify\"><b>(1968-1974)<\/b> Esta fase sent\u00f3 las bases del breakdance. Comenz\u00f3 siendo una consecuencia de las guerras entre bandas locales que plagaban el <a title=\"Bronx\" href=\"https:\/\/es.wikipedia.org\/wiki\/Bronx\">Bronx<\/a> y <a title=\"Brooklyn\" href=\"https:\/\/es.wikipedia.org\/wiki\/Brooklyn\">Brooklyn<\/a>. Se suced\u00edan continuas peleas entre ellas en los guetos, sobre todo entre integrantes blancos y negros, entre los que observamos hab\u00eda una espiral de odio continua. Este agresivo esp\u00edritu de lucha, fue utilizado por el primer chico b-boy dandin que lo introdujo en su forma de bailar, caracteriz\u00e1ndola con este estilo callejero. Entre los primeros Bboys podemos destacar a: Klark Kent, El Bobo Amazing, James Bonfire Sau Sau, Tricksy, El Dorado, Mike, los gemelos Nigga\u2026. Como ellos mismos declaran, en sus or\u00edgenes, la mayor\u00eda de los pasos de breakdance, no segu\u00edan ning\u00fan patr\u00f3n ni estructura base. En los \u00faltimos a\u00f1os de este periodo, el breakdance sirvi\u00f3 para resolver pac\u00edficamente muchas de las peleas anteriormente.<\/p>\n<p style=\"text-align: justify\"><b>Fundaci\u00f3n (1975-1979)<\/b>: La segunda fase comienza con el nacimiento en Puerto Rico del DJ Charlie Chase, que adquiri\u00f3 prominencia con el \"estilo latino\" y permiti\u00f3 que \u00e9ste se integrara con la de la comunidad negra. Tomando la inspiraci\u00f3n de la Salsa el pty Capoeira, los puertorrique\u00f1os fueron los verdaderos creadores de la \"fundaci\u00f3n\" de B-boying. En 1977 se fund\u00f3 el Rock Steady Crew destinado a ense\u00f1ar los verdaderos or\u00edgenes de B-boying. Sin embargo, en 1979 hubo muchos B-boys que abandonaron la danza para centrarse en otras disciplinas de la cultura hip hop (DJ, Graffiti, Rap) como consecuencia de la crisis. Se comenz\u00f3 a plantear un futuro dudoso del B-boying.<\/p>\n<p style=\"text-align: justify\"><b>Era del PowerMove<\/b> En los a\u00f1os ochenta, el Rock Steady Crew se expandi\u00f3 por Nueva York (incluso fuera del Bronx), gracias a los j\u00f3venes Crazy Legs, reclutando muchos B-boys. Ken Swift, Mr. Freeze, Lil Crazy Legs y muchos otros, se convirtieron en miembros de Rock Steady en la zona de Manhattan. En breve, muchos m\u00e1s nacieron, incluida la tripulaci\u00f3n de los Dynamic Rockers, que junto a los protagonistas de Rock Steady, protagonizaron el famoso desaf\u00edo en el Lincoln Center de Nueva York en 1981. Este desaf\u00edo fue el primero en ser transmitido por la cadena ABC. Despu\u00e9s fue insertado en el documental \"Style Wars\" (1982) de PBS. En los a\u00f1os siguientes, la explosi\u00f3n en los medios de comunicaci\u00f3n sobre lo que era el breakdance, ofreci\u00f3 la oportunidad a miles de j\u00f3venes de descubrirlo. Los \u00c1ngeles fueron tambi\u00e9n el escenario de dos pel\u00edculas hist\u00f3ricas: Breakin (1984) y Breakin 2: Electric Boogaloo (1985). Televisi\u00f3n, publicidad, cine, teatro, festivales: El Breakdance estaba en todas partes y su pr\u00e1ctica poco a poco se iba extendiendo a todo el mundo.<\/p>\n","protected":false},"excerpt":{"rendered":"<p>El Break Dance , Breaking o Bboying, es una danza urbana que forma parte de la cultura Hip-Hop surgida en las comunidades afro-americanas de los barrios neoyorquinoscomo Bronx y Brooklyn en los 70. Si bien es cierto que alcanzar\u00eda un reconocimiento m\u00e1s alto en la d\u00e9cada de los 80, gracias a la influencia de diversos [&hellip;]<\/p>\n","protected":false},"author":10020,"featured_media":0,"parent":0,"menu_order":0,"comment_status":"closed","ping_status":"closed","template":"","meta":{"footnotes":""},"class_list":["post-64","page","type-page","status-publish","hentry"],"_links":{"self":[{"href":"https:\/\/blog.espol.edu.ec\/jeacgome\/wp-json\/wp\/v2\/pages\/64","targetHints":{"allow":["GET"]}}],"collection":[{"href":"https:\/\/blog.espol.edu.ec\/jeacgome\/wp-json\/wp\/v2\/pages"}],"about":[{"href":"https:\/\/blog.espol.edu.ec\/jeacgome\/wp-json\/wp\/v2\/types\/page"}],"author":[{"embeddable":true,"href":"https:\/\/blog.espol.edu.ec\/jeacgome\/wp-json\/wp\/v2\/users\/10020"}],"replies":[{"embeddable":true,"href":"https:\/\/blog.espol.edu.ec\/jeacgome\/wp-json\/wp\/v2\/comments?post=64"}],"version-history":[{"count":1,"href":"https:\/\/blog.espol.edu.ec\/jeacgome\/wp-json\/wp\/v2\/pages\/64\/revisions"}],"predecessor-version":[{"id":65,"href":"https:\/\/blog.espol.edu.ec\/jeacgome\/wp-json\/wp\/v2\/pages\/64\/revisions\/65"}],"wp:attachment":[{"href":"https:\/\/blog.espol.edu.ec\/jeacgome\/wp-json\/wp\/v2\/media?parent=64"}],"curies":[{"name":"wp","href":"https:\/\/api.w.org\/{rel}","templated":true}]}}