{"id":66,"date":"2015-11-21T04:01:47","date_gmt":"2015-11-21T04:01:47","guid":{"rendered":"http:\/\/blog.espol.edu.ec\/jeacgome\/?page_id=66"},"modified":"2015-11-21T04:01:47","modified_gmt":"2015-11-21T04:01:47","slug":"popping","status":"publish","type":"page","link":"https:\/\/blog.espol.edu.ec\/jeacgome\/popping\/","title":{"rendered":"Popping"},"content":{"rendered":"<p style=\"text-align: justify\"><span style=\"color: #000000\">Su origen se sit\u00faa en la costa oeste de EE.UU en los 70. Se da al bailar\u00edn Boogaloo Sam como el creador de este baile en Freno, California. Sol\u00eda bailar otro estilo de baile funk<img decoding=\"async\" class=\"alignright\" src=\"http:\/\/sp6.fotolog.com\/photo\/38\/32\/90\/elpiituflay\/1233769195576_f.jpg\" alt=\"\" \/> llamado \"Campbellocking\" y hacer el robot que el mimo Robert Shields mostraba en su programa de televisi\u00f3n \"<a class=\"extiw\" style=\"color: #000000\" title=\"en:Shields and Yarnell\" href=\"https:\/\/en.wikipedia.org\/wiki\/Shields_and_Yarnell\">Shields and Yarnell<\/a>\". Seg\u00fan cuenta Boogaloo Sam en el documental \"<a class=\"external text\" style=\"color: #000000\" href=\"http:\/\/www.imdb.com\/title\/tt1194627\/\" rel=\"nofollow\">Underground Dance Masters: Final History of a Forgotten Era<\/a>\", de peque\u00f1o bailaba de forma muy divertida en las fiestas caseras de su padre, haciendo boogaloo, un baile muy com\u00fan en ese momento y que el describe como menear el cuerpo con ondas y desplazamientos. Una noche quiso crear un baile nuevo mezclando boogaloo con contracciones del cuerpo que el denomino \"popping\". De esa mezcla de boogaloo y popping creo su estilo particular de baile que denomino \"electric boogaloo\". Como buen bailar\u00edn fue fomentando y ganando fama en house parties y tuvo la oportunidad de crear un grupo de baile y hacer un show en el programa de televisi\u00f3n <a style=\"color: #000000\" title=\"Soul Train\" href=\"https:\/\/es.wikipedia.org\/wiki\/Soul_Train\">Soul Train<\/a>. En un primer momento se llamaron \"Electric Boogaloos Lockers\" ya que mezclaban su estilo de baile con el \"<a class=\"external text\" style=\"color: #000000\" href=\"http:\/\/www.lockerlegends.net\/?page_id=5\" rel=\"nofollow\">Campbellocking<\/a>\". Un a\u00f1o despu\u00e9s en 1977 acortaron el nombre a \"<a class=\"extiw\" style=\"color: #000000\" title=\"en:The Electric Boogaloos\" href=\"https:\/\/en.wikipedia.org\/wiki\/The_Electric_Boogaloos\">Electric Boogaloos<\/a>\".<\/span><\/p>\n<p style=\"text-align: justify\"><span style=\"color: #000000\">Durante la era del <i>breaking<\/i>, los b-boys comenzaron a poner el <i>popping<\/i> y el <i>locking<\/i> en su baile gracias a programas como el \"Soul Train\". Mr. Wiggles dice, que desde que la gente en N.Y. adopt\u00f3 el popping y lo volvi\u00f3 m\u00e1s \"funky\" y algo diferente del popping original, la gente comenz\u00f3 a llamarle electric boogie en lugar de popping. Aunque ese comentario acerca del electro boogie es diferente a comentarios de otras autoridades del b-boying.<\/span><\/p>\n","protected":false},"excerpt":{"rendered":"<p>Su origen se sit\u00faa en la costa oeste de EE.UU en los 70. Se da al bailar\u00edn Boogaloo Sam como el creador de este baile en Freno, California. Sol\u00eda bailar otro estilo de baile funk llamado \"Campbellocking\" y hacer el robot que el mimo Robert Shields mostraba en su programa de televisi\u00f3n \"Shields and Yarnell\". [&hellip;]<\/p>\n","protected":false},"author":10020,"featured_media":0,"parent":0,"menu_order":0,"comment_status":"closed","ping_status":"closed","template":"","meta":{"footnotes":""},"class_list":["post-66","page","type-page","status-publish","hentry"],"_links":{"self":[{"href":"https:\/\/blog.espol.edu.ec\/jeacgome\/wp-json\/wp\/v2\/pages\/66","targetHints":{"allow":["GET"]}}],"collection":[{"href":"https:\/\/blog.espol.edu.ec\/jeacgome\/wp-json\/wp\/v2\/pages"}],"about":[{"href":"https:\/\/blog.espol.edu.ec\/jeacgome\/wp-json\/wp\/v2\/types\/page"}],"author":[{"embeddable":true,"href":"https:\/\/blog.espol.edu.ec\/jeacgome\/wp-json\/wp\/v2\/users\/10020"}],"replies":[{"embeddable":true,"href":"https:\/\/blog.espol.edu.ec\/jeacgome\/wp-json\/wp\/v2\/comments?post=66"}],"version-history":[{"count":1,"href":"https:\/\/blog.espol.edu.ec\/jeacgome\/wp-json\/wp\/v2\/pages\/66\/revisions"}],"predecessor-version":[{"id":67,"href":"https:\/\/blog.espol.edu.ec\/jeacgome\/wp-json\/wp\/v2\/pages\/66\/revisions\/67"}],"wp:attachment":[{"href":"https:\/\/blog.espol.edu.ec\/jeacgome\/wp-json\/wp\/v2\/media?parent=66"}],"curies":[{"name":"wp","href":"https:\/\/api.w.org\/{rel}","templated":true}]}}