{"id":72,"date":"2015-11-21T04:10:05","date_gmt":"2015-11-21T04:10:05","guid":{"rendered":"http:\/\/blog.espol.edu.ec\/jeacgome\/?page_id=72"},"modified":"2015-11-21T04:10:05","modified_gmt":"2015-11-21T04:10:05","slug":"funky","status":"publish","type":"page","link":"https:\/\/blog.espol.edu.ec\/jeacgome\/funky\/","title":{"rendered":"Funky"},"content":{"rendered":"<p style=\"text-align: justify\">El <b>funk carioca<\/b>, <b>funk brasile\u00f1o<\/b>, <b>baile funk<\/b> o <b>funk de <a title=\"Favela\" href=\"https:\/\/es.wikipedia.org\/wiki\/Favela\">favela<\/a><\/b>, es un estilo musical nacido en <a class=\"mw-redirect\" title=\"Rio de Janeiro\" href=\"https:\/\/es.wikipedia.org\/wiki\/Rio_de_Janeiro\">Rio de Janeiro<\/a>. Este ritmo tiene una gran influencia del <a title=\"Hip hop\" href=\"https:\/\/es.wikipedia.org\/wiki\/Hip_hop\">hip hop<\/a>, utilizando el estilo del \"<a class=\"mw-redirect\" title=\"Miami Bass\" href=\"https:\/\/es.wikipedia.org\/wiki\/Miami_Bass\">Miami Bass<\/a>\" y la m\u00fasica electr\u00f3nica para las instrumentales combiandos En <a title=\"Brasil\" href=\"https:\/\/es.wikipedia.org\/wiki\/Brasil\">Brasil<\/a> simplemente se le conoce como <i><a title=\"Funk\" href=\"https:\/\/es.wikipedia.org\/wiki\/Funk\">funk<\/a><\/i>, cosa que no pasa en el resto del mundo donde se le conoce como <i>\"funk carioca\" o de \"baile funk\"<\/i>.<\/p>\n<p style=\"text-align: justify\"><img loading=\"lazy\" decoding=\"async\" class=\"alignleft\" src=\"http:\/\/www.coppelius.es\/images\/clases\/funky.jpg\" alt=\"\" width=\"406\" height=\"218\" \/><\/p>\n<p style=\"text-align: justify\">El funk brasile\u00f1o lleva este nombre porque se dice que a inicios de los <a class=\"mw-redirect\" title=\"'80\" href=\"https:\/\/es.wikipedia.org\/wiki\/%2780\">'80<\/a> las fiestas funk de <a class=\"mw-redirect\" title=\"Rio de Janeiro\" href=\"https:\/\/es.wikipedia.org\/wiki\/Rio_de_Janeiro\">Rio de Janeiro<\/a> se vieron influenciadas por un ritmo proveniente de Florida, el <a class=\"mw-redirect\" title=\"Miami Bass\" href=\"https:\/\/es.wikipedia.org\/wiki\/Miami_Bass\">Miami Bass<\/a>, sub-g\u00e9nero del rap cuyas letras y bailes ten\u00edan un contenido er\u00f3tico. Este nuevo funk comenz\u00f3 a tener mucha aceptaci\u00f3n en la mayor\u00eda de favelas de R\u00edo.<\/p>\n<div class=\"thumb tright\" style=\"text-align: justify\">\n<div class=\"thumbinner\"><a class=\"image\" href=\"https:\/\/commons.wikimedia.org\/wiki\/File:Rocinha_road_2010.JPG\"><img loading=\"lazy\" decoding=\"async\" class=\"thumbimage alignright\" src=\"https:\/\/upload.wikimedia.org\/wikipedia\/commons\/thumb\/7\/71\/Rocinha_road_2010.JPG\/250px-Rocinha_road_2010.JPG\" alt=\"\" width=\"250\" height=\"166\" \/><\/a><\/div>\n<\/div>\n<p style=\"text-align: justify\">Este g\u00e9nero actualmente tiene seguidores tanto en la juventud de las <a title=\"Favela\" href=\"https:\/\/es.wikipedia.org\/wiki\/Favela\">favelas<\/a> como de las clases m\u00e1s acomodadas, ya sea por sus letras, ritmo o forma de baile (usualmente es bailado en forma er\u00f3tica), aunque generalmente no goza de muy buena fama entre los brasile\u00f1os ya es un tipo de m\u00fasica asociada a las favelas y gran cantidad de prejuicios est\u00e1n enraizados en la sociedad brasile\u00f1a. Sobre el gran \u00e9xito que goza actualmente el baile funk, H.Vianna, autor del pionero estudio \"O Mundo Funk Carioca\" (1988) afirm\u00f3:<\/p>\n<blockquote class=\"citado\">\n<p style=\"text-align: justify\">Todo este mercado fue creado en las dos \u00faltimas d\u00e9cadas, sin ayuda de la industria cultural estabelecida. (\u2026) No conozco otro ejemplo tan claro en la <a title=\"Cultura popular\" href=\"https:\/\/es.wikipedia.org\/wiki\/Cultura_popular\">cultura pop<\/a> contempor\u00e1nea. El funk ahora tiene n\u00fameros claros, que muestran una atividad econ\u00f3mica importante, que puede ser tomado en serio por el poder p\u00fablico.<sup id=\"cite_ref-1\" class=\"reference\"><a href=\"https:\/\/es.wikipedia.org\/wiki\/Baile_funk#cite_note-1\">1<\/a><\/sup><\/p>\n<\/blockquote>\n","protected":false},"excerpt":{"rendered":"<p>El funk carioca, funk brasile\u00f1o, baile funk o funk de favela, es un estilo musical nacido en Rio de Janeiro. Este ritmo tiene una gran influencia del hip hop, utilizando el estilo del \"Miami Bass\" y la m\u00fasica electr\u00f3nica para las instrumentales combiandos En Brasil simplemente se le conoce como funk, cosa que no pasa [&hellip;]<\/p>\n","protected":false},"author":10020,"featured_media":0,"parent":0,"menu_order":0,"comment_status":"closed","ping_status":"closed","template":"","meta":{"footnotes":""},"class_list":["post-72","page","type-page","status-publish","hentry"],"_links":{"self":[{"href":"https:\/\/blog.espol.edu.ec\/jeacgome\/wp-json\/wp\/v2\/pages\/72","targetHints":{"allow":["GET"]}}],"collection":[{"href":"https:\/\/blog.espol.edu.ec\/jeacgome\/wp-json\/wp\/v2\/pages"}],"about":[{"href":"https:\/\/blog.espol.edu.ec\/jeacgome\/wp-json\/wp\/v2\/types\/page"}],"author":[{"embeddable":true,"href":"https:\/\/blog.espol.edu.ec\/jeacgome\/wp-json\/wp\/v2\/users\/10020"}],"replies":[{"embeddable":true,"href":"https:\/\/blog.espol.edu.ec\/jeacgome\/wp-json\/wp\/v2\/comments?post=72"}],"version-history":[{"count":1,"href":"https:\/\/blog.espol.edu.ec\/jeacgome\/wp-json\/wp\/v2\/pages\/72\/revisions"}],"predecessor-version":[{"id":73,"href":"https:\/\/blog.espol.edu.ec\/jeacgome\/wp-json\/wp\/v2\/pages\/72\/revisions\/73"}],"wp:attachment":[{"href":"https:\/\/blog.espol.edu.ec\/jeacgome\/wp-json\/wp\/v2\/media?parent=72"}],"curies":[{"name":"wp","href":"https:\/\/api.w.org\/{rel}","templated":true}]}}