{"id":86,"date":"2015-11-21T04:35:00","date_gmt":"2015-11-21T04:35:00","guid":{"rendered":"http:\/\/blog.espol.edu.ec\/jeacgome\/?page_id=86"},"modified":"2015-11-21T07:09:32","modified_gmt":"2015-11-21T07:09:32","slug":"quien-soy","status":"publish","type":"page","link":"https:\/\/blog.espol.edu.ec\/jeacgome\/quien-soy\/","title":{"rendered":"\u00bfQuien soy?"},"content":{"rendered":"<p style=\"text-align: justify\"><span style=\"color: #000000\">Que tal \u00a0mundo bloguero ...... \u00a0espero que se encuentren bien... \u00a0 \u00a0 \u00a0 \u00a0 \u00a0 \u00a0 \u00a0 \u00a0 \u00a0 \u00a0 \u00a0 \u00a0 \u00a0 \u00a0 \u00a0 \u00a0 \u00a0 \u00a0 \u00a0 \u00a0 \u00a0 \u00a0 \u00a0 \u00a0 Me llamo\u00a0Jean Carlos estudio \u00a0en la una de las mejores universidades del ecuador, ESPOL, la carrera de\u00a0ingenier\u00eda qu\u00edmica, me gusta escuchar m\u00fasica, leer un buen libro, \u00a0comer\u00a0pizza, \u00a0espero que este blog les sirva de algo.<\/span><\/p>\n","protected":false},"excerpt":{"rendered":"<p>Que tal \u00a0mundo bloguero ...... \u00a0espero que se encuentren bien... \u00a0 \u00a0 \u00a0 \u00a0 \u00a0 \u00a0 \u00a0 \u00a0 \u00a0 \u00a0 \u00a0 \u00a0 \u00a0 \u00a0 \u00a0 \u00a0 \u00a0 \u00a0 \u00a0 \u00a0 \u00a0 \u00a0 \u00a0 \u00a0 Me llamo\u00a0Jean Carlos estudio \u00a0en la una de las mejores universidades del ecuador, ESPOL, la carrera de\u00a0ingenier\u00eda qu\u00edmica, me gusta escuchar [&hellip;]<\/p>\n","protected":false},"author":10020,"featured_media":0,"parent":0,"menu_order":0,"comment_status":"closed","ping_status":"closed","template":"","meta":{"footnotes":""},"class_list":["post-86","page","type-page","status-publish","hentry"],"_links":{"self":[{"href":"https:\/\/blog.espol.edu.ec\/jeacgome\/wp-json\/wp\/v2\/pages\/86","targetHints":{"allow":["GET"]}}],"collection":[{"href":"https:\/\/blog.espol.edu.ec\/jeacgome\/wp-json\/wp\/v2\/pages"}],"about":[{"href":"https:\/\/blog.espol.edu.ec\/jeacgome\/wp-json\/wp\/v2\/types\/page"}],"author":[{"embeddable":true,"href":"https:\/\/blog.espol.edu.ec\/jeacgome\/wp-json\/wp\/v2\/users\/10020"}],"replies":[{"embeddable":true,"href":"https:\/\/blog.espol.edu.ec\/jeacgome\/wp-json\/wp\/v2\/comments?post=86"}],"version-history":[{"count":7,"href":"https:\/\/blog.espol.edu.ec\/jeacgome\/wp-json\/wp\/v2\/pages\/86\/revisions"}],"predecessor-version":[{"id":130,"href":"https:\/\/blog.espol.edu.ec\/jeacgome\/wp-json\/wp\/v2\/pages\/86\/revisions\/130"}],"wp:attachment":[{"href":"https:\/\/blog.espol.edu.ec\/jeacgome\/wp-json\/wp\/v2\/media?parent=86"}],"curies":[{"name":"wp","href":"https:\/\/api.w.org\/{rel}","templated":true}]}}