{"id":93,"date":"2015-11-21T04:43:34","date_gmt":"2015-11-21T04:43:34","guid":{"rendered":"http:\/\/blog.espol.edu.ec\/jeacgome\/?page_id=93"},"modified":"2015-11-21T04:43:34","modified_gmt":"2015-11-21T04:43:34","slug":"porque-cree-este-blog","status":"publish","type":"page","link":"https:\/\/blog.espol.edu.ec\/jeacgome\/porque-cree-este-blog\/","title":{"rendered":"\u00bfPorque cree este blog?"},"content":{"rendered":"<p style=\"text-align: justify\"><span style=\"color: #000000\">la creaci\u00f3n de este blog \u00a0se da por que cuenta como nota para la materia de Herramientas de colaboraci\u00f3n digital, \u00a0en cuanto al tema que escog\u00ed, verdaderamente no tenia idea de que hablar o bueno escribir, en primeras instancias tenia pensado en la tem\u00e1tica de historias cortas de terror luego un d\u00eda viendo v\u00eddeos en youtube vi como un grupo de chicos bailaban \u00a0y eran incre\u00edbles , y as\u00ed entonces, pens\u00e9 en hacer mi blog acerca de los diferentes estilos de baile y lo hice.\u00a0<\/span><\/p>\n","protected":false},"excerpt":{"rendered":"<p>la creaci\u00f3n de este blog \u00a0se da por que cuenta como nota para la materia de Herramientas de colaboraci\u00f3n digital, \u00a0en cuanto al tema que escog\u00ed, verdaderamente no tenia idea de que hablar o bueno escribir, en primeras instancias tenia pensado en la tem\u00e1tica de historias cortas de terror luego un d\u00eda viendo v\u00eddeos en [&hellip;]<\/p>\n","protected":false},"author":10020,"featured_media":0,"parent":0,"menu_order":0,"comment_status":"closed","ping_status":"closed","template":"","meta":{"footnotes":""},"class_list":["post-93","page","type-page","status-publish","hentry"],"_links":{"self":[{"href":"https:\/\/blog.espol.edu.ec\/jeacgome\/wp-json\/wp\/v2\/pages\/93","targetHints":{"allow":["GET"]}}],"collection":[{"href":"https:\/\/blog.espol.edu.ec\/jeacgome\/wp-json\/wp\/v2\/pages"}],"about":[{"href":"https:\/\/blog.espol.edu.ec\/jeacgome\/wp-json\/wp\/v2\/types\/page"}],"author":[{"embeddable":true,"href":"https:\/\/blog.espol.edu.ec\/jeacgome\/wp-json\/wp\/v2\/users\/10020"}],"replies":[{"embeddable":true,"href":"https:\/\/blog.espol.edu.ec\/jeacgome\/wp-json\/wp\/v2\/comments?post=93"}],"version-history":[{"count":1,"href":"https:\/\/blog.espol.edu.ec\/jeacgome\/wp-json\/wp\/v2\/pages\/93\/revisions"}],"predecessor-version":[{"id":95,"href":"https:\/\/blog.espol.edu.ec\/jeacgome\/wp-json\/wp\/v2\/pages\/93\/revisions\/95"}],"wp:attachment":[{"href":"https:\/\/blog.espol.edu.ec\/jeacgome\/wp-json\/wp\/v2\/media?parent=93"}],"curies":[{"name":"wp","href":"https:\/\/api.w.org\/{rel}","templated":true}]}}