{"id":2772,"date":"2014-03-19T17:57:30","date_gmt":"2014-03-19T22:57:30","guid":{"rendered":"http:\/\/blog.espol.edu.ec\/jeanma111\/?page_id=2772"},"modified":"2014-04-18T19:09:40","modified_gmt":"2014-04-19T00:09:40","slug":"libertagia","status":"publish","type":"page","link":"https:\/\/blog.espol.edu.ec\/jeanma111\/libertagia\/","title":{"rendered":"Libertagia"},"content":{"rendered":"<h1 style=\"text-align: justify\"><span style=\"color: #c0c0c0\">Gana dinero con un trabajo desde casa.<strong><\/strong><\/span><\/h1>\n<p style=\"text-align: justify\"><span style=\"color: #c0c0c0\"><img loading=\"lazy\" decoding=\"async\" class=\"aligncenter\" alt=\"boxbronce\" src=\"http:\/\/libertagiab.wpengine.com\/wp-content\/uploads\/2014\/02\/boxbronce.jpg\" width=\"563\" height=\"317\" \/><\/span><\/p>\n<p><iframe loading=\"lazy\" src=\"\/\/player.vimeo.com\/video\/86699537\" height=\"281\" width=\"500\" allowfullscreen=\"\" frameborder=\"0\"><\/iframe><\/p>\n<p><a href=\"http:\/\/vimeo.com\/86699537\">Animacion LibertaGia<\/a> from <a href=\"http:\/\/vimeo.com\/lge\">LibertaGia<\/a> on <a href=\"https:\/\/vimeo.com\">Vimeo<\/a>.<\/p>\n<h3 style=\"text-align: justify\"><span style=\"color: #c0c0c0\">\u00bfEn qu\u00e9 cosiste el trabajo en Libertagia?<\/span><\/h3>\n<p style=\"text-align: justify\"><span style=\"color: #c0c0c0\">En primer lugar te vamos a explicar las formas de ganar dinero que ofrece\u00a0<strong>Libertagia<\/strong>\u00a0de manera resumida. Si est\u00e1s interesad@ puedes obtener informaci\u00f3n m\u00e1s detallada en las siguientes secciones.<\/span><\/p>\n<ol style=\"text-align: justify\">\n<li><span style=\"color: #c0c0c0\">La forma m\u00e1s sencilla y directa de ganar dinero que\u00a0<strong>Libertagia<\/strong>\u00a0nos propone es visitar 10 p\u00e1ginas webs al d\u00eda. Es un trabajo que puedes hacer desde casa, tan s\u00f3lo necesitas una conexi\u00f3n a Internet. La ganancia diaria es de $3,00 si eliges el plan gratuito, pero puede llegar a ser de $80,00 si eres m\u00e1s ambicioso y optas por otro plan.<\/span><\/li>\n<li><span style=\"color: #c0c0c0\">Tambi\u00e9n puedes ganar dinero vendiendo los productos de\u00a0<strong>Libertagia<\/strong>: Live in box (almacenamiento en la nube), CLICKPLUS (publicidad en Internet) y GiaGift (programa de sorteos).<\/span><\/li>\n<li><span style=\"color: #c0c0c0\">Con\u00a0<strong>Libertagia<\/strong>, tambi\u00e9n puedes ganar dinero invitando a tus amigos. Te llevar\u00e1s comisiones de su trabajo diario, sus ventas, etc.<\/span><\/li>\n<\/ol>\n<p style=\"text-align: justify\"><span style=\"color: #c0c0c0\">En las siguientes secciones encontr\u00e1s informaci\u00f3n detallada y cuando te registres nos pondremos en contacto contigo para facilitarte tutoriales y manuales, pero lo importante es que te quedes con el siguiente concepto, con\u00a0<strong>Libertagia<\/strong>\u00a0es posible ganar dinero por Internet desde casa sin invertir nada y ganando mas si deseas con tu red. Hasta d\u00f3nde quieras llegar o cu\u00e1nto quieras ganar s\u00f3lo depende de t\u00ed.<\/span><\/p>\n<h3 style=\"text-align: justify\"><span style=\"color: #c0c0c0\">\u00bfC\u00f3mo comienzo a ganar dinero con Libertagia?<\/span><\/h3>\n<p style=\"text-align: justify\"><span style=\"color: #c0c0c0\">Formar parte del equipo que compone a esta compa\u00f1\u00eda es muy sencillo, legalmente solo debes ser mayor de 18 a\u00f1os para poder ingresar. Sin embargo otro requisito que se debe tener para poder lograr el \u00e9xito en este tipo de trabajo online es ser una persona comprometida con lo que est\u00e1 haciendo, constante, que se esfuerce por lograr sus objetivos y entusiasmada por conocer y desarrollar el marketing multinivel.<\/span><\/p>\n<p style=\"text-align: justify\"><span style=\"color: #c0c0c0\">Adicionalmente a esto, no es m\u00e1s que llenar un formulario, acceder a la p\u00e1gina de LibertaGia con un usuario, contrase\u00f1a y listo. Un dato importante es que debes venir referido por un afiliado de la compa\u00f1\u00eda que ser\u00e1 tu patrocinador y te guiara en todo el camino.<\/span><\/p>\n<p style=\"text-align: justify\"><span style=\"color: #c0c0c0\">Al llenar tu formulario es importante proporcionar tus datos reales, ya que son el medio para comprobar que efectivamente eres quien dices ser. Una vez registrado tendr\u00e1s que comprobar tu identidad por decirlo de alg\u00fan modo y deber\u00e1s proporcionar algunos datos adicionales como tu documento de identidad.<\/span><\/p>\n<p style=\"text-align: justify\"><span style=\"color: #c0c0c0\">Puedes registrarte desde mi red\u00a0para reponder tus preguntas y obtener informaci\u00f3n extra, \u00fanete!<\/span><\/p>\n<p style=\"text-align: justify\"><span style=\"color: #c0c0c0\"><a href=\"http:\/\/libertagia.com\/JeanMVargas\" target=\"_blank\"><span style=\"color: #c0c0c0\"><img loading=\"lazy\" decoding=\"async\" class=\"size-medium wp-image-2837 aligncenter\" alt=\"trabaja\" src=\"http:\/\/blog.espol.edu.ec\/jeanma111\/files\/2014\/03\/trabaja-300x67.jpg\" width=\"300\" height=\"67\" srcset=\"https:\/\/blog.espol.edu.ec\/jeanma111\/files\/2014\/03\/trabaja-300x67.jpg 300w, https:\/\/blog.espol.edu.ec\/jeanma111\/files\/2014\/03\/trabaja.jpg 452w\" sizes=\"auto, (max-width: 300px) 100vw, 300px\" \/><\/span><\/a><\/span><\/p>\n<p>Introduce tus datos reales, de lo contrario no podr\u00e1s retirar tus ganancias posteriormente<\/p>\n<p style=\"text-align: justify\"><span style=\"color: #c0c0c0\">Una vez te registres en\u00a0<strong>Libertagia<\/strong>, tendr\u00e1s acceso a un completo panel de control desde donde podr\u00e1s acceder a toda la informaci\u00f3n necesaria para comenzar a generar beneficios. Podr\u00e1s realizar tus tareas diarias, ver tu equipo de trabajo y gestionar tu cuenta. Libertagia ofrece varios packs, todos de duraci\u00f3n anual y renovables o ampliables a uno superior. Te ofrecemos la posibilidad de empezar a trabajar con nosotros con el PACK BRONCE que es completamente gratuito. Tomando en cuenta que con el mismo pago de la empresa podemos subir a box booster reuniendo $399 por nuestro trabajo o con la red, recuerda que si optas por adquirir cualquier otro, l\u00f3gicamente la ganancia ser\u00e1 mayor. Nuestra empresa nos invita a que hagamos un patrimonio de mucho dinero con nuestro box Visionario, donde podremos hacer realidad nuestros sue\u00f1os.<\/span><\/p>\n<p style=\"text-align: justify\"><span style=\"color: #c0c0c0\">Recuerda que LibertaGia es una empresa real, con presencia f\u00edsica en Lisboa, Portugal, apegada a un marco legal s\u00f3lido y por tanto todo proceso debe ser legalmente realizado. Aunado a esto con este proceso se demuestra que eres una persona real, evitando de este modo la multiplicidad de cuentas y el fraude.<\/span><\/p>\n<p style=\"text-align: center\"><span style=\"color: #c0c0c0\"><img loading=\"lazy\" decoding=\"async\" class=\"aligncenter\" alt=\"comisiones\" src=\"http:\/\/libertagiab.wpengine.com\/wp-content\/uploads\/2014\/03\/comisiones2.png\" width=\"503\" height=\"168\" \/><\/span><\/p>\n<p style=\"text-align: justify\"><span style=\"color: #c0c0c0\">La empresa nos da la opci\u00f3n de subir r\u00e1pidamente al box visionario formando nuestra red, recomendando a familiares y amigos que hagan lo mismo que tu, visitar paginas webs, con esto nos aportan 1% de las tareas diarias red de trabajo que representa por persona 50 centavos cada mes si tus amigos hacen sus tareas, pudiendo obtener fabulosos resultados como vemos en la siguiente imagen.<\/span><\/p>\n<p style=\"text-align: justify\"><span style=\"color: #c0c0c0\">Refiriendo a tan solo 5 amigos y tus amigos invitan a 5 amigos y as\u00ed sucesivamente esto puede llegar a ser representativo. Puedes formar una red con personas interesadas en la misma oportunidad que pasar\u00e1n a ser tus patrocinados y por ellos se generan m\u00e1s ganancias de manera pasiva.<\/span><\/p>\n<p style=\"text-align: center\"><span style=\"color: #c0c0c0\"><img loading=\"lazy\" decoding=\"async\" class=\"aligncenter\" alt=\"dhfrf\" src=\"http:\/\/blog.espol.edu.ec\/jeanma111\/files\/2014\/03\/dhfrf-300x222.png\" width=\"300\" height=\"222\" \/><\/span><\/p>\n<p style=\"text-align: justify\"><span style=\"color: #c0c0c0\">A quien no le convendria tener $9.765 mensuales.<\/span><\/p>\n<h3 style=\"text-align: justify\"><span style=\"color: #c0c0c0\">Como se cobran las comisiones en\u00a0<strong>LibertaGia<\/strong>, como retiramos ese dinero?<\/span><\/h3>\n<p style=\"text-align: justify\"><span style=\"color: #c0c0c0\"><span style=\"line-height: 1.5em\">Cuando hagamos la petici\u00f3n de la tarjeta, nos van a descontar 30 d\u00f3lares por la apertura de una nueva cuenta que incluye una tarjeta de\u00a0<\/span>d\u00e9bito<span style=\"line-height: 1.5em\">\u00a0visa internacional en donde podemos retirar nuestro dinero en cualquier parte del mundo, esto se nos descuenta de nuestro trabajo en libertagia.<\/span><\/span><\/p>\n","protected":false},"excerpt":{"rendered":"<p>Gana dinero con un trabajo desde casa. Animacion LibertaGia from LibertaGia on Vimeo. \u00bfEn qu\u00e9 cosiste el trabajo en Libertagia? En primer lugar te vamos a explicar las formas de ganar dinero que ofrece\u00a0Libertagia\u00a0de manera resumida. Si est\u00e1s interesad@ puedes obtener informaci\u00f3n m\u00e1s detallada en las siguientes secciones. La forma m\u00e1s sencilla y directa de [&hellip;]<\/p>\n","protected":false},"author":3346,"featured_media":0,"parent":0,"menu_order":0,"comment_status":"open","ping_status":"closed","template":"","meta":{"footnotes":""},"class_list":["post-2772","page","type-page","status-publish","hentry"],"_links":{"self":[{"href":"https:\/\/blog.espol.edu.ec\/jeanma111\/wp-json\/wp\/v2\/pages\/2772","targetHints":{"allow":["GET"]}}],"collection":[{"href":"https:\/\/blog.espol.edu.ec\/jeanma111\/wp-json\/wp\/v2\/pages"}],"about":[{"href":"https:\/\/blog.espol.edu.ec\/jeanma111\/wp-json\/wp\/v2\/types\/page"}],"author":[{"embeddable":true,"href":"https:\/\/blog.espol.edu.ec\/jeanma111\/wp-json\/wp\/v2\/users\/3346"}],"replies":[{"embeddable":true,"href":"https:\/\/blog.espol.edu.ec\/jeanma111\/wp-json\/wp\/v2\/comments?post=2772"}],"version-history":[{"count":32,"href":"https:\/\/blog.espol.edu.ec\/jeanma111\/wp-json\/wp\/v2\/pages\/2772\/revisions"}],"predecessor-version":[{"id":2946,"href":"https:\/\/blog.espol.edu.ec\/jeanma111\/wp-json\/wp\/v2\/pages\/2772\/revisions\/2946"}],"wp:attachment":[{"href":"https:\/\/blog.espol.edu.ec\/jeanma111\/wp-json\/wp\/v2\/media?parent=2772"}],"curies":[{"name":"wp","href":"https:\/\/api.w.org\/{rel}","templated":true}]}}