{"id":1,"date":"2009-06-30T14:17:52","date_gmt":"2009-06-30T18:17:52","guid":{"rendered":""},"modified":"2009-07-13T16:12:08","modified_gmt":"2009-07-13T20:12:08","slug":"about-me","status":"publish","type":"page","link":"https:\/\/blog.espol.edu.ec\/jedamayo\/about-me\/","title":{"rendered":"About Me..... !!!"},"content":{"rendered":"<p><a href=\"http:\/\/www.flickr.com\/photos\/39746083@N05\/3705541299\/\" title=\"P1000848 por MultiJerika, en Flickr\"><img loading=\"lazy\" decoding=\"async\" src=\"http:\/\/farm3.static.flickr.com\/2642\/3705541299_babce619d7.jpg\" width=\"500\" height=\"375\" alt=\"P1000848\" \/><\/a><\/p>\n<p>Soy una chica alegre, amable, sincera y responsable....Aunq a veces soy un poco picadita y m fastidia la injusticia....M considero paciente pero cuando ya se pasan de la raya m vuelvo otra Jerika jeje bueno eso es lo q dice mi signo \"Tauro\" ... M divierte tener amigos\/as ya que los mejores momentos se pasa con las personas q uno quiere pasar... M gusta sonreir y m\u00e1s aun ver sonreir a la gente q quiero y aprecio.. M fastidia la hipocres\u00eda las personas con doble cara, m desanima q m fallen... Mi slogan es \" Nadie es eterno \" es una triste realidad... Y como no m voy a olvidar del amor m\u00e1s grande q tengo el es \"Dios\", a el le debo mi vida entera... !!!<br \/>\n...........EL SE\u00d1OR ES MI PASTOR NADA M FALTARA........<br \/>\n<a href=\"http:\/\/www.flickr.com\/photos\/39746083@N05\/3718107788\/\" title=\"Jesus por MultiJerika, en Flickr\"><img loading=\"lazy\" decoding=\"async\" src=\"http:\/\/farm3.static.flickr.com\/2645\/3718107788_97224f675e.jpg\" width=\"363\" height=\"391\" alt=\"Jesus\" \/><\/a><\/p>\n<p>M olvidaba soy orgullosa de mi mismo d como soy como persona y lo q hago por las personas que estimo ...M gusta el rojo y el negro; \u00e9sta es la conexion entre la vida y la muerte, para terminar soy hincha de EMELEC y a mucha honra... !!!!<\/p>\n<p><a href=\"http:\/\/www.flickr.com\/photos\/39746083@N05\/3718107648\/\" title=\"emelec por MultiJerika, en Flickr\"><img loading=\"lazy\" decoding=\"async\" src=\"http:\/\/farm3.static.flickr.com\/2490\/3718107648_f2969fb464_m.jpg\" width=\"240\" height=\"216\" alt=\"emelec\" \/><\/a><\/p>\n<p>Mi signo zodiacal coincide con las cosas q m sucede a diario o simplemente tengo las cualidades que me dice mi horoscopo, tenemos: <\/p>\n<p>   <a href=\"http:\/\/www.flickr.com\/photos\/39746083@N05\/3717260391\/\" title=\"tauro por MultiJerika, en Flickr\"><img loading=\"lazy\" decoding=\"async\" src=\"http:\/\/farm4.static.flickr.com\/3519\/3717260391_d8c2bcbf6d.jpg\" width=\"500\" height=\"375\" alt=\"tauro\" \/><\/a>             <\/p>\n<p>:::::: TAURO:::::::<\/p>\n<p>Del 21 de abril al 20 de mayo<br \/>\nAtributos: Fijo<br \/>\nElemento: Tierra<br \/>\nPalabra clave: Yo tengo<br \/>\nPlaneta Regente: Venus y Ceres<br \/>\nColor: Verde<br \/>\nPiedras: Esmeralda y jade<br \/>\nMetal: Cobre<br \/>\nPartes del Cuerpo: La garganta y el cuello<br \/>\nFlores: Lirio<br \/>\nPlantas: Malvavisco y verbena<br \/>\nAnimales: Toro, bufalo, bisonte.  <\/p>\n<p>SIMBOLIZA: La fuerza de voluntad, la permanencia, la firmeza, la perseverancia, la estabilidad, la concreci\u00f3n, la resistencia, la fuerza, la sensualidad, la buena mesa, la forma, la m\u00fasica, el talento vocal, los sentimientos duraderos, la naturaleza, la agricultura, la banca.<\/p>\n<p>TAURO (+): Son tranquilos, pacientes, constantes, pr\u00e1cticos, cuidadosos con el dinero ajeno y con el propio, son trabajadores y responsables, ahorrativos, poseen aptitudes culinarias y un paladar exquisito, les gusta el confort, la sensualidad, rinden culto al pasado. Persistente, decidido y fiable. A un tauro le encanta sentirse seguro. Tiene buen coraz\u00f3n y es muy cari\u00f1oso.<\/p>\n<p>TAURO (-): Avaros, tercos, col\u00e9ricos, excesivamente tradicionales, lentos, de acci\u00f3n retardada, gusto por el dinero f\u00e1cil, rencorosos, celosos, posesivos, restrictivos, materialistas. Un Tauro puede tender a ser inflexible y resentido. A veces los Tauro pecan de ser codiciosos y de permit\u00edrselo todo.<\/p>\n<p>LE GUSTA A UN TAURO: La estabilidad, las cosas naturales, el placer y la comodidad. Los tauro disfrutan con tiempo para reflexionar y les encanta sentirse atra\u00eddo hac\u00eda alguien.<\/p>\n<p> NO LE GUSTA: Las interrupciones ni las prisas. Tampoco les gustan a los tauro las cosas sint\u00e9ticas o falsas. No les gusta sentirse presionados y no soportan estar demasiado tiempo en casa.<\/p>\n<p>Esto es todo acerca de como soy .... !!!!! <\/p>\n","protected":false},"excerpt":{"rendered":"<p>Soy una chica alegre, amable, sincera y responsable....Aunq a veces soy un poco picadita y m fastidia la injusticia....M considero paciente pero cuando ya se pasan de la raya m vuelvo otra Jerika jeje bueno eso es lo q dice mi signo \"Tauro\" ... M divierte tener amigos\/as ya que los mejores momentos se pasa [&hellip;]<\/p>\n","protected":false},"author":2871,"featured_media":0,"parent":0,"menu_order":0,"comment_status":"open","ping_status":"open","template":"","meta":{"footnotes":""},"class_list":["post-1","page","type-page","status-publish","hentry"],"_links":{"self":[{"href":"https:\/\/blog.espol.edu.ec\/jedamayo\/wp-json\/wp\/v2\/pages\/1","targetHints":{"allow":["GET"]}}],"collection":[{"href":"https:\/\/blog.espol.edu.ec\/jedamayo\/wp-json\/wp\/v2\/pages"}],"about":[{"href":"https:\/\/blog.espol.edu.ec\/jedamayo\/wp-json\/wp\/v2\/types\/page"}],"author":[{"embeddable":true,"href":"https:\/\/blog.espol.edu.ec\/jedamayo\/wp-json\/wp\/v2\/users\/2871"}],"replies":[{"embeddable":true,"href":"https:\/\/blog.espol.edu.ec\/jedamayo\/wp-json\/wp\/v2\/comments?post=1"}],"version-history":[{"count":8,"href":"https:\/\/blog.espol.edu.ec\/jedamayo\/wp-json\/wp\/v2\/pages\/1\/revisions"}],"predecessor-version":[{"id":47,"href":"https:\/\/blog.espol.edu.ec\/jedamayo\/wp-json\/wp\/v2\/pages\/1\/revisions\/47"}],"wp:attachment":[{"href":"https:\/\/blog.espol.edu.ec\/jedamayo\/wp-json\/wp\/v2\/media?parent=1"}],"curies":[{"name":"wp","href":"https:\/\/api.w.org\/{rel}","templated":true}]}}