{"id":28,"date":"2009-07-12T15:22:05","date_gmt":"2009-07-12T19:22:05","guid":{"rendered":"http:\/\/blog.espol.edu.ec\/jedamayo\/?page_id=28"},"modified":"2009-07-13T00:10:53","modified_gmt":"2009-07-13T04:10:53","slug":"significados-de-los-suenos","status":"publish","type":"page","link":"https:\/\/blog.espol.edu.ec\/jedamayo\/about-me\/significados-de-los-suenos\/","title":{"rendered":":::: Significados de los Sue\u00f1os ::::"},"content":{"rendered":"<p><a href=\"http:\/\/www.flickr.com\/photos\/39746083@N05\/3714963207\/\" title=\"so\u00f1ar por MultiJerika, en Flickr\"><img loading=\"lazy\" decoding=\"async\" src=\"http:\/\/farm4.static.flickr.com\/3148\/3714963207_ce2fb72ebc.jpg\" width=\"500\" height=\"356\" alt=\"so\u00f1ar\" \/><\/a><\/p>\n<p>BESO: Si sue\u00f1as que te dan un beso puede significar insatisfacci\u00f3n en las relaciones sexuales. En cambio si eres t\u00fa quien besa es porque necesitas arreglar alg\u00fan problema pendiente sino no te sientes bien contigo mismo hasta que no lo arregles.<br \/>\nABRAZO: So\u00f1ar que est\u00e1 abrazando a su pareja puede significar que pronto habr\u00e1 malos entendidos, broncas y desacuerdos derivados de una posible infidelidad. Si sue\u00f1a que abraza a un desconocido, quiere decir que pronto tendr\u00e1 un invitado no apetecido. So\u00f1ar que abraza a familiares puede significar que \u00e9stos sufran una enfermedad o tristeza.<br \/>\nACARICIAR: Felicidad, satisfacci\u00f3n,bien estar... Si sue\u00f1as que estas acariciando a un animal, alguien de tu familia o amigos se encontrara en problemas y te pedira ayuda.<br \/>\nAMOR: So\u00f1ar con el amor y que est\u00e1 enamorado puede reflejar un estado de amor en su relaci\u00f3n actual. Tambi\u00e9n representa su felicidad y su satisfacci\u00f3n con la vida. Por lo contrario, so\u00f1ar con el amor puede significar que le falta el cari\u00f1o en la vida real. So\u00f1ar con una pareja de enamorados significa que pronto tendr\u00e1 mucho \u00e9xito.<br \/>\nLLORAR: So\u00f1ar que llora representa una forma de sacar emociones negativas causadas por algo en su vida real. Si llora en su sue\u00f1o, supone una forma de recuperar su equilibrio emocional y sacar sus temores y pena. Durante el d\u00eda, muchas personas reprimen sus sentimientos negativos y esta sue\u00f1o resulta una v\u00eda de escape. So\u00f1ar que est\u00e1 llorando y nadie le escucha, representa las dificultades que tiene en su vida diaria para comunicarse con los dem\u00e1s.<br \/>\nCELOS: So\u00f1ar que tiene celos de alguien probablemente se refleja unos celos que siente en la vida real hac\u00eda dicha persona. Por otra parte, un sue\u00f1o en el que siente envidia o celos puede simbolizar su sentido de vulnerabilidad y falta de auto estima. Debe intentar reconocer su val\u00eda y tener m\u00e1s seguridad en si mismo.<br \/>\nCARTAS: Si so\u00f1amos con cartas de amor guardadas con sigilo, indica la necesidad de revelar un secreto que nos atormenta y nos mantiene inquietos. Si buscamos una carta refleja que el futuro ser\u00e1 mejor que el presente, si la tinta de la letra brilla anuncia problemas en el seno del hogar. Si so\u00f1amos que escondemos una carta, no debemos fiarnos de las personas que nos rodean. Cuando las cartas que recibimos son comerciales nos advierte que debemos reducir los gastos y ahorrar.<br \/>\nPASTEL: Vienen \u00e9pocas de riquezas, placeres familiares, alegr\u00edas, felicidad compartida, proyectos y diversiones.<br \/>\nLEON: Un sue\u00f1o sobre leones se asocia con la nobleza, la fuerza y el orgullo. Su \u00e9xito depende de su capacidad de sobrellevar la oposici\u00f3n. Encontrar\u00e1 un amistad valioso.<\/p>\n","protected":false},"excerpt":{"rendered":"<p>BESO: Si sue\u00f1as que te dan un beso puede significar insatisfacci\u00f3n en las relaciones sexuales. En cambio si eres t\u00fa quien besa es porque necesitas arreglar alg\u00fan problema pendiente sino no te sientes bien contigo mismo hasta que no lo arregles. ABRAZO: So\u00f1ar que est\u00e1 abrazando a su pareja puede significar que pronto habr\u00e1 malos [&hellip;]<\/p>\n","protected":false},"author":2871,"featured_media":0,"parent":1,"menu_order":0,"comment_status":"open","ping_status":"open","template":"","meta":{"footnotes":""},"class_list":["post-28","page","type-page","status-publish","hentry"],"_links":{"self":[{"href":"https:\/\/blog.espol.edu.ec\/jedamayo\/wp-json\/wp\/v2\/pages\/28","targetHints":{"allow":["GET"]}}],"collection":[{"href":"https:\/\/blog.espol.edu.ec\/jedamayo\/wp-json\/wp\/v2\/pages"}],"about":[{"href":"https:\/\/blog.espol.edu.ec\/jedamayo\/wp-json\/wp\/v2\/types\/page"}],"author":[{"embeddable":true,"href":"https:\/\/blog.espol.edu.ec\/jedamayo\/wp-json\/wp\/v2\/users\/2871"}],"replies":[{"embeddable":true,"href":"https:\/\/blog.espol.edu.ec\/jedamayo\/wp-json\/wp\/v2\/comments?post=28"}],"version-history":[{"count":6,"href":"https:\/\/blog.espol.edu.ec\/jedamayo\/wp-json\/wp\/v2\/pages\/28\/revisions"}],"predecessor-version":[{"id":43,"href":"https:\/\/blog.espol.edu.ec\/jedamayo\/wp-json\/wp\/v2\/pages\/28\/revisions\/43"}],"up":[{"embeddable":true,"href":"https:\/\/blog.espol.edu.ec\/jedamayo\/wp-json\/wp\/v2\/pages\/1"}],"wp:attachment":[{"href":"https:\/\/blog.espol.edu.ec\/jedamayo\/wp-json\/wp\/v2\/media?parent=28"}],"curies":[{"name":"wp","href":"https:\/\/api.w.org\/{rel}","templated":true}]}}