{"id":4,"date":"2010-09-12T01:57:31","date_gmt":"2010-09-12T01:57:31","guid":{"rendered":"http:\/\/blog.espol.edu.ec\/jedeguan\/?page_id=4"},"modified":"2010-09-12T23:03:37","modified_gmt":"2010-09-12T23:03:37","slug":"4","status":"publish","type":"page","link":"https:\/\/blog.espol.edu.ec\/jedeguan\/4\/","title":{"rendered":""},"content":{"rendered":"<p>\u00a0\u00a0\u00a0\u00a0\u00a0\u00a0 <strong><em>Ecuador<\/em><\/strong>: \"Ecuador, pa\u00eds encantado con maravillas naturales y lugares que le han sido otorgado, es un pa\u00eds peque\u00f1o pero grande en cuanto a calidez humana y sitios de atracciones, con gente luchadora y amable que ha creado la identidad de nuestra gente y que ha perdurado en nuestra cultura. Sitios y lugares tan espectaculares que las palabras parecen quedar cortas... nuestra sierra, costa, Amazonia y nuestra encantadoras islas Gal\u00e1pagos que muchos ya han de conocer por su diversidad de flora y fauna, pero no solamente aqu\u00ed sino sino en tambi\u00e9n en diversas partes de mi pa\u00eds, y creo que para ser un pa\u00eds peque\u00f1o tenemos mucho en cuanto a recursos naturales y gente amable que d\u00eda a d\u00eda se esmera para engrandecer nuestro pa\u00eds. Por eso lo considero \u00fanico por su gente y por toda su tierra que es como una caja de sorpresas esperando ser descubierta\" por Nuria, 19 a\u00f1os, 3\u00ba semestre de estudios universitarios.\u00a0<\/p>\n<p>\u00a0\u00a0\u00a0\u00a0\u00a0\u00a0 <strong><em>Ecuador<\/em><\/strong>: \"Huele a ca\u00f1a dulce, a naranja y a manzana. Sabe a piel morena, a negra y a piel blanca. Se escucha la risa del mar, la furia de los volcanes y el correr del agua. Tiene playas, tiene selvas, tiene bosques y monta\u00f1as. Viven h\u00e9roes, campesinos, so\u00f1adores y cantantes de rondador y de guitarra. Del agua dulce y agua salada viven aves, viven flores, viven peces y su gente tan diversa, tan alegre, tan amable y tan c\u00e1lida. Por ser Ecuador la mitad del mundo, del mundo tiene lo mejor\" por Teresa Elizabeth, 19 a\u00f1os, III Ciclo de estudios universitarios.<\/p>\n<p>\u00a0\u00a0\u00a0\u00a0\u00a0\u00a0 <strong><em>Ecuador<\/em><\/strong>: \"Pa\u00eds de amigos, pa\u00eds de flores. Ecuador es una tierra bendecida para el mundo; en ella se juntan como hermanos la arena y los grandes nevados, la selva y las islas; en sus tierras se respira el pasado de un tiempo m\u00edstico, el futuro de personas que se unir\u00e1n para hacer de Ecuador un mejor pa\u00eds. Ecuador es virgen, cielo, mar y tierra de vida. Amarlo es el destino\" por Marcelo, 25 a\u00f1os, 8\u00ba semestre de Ingenier\u00eda Industrial y de Sistemas.<\/p>\n<p>\u00a0\u00a0\u00a0\u00a0\u00a0\u00a0 <strong><em>Ecuador<\/em><\/strong>: \"Hay un viejo adagio que dice: 'Nadie sabe lo que tiene hasta que lo pierde'. A\u00f1adir\u00eda 'Hasta que se aleja'. Pienso que cuando se resid\u00eda all\u00e1 no era necesario decirlo sino 'vivirlo' y sinceramente me gustar\u00eda escuchar el nombre de Ecuador por lo m\u00e1s alto y a diario. Ya que s\u00f3lo pensar en su gente, sus hermosos paisajes, su cultura y su m\u00fasica me llena para seguir luchando en otro pa\u00eds para poder devolver lo mucho que me ha dado ese gran pa\u00eds y colaborar con ese hermoso continente latinoamericano; alg\u00fan d\u00eda nos daremos cuenta de lo que tenemos y de lo que podemos hacer y Latinoam\u00e9rica resurgir\u00e1 con toda su hermandad. Buena suerte, Ecuador. Luchen por un futuro mejor; todos se lo merecen\", por Andr\u00e9s, 20 a\u00f1os, 1\u00ba a\u00f1o de Telecomunicaciones.<\/p>\n<p>\u00a0\u00a0\u00a0\u00a0\u00a0\u00a0 <strong><em>Ecuador<\/em><\/strong>: \"\u00bfEcuador ser\u00e1 especial por sus encantos naturales? Con las ex\u00f3ticas Islas Gal\u00e1pagos con inimaginables y \u00fanicas criaturas, con los gigantes en los Andes bordando un paisaje inigualable, con su inexplorada y rica jungla del Amazonas. O por su variedad de gente que, con calidez y humildad, trabajan por un mejor Ecuador. O tal vez por ambas, el balance y el respeto que tenemos por la naturaleza conserva al Ecuador para las siguientes generaciones. Somos Ecuador, somos vida\" por David, 19 a\u00f1os.<\/p>\n<p>\u00a0\u00a0\u00a0\u00a0\u00a0\u00a0 <strong><em>Ecuador<\/em><\/strong>: \"Lo que hace que mi pa\u00eds sea tan especial son sus calles donde hay muchas historias, leyendas, mitos, etc. Sus hombres ecuatorianos que dieron sus vidas para independizar ciudades. Las mejores arqueolog\u00edas encontradas en el Ecuador hechas por personas primitivas, las ruinas, los mejores escultores, diferentes lugares para divertirse y hay muchos turistas que vienen a apreciar el Ecuador. Adem\u00e1s el Ecuador es un pa\u00eds de artesanos muy h\u00e1biles y hombres muy trabajadores y honestos y mujeres trabajadoras\" por Elvia Ximena, 14 a\u00f1os, 10\u00aa curso.<\/p>\n<p>\u00a0\u00a0\u00a0\u00a0\u00a0\u00a0 <strong><em>Ecuador<\/em><\/strong>: \"\u00a1Qu\u00e9 linda es mi tierra llamada Ecuador!. Pa\u00eds de guerreros, pa\u00eds de volcanes, de costa, sierra, oriente y Gal\u00e1pagos, pa\u00eds de Amazon\u00eda y encanto terrenal, un pa\u00eds bendecido por Dios que toca el coraz\u00f3n de cada ecuatoriano porque el Ecuador es grande en amor, porque el ecuatoriano es humilde y sencillo y siempre le da la mano al que lo necesita, porque no hay nada m\u00e1s grande y m\u00e1s lindo que SER ECUATORIANO\" por Alberto.\u00a0\u00a0<\/p>\n<p>\u00a0\u00a0\u00a0\u00a0\u00a0\u00a0 <strong><em>Ecuador<\/em><\/strong>: \"Ecuador es especial por su gente, por su paisaje, por su ubicaci\u00f3n, por tantas cosas que lo hacen \u00fanico. Ecuador es especial por sus gobiernos y sus decisiones cargadas de esperanza, pero que desbordan avaricia y enga\u00f1o; mi pa\u00eds es lindo tal y como es con sus altos y sus bajos, sus volcanes y sus playas, su crisis y su carisma. Por eso es Ecuador, por eso es \u00fanico\" por Vanessa, 17 a\u00f1os, 1\u00ba semestre universitario.\u00a0<\/p>\n<p>\u00a0\u00a0\u00a0\u00a0\u00a0\u00a0 <strong><em>Ecuador<\/em><\/strong>: \"\u00bfQu\u00e9 hace que mi pa\u00eds sea tan especial?: Pues, en un territorio tan peque\u00f1o, una vasta riqueza natural y cultural se juntan en una amalgama inexplicable que yo s\u00f3lo podr\u00eda definirla como ECUADOR\" por Mat\u00edas, 23 a\u00f1os, 8 ciclo, Universidad.<\/p>\n<p><strong>Azuay<\/strong><\/p>\n<p>Es una <a title=\"Provincia\" href=\"http:\/\/es.wikipedia.org\/wiki\/Provincia\">provincia<\/a> en el sur del <a title=\"Ecuador\" href=\"http:\/\/es.wikipedia.org\/wiki\/Ecuador\">Ecuador<\/a>, en la cordillera de los <a title=\"Cordillera de los Andes\" href=\"http:\/\/es.wikipedia.org\/wiki\/Cordillera_de_los_Andes\">Andes<\/a>. Al norte limita con la provincia de <a title=\"Ca\u00f1ar\" href=\"http:\/\/es.wikipedia.org\/wiki\/Ca%C3%B1ar\">Ca\u00f1ar<\/a>, al sur con las provincias de <a title=\"El Oro (Ecuador)\" href=\"http:\/\/es.wikipedia.org\/wiki\/El_Oro_(Ecuador)\">El Oro<\/a> y <a title=\"Loja\" href=\"http:\/\/es.wikipedia.org\/wiki\/Loja\">Loja<\/a>, al este con las provincias de <a title=\"Morona Santiago\" href=\"http:\/\/es.wikipedia.org\/wiki\/Morona_Santiago\">Morona Santiago<\/a> y <a title=\"Zamora Chinchipe\" href=\"http:\/\/es.wikipedia.org\/wiki\/Zamora_Chinchipe\">Zamora Chinchipe<\/a>, y al oeste con las provincia de <a title=\"Provincia del Guayas\" href=\"http:\/\/es.wikipedia.org\/wiki\/Provincia_del_Guayas\">Guayas<\/a>.<\/p>\n<p>La provincia es el resultado de la divisi\u00f3n del <a title=\"Departamento de Azuay\" href=\"http:\/\/es.wikipedia.org\/wiki\/Departamento_de_Azuay\">Departamento de Azuay<\/a>.<\/p>\n<p>Su <a title=\"Capital\" href=\"http:\/\/es.wikipedia.org\/wiki\/Capital\">capital<\/a> es la ciudad de Cuenca. Con m\u00e1s de 500000 habitantes En esta provincia se encuentra la <a title=\"Represa de Paute\" href=\"http:\/\/es.wikipedia.org\/wiki\/Represa_de_Paute\">represa Daniel Palacios<\/a>, en el <a title=\"R\u00edo Paute (a\u00fan no redactado)\" href=\"http:\/\/es.wikipedia.org\/w\/index.php?title=R%C3%ADo_Paute&amp;action=edit&amp;redlink=1\">r\u00edo Paute<\/a>, que a dem\u00e1s de los proyectos Mazar y Sopladora, la convierten en la principal abastecedora de <a title=\"Electricidad\" href=\"http:\/\/es.wikipedia.org\/wiki\/Electricidad\">electricidad<\/a> al pa\u00eds. Su punto m\u00e1s alto es el <a title=\"Nudo del Cajas (a\u00fan no redactado)\" href=\"http:\/\/es.wikipedia.org\/w\/index.php?title=Nudo_del_Cajas&amp;action=edit&amp;redlink=1\">Nudo del Cajas<\/a>, a 4500 metros de altura, convertido en un <a title=\"Parque Nacional Cajas\" href=\"http:\/\/es.wikipedia.org\/wiki\/Parque_Nacional_Cajas\">parque nacional<\/a>.<\/p>\n<p><strong>Bol\u00edvar<\/strong><\/p>\n<p>Es una <a title=\"Provincia\" href=\"http:\/\/es.wikipedia.org\/wiki\/Provincia\">provincia<\/a> del centro de <a title=\"Ecuador\" href=\"http:\/\/es.wikipedia.org\/wiki\/Ecuador\">Ecuador<\/a>, en la cordillera occidental de los <a title=\"Cordillera de los Andes\" href=\"http:\/\/es.wikipedia.org\/wiki\/Cordillera_de_los_Andes\">Andes<\/a>. Su capital es la ciudad de <a title=\"Guaranda\" href=\"http:\/\/es.wikipedia.org\/wiki\/Guaranda\">Guaranda<\/a>. La Provincia de Bol\u00edvar se llama as\u00ed en honor al Libertador <a title=\"Sim\u00f3n Bol\u00edvar\" href=\"http:\/\/es.wikipedia.org\/wiki\/Sim%C3%B3n_Bol%C3%ADvar\">Sim\u00f3n Bol\u00edvar<\/a>.<\/p>\n<p>Bol\u00edvar tiene una extensi\u00f3n de 3.254 <a title=\"Km\u00b2\" href=\"http:\/\/es.wikipedia.org\/wiki\/Km%C2%B2\">km\u00b2<\/a>, lo que lo convierte en una de las provincias m\u00e1s peque\u00f1as del Ecuador. No tiene elevaciones importantes, a excepci\u00f3n del <a title=\"Volc\u00e1n Chimborazo\" href=\"http:\/\/es.wikipedia.org\/wiki\/Volc%C3%A1n_Chimborazo\">Volc\u00e1n Chimborazo<\/a> que se encuentra parcialmente en esta provincia.<\/p>\n<p>Contiene sectores de bellos paisajes andinos que junto al Santuario de la Virgen del Guayco convierten a la provincia en un lugar muy atractivo para el turismo.<\/p>\n<p><strong>Ca\u00f1ar<\/strong><\/p>\n<p>Provincia de <a title=\"Ecuador\" href=\"http:\/\/es.wikipedia.org\/wiki\/Ecuador\">Ecuador<\/a> cuya capital es la ciudad de <a title=\"Azogues\" href=\"http:\/\/es.wikipedia.org\/wiki\/Azogues\">Azogues<\/a>. Tiene una extensi\u00f3n de 3.910 km\u00b2 y una poblaci\u00f3n de 200.000 habitantes. Es una de las provincias m\u00e1s antiguas del Ecuador, creada en 1825 bajo el gobierno de Ignacio de Veintimilla.<\/p>\n<p>La provincia destaca como uno de los sitios tur\u00edsticos m\u00e1s importantes del pa\u00eds, destac\u00e1ndose entre otros la Fortaleza de Ingapirca, la Laguna de Culebrillas y la ciudad de Azogues.<\/p>\n<p><strong>L\u00edmites Provinciales:<\/strong> Norte: Chimborazo. Sur: Azuay. Este: Azuay y Morona Santiago. Oeste: Guayas.<\/p>\n<p><strong>Clima:<\/strong> Sus pisos clim\u00e1ticos est\u00e1n establecidos de la misma forma que en el resto de provincias serranas, es decir, clima de P\u00e1ramo en las altas mesetas; mesot\u00e9rmico h\u00famedo y semih\u00famedo al interior de la provincia y tropical monz\u00f3n en las partes bajas de las estribaciones occidentales.<\/p>\n<p><strong>Hidrograf\u00eda:<\/strong> El relieve es monta\u00f1oso y ocupa en su mayor parte la hoya del Ca\u00f1ar, que se encuentra encerrada por los macizos del nudo del Azuay y de curiquingue-Buer\u00e1n, sin llegar a limitar con la cordillera oriental debido a la presencia de las monta\u00f1as de Cancay, Buer\u00e1n y los cerros de Melobog. Algunas elevaciones de la regi\u00f3n son: Coronado (4.518 m.), Cerro Molobog rande (3.838 m.).<\/p>\n<p>Su sistema hidrogr\u00e1fico est\u00e1 estructurado por una serie de r\u00edos que como el Molobog, Chicales, Tigsa y Mazar, irrigando extensas zonas, lo que facilita la producci\u00f3n agropecuaria.<\/p>\n<p><strong>Carchi<\/strong><\/p>\n<p><strong>E<\/strong>s una provincia <a title=\"Ecuador\" href=\"http:\/\/es.wikipedia.org\/wiki\/Ecuador\">ecuatoriana<\/a>. Al norte, los r\u00edos Carchi y San Juan le sirven de frontera con Colombia, al sur limita con la provincia de <a title=\"Imbabura\" href=\"http:\/\/es.wikipedia.org\/wiki\/Imbabura\">Imbabura<\/a>, al este con la provincia de Sucumb\u00edos, y a occidente con la de <a title=\"Esmeraldas\" href=\"http:\/\/es.wikipedia.org\/wiki\/Esmeraldas\">Esmeraldas<\/a>.<\/p>\n<p>El relieve se muestra en forma de altas tierras o altiplanos y una gran depresi\u00f3n con dos hoyas, que forman un amplio valle en el sureste de la provincia y que se continua por tierras colombianas. La mayor altura de la provincia se encuentra en el Volc\u00e1n de Chiles (4.747 m).<\/p>\n<p>Las tierras del altiplano est\u00e1n cortadas por los cursos fluviales: R\u00edo San Juan (norte) y R\u00edo Mira (sur); por el este, el gran macizo que culmina en el cerro Pelado (4.149 m), se levanta sobre la hoya del r\u00edo Chota. Las hoyas del r\u00edo Chota en el sur, con sus afluentes r\u00edo del Angel y Apaqui y del r\u00edo Bobo en el norte, se cierran por el este con una cordillera cuyo punto culminante es el cerro Mirador (4.086 m). Esta depresi\u00f3n aparece como la principal zona de asentamiento urbano y canalizaci\u00f3n de las comunicaciones. All\u00ed se asienta su capital, Tulc\u00e1n, y otras localidades menores como San Gabriel, El Angel o Ciudad Col\u00f3n, y por ella discurre la carretera Panamericana.<\/p>\n<p>En conjunto es una provincia que vive de la <a title=\"Agricultura\" href=\"http:\/\/es.wikipedia.org\/wiki\/Agricultura\">agricultura<\/a> y la <a title=\"Ganader\u00eda\" href=\"http:\/\/es.wikipedia.org\/wiki\/Ganader%C3%ADa\">ganader\u00eda<\/a>; la agricultura se limita a estas tierras altas: ma\u00edz, avena, cebada, trigo. En las zonas m\u00e1s bajas, c\u00e1lidas y abrigadas, se cultiva caf\u00e9, ca\u00f1a de az\u00facar y una gran variedad frut\u00edcola. La agricultura se acompa\u00f1a con una ganader\u00eda vacuna y lanar. Sobre estas bases hay algunas industrias agroalimentarias y textiles. Carchi es una rica zona arqueol\u00f3gica, en la que son muy peculiares unos tipos de yacimientos funerarios bajo el suelo de las caba\u00f1as. Ornamentos de oro y de cobre. Superficie, 3.605 km\u00b2; poblaci\u00f3n (1997), 160.983 habitantes. Dentro de esta provincia se elaboran artesan\u00edas de madera, para ser m\u00e1s espec\u00edficos dentro del cant\u00f3n San Gabriel. Dentro de las zonas ganaderas los cantones de San Gabriel y El Angel se destacan. Un lugar que es muy visitado tur\u00edsticamente es el cementerio de Tulc\u00e1n ya que detalla figuras dise\u00f1adas en cipr\u00e9s lo que tambi\u00e9n se puede observar en el cementerio de \"pobres\" en Ibarra.<\/p>\n","protected":false},"excerpt":{"rendered":"<p>\u00a0\u00a0\u00a0\u00a0\u00a0\u00a0 Ecuador: \"Ecuador, pa\u00eds encantado con maravillas naturales y lugares que le han sido otorgado, es un pa\u00eds peque\u00f1o pero grande en cuanto a calidez humana y sitios de atracciones, con gente luchadora y amable que ha creado la identidad de nuestra gente y que ha perdurado en nuestra cultura. Sitios y lugares tan espectaculares [&hellip;]<\/p>\n","protected":false},"author":5134,"featured_media":0,"parent":0,"menu_order":0,"comment_status":"open","ping_status":"open","template":"","meta":{"footnotes":""},"class_list":["post-4","page","type-page","status-publish","hentry"],"_links":{"self":[{"href":"https:\/\/blog.espol.edu.ec\/jedeguan\/wp-json\/wp\/v2\/pages\/4","targetHints":{"allow":["GET"]}}],"collection":[{"href":"https:\/\/blog.espol.edu.ec\/jedeguan\/wp-json\/wp\/v2\/pages"}],"about":[{"href":"https:\/\/blog.espol.edu.ec\/jedeguan\/wp-json\/wp\/v2\/types\/page"}],"author":[{"embeddable":true,"href":"https:\/\/blog.espol.edu.ec\/jedeguan\/wp-json\/wp\/v2\/users\/5134"}],"replies":[{"embeddable":true,"href":"https:\/\/blog.espol.edu.ec\/jedeguan\/wp-json\/wp\/v2\/comments?post=4"}],"version-history":[{"count":8,"href":"https:\/\/blog.espol.edu.ec\/jedeguan\/wp-json\/wp\/v2\/pages\/4\/revisions"}],"predecessor-version":[{"id":8,"href":"https:\/\/blog.espol.edu.ec\/jedeguan\/wp-json\/wp\/v2\/pages\/4\/revisions\/8"}],"wp:attachment":[{"href":"https:\/\/blog.espol.edu.ec\/jedeguan\/wp-json\/wp\/v2\/media?parent=4"}],"curies":[{"name":"wp","href":"https:\/\/api.w.org\/{rel}","templated":true}]}}