{"id":2,"date":"2011-06-08T16:59:29","date_gmt":"2011-06-08T21:59:29","guid":{"rendered":""},"modified":"2011-06-20T12:42:33","modified_gmt":"2011-06-20T17:42:33","slug":"new","status":"publish","type":"page","link":"https:\/\/blog.espol.edu.ec\/jegerima\/new\/","title":{"rendered":"Jegerima"},"content":{"rendered":"<p><a href=\"http:\/\/blog.espol.edu.ec\/jegerima\/files\/2011\/06\/imgmia.jpg\"><\/a><\/p>\n<p><a href=\"http:\/\/blog.espol.edu.ec\/jegerima\/files\/2011\/06\/imgmia.jpg\"> <\/a><\/p>\n<p><a href=\"http:\/\/blog.espol.edu.ec\/jegerima\/files\/2011\/06\/imgmia.jpg\"><img loading=\"lazy\" decoding=\"async\" class=\"aligncenter size-medium wp-image-51\" title=\"imgmia\" src=\"http:\/\/blog.espol.edu.ec\/jegerima\/files\/2011\/06\/imgmia-274x300.jpg\" alt=\"Jefferson\" width=\"274\" height=\"300\" srcset=\"https:\/\/blog.espol.edu.ec\/jegerima\/files\/2011\/06\/imgmia-274x300.jpg 274w, https:\/\/blog.espol.edu.ec\/jegerima\/files\/2011\/06\/imgmia.jpg 468w\" sizes=\"auto, (max-width: 274px) 100vw, 274px\" \/><\/a><\/p>\n<p>Mi nombre es Jefferson Rivera, estudio en la ESPOL, sigo Ing. en Sistemas Tecnol\u00f3gicos (I semestre), tengo 17 a\u00f1os y el fin del blog es informar a los usuarios sobre las nuevas tendencias en tecnolog\u00edas... XD<\/p>\n","protected":false},"excerpt":{"rendered":"<p>Mi nombre es Jefferson Rivera, estudio en la ESPOL, sigo Ing. en Sistemas Tecnol\u00f3gicos (I semestre), tengo 17 a\u00f1os y el fin del blog es informar a los usuarios sobre las nuevas tendencias en tecnolog\u00edas... XD<\/p>\n","protected":false},"author":6203,"featured_media":0,"parent":0,"menu_order":0,"comment_status":"open","ping_status":"open","template":"","meta":{"_monsterinsights_skip_tracking":false,"_monsterinsights_sitenote_active":false,"_monsterinsights_sitenote_note":"","_monsterinsights_sitenote_category":0,"footnotes":""},"class_list":["post-2","page","type-page","status-publish","hentry"],"aioseo_notices":[],"_links":{"self":[{"href":"https:\/\/blog.espol.edu.ec\/jegerima\/wp-json\/wp\/v2\/pages\/2","targetHints":{"allow":["GET"]}}],"collection":[{"href":"https:\/\/blog.espol.edu.ec\/jegerima\/wp-json\/wp\/v2\/pages"}],"about":[{"href":"https:\/\/blog.espol.edu.ec\/jegerima\/wp-json\/wp\/v2\/types\/page"}],"author":[{"embeddable":true,"href":"https:\/\/blog.espol.edu.ec\/jegerima\/wp-json\/wp\/v2\/users\/6203"}],"replies":[{"embeddable":true,"href":"https:\/\/blog.espol.edu.ec\/jegerima\/wp-json\/wp\/v2\/comments?post=2"}],"version-history":[{"count":5,"href":"https:\/\/blog.espol.edu.ec\/jegerima\/wp-json\/wp\/v2\/pages\/2\/revisions"}],"predecessor-version":[{"id":53,"href":"https:\/\/blog.espol.edu.ec\/jegerima\/wp-json\/wp\/v2\/pages\/2\/revisions\/53"}],"wp:attachment":[{"href":"https:\/\/blog.espol.edu.ec\/jegerima\/wp-json\/wp\/v2\/media?parent=2"}],"curies":[{"name":"wp","href":"https:\/\/api.w.org\/{rel}","templated":true}]}}