{"id":2,"date":"2010-05-25T19:07:29","date_gmt":"2010-05-25T19:07:29","guid":{"rendered":""},"modified":"2010-08-09T02:22:37","modified_gmt":"2010-08-09T02:22:37","slug":"about","status":"publish","type":"page","link":"https:\/\/blog.espol.edu.ec\/jekaf91\/about\/","title":{"rendered":"Me..!!!"},"content":{"rendered":"<p style=\"text-align: left\">Nombre: Jenniffer Katherine Falquez Garc\u00eda..<\/p>\n<p>Fecha D Nacimiento: 11\/Octubre\/1991<\/p>\n<p><a href=\"http:\/\/blog.espol.edu.ec\/jekaf91\/files\/2010\/05\/yochikita.jpg\"><img loading=\"lazy\" decoding=\"async\" class=\"aligncenter size-thumbnail wp-image-53\" title=\"yochikita\" src=\"http:\/\/blog.espol.edu.ec\/jekaf91\/files\/2010\/05\/yochikita-150x150.jpg\" alt=\"\" width=\"150\" height=\"150\" \/><\/a><\/p>\n<p style=\"text-align: center\"><a id=\"myphotolink\" href=\"http:\/\/www.facebook.com\/photo.php?pid=1178670&amp;id=1159181201\"><\/a><\/p>\n<p>Bi0: Nacida en guayaquil.. ecuatoriana de coraz\u00f3n.. como dicen por ah\u00ed.. no eleg\u00ed nacir en este pa\u00eds.. solo tuve suerte..!! \ud83d\ude00 ; de papa guayaquile\u00f1o y mam\u00e1 manabita soy la mezcla de mis lugares favoritos.. guayaquil con sus avances y mi manabi del campo.. no creo que nada supere la tranquilidad que se siente al verse rodeada de algo tan simple como arboles y tierra.. Al vivir mi infancia en el campo... me considero mitad citadina pero m\u00e1s campestre.. creo que al final de todo terminar\u00e9 mi vida all\u00e1.. \ud83d\ude00<\/p>\n<p>Estudios:<br \/>\n*Preescolar: Gaspar\u00edn (en mi graduaci\u00f3n cante la de los deditos.. je je)<br \/>\n*Escuela y Colegio: Baltasara Calder\u00f3n de Rocafuerte (amo a esa instituci\u00f3n.. am\u00e9 hasta a los profesores.. je je)<br \/>\n*Copei: casi termino todo.. je je.. hasta el 10<\/p>\n<p>COSAS FAVORITAS..!!!<br \/>\nSeries:\u00a0 Grey's Anatomy, Desperate Housewives, Friends<br \/>\nAmante de Harry Potter: Libros por encima d las pelis..<br \/>\nColor: Rojo..!!!<br \/>\nCantante: Ricardo Arjona..!!<br \/>\nDeporte: Basket..!!<br \/>\nActividad: Leer.. !!! amo leer... !!!<\/p>\n<p>SUE\u00d1OS...:<br \/>\n* Uff.. much\u00edsimos.. toncs mejor no los digo hasta k se cumplan.. \ud83d\ude00<\/p>\n<p>Creo k ahora si es todo.. bueno casi.. pero si parece ser mi informaci\u00f3n m\u00e1s importante... \ud83d\ude00<\/p>\n","protected":false},"excerpt":{"rendered":"<p>Nombre: Jenniffer Katherine Falquez Garc\u00eda.. Fecha D Nacimiento: 11\/Octubre\/1991 Bi0: Nacida en guayaquil.. ecuatoriana de coraz\u00f3n.. como dicen por ah\u00ed.. no eleg\u00ed nacir en este pa\u00eds.. solo tuve suerte..!! \ud83d\ude00 ; de papa guayaquile\u00f1o y mam\u00e1 manabita soy la mezcla de mis lugares favoritos.. guayaquil con sus avances y mi manabi del campo.. no creo [&hellip;]<\/p>\n","protected":false},"author":3968,"featured_media":0,"parent":0,"menu_order":0,"comment_status":"open","ping_status":"open","template":"","meta":{"footnotes":""},"class_list":["post-2","page","type-page","status-publish","hentry"],"_links":{"self":[{"href":"https:\/\/blog.espol.edu.ec\/jekaf91\/wp-json\/wp\/v2\/pages\/2","targetHints":{"allow":["GET"]}}],"collection":[{"href":"https:\/\/blog.espol.edu.ec\/jekaf91\/wp-json\/wp\/v2\/pages"}],"about":[{"href":"https:\/\/blog.espol.edu.ec\/jekaf91\/wp-json\/wp\/v2\/types\/page"}],"author":[{"embeddable":true,"href":"https:\/\/blog.espol.edu.ec\/jekaf91\/wp-json\/wp\/v2\/users\/3968"}],"replies":[{"embeddable":true,"href":"https:\/\/blog.espol.edu.ec\/jekaf91\/wp-json\/wp\/v2\/comments?post=2"}],"version-history":[{"count":10,"href":"https:\/\/blog.espol.edu.ec\/jekaf91\/wp-json\/wp\/v2\/pages\/2\/revisions"}],"predecessor-version":[{"id":12,"href":"https:\/\/blog.espol.edu.ec\/jekaf91\/wp-json\/wp\/v2\/pages\/2\/revisions\/12"}],"wp:attachment":[{"href":"https:\/\/blog.espol.edu.ec\/jekaf91\/wp-json\/wp\/v2\/media?parent=2"}],"curies":[{"name":"wp","href":"https:\/\/api.w.org\/{rel}","templated":true}]}}