{"id":103,"date":"2008-11-23T19:39:54","date_gmt":"2008-11-23T23:39:54","guid":{"rendered":"http:\/\/blog.espol.edu.ec\/jelecoro\/?page_id=103"},"modified":"2008-11-24T23:53:10","modified_gmt":"2008-11-25T03:53:10","slug":"benchmarking-procesos-de-ventas-mejorado","status":"publish","type":"page","link":"https:\/\/blog.espol.edu.ec\/jelecoro\/benchmarking-procesos-de-ventas-mejorado\/","title":{"rendered":"BENCHMARKING - PROCESOS DE VENTAS MEJORADO"},"content":{"rendered":"<div><em><\/em><\/p>\n<h1 style=\"margin: auto 0cm\">\n<h2 style=\"margin: 0cm 0cm 0pt;text-align: left\"><a name=\"_Toc215126790\"><em><span style=\"font-size: 13pt;color: #000080;font-family: &quot;Times New Roman&amp;quot\">PROCESO DE PRE-VENTA<\/span><\/em><\/a><em><\/em><\/h2>\n<p class=\"MsoNormal\" style=\"margin: 0cm 0cm 0pt;text-align: justify\"><em><span style=\"font-size: 13pt;color: #003366\"><span style=\"font-family: Times New Roman\">\u00a0<\/span><\/span><\/em><\/p>\n<p class=\"MsoNormal\" style=\"margin: 0cm 0cm 0pt;text-align: justify\"><em><span style=\"font-size: 13pt;color: #003366\"><span style=\"font-family: Times New Roman\">En el PROCESO DE PRE-VENTA se realizan estudios para determinar las necesidades del cliente como principal objetivo y en base a eso realizar una propuesta y oferta de producto y\/o servicio<span>\u00a0 <\/span>procurando controles de la materia prima (Software o productos) o la mercader\u00eda para la venta previo contrato con el intermediario de la empresa que requiere el producto <span>\u00a0<\/span>el cual exige est\u00e1ndares de calidad para la compra de los mismos.<\/span><\/span><\/em><\/p>\n<p class=\"MsoNormal\" style=\"margin: 0cm 0cm 0pt;text-align: justify\"><em><span style=\"font-size: 13pt;color: #003366\"><span style=\"font-family: Times New Roman\">\u00a0<\/span><\/span><\/em><\/p>\n<p class=\"MsoNormal\" style=\"margin: 0cm 0cm 0pt;text-align: justify\"><em><span style=\"font-size: 13pt;color: #003366\"><span style=\"font-family: Times New Roman\">Se establece un procedimiento detallado a continuaci\u00f3n:<\/span><\/span><\/em><\/p>\n<p class=\"MsoNormal\" style=\"margin: 0cm 0cm 0pt;text-align: justify\"><em><span style=\"font-size: 13pt;color: #003366\"><span style=\"font-family: Times New Roman\">\u00a0<\/span><\/span><\/em><\/p>\n<p class=\"MsoNormal\" style=\"margin: 0cm 0cm 0pt 36pt;text-align: justify\"><span style=\"font-family: Times New Roman\"><em><span style=\"font-size: 13pt;color: #003366\"><span>1.<span style=\"font-family: &quot;Times New Roman&amp;quot\">\u00a0\u00a0\u00a0\u00a0\u00a0 <\/span><\/span><\/span><\/em><em><span style=\"font-size: 13pt;color: #003366\">La Gerencia<\/span><\/em><em><span style=\"font-size: 13pt;color: #003366\"> de Finanzas establece las pol\u00edticas para la programaci\u00f3n del<span>\u00a0 <\/span>presupuesto de la empresa.<\/span><\/em><\/span><\/p>\n<p class=\"MsoNormal\" style=\"margin: 0cm 0cm 0pt 36pt;text-align: justify\"><em><span style=\"font-size: 13pt;color: #003366\"><span style=\"font-family: Times New Roman\">\u00a0<\/span><\/span><\/em><\/p>\n<p class=\"MsoNormal\" style=\"margin: 0cm 0cm 0pt 36pt;text-align: justify\"><span style=\"font-family: Times New Roman\"><em><span style=\"font-size: 13pt;color: #003366\"><span>2.<span style=\"font-family: &quot;Times New Roman&amp;quot\">\u00a0\u00a0\u00a0\u00a0\u00a0 <\/span><\/span><\/span><\/em><em><span style=\"font-size: 13pt;color: #003366\">La Gerencia<\/span><\/em><em><span style=\"font-size: 13pt;color: #003366\"> de Finanzas pasa este presupuesto a la Gerencia de Ventas y junto con los asistentes de ventas elaboran el presupuesto anual de ventas<\/span><\/em><\/span><\/p>\n<p class=\"MsoNormal\" style=\"margin: 0cm 0cm 0pt;text-align: justify\"><em><span style=\"font-size: 13pt;color: #003366\"><span style=\"font-family: Times New Roman\">\u00a0<\/span><\/span><\/em><\/p>\n<p class=\"MsoNormal\" style=\"margin: 0cm 0cm 0pt 36pt;text-align: justify\"><span style=\"font-family: Times New Roman\"><em><span style=\"font-size: 13pt;color: #003366\"><span>3.<span style=\"font-family: &quot;Times New Roman&amp;quot\">\u00a0\u00a0\u00a0\u00a0\u00a0 <\/span><\/span><\/span><\/em><em><span style=\"font-size: 13pt;color: #003366\">Se presenta este presupuesto a la Gerencia Departamental para su aprobaci\u00f3n.<\/span><\/em><\/span><\/p>\n<p class=\"MsoNormal\" style=\"margin: 0cm 0cm 0pt;text-align: justify\"><em><span style=\"font-size: 13pt;color: #003366\"><span style=\"font-family: Times New Roman\">\u00a0<\/span><\/span><\/em><\/p>\n<p class=\"MsoNormal\" style=\"margin: 0cm 0cm 0pt 36pt;text-align: justify\"><span style=\"font-family: Times New Roman\"><em><span style=\"font-size: 13pt;color: #003366\"><span>4.<span style=\"font-family: &quot;Times New Roman&amp;quot\">\u00a0\u00a0\u00a0\u00a0\u00a0 <\/span><\/span><\/span><\/em><em><span style=\"font-size: 13pt;color: #003366\">Luego esto es comunicado por Mercadeo mediante \u201ccorreo directo\u201d al resto del personal.<\/span><\/em><\/span><\/p>\n<p class=\"MsoNormal\" style=\"margin: 0cm 0cm 0pt;text-align: justify\"><em><span style=\"font-size: 13pt;color: #003366\"><span style=\"font-family: Times New Roman\">\u00a0<\/span><\/span><\/em><\/p>\n<p class=\"MsoNormal\" style=\"margin: 0cm 0cm 0pt 18pt;text-align: justify\"><em><span style=\"font-size: 13pt;color: #003366\"><span style=\"font-family: Times New Roman\">\u00a0<\/span><\/span><\/em><\/p>\n<h2 style=\"margin: 0cm 0cm 0pt;text-align: left\"><a name=\"_Toc215126791\"><em><span style=\"font-size: 13pt;color: #000080;font-family: &quot;Times New Roman&amp;quot\">RELACI\u00d3N DEL PROCESO PRE-VENTA CON <\/span><\/em><\/a><span><em><span style=\"font-size: 13pt;color: #000080;font-family: &quot;Times New Roman&amp;quot\">LA NORMA ISO<\/span><\/em><\/span><em><\/em><\/h2>\n<p class=\"MsoNormal\" style=\"margin: 0cm 0cm 0pt;text-align: justify\"><em><span style=\"text-decoration: underline\"><span style=\"font-size: 13pt;color: #003366\"><span style=\"text-decoration: none\"><span style=\"font-family: Times New Roman\">\u00a0<\/span><\/span><\/span><\/span><\/em><\/p>\n<p class=\"MsoNormal\" style=\"margin: 0cm 0cm 0pt;text-align: justify\"><em><span style=\"font-size: 13pt;color: #003366\"><span style=\"font-family: Times New Roman\">En este proceso se hace una planificaci\u00f3n de c\u00f3mo se va a manejar el tema del presupuesto para todos los movimientos de la empresa incluyendo las ventas que se realicen, involucrando a la Directiva de la empresa y a su personal de ventas y al \u00e1rea financiera la cual es muy importante para la toma de decisiones, cumpliendo as\u00ed de manera eficaz con el Punto 5 ,<span>\u00a0 <\/span>4.2.4 y con el 7 de la Norma ISO<\/span><\/span><\/em><\/p>\n<p class=\"MsoNormal\" style=\"margin: 0cm 0cm 0pt;text-align: justify\"><em><span style=\"font-size: 13pt;color: #003366\"><span style=\"font-family: Times New Roman\">\u00a0<\/span><\/span><\/em><\/p>\n<h2 style=\"margin: 0cm 0cm 0pt;text-align: left\"><a name=\"_Toc215126792\"><em><span style=\"font-size: 13pt;color: #000080;font-family: &quot;Times New Roman&amp;quot\">PROCESO DE VENTAS<\/span><\/em><\/a><em><span style=\"font-size: 13pt;color: #000080;font-family: &quot;Times New Roman&amp;quot\"> <\/span><\/em><\/h2>\n<p class=\"MsoNormal\" style=\"margin: 0cm 0cm 0pt;text-align: justify\"><em><span style=\"font-size: 13pt;color: #003366\"><span style=\"font-family: Times New Roman\">\u00a0<\/span><\/span><\/em><\/p>\n<p class=\"MsoNormal\" style=\"margin: 0cm 0cm 0pt;text-align: justify\"><em><span style=\"font-size: 13pt;color: #003366\"><span style=\"font-family: Times New Roman\">Para iniciar el proceso de ventas previa planeaci\u00f3n del presupuesto de ventas de la empresa, se recepta el pedido de los clientes ya sea por Internet, v\u00eda telef\u00f3nica la empresa realiza un an\u00e1lisis previo de sus necesidades y se la presenta al cliente, el cliente acepta, ya aceptada la propuesta que se le realizan las negociaciones respectivas.<\/span><\/span><\/em><\/p>\n<p class=\"MsoNormal\" style=\"margin: 0cm 0cm 0pt;text-align: justify\"><em><span style=\"font-size: 13pt;color: #003366\"><span style=\"font-family: Times New Roman\"><span>\u00a0<\/span><\/span><\/span><\/em><\/p>\n<p class=\"MsoNormal\" style=\"margin: 0cm 0cm 0pt 36pt;text-align: justify\"><span style=\"font-family: Times New Roman\"><em><span style=\"font-size: 13pt;color: #003366\"><span>1.<span style=\"font-family: &quot;Times New Roman&amp;quot\">\u00a0\u00a0\u00a0\u00a0\u00a0 <\/span><\/span><\/span><\/em><em><span style=\"font-size: 13pt;color: #003366\">Seg\u00fan las pol\u00edticas de la empresa previo a la firma del contrato analizan al cliente viendo su rentabilidad, para poder asignarles una forma de pago<\/span><\/em><\/span><\/p>\n<p class=\"MsoNormal\" style=\"margin: 0cm 0cm 0pt 36pt;text-align: justify\"><span style=\"font-family: Times New Roman\"><em><span style=\"font-size: 13pt;color: #003366\"><span>2.<span style=\"font-family: &quot;Times New Roman&amp;quot\">\u00a0\u00a0\u00a0\u00a0\u00a0 <\/span><\/span><\/span><\/em><em><span style=\"font-size: 13pt;color: #003366\">Seg\u00fan las pol\u00edticas de la empresa en caso de aceptaci\u00f3n se firma el contrato.<\/span><\/em><\/span><\/p>\n<p class=\"MsoNormal\" style=\"margin: 0cm 0cm 0pt 36pt;text-align: justify\"><span style=\"font-family: Times New Roman\"><em><span style=\"font-size: 13pt;color: #003366\"><span>3.<span style=\"font-family: &quot;Times New Roman&amp;quot\">\u00a0\u00a0\u00a0\u00a0\u00a0 <\/span><\/span><\/span><\/em><em><span style=\"font-size: 13pt;color: #003366\">En caso de negaci\u00f3n se realiza un reajuste en la propuesta que se realizo al cliente.<\/span><\/em><\/span><\/p>\n<p class=\"MsoNormal\" style=\"margin: 0cm 0cm 0pt 36pt;text-align: justify\"><span style=\"font-family: Times New Roman\"><em><span style=\"font-size: 13pt;color: #003366\"><span>4.<span style=\"font-family: &quot;Times New Roman&amp;quot\">\u00a0\u00a0\u00a0\u00a0\u00a0 <\/span><\/span><\/span><\/em><em><span style=\"font-size: 13pt;color: #003366\">El cliente y el negociador de la empresa verifica los plazos, la forma de entrega del producto y los valores adicionales si existieran.<\/span><\/em><\/span><\/p>\n<p class=\"MsoNormal\" style=\"margin: 0cm 0cm 0pt 36pt;text-align: justify\"><span style=\"font-family: Times New Roman\"><em><span style=\"font-size: 13pt;color: #003366\"><span>5.<span style=\"font-family: &quot;Times New Roman&amp;quot\">\u00a0\u00a0\u00a0\u00a0\u00a0 <\/span><\/span><\/span><\/em><em><span style=\"font-size: 13pt;color: #003366\">Una vez firmado el contrato se emite la factura<\/span><\/em><\/span><\/p>\n<p class=\"MsoNormal\" style=\"margin: 0cm 0cm 0pt;text-align: justify\"><em><span style=\"font-size: 13pt;color: #003366\"><span style=\"font-family: Times New Roman\">\u00a0<\/span><\/span><\/em><\/p>\n<h2 style=\"margin: 0cm 0cm 0pt;text-align: left\"><a name=\"_Toc215126793\"><em><span style=\"font-size: 13pt;color: #000080;font-family: &quot;Times New Roman&amp;quot\">RELACI\u00d3N DEL PROCESO VENTA CON <\/span><\/em><\/a><span><em><span style=\"font-size: 13pt;color: #000080;font-family: &quot;Times New Roman&amp;quot\">LA NORMA ISO<\/span><\/em><\/span><em><\/em><\/h2>\n<p class=\"MsoNormal\" style=\"margin: 0cm 0cm 0pt;text-align: justify\"><em><span style=\"font-size: 13pt;color: #003366\"><span style=\"font-family: Times New Roman\">\u00a0<\/span><\/span><\/em><\/p>\n<p class=\"MsoNormal\" style=\"margin: 0cm 0cm 0pt;text-align: justify\"><em><span style=\"font-size: 13pt;color: #003366\"><span style=\"font-family: Times New Roman\">En el proceso de la venta comienza la interacci\u00f3n entre la empresa el cliente. Durante este proceso se realizan las entregas e los productos y el cobro de los valores monetarios que incurren dentro de la negociaci\u00f3n.<\/span><\/span><\/em><\/p>\n<p class=\"MsoNormal\" style=\"margin: 0cm 0cm 0pt;text-align: justify\"><em><span style=\"font-size: 13pt;color: #003366\"><span style=\"font-family: Times New Roman\">\u00a0<\/span><\/span><\/em><\/p>\n<p class=\"MsoNormal\" style=\"margin: 0cm 0cm 0pt;text-align: justify\"><em><span style=\"font-size: 13pt;color: #003366\"><span style=\"font-family: Times New Roman\">Todos los movimientos generados en este proceso son debidamente documentados. Se realiza el levantamiento de requerimientos estableciendo lo que se entregar\u00e1 al cliente. Con estas operaciones se cumple con el punto 7 y 4.2.4 de la Norma.<\/span><\/span><\/em><\/p>\n<p class=\"MsoNormal\" style=\"margin: 0cm 0cm 0pt;text-align: justify\"><em><span style=\"font-size: 13pt;color: #003366\"><span style=\"font-family: Times New Roman\">\u00a0<\/span><\/span><\/em><\/p>\n<h2 style=\"margin: 0cm 0cm 0pt;text-align: left\"><a name=\"_Toc215126794\"><em><span style=\"font-size: 13pt;color: #000080;font-family: &quot;Times New Roman&amp;quot\">PROCESO POST-VENTA<\/span><\/em><\/a><em><\/em><\/h2>\n<p class=\"MsoNormal\" style=\"margin: 0cm 0cm 0pt;text-align: justify\"><em><span style=\"font-size: 13pt;color: #003366\"><span style=\"font-family: Times New Roman\">\u00a0<\/span><\/span><\/em><\/p>\n<p class=\"MsoNormal\" style=\"margin: 0cm 0cm 0pt;text-align: justify\"><em><span style=\"font-size: 13pt;color: #003366\"><span style=\"font-family: Times New Roman\">Al iniciar el PROCESO DE POST-VENTA se mantiene una comunicaci\u00f3n continua con el cliente para conocer si el producto cubre todas las necesidades del cliente. Para esto se llevan las siguientes acciones.<\/span><\/span><\/em><\/p>\n<p class=\"MsoNormal\" style=\"margin: 0cm 0cm 0pt;text-align: justify\"><em><span style=\"font-size: 13pt;color: #003366\"><span style=\"font-family: Times New Roman\">\u00a0<\/span><\/span><\/em><\/p>\n<p class=\"MsoNormal\" style=\"margin: 0cm 0cm 0pt 36pt;text-align: justify\"><span style=\"font-family: Times New Roman\"><em><span style=\"font-size: 13pt;color: #003366\"><span>1.<span style=\"font-family: &quot;Times New Roman&amp;quot\">\u00a0\u00a0\u00a0\u00a0\u00a0 <\/span><\/span><\/span><\/em><em><span style=\"font-size: 13pt;color: #003366\">Control de funcionalidad del servicio o producto entregado.<\/span><\/em><\/span><\/p>\n<p class=\"MsoNormal\" style=\"margin: 0cm 0cm 0pt 18pt;text-align: justify\"><em><span style=\"font-size: 13pt;color: #003366\"><span style=\"font-family: Times New Roman\">\u00a0<\/span><\/span><\/em><\/p>\n<p class=\"MsoNormal\" style=\"margin: 0cm 0cm 0pt 36pt;text-align: justify\"><span style=\"font-family: Times New Roman\"><em><span style=\"font-size: 13pt;color: #003366\"><span>2.<span style=\"font-family: &quot;Times New Roman&amp;quot\">\u00a0\u00a0\u00a0\u00a0\u00a0 <\/span><\/span><\/span><\/em><em><span style=\"font-size: 13pt;color: #003366\">Registro de satisfacci\u00f3n de los usuarios.<\/span><\/em><\/span><\/p>\n<p class=\"MsoNormal\" style=\"margin: 0cm 0cm 0pt;text-align: justify\"><em><span style=\"font-size: 13pt;color: #003366\"><span style=\"font-family: Times New Roman\">\u00a0<\/span><\/span><\/em><\/p>\n<p class=\"MsoNormal\" style=\"margin: 0cm 0cm 0pt 36pt;text-align: justify\"><span style=\"font-family: Times New Roman\"><em><span style=\"font-size: 13pt;color: #003366\"><span>3.<span style=\"font-family: &quot;Times New Roman&amp;quot\">\u00a0\u00a0\u00a0\u00a0\u00a0 <\/span><\/span><\/span><\/em><em><span style=\"font-size: 13pt;color: #003366\">Levantamiento de nuevos requerimientos en caso de que existan.<\/span><\/em><\/span><\/p>\n<p class=\"MsoNormal\" style=\"margin: 0cm 0cm 0pt 36pt;text-align: justify\"><em><span style=\"font-size: 13pt;color: #003366\"><span style=\"font-family: Times New Roman\">\u00a0<\/span><\/span><\/em><\/p>\n<p class=\"MsoNormal\" style=\"margin: 0cm 0cm 0pt 36pt;text-align: justify\"><span style=\"font-family: Times New Roman\"><em><span style=\"font-size: 13pt;color: #003366\"><span>4.<span style=\"font-family: &quot;Times New Roman&amp;quot\">\u00a0\u00a0\u00a0\u00a0\u00a0 <\/span><\/span><\/span><\/em><em><span style=\"font-size: 13pt;color: #003366\">Verificaci\u00f3n y correcci\u00f3n inmediata de posibles errores.<\/span><\/em><\/span><\/p>\n<p class=\"MsoNormal\" style=\"margin: 0cm 0cm 0pt;text-align: justify\"><em><span style=\"font-size: 13pt;color: #003366\"><span style=\"font-family: Times New Roman\">\u00a0<\/span><\/span><\/em><\/p>\n<p class=\"MsoNormal\" style=\"margin: 0cm 0cm 0pt 36pt;text-align: justify\"><span style=\"font-family: Times New Roman\"><em><span style=\"font-size: 13pt;color: #003366\"><span>5.<span style=\"font-family: &quot;Times New Roman&amp;quot\">\u00a0\u00a0\u00a0\u00a0\u00a0 <\/span><\/span><\/span><\/em><em><span style=\"font-size: 13pt;color: #003366\">Seguimiento de utilizaci\u00f3n del producto.<\/span><\/em><\/span><\/p>\n<p class=\"MsoNormal\" style=\"margin: 0cm 0cm 0pt;text-align: justify\"><em><span style=\"font-size: 13pt;color: #003366\"><span style=\"font-family: Times New Roman\">\u00a0<\/span><\/span><\/em><\/p>\n<p class=\"MsoNormal\" style=\"margin: 0cm 0cm 0pt 36pt;text-align: justify\"><span style=\"font-family: Times New Roman\"><em><span style=\"font-size: 13pt;color: #003366\"><span>6.<span style=\"font-family: &quot;Times New Roman&amp;quot\">\u00a0\u00a0\u00a0\u00a0\u00a0 <\/span><\/span><\/span><\/em><em><span style=\"font-size: 13pt;color: #003366\">Asesor\u00edas peri\u00f3dicas para dar un valor agregado al servicio o producto entregado.<\/span><\/em><\/span><\/p>\n<p class=\"MsoNormal\" style=\"margin: 0cm 0cm 0pt;text-align: justify\"><em><span style=\"font-size: 13pt;color: #003366\"><span style=\"font-family: Times New Roman\">\u00a0<\/span><\/span><\/em><\/p>\n<h2 style=\"margin: 0cm 0cm 0pt;text-align: left\"><a name=\"_Toc215126795\"><em><span style=\"font-size: 13pt;color: #000080;font-family: &quot;Times New Roman&amp;quot\">RELACI\u00d3N DEL PROCESO POST-VENTA CON <\/span><\/em><\/a><span><em><span style=\"font-size: 13pt;color: #000080;font-family: &quot;Times New Roman&amp;quot\">LA NORMA ISO<\/span><\/em><\/span><em><\/em><\/h2>\n<p class=\"MsoNormal\" style=\"margin: 0cm 0cm 0pt;text-align: justify\"><em><span style=\"font-size: 13pt;color: #003366\"><span style=\"font-family: Times New Roman\">\u00a0<\/span><\/span><\/em><\/p>\n<p class=\"MsoNormal\" style=\"margin: 0cm 0cm 0pt;text-align: justify\"><em><span style=\"font-size: 13pt;color: #003366\"><span style=\"font-family: Times New Roman\">En este proceso se realiza el seguimiento de los servicios o productos entregados al cliente, es importante llevar un registro total de los posibles requerimientos que pueden producir luego del uso del servicio o producto entregado Para llevar este control en la post-venta se cumple con el punto 7, 4.2.4 y 8 de la Norma. <\/span><\/span><\/em><\/p>\n<p>\u00a0<\/p>\n<h2 style=\"margin: 0cm 0cm 0pt;text-align: left\"><a name=\"_Toc215126796\"><em><span style=\"font-size: 13pt;color: #003366;font-family: &quot;Times New Roman&amp;quot\">DIAGRAMA MEJORADO<\/span><\/em><\/a><em><\/em><\/h2>\n<p>\u00a0<\/p>\n<p style=\"text-align: center\"><a href=\"http:\/\/blog.espol.edu.ec\/jelecoro\/files\/2008\/11\/pica-1.gif\"><img loading=\"lazy\" decoding=\"async\" class=\"alignnone size-medium wp-image-72\" src=\"http:\/\/blog.espol.edu.ec\/jelecoro\/files\/2008\/11\/pica-1-300x202.gif\" alt=\"\" width=\"300\" height=\"202\" \/><\/a><\/p>\n<p style=\"text-align: center\"><a href=\"http:\/\/blog.espol.edu.ec\/jelecoro\/files\/2008\/11\/pica-2.gif\"><img loading=\"lazy\" decoding=\"async\" class=\"alignnone size-medium wp-image-73\" src=\"http:\/\/blog.espol.edu.ec\/jelecoro\/files\/2008\/11\/pica-2-300x173.gif\" alt=\"\" width=\"300\" height=\"173\" \/><\/a><\/p>\n<p style=\"text-align: center\"><a href=\"http:\/\/blog.espol.edu.ec\/jelecoro\/files\/2008\/11\/pica-3.gif\"><img loading=\"lazy\" decoding=\"async\" class=\"alignnone size-medium wp-image-74\" src=\"http:\/\/blog.espol.edu.ec\/jelecoro\/files\/2008\/11\/pica-3-300x240.gif\" alt=\"\" width=\"300\" height=\"240\" \/><\/a><\/p>\n<h2 style=\"margin: 0cm 0cm 0pt;text-align: justify\"><a name=\"_Toc215126797\"><em><span style=\"font-size: 13pt;color: #003366;font-family: &quot;Times New Roman&amp;quot\">CONCLUSIONES:<\/span><\/em><\/a><em><\/em><\/h2>\n<p class=\"MsoNormal\" style=\"margin: 0cm 0cm 0pt;text-align: justify\"><em><span style=\"font-size: 13pt;color: #003366\"><span style=\"font-family: Times New Roman\">\u00a0<\/span><\/span><\/em><\/p>\n<p class=\"MsoNormal\" style=\"margin: 0cm 0cm 0pt;text-align: justify\"><em><span style=\"font-size: 13pt;color: #003366\"><span style=\"font-family: Times New Roman\">El proceso de ventas que hemos mejorado, consiste en mantener en todo momento una interacci\u00f3n continua con el cliente antes durante y despu\u00e9s de la entrega del servicio o producto. Para esto definimos tres procesos fundamentales que ayudar\u00e1n al cumplimiento del objetivo planteado. Los procesos definidos son<\/span><\/span><\/em><\/p>\n<p class=\"MsoNormal\" style=\"margin: 0cm 0cm 0pt 36pt;text-align: justify\"><span style=\"font-size: 13pt;color: #003366;font-family: Verdana\"><span>-<span style=\"font-family: &quot;Times New Roman&amp;quot\">\u00a0\u00a0\u00a0\u00a0\u00a0\u00a0\u00a0 <\/span><\/span><\/span><em><span style=\"font-size: 13pt;color: #003366\"><span style=\"font-family: Times New Roman\">Pre \u2013 Venta<\/span><\/span><\/em><\/p>\n<p class=\"MsoNormal\" style=\"margin: 0cm 0cm 0pt 36pt;text-align: justify\"><span style=\"font-size: 13pt;color: #003366;font-family: Verdana\"><span>-<span style=\"font-family: &quot;Times New Roman&amp;quot\">\u00a0\u00a0\u00a0\u00a0\u00a0\u00a0\u00a0 <\/span><\/span><\/span><em><span style=\"font-size: 13pt;color: #003366\"><span style=\"font-family: Times New Roman\">Venta<\/span><\/span><\/em><\/p>\n<p class=\"MsoNormal\" style=\"margin: 0cm 0cm 0pt 36pt;text-align: justify\"><span style=\"font-size: 13pt;color: #003366;font-family: Verdana\"><span>-<span style=\"font-family: &quot;Times New Roman&amp;quot\">\u00a0\u00a0\u00a0\u00a0\u00a0\u00a0\u00a0 <\/span><\/span><\/span><em><span style=\"font-size: 13pt;color: #003366\"><span style=\"font-family: Times New Roman\">Post \u2013 Ventas<\/span><\/span><\/em><\/p>\n<p class=\"MsoNormal\" style=\"margin: 0cm 0cm 0pt 18pt;text-align: justify\"><em><span style=\"font-size: 13pt;color: #003366\"><span style=\"font-family: Times New Roman\">\u00a0<\/span><\/span><\/em><\/p>\n<p class=\"MsoNormal\" style=\"margin: 0cm 0cm 0pt;text-align: justify\"><em><span style=\"font-size: 13pt;color: #003366\"><span style=\"font-family: Times New Roman\">En el proceso de Pre - Venta, consideramos que debe analizarse los <span>\u00a0<\/span>riesgos y posibilidades que existen dentro de una negociaci\u00f3n. Esto permite disminuir el riesgo al fracaso de la negociaci\u00f3n y que se alcance el objetivo de la venta.<\/span><\/span><\/em><\/p>\n<p class=\"MsoNormal\" style=\"margin: 0cm 0cm 0pt;text-align: justify\"><em><span style=\"font-size: 13pt;color: #003366\"><span style=\"font-family: Times New Roman\">\u00a0<\/span><\/span><\/em><\/p>\n<p class=\"MsoNormal\" style=\"margin: 0cm 0cm 0pt;text-align: justify\"><em><span style=\"font-size: 13pt;color: #003366\"><span style=\"font-family: Times New Roman\">En el proceso de venta, lo basamos en todo el an\u00e1lisis previamente realizado en el proceso anterior. Estableciendo una negociaci\u00f3n segura que satisfagan lo esperado por parte del cliente y de la empresa. De esta forma aseguramos que la entrega del servicio o producto definido por las necesidades del cliente, sea el producto contratado.<\/span><\/span><\/em><\/p>\n<p class=\"MsoNormal\" style=\"margin: 0cm 0cm 0pt;text-align: justify\"><em><span style=\"font-size: 13pt;color: #003366\"><span style=\"font-family: Times New Roman\">\u00a0<\/span><\/span><\/em><\/p>\n<p class=\"MsoNormal\" style=\"margin: 0cm 0cm 0pt;text-align: justify\"><em><span style=\"font-size: 13pt;color: #003366\"><span style=\"font-family: Times New Roman\">En el proceso de Post \u2013 Ventas, aseguramos la continua satisfacci\u00f3n del cliente, con el control y seguimiento que ayudan a prevenir<span>\u00a0 <\/span>o corregir posibles errores que puedan aparecer durante el uso del servicio o producto.<\/span><\/span><\/em><\/p>\n<p style=\"text-align: center\">\u00a0<\/p>\n<p>\u00a0<\/p>\n<p class=\"MsoNormal\" style=\"margin: 0cm 0cm 0pt;text-align: justify\">\u00a0<\/p>\n<\/h1>\n<\/div>\n<p><a name=\"_Toc215126789\"><em><span style=\"font-size: 13pt;color: #000080;font-family: &quot;Times New Roman&amp;quot\">PROCESO DE VENTAS UNIFICADO Y MEJORADO<\/span><\/em><\/a><em><\/em><\/p>\n","protected":false},"excerpt":{"rendered":"<p>PROCESO DE PRE-VENTA \u00a0 En el PROCESO DE PRE-VENTA se realizan estudios para determinar las necesidades del cliente como principal objetivo y en base a eso realizar una propuesta y oferta de producto y\/o servicio\u00a0 procurando controles de la materia prima (Software o productos) o la mercader\u00eda para la venta previo contrato con el intermediario [&hellip;]<\/p>\n","protected":false},"author":59,"featured_media":0,"parent":0,"menu_order":4,"comment_status":"open","ping_status":"open","template":"","meta":{"footnotes":""},"class_list":["post-103","page","type-page","status-publish","hentry"],"_links":{"self":[{"href":"https:\/\/blog.espol.edu.ec\/jelecoro\/wp-json\/wp\/v2\/pages\/103","targetHints":{"allow":["GET"]}}],"collection":[{"href":"https:\/\/blog.espol.edu.ec\/jelecoro\/wp-json\/wp\/v2\/pages"}],"about":[{"href":"https:\/\/blog.espol.edu.ec\/jelecoro\/wp-json\/wp\/v2\/types\/page"}],"author":[{"embeddable":true,"href":"https:\/\/blog.espol.edu.ec\/jelecoro\/wp-json\/wp\/v2\/users\/59"}],"replies":[{"embeddable":true,"href":"https:\/\/blog.espol.edu.ec\/jelecoro\/wp-json\/wp\/v2\/comments?post=103"}],"version-history":[{"count":11,"href":"https:\/\/blog.espol.edu.ec\/jelecoro\/wp-json\/wp\/v2\/pages\/103\/revisions"}],"predecessor-version":[{"id":114,"href":"https:\/\/blog.espol.edu.ec\/jelecoro\/wp-json\/wp\/v2\/pages\/103\/revisions\/114"}],"wp:attachment":[{"href":"https:\/\/blog.espol.edu.ec\/jelecoro\/wp-json\/wp\/v2\/media?parent=103"}],"curies":[{"name":"wp","href":"https:\/\/api.w.org\/{rel}","templated":true}]}}