{"id":138,"date":"2008-11-22T20:19:32","date_gmt":"2008-11-23T00:19:32","guid":{"rendered":"http:\/\/blog.espol.edu.ec\/jelecoro\/?page_id=138"},"modified":"2008-11-24T23:49:47","modified_gmt":"2008-11-25T03:49:47","slug":"empresa-pica","status":"publish","type":"page","link":"https:\/\/blog.espol.edu.ec\/jelecoro\/empresa-pica\/","title":{"rendered":"EMPRESA PICA"},"content":{"rendered":"<h1 style=\"margin: 12pt 0cm 3pt\"><a name=\"_Toc215126785\"><em><span style=\"font-size: 13pt;color: #000080;font-family: &quot;Times New Roman&amp;quot\">ANTECEDENTES PICA<\/span><\/em><\/a><\/h1>\n<h1 style=\"margin: 12pt 0cm 3pt;text-align: center\"><a href=\"http:\/\/blog.espol.edu.ec\/jelecoro\/files\/2008\/11\/logo-pica.gif\"><img loading=\"lazy\" decoding=\"async\" class=\"alignnone size-medium wp-image-58\" src=\"http:\/\/blog.espol.edu.ec\/jelecoro\/files\/2008\/11\/logo-pica.gif\" alt=\"\" width=\"169\" height=\"162\" \/><\/a><\/h1>\n<h1 style=\"margin: 12pt 0cm 3pt\"><em><span style=\"font-size: 13pt;color: #000080;font-family: &quot;Times New Roman&amp;quot\"><\/p>\n<p class=\"MsoNormal\" style=\"margin: 0cm 0cm 0pt;text-align: justify\"><em><span style=\"font-size: 13pt;color: #003366\">Era el inicio de los a\u00f1os 50 y PYCCA (almacenes) se consolidaba como una de las empresas pioneras en la impor\u00adtaci\u00f3n de productos para el hogar. Las necesidades se centraron en varios art\u00edculos de uso dom\u00e9stico, teniendo en com\u00fan las siguientes con\u00addicionantes: ser pr\u00e1cticos, resistentes y econ\u00f3micos. <\/span><\/em><\/p>\n<p class=\"MsoNormal\" style=\"margin: 0cm 0cm 0pt;text-align: justify\"><em><span style=\"font-size: 13pt;color: #003366\">\u00a0<\/span><\/em><\/p>\n<p class=\"MsoNormal\" style=\"margin: 0cm 0cm 0pt;text-align: justify\"><em><span style=\"font-size: 13pt;color: #003366\">Con estos favorables antecedentes nace en el mes de Octubre de 1961, Pl\u00e1sticos Industriales C.A. (PICA), cons\u00adtituy\u00e9ndose en una empresa de enorme adelanto t\u00e9cnico y econ\u00f3mico para el pa\u00eds. <\/span><\/em><\/p>\n<p class=\"MsoNormal\" style=\"margin: 0cm 0cm 0pt;text-align: justify\"><em><span style=\"font-size: 13pt;color: #003366\">\u00a0<\/span><\/em><\/p>\n<p class=\"MsoNormal\" style=\"margin: 0cm 0cm 0pt;text-align: justify\"><em><span style=\"font-size: 13pt;color: #003366\">Pica es una empresa s\u00f3lida, innovadora y productiva. Siendo la m\u00e1s fuerte de su categor\u00eda en el pa\u00eds. Con gran proyecci\u00f3n se prepara para ser muy pronto la mejor de Latinoam\u00e9rica.<\/span><\/em><\/p>\n<p class=\"MsoNormal\" style=\"margin: 0cm 0cm 0pt;text-align: justify\"><em><span style=\"font-size: 13pt;color: #003366\">\u00a0<\/span><\/em><\/p>\n<p class=\"MsoNormal\" style=\"margin: 0cm 0cm 0pt;text-align: justify\"><em><span style=\"font-size: 13pt;color: #003366\">Produciendo calidad, Pica satisface ampliamente su mercado, elaborando bajo prolijas normas de excelencia, art\u00edculos que cubren todo gusto y necesidad.<\/span><\/em><\/p>\n<p class=\"MsoNormal\" style=\"margin: 0cm 0cm 0pt;text-align: justify\"><em><span style=\"font-size: 13pt;color: #003366\">\u00a0<\/span><\/em><\/p>\n<p class=\"MsoNormal\" style=\"margin: 0cm 0cm 0pt;text-align: justify\"><em><span style=\"font-size: 13pt;color: #003366\">El compromiso de Pica y su verdadera satisfacci\u00f3n, no es s\u00f3lo fabricar productos. Su trabajo incluye la calidad en todos los pasos de comercializaci\u00f3n hasta que llega al consumidor final.<\/span><\/em><\/p>\n<p class=\"MsoNormal\" style=\"margin: 0cm 0cm 0pt\"><em><span style=\"font-size: 13pt;color: #003366\">\u00a0<\/span><\/em><\/p>\n<h2 style=\"margin: 0cm 0cm 0pt;text-align: justify\"><a name=\"_Toc215126786\"><em><span style=\"font-size: 13pt;color: #000080;font-family: &quot;Times New Roman&amp;quot\">DETALLE DEL MANUAL DE CALIDAD<\/span><\/em><\/a><em><\/em><\/h2>\n<p class=\"MsoNormal\" style=\"margin: 0cm 0cm 0pt\"><em><span style=\"font-size: 13pt;color: #003366\">\u00a0<\/span><\/em><\/p>\n<p class=\"MsoNormal\" style=\"margin: 0cm 0cm 0pt;text-align: justify\"><em><span style=\"font-size: 13pt;color: #003366\">Pica cuenta con un equipo que trabaja en la venta y desarrollo de sus productos, conformada por el Dpto. de Ventas, Dpto. de Mercadeo, Dpto. de Servicio al Cliente y sus bodegas en Quito y Guayaquil.<\/span><\/em><\/p>\n<p class=\"MsoNormal\" style=\"margin: 0cm 0cm 0pt;text-align: justify\"><em><span style=\"font-size: 13pt;color: #003366\">\u00a0<\/span><\/em><\/p>\n<p class=\"MsoNormal\" style=\"margin: 0cm 0cm 0pt;text-align: justify\"><em><span style=\"font-size: 13pt;color: #003366\">Todo este grupo se encarga de distribuir los productos a tiempo y en \u00f3ptimas condiciones para ello requieren de la disponibilidad oportuna de recursos para la producci\u00f3n, y la planificaci\u00f3n sistematizada y organizada del presupuesto de ventas y dicha planificaci\u00f3n de debe evaluarse continuamente, y exigiendo un personal con alta capacidad y su perfeccionamiento constante.<\/span><\/em><\/p>\n<p class=\"MsoNormal\" style=\"margin: 0cm 0cm 0pt\"><em><span style=\"font-size: 13pt;color: #003366\">\u00a0<\/span><\/em><\/p>\n<p class=\"MsoNormal\" style=\"margin: 0cm 0cm 0pt\"><em><span style=\"font-size: 13pt;color: #003366\">El procedimiento de ventas abarca la comercializaci\u00f3n de varias l\u00edneas de productos como calzado, gavetas, muebles, art\u00edculos para el hogar hasta juguetes.<\/span><\/em><\/p>\n<p class=\"MsoNormal\" style=\"margin: 0cm 0cm 0pt\">\u00a0<\/p>\n<h1 style=\"margin: 12pt 0cm 3pt;text-align: center\"><em><span style=\"font-size: 13pt;color: #000080;font-family: &quot;Times New Roman&amp;quot\"><a href=\"http:\/\/blog.espol.edu.ec\/jelecoro\/files\/2008\/11\/pica-normas.gif\"><img loading=\"lazy\" decoding=\"async\" class=\"alignnone size-medium wp-image-62\" src=\"http:\/\/blog.espol.edu.ec\/jelecoro\/files\/2008\/11\/pica-normas-300x232.gif\" alt=\"\" width=\"300\" height=\"232\" \/><\/a><\/span><\/em><\/h1>\n<p style=\"margin: 12pt 0cm 3pt;text-align: center\">\u00a0<\/p>\n<h1 style=\"margin: 12pt 0cm 3pt\"><a name=\"_Toc215126785\"><em><span style=\"font-size: 13pt;color: #000080;font-family: &quot;Times New Roman&amp;quot\">ACTIVIDADES DE PICA<\/span><\/em><\/a><em><\/em><\/h1>\n<h1 style=\"margin: 12pt 0cm 3pt;text-align: center\"><em><span style=\"font-size: 13pt;color: #000080;font-family: &quot;Times New Roman&amp;quot\"><a href=\"http:\/\/blog.espol.edu.ec\/jelecoro\/files\/2008\/11\/pica-act1.gif\"><img loading=\"lazy\" decoding=\"async\" class=\"alignnone size-medium wp-image-59\" src=\"http:\/\/blog.espol.edu.ec\/jelecoro\/files\/2008\/11\/pica-act1-219x300.gif\" alt=\"\" width=\"256\" height=\"304\" \/><\/a><\/span><\/em><\/h1>\n<h1 style=\"margin: 12pt 0cm 3pt;text-align: center\"><em><span style=\"font-size: 13pt;color: #000080;font-family: &quot;Times New Roman&amp;quot\"><a href=\"http:\/\/blog.espol.edu.ec\/jelecoro\/files\/2008\/11\/pica-act2.gif\"><img loading=\"lazy\" decoding=\"async\" class=\"alignnone size-medium wp-image-60\" src=\"http:\/\/blog.espol.edu.ec\/jelecoro\/files\/2008\/11\/pica-act2-263x300.gif\" alt=\"\" width=\"263\" height=\"300\" \/><\/a><\/span><\/em><\/h1>\n<h1 style=\"margin: 12pt 0cm 3pt\"><em><\/em><\/h1>\n<h1 style=\"margin: 12pt 0cm 3pt\"><em><span style=\"font-size: 13pt;color: #000080;font-family: &quot;Times New Roman&amp;quot\">REGISTROS DE PICA<\/span><\/em><\/h1>\n<h1 style=\"margin: 12pt 0cm 3pt;text-align: center\"><em><\/em><\/h1>\n<h1 style=\"margin: 12pt 0cm 3pt;text-align: center\"><em><span style=\"font-size: 13pt;color: #000080;font-family: &quot;Times New Roman&amp;quot\"><a href=\"http:\/\/blog.espol.edu.ec\/jelecoro\/files\/2008\/11\/pica-reg1.gif\"><img loading=\"lazy\" decoding=\"async\" class=\"alignnone size-medium wp-image-64\" src=\"http:\/\/blog.espol.edu.ec\/jelecoro\/files\/2008\/11\/pica-reg1-173x300.gif\" alt=\"\" width=\"249\" height=\"310\" \/><\/a><\/span><\/em><\/h1>\n<p style=\"margin: 12pt 0cm 3pt;text-align: center\"><a href=\"http:\/\/blog.espol.edu.ec\/jelecoro\/files\/2008\/11\/pica-reg2.gif\"><img loading=\"lazy\" decoding=\"async\" class=\"alignnone size-medium wp-image-65\" src=\"http:\/\/blog.espol.edu.ec\/jelecoro\/files\/2008\/11\/pica-reg2-159x300.gif\" alt=\"\" width=\"251\" height=\"309\" \/><\/a><\/p>\n<p style=\"margin: 12pt 0cm 3pt;text-align: center\"><a href=\"http:\/\/blog.espol.edu.ec\/jelecoro\/files\/2008\/11\/pica-reg3.gif\"><img loading=\"lazy\" decoding=\"async\" class=\"alignnone size-medium wp-image-66\" src=\"http:\/\/blog.espol.edu.ec\/jelecoro\/files\/2008\/11\/pica-reg3-252x300.gif\" alt=\"\" width=\"252\" height=\"300\" \/><\/a><\/p>\n<p style=\"margin: 12pt 0cm 3pt;text-align: center\">\u00a0<\/p>\n<p style=\"margin: 12pt 0cm 3pt\">\u00a0<\/p>\n<p style=\"margin: 12pt 0cm 3pt\">PROCESOS DE PICA<\/p>\n<p style=\"margin: 12pt 0cm 3pt;text-align: center\"><a href=\"http:\/\/blog.espol.edu.ec\/jelecoro\/files\/2008\/11\/pica-proc.gif\"><img loading=\"lazy\" decoding=\"async\" class=\"alignnone size-medium wp-image-67\" src=\"http:\/\/blog.espol.edu.ec\/jelecoro\/files\/2008\/11\/pica-proc-300x188.gif\" alt=\"\" width=\"300\" height=\"188\" \/><\/a><\/p>\n<p style=\"margin: 12pt 0cm 3pt\">\u00a0<\/p>\n<p style=\"margin: 12pt 0cm 3pt\">INDICADORES DE PICA<\/p>\n<p style=\"margin: 12pt 0cm 3pt;text-align: center\"><a href=\"http:\/\/blog.espol.edu.ec\/jelecoro\/files\/2008\/11\/pica-ind.gif\"><img loading=\"lazy\" decoding=\"async\" class=\"alignnone size-medium wp-image-68\" src=\"http:\/\/blog.espol.edu.ec\/jelecoro\/files\/2008\/11\/pica-ind-300x133.gif\" alt=\"\" width=\"300\" height=\"133\" \/><\/a><\/p>\n<p style=\"margin: 12pt 0cm 3pt\">\u00a0<\/p>\n<p>\u00a0<\/p>\n<p>\u00a0<\/p>\n<p>\u00a0<\/p>\n<p>\u00a0<\/p>\n<p>\u00a0<\/p>\n<p>\u00a0<\/p>\n<p><\/span><\/em><\/h1>\n","protected":false},"excerpt":{"rendered":"<p>ANTECEDENTES PICA Era el inicio de los a\u00f1os 50 y PYCCA (almacenes) se consolidaba como una de las empresas pioneras en la impor\u00adtaci\u00f3n de productos para el hogar. Las necesidades se centraron en varios art\u00edculos de uso dom\u00e9stico, teniendo en com\u00fan las siguientes con\u00addicionantes: ser pr\u00e1cticos, resistentes y econ\u00f3micos. \u00a0 Con estos favorables antecedentes nace [&hellip;]<\/p>\n","protected":false},"author":59,"featured_media":0,"parent":0,"menu_order":2,"comment_status":"open","ping_status":"open","template":"","meta":{"footnotes":""},"class_list":["post-138","page","type-page","status-publish","hentry"],"_links":{"self":[{"href":"https:\/\/blog.espol.edu.ec\/jelecoro\/wp-json\/wp\/v2\/pages\/138","targetHints":{"allow":["GET"]}}],"collection":[{"href":"https:\/\/blog.espol.edu.ec\/jelecoro\/wp-json\/wp\/v2\/pages"}],"about":[{"href":"https:\/\/blog.espol.edu.ec\/jelecoro\/wp-json\/wp\/v2\/types\/page"}],"author":[{"embeddable":true,"href":"https:\/\/blog.espol.edu.ec\/jelecoro\/wp-json\/wp\/v2\/users\/59"}],"replies":[{"embeddable":true,"href":"https:\/\/blog.espol.edu.ec\/jelecoro\/wp-json\/wp\/v2\/comments?post=138"}],"version-history":[{"count":9,"href":"https:\/\/blog.espol.edu.ec\/jelecoro\/wp-json\/wp\/v2\/pages\/138\/revisions"}],"predecessor-version":[{"id":156,"href":"https:\/\/blog.espol.edu.ec\/jelecoro\/wp-json\/wp\/v2\/pages\/138\/revisions\/156"}],"wp:attachment":[{"href":"https:\/\/blog.espol.edu.ec\/jelecoro\/wp-json\/wp\/v2\/media?parent=138"}],"curies":[{"name":"wp","href":"https:\/\/api.w.org\/{rel}","templated":true}]}}