{"id":80,"date":"2008-11-22T17:51:35","date_gmt":"2008-11-22T21:51:35","guid":{"rendered":"http:\/\/blog.espol.edu.ec\/jelecoro\/?page_id=80"},"modified":"2008-11-24T23:51:02","modified_gmt":"2008-11-25T03:51:02","slug":"empresa-gestorincsa-sa","status":"publish","type":"page","link":"https:\/\/blog.espol.edu.ec\/jelecoro\/empresa-gestorincsa-sa\/","title":{"rendered":"EMPRESA GESTORINCSA  S.A."},"content":{"rendered":"<h1 style=\"margin: auto 0cm\"><span style=\"font-size: 12pt;color: #ff9900;font-family: &quot;Bookman Old Style&amp;quot\"><\/p>\n<h1 style=\"margin: auto 0cm\"><span style=\"color: #000000\"><span style=\"font-family: &quot;Bookman Old Style&amp;quot\"><\/p>\n<h1 style=\"margin: auto 0cm;text-align: justify\"><a name=\"_Toc215126774\"><em><span style=\"font-size: 13pt;color: #000080;font-family: &quot;Times New Roman&amp;quot\">ANTECEDENTES GESTORINCSA S.A<\/span><\/em><\/a><em><span style=\"font-size: 13pt;color: #000080;font-family: &quot;Times New Roman&amp;quot\">.<\/span><\/em><\/h1>\n<p class=\"MsoNormal\" style=\"margin: 0cm 0cm 0pt;text-align: center\" align=\"center\"><em><\/em><\/p>\n<p class=\"MsoNormal\" style=\"text-align: center\"><em><span style=\"font-size: 13pt;color: #003366\"><span style=\"font-family: Times New Roman\">\u00a0<a href=\"http:\/\/blog.espol.edu.ec\/jelecoro\/files\/2008\/11\/logo-gestor.gif\"><img loading=\"lazy\" decoding=\"async\" class=\"alignnone size-medium wp-image-39\" src=\"http:\/\/blog.espol.edu.ec\/jelecoro\/files\/2008\/11\/logo-gestor-300x153.gif\" alt=\"\" width=\"300\" height=\"153\" \/><\/a><\/span><\/span><\/em><\/p>\n<p class=\"MsoNormal\" style=\"margin: 0cm 0cm 0pt;text-align: justify\"><em><span style=\"font-size: 13pt;color: #003366\"><span style=\"font-family: Times New Roman\">Gestor Inc, es una empresa enfocada al \u00e1rea<span>\u00a0 <\/span>tecnol\u00f3gica, formada con el prop\u00f3sito de crear soluciones aplicacionales para segmentos espec\u00edficos de los sectores financiero y productivo latinoamericano.<\/span><\/span><\/em><\/p>\n<p class=\"MsoNormal\" style=\"margin: 0cm 0cm 0pt;text-align: justify\"><em><span style=\"font-size: 13pt;color: #003366\"><span style=\"font-family: Times New Roman\">\u00a0<\/span><\/span><\/em><\/p>\n<p class=\"MsoNormal\" style=\"margin: 0cm 0cm 0pt;text-align: justify\"><em><span style=\"font-size: 13pt;color: #003366\"><span style=\"font-family: Times New Roman\">Hemos reunido un grupo de socios y colaboradores profesionales del mundo financiero, productivo, industrial, comercial y tecnol\u00f3gico, para combinar los conocimientos y la experiencia de estas personas, hacia el cumplimiento de la misi\u00f3n de la empresa.<\/span><\/span><\/em><\/p>\n<p class=\"MsoNormal\" style=\"margin: 0cm 0cm 0pt;text-align: justify\"><em><span style=\"font-size: 13pt;color: #003366\"><span style=\"font-family: Times New Roman\">Desde 1997 hemos suministrado al mercado soluciones basadas en las mejores pr\u00e1cticas de negocios y en la tecnolog\u00eda mas avanzada.<\/span><\/span><\/em><\/p>\n<p class=\"MsoNormal\" style=\"margin: 0cm 0cm 0pt;text-align: justify\"><em><span style=\"font-size: 13pt;color: #003366\"><span style=\"font-family: Times New Roman\">\u00a0<\/span><\/span><\/em><\/p>\n<p class=\"MsoNormal\" style=\"margin: 0cm 0cm 0pt;text-align: justify\"><em><span style=\"font-size: 13pt;color: #003366\"><span style=\"font-family: Times New Roman\">Desde el a\u00f1o 2001 inici\u00f3 la implantaci\u00f3n de un sistema de gesti\u00f3n de calidad bajo la Norma ISO 9001:2000, lo cual ha implicado una mejora continua en todos los procesos que realiza, los cuales han sido las bases en las cuales centran las actividades.<\/span><\/span><\/em><\/p>\n<p class=\"MsoNormal\" style=\"margin: 0cm 0cm 0pt;text-align: justify\"><em><span style=\"font-size: 13pt;color: #003366\"><span style=\"font-family: Times New Roman\">\u00a0<\/span><\/span><\/em><\/p>\n<p class=\"MsoNormal\" style=\"margin: 0cm 0cm 0pt;text-align: justify\"><em><span style=\"font-size: 13pt;color: #003366\"><span style=\"font-family: Times New Roman\">Desde el a\u00f1o 2002 cuentan con la certificaci\u00f3n ISO 9001:2000, en Dise\u00f1o y Desarrollo de Software Financiero, Contables \/ Administrativos y Website. Comercializaci\u00f3n Implantaci\u00f3n, Soporte Mantenimiento de los productos y servicios.<\/span><\/span><\/em><\/p>\n<p class=\"MsoNormal\" style=\"margin: 0cm 0cm 0pt;text-align: justify\"><em><\/em><\/p>\n<h1 style=\"margin: auto 0cm;text-align: justify\"><a name=\"_Toc215126775\"><em><span style=\"font-size: 13pt;color: #000080;font-family: &quot;Times New Roman&amp;quot\">DESCRIPCI\u00d3N DE PROCESO DE VENTAS<\/span><\/em><\/a><em><span style=\"font-size: 13pt;color: #003366;font-family: &quot;Times New Roman&amp;quot\"><span>\u00a0\u00a0\u00a0 <\/span><\/span><\/em><\/h1>\n<p class=\"MsoNormal\" style=\"margin: 0cm 0cm 0pt\"><em><span style=\"font-size: 13pt;color: #003366\"><span style=\"font-family: Times New Roman\">\u00a0<\/span><\/span><\/em><\/p>\n<p class=\"MsoNormal\" style=\"margin: 0cm 0cm 0pt\"><em><span style=\"font-size: 13pt;color: #003366\"><span style=\"font-family: Times New Roman\">\u00a0<\/span><\/span><\/em><\/p>\n<p class=\"MsoNormal\" style=\"margin: 0cm 0cm 0pt 18pt;text-align: justify\"><span style=\"font-size: 13pt;color: #003366;font-family: Symbol\"><span>\u00b7<span style=\"font-family: &quot;Times New Roman&amp;quot\">\u00a0\u00a0\u00a0\u00a0\u00a0\u00a0\u00a0 <\/span><\/span><\/span><em><span style=\"font-size: 13pt;color: #003366\"><span style=\"font-family: Times New Roman\">Vender con m\u00e1rgenes adecuados excediendo el presupuesto de Ventas e incrementando la participaci\u00f3n en el mercado.<\/span><\/span><\/em><\/p>\n<p class=\"MsoNormal\" style=\"margin: 0cm 0cm 0pt 18pt;text-align: justify\"><span style=\"font-size: 13pt;color: #003366;font-family: Symbol\"><span>\u00b7<span style=\"font-family: &quot;Times New Roman&amp;quot\">\u00a0\u00a0\u00a0\u00a0\u00a0\u00a0\u00a0 <\/span><\/span><\/span><em><span style=\"font-size: 13pt;color: #003366\"><span style=\"font-family: Times New Roman\">Mantener una relaci\u00f3n conveniente y rentable con el cliente durante el proceso de venta, implantaci\u00f3n, mantenimiento y postventa.<\/span><\/span><\/em><\/p>\n<h2 style=\"margin: 0cm 0cm 0pt;text-align: left\"><em><span style=\"font-size: 13pt;color: #003366;font-family: &quot;Times New Roman&amp;quot\">\u00a0<\/span><\/em><\/h2>\n<h2 style=\"margin: 0cm 0cm 0pt;text-align: left\"><em><span style=\"font-size: 13pt;color: #003366;font-family: &quot;Times New Roman&amp;quot\">\u00a0<\/span><\/em><\/h2>\n<h2 style=\"margin: 0cm 0cm 0pt;text-align: left\"><em><span style=\"font-size: 13pt;color: #003366;font-family: &quot;Times New Roman&amp;quot\">\u00a0<\/span><\/em><\/h2>\n<h2 style=\"margin: 0cm 0cm 0pt;text-align: left\"><em><span style=\"font-size: 13pt;color: #003366;font-family: &quot;Times New Roman&amp;quot\">\u00a0<\/span><\/em><\/h2>\n<h1 style=\"margin: auto 0cm;text-align: justify\"><a name=\"_Toc215126776\"><em><span style=\"font-size: 13pt;color: #000080;font-family: &quot;Times New Roman&amp;quot\">MANUAL DE CALIDAD<\/span><\/em><\/a><em><\/em><\/h1>\n<p class=\"MsoNormal\" style=\"margin: 0cm 0cm 0pt\"><em><span style=\"font-size: 13pt;color: #003366\"><span style=\"font-family: Times New Roman\">\u00a0<\/span><\/span><\/em><\/p>\n<p class=\"MsoNormal\" style=\"margin: 0cm 0cm 0pt;text-align: justify\"><em><span style=\"font-size: 13pt;color: #003366\"><span style=\"font-family: Times New Roman\">\u00a0<\/span><\/span><\/em><\/p>\n<p class=\"MsoNormal\" style=\"margin: 0cm 0cm 0pt;text-align: justify\"><em><span style=\"font-size: 13pt;color: #003366\"><span style=\"font-family: Times New Roman\">El proceso de ventas, es dirigido en las \u00e1reas:<\/span><\/span><\/em><\/p>\n<p class=\"MsoNormal\" style=\"margin: 0cm 0cm 0pt 36pt;text-align: justify\"><span style=\"font-size: 13pt;color: #003366;font-family: Verdana\"><span>-<span style=\"font-family: &quot;Times New Roman&amp;quot\">\u00a0\u00a0\u00a0\u00a0\u00a0\u00a0\u00a0 <\/span><\/span><\/span><em><span style=\"font-size: 13pt;color: #003366\"><span style=\"font-family: Times New Roman\">Unidad Estrat\u00e9gica de Soporte (UES)<\/span><\/span><\/em><\/p>\n<p class=\"MsoNormal\" style=\"margin: 0cm 0cm 0pt 36pt;text-align: justify\"><span style=\"font-size: 13pt;color: #003366;font-family: Verdana\"><span>-<span style=\"font-family: &quot;Times New Roman&amp;quot\">\u00a0\u00a0\u00a0\u00a0\u00a0\u00a0\u00a0 <\/span><\/span><\/span><em><span style=\"font-size: 13pt;color: #003366\"><span style=\"font-family: Times New Roman\">Unidad Estrat\u00e9gica de Desarrollo (UED)<\/span><\/span><\/em><\/p>\n<p class=\"MsoNormal\" style=\"margin: 0cm 0cm 0pt;text-align: justify\"><em><span style=\"font-size: 13pt;color: #003366\"><span style=\"font-family: Times New Roman\">\u00a0<\/span><\/span><\/em><\/p>\n<p class=\"MsoNormal\" style=\"margin: 0cm 0cm 0pt;text-align: justify\"><span style=\"font-family: Times New Roman\"><em><span style=\"font-size: 13pt;color: #003366\">La UES<\/span><\/em><em><span style=\"font-size: 13pt;color: #003366\">, se encarga de comercializar los productos de asesor\u00edas y capacitaciones de las soluciones tecnol\u00f3gicas del Sistema.<\/span><\/em><\/span><\/p>\n<p class=\"MsoNormal\" style=\"margin: 0cm 0cm 0pt;text-align: justify\"><em><span style=\"font-size: 13pt;color: #003366\"><span style=\"font-family: Times New Roman\">\u00a0<\/span><\/span><\/em><\/p>\n<p class=\"MsoNormal\" style=\"margin: 0cm 0cm 0pt;text-align: justify\"><span style=\"font-family: Times New Roman\"><em><span style=\"font-size: 13pt;color: #003366\">La UED<\/span><\/em><em><span style=\"font-size: 13pt;color: #003366\">, se encarga de comercializar los productos de implantaciones, migraciones o actualizaciones del Sistema.<\/span><\/em><\/span><\/p>\n<p class=\"MsoNormal\" style=\"margin: 0cm 0cm 0pt;text-align: justify\">\n<p class=\"MsoNormal\" style=\"margin: 0cm 0cm 0pt;text-align: justify\"><em><\/em><\/p>\n<h1 style=\"margin: auto 0cm;text-align: justify\"><em><\/em><\/h1>\n<div><em><\/em><\/div>\n<p class=\"MsoNormal\" style=\"text-align: center\">\u00a0<a href=\"http:\/\/blog.espol.edu.ec\/jelecoro\/files\/2008\/11\/gestor-1-act.gif\"><img loading=\"lazy\" decoding=\"async\" class=\"alignnone size-medium wp-image-46\" src=\"http:\/\/blog.espol.edu.ec\/jelecoro\/files\/2008\/11\/gestor-1-act-300x269.gif\" alt=\"\" width=\"300\" height=\"269\" \/><\/a><\/p>\n<p class=\"MsoNormal\" style=\"margin: 0cm 0cm 0pt;text-align: justify\">\u00a0<\/p>\n<h1 style=\"margin: auto 0cm;text-align: justify\"><a name=\"_Toc215126777\"><em><span style=\"font-size: 13pt;color: #000080;font-family: &quot;Times New Roman&amp;quot\">DIAGRAMA DE PROCESOS<\/span><\/em><\/a><em><\/em><\/h1>\n<p class=\"MsoNormal\" style=\"margin: 0cm 0cm 0pt;text-align: justify\">\n<h1 style=\"margin: auto 0cm;text-align: center\"><em><\/em><\/h1>\n<h1 style=\"margin: auto 0cm;text-align: center\"><em><span style=\"font-size: 13pt;color: #000080;font-family: &quot;Times New Roman&amp;quot\"><a href=\"http:\/\/blog.espol.edu.ec\/jelecoro\/files\/2008\/11\/gestor-2-proc.gif\"><img loading=\"lazy\" decoding=\"async\" class=\"alignnone size-medium wp-image-47\" src=\"http:\/\/blog.espol.edu.ec\/jelecoro\/files\/2008\/11\/gestor-2-proc-300x204.gif\" alt=\"\" width=\"300\" height=\"204\" \/><\/a><\/span><\/em><\/h1>\n<p class=\"MsoNormal\" style=\"margin: 0cm 0cm 0pt;text-align: justify\">\n<h1 style=\"margin: auto 0cm;text-align: center\"><em><\/em><\/h1>\n<div class=\"MsoNormal\" style=\"margin: 0cm 0cm 0pt;text-align: justify\">\n<h1 style=\"margin: auto 0cm;text-align: center\"><em><\/em><\/h1>\n<\/div>\n<div class=\"MsoNormal\" style=\"margin: 0cm 0cm 0pt;text-align: justify\">\n<h1 style=\"margin: auto 0cm;text-align: center\"><em><\/em><\/h1>\n<\/div>\n<h1 style=\"margin: auto 0cm;text-align: center\"><em><span style=\"font-size: 13pt;color: #000080;font-family: &quot;Times New Roman&amp;quot\"><\/p>\n<h1 style=\"margin: auto 0cm;text-align: center\"><a name=\"_Toc215126778\"><em><span style=\"font-size: 13pt;color: #000080;font-family: &quot;Times New Roman&amp;quot\">INDICADORES<\/span><\/em><\/a><em><\/em><\/h1>\n<p class=\"MsoNormal\" style=\"margin: 0cm 0cm 0pt;text-align: justify\">\n<h1 style=\"margin: auto 0cm;text-align: center\"><em><span style=\"font-size: 13pt;color: #000080;font-family: &quot;Times New Roman&amp;quot\">INDICADORES PARA MEDIR EL PROCESO DE VENTAS<\/span><\/em><\/h1>\n<h1 style=\"margin: auto 0cm;text-align: center\"><em><span style=\"font-size: 13pt;color: #000080;font-family: &quot;Times New Roman&amp;quot\">MANEJADOS EN EL A\u00d1O 2008<\/span><\/em><\/h1>\n<p style=\"margin: auto 0cm;text-align: center\"><a href=\"http:\/\/blog.espol.edu.ec\/jelecoro\/files\/2008\/11\/gestor3-ind.gif\"><img loading=\"lazy\" decoding=\"async\" class=\"alignnone size-medium wp-image-49\" src=\"http:\/\/blog.espol.edu.ec\/jelecoro\/files\/2008\/11\/gestor3-ind-294x300.gif\" alt=\"\" width=\"294\" height=\"300\" \/><\/a><\/p>\n<p class=\"MsoNormal\" style=\"margin: 0cm 0cm 0pt;text-align: justify\">\n<div class=\"MsoNormal\" style=\"margin: 0cm 0cm 0pt;text-align: justify\">\n<div><em><span style=\"font-size: 13pt;color: #003366\"><span style=\"font-family: Times New Roman\"><\/p>\n<h1 style=\"margin: auto 0cm;text-align: justify\">\n<h1 style=\"margin: auto 0cm;text-align: center\"><em><\/em><\/h1>\n<\/h1>\n<div class=\"MsoNormal\" style=\"margin: 0cm 0cm 0pt;text-align: justify\">\n<h1 style=\"margin: auto 0cm;text-align: justify\"><em><\/em>\u00a0<\/h1>\n<\/div>\n<p>\u00a0<\/p>\n<p>\u00a0<\/p>\n<p>\u00a0<\/p>\n<p>\u00a0<\/p>\n<p><\/span><\/span><\/em><\/div>\n<\/div>\n<div class=\"MsoNormal\" style=\"margin: 0cm 0cm 0pt;text-align: justify\"><em><\/em><\/div>\n<h1 style=\"margin: auto 0cm;text-align: justify\">\n<h1 style=\"margin: auto 0cm;text-align: center\"><em><\/em><\/h1>\n<\/h1>\n<div class=\"MsoNormal\" style=\"margin: 0cm 0cm 0pt;text-align: justify\">\n<h1 style=\"margin: auto 0cm;text-align: justify\"><em><\/em>\u00a0<\/h1>\n<\/div>\n<p>\u00a0<\/p>\n<div><em><\/em><\/div>\n<div><em><\/em><\/div>\n<div><em><\/em><\/div>\n<div><em><span style=\"font-size: 13pt;color: #003366\"><\/span><\/em><\/div>\n<p><em><span style=\"font-size: 13pt;color: #003366\"><span style=\"font-family: Times New Roman\"><\/p>\n<h1 style=\"margin: auto 0cm;text-align: justify\">\n<p class=\"MsoNormal\" style=\"margin: 0cm 0cm 0pt;text-align: justify\"><em><span style=\"font-size: 13pt;color: #003366\"><span style=\"font-family: Times New Roman\">\u00a0<\/span><\/span><\/em><\/p>\n<p>\u00a0\u00a0\u00a0\u00a0<\/p>\n<p>\u00a0\u00a0<\/p>\n<p>\u00a0\u00a0<\/p>\n<p>\u00a0<\/h1>\n<p><\/span><\/span><\/em><\/p>\n<p><\/span><\/em><\/h1>\n<p><\/span><\/span><\/h1>\n<p><\/span><\/h1>\n","protected":false},"excerpt":{"rendered":"<p>ANTECEDENTES GESTORINCSA S.A. \u00a0 Gestor Inc, es una empresa enfocada al \u00e1rea\u00a0 tecnol\u00f3gica, formada con el prop\u00f3sito de crear soluciones aplicacionales para segmentos espec\u00edficos de los sectores financiero y productivo latinoamericano. \u00a0 Hemos reunido un grupo de socios y colaboradores profesionales del mundo financiero, productivo, industrial, comercial y tecnol\u00f3gico, para combinar los conocimientos y la [&hellip;]<\/p>\n","protected":false},"author":59,"featured_media":0,"parent":0,"menu_order":1,"comment_status":"open","ping_status":"open","template":"","meta":{"footnotes":""},"class_list":["post-80","page","type-page","status-publish","hentry"],"_links":{"self":[{"href":"https:\/\/blog.espol.edu.ec\/jelecoro\/wp-json\/wp\/v2\/pages\/80","targetHints":{"allow":["GET"]}}],"collection":[{"href":"https:\/\/blog.espol.edu.ec\/jelecoro\/wp-json\/wp\/v2\/pages"}],"about":[{"href":"https:\/\/blog.espol.edu.ec\/jelecoro\/wp-json\/wp\/v2\/types\/page"}],"author":[{"embeddable":true,"href":"https:\/\/blog.espol.edu.ec\/jelecoro\/wp-json\/wp\/v2\/users\/59"}],"replies":[{"embeddable":true,"href":"https:\/\/blog.espol.edu.ec\/jelecoro\/wp-json\/wp\/v2\/comments?post=80"}],"version-history":[{"count":15,"href":"https:\/\/blog.espol.edu.ec\/jelecoro\/wp-json\/wp\/v2\/pages\/80\/revisions"}],"predecessor-version":[{"id":159,"href":"https:\/\/blog.espol.edu.ec\/jelecoro\/wp-json\/wp\/v2\/pages\/80\/revisions\/159"}],"wp:attachment":[{"href":"https:\/\/blog.espol.edu.ec\/jelecoro\/wp-json\/wp\/v2\/media?parent=80"}],"curies":[{"name":"wp","href":"https:\/\/api.w.org\/{rel}","templated":true}]}}