{"id":48,"date":"2009-08-09T12:35:13","date_gmt":"2009-08-09T16:35:13","guid":{"rendered":"http:\/\/blog.espol.edu.ec\/jeliboti\/?page_id=48"},"modified":"2009-08-09T16:48:59","modified_gmt":"2009-08-09T20:48:59","slug":"about-me","status":"publish","type":"page","link":"https:\/\/blog.espol.edu.ec\/jeliboti\/about-me\/","title":{"rendered":"About me"},"content":{"rendered":"<p>Hola\u00a0me llamo Jessica Lissette Bonafont Tixse \u00a0tengo 17 a\u00f1os .\u00a0Nac\u00ed el 14 de julio de 1992.\u00a0Tengo 2 hermanas ,soy la segunda.\u00a0\u00a0Estudio Ingenier\u00eda en Auditor\u00eda y Contadur\u00eda P\u00fablica Autorizada, me gradue en la Academia Naval Almirante Illingworth de la especializaci\u00f3n Inform\u00e1tica.Estudi\u00e9 en la Escuela\u00a0Fiscal Jorge guzm\u00e1n de Ortega. Me gusta escuchar m\u00fasica, jugar ajedrez, navegar en internet.\u00a0\u00a0Todas nuestras vidas cambian de un momento a otro, acostumbrarse a la universidad no es nada f\u00e1cil pero con esfuerzo lo logr\u00e9.<br \/>\n<a href=\"http:\/\/blog.espol.edu.ec\/yunie\/espiritu-politecnico\/\"><img decoding=\"async\" src=\"http:\/\/blog.espol.edu.ec\/yunie\/files\/2008\/12\/banner31.jpg\" alt=\"Espol\" \/><\/a><\/p>\n","protected":false},"excerpt":{"rendered":"<p>Hola\u00a0me llamo Jessica Lissette Bonafont Tixse \u00a0tengo 17 a\u00f1os .\u00a0Nac\u00ed el 14 de julio de 1992.\u00a0Tengo 2 hermanas ,soy la segunda.\u00a0\u00a0Estudio Ingenier\u00eda en Auditor\u00eda y Contadur\u00eda P\u00fablica Autorizada, me gradue en la Academia Naval Almirante Illingworth de la especializaci\u00f3n Inform\u00e1tica.Estudi\u00e9 en la Escuela\u00a0Fiscal Jorge guzm\u00e1n de Ortega. Me gusta escuchar m\u00fasica, jugar ajedrez, navegar en [&hellip;]<\/p>\n","protected":false},"author":1839,"featured_media":0,"parent":0,"menu_order":0,"comment_status":"open","ping_status":"open","template":"","meta":{"footnotes":""},"class_list":["post-48","page","type-page","status-publish","hentry"],"_links":{"self":[{"href":"https:\/\/blog.espol.edu.ec\/jeliboti\/wp-json\/wp\/v2\/pages\/48","targetHints":{"allow":["GET"]}}],"collection":[{"href":"https:\/\/blog.espol.edu.ec\/jeliboti\/wp-json\/wp\/v2\/pages"}],"about":[{"href":"https:\/\/blog.espol.edu.ec\/jeliboti\/wp-json\/wp\/v2\/types\/page"}],"author":[{"embeddable":true,"href":"https:\/\/blog.espol.edu.ec\/jeliboti\/wp-json\/wp\/v2\/users\/1839"}],"replies":[{"embeddable":true,"href":"https:\/\/blog.espol.edu.ec\/jeliboti\/wp-json\/wp\/v2\/comments?post=48"}],"version-history":[{"count":5,"href":"https:\/\/blog.espol.edu.ec\/jeliboti\/wp-json\/wp\/v2\/pages\/48\/revisions"}],"predecessor-version":[{"id":88,"href":"https:\/\/blog.espol.edu.ec\/jeliboti\/wp-json\/wp\/v2\/pages\/48\/revisions\/88"}],"wp:attachment":[{"href":"https:\/\/blog.espol.edu.ec\/jeliboti\/wp-json\/wp\/v2\/media?parent=48"}],"curies":[{"name":"wp","href":"https:\/\/api.w.org\/{rel}","templated":true}]}}