{"id":82,"date":"2009-08-09T16:18:29","date_gmt":"2009-08-09T20:18:29","guid":{"rendered":"http:\/\/blog.espol.edu.ec\/jeliboti\/?page_id=82"},"modified":"2009-08-09T16:40:18","modified_gmt":"2009-08-09T20:40:18","slug":"las-pilas-altamentes-contaminantes","status":"publish","type":"page","link":"https:\/\/blog.espol.edu.ec\/jeliboti\/las-pilas-altamentes-contaminantes\/","title":{"rendered":"Las pilas (altamentes contaminantes)"},"content":{"rendered":"<div id=\"attachment_83\" style=\"width: 213px\" class=\"wp-caption aligncenter\"><img loading=\"lazy\" decoding=\"async\" aria-describedby=\"caption-attachment-83\" class=\"size-full wp-image-83\" src=\"http:\/\/blog.espol.edu.ec\/jeliboti\/files\/2009\/08\/pilas.jpg\" alt=\"Muy peligrosa , una sola puede ocasionar muchos problemas.\" width=\"203\" height=\"304\" srcset=\"https:\/\/blog.espol.edu.ec\/jeliboti\/files\/2009\/08\/pilas.jpg 203w, https:\/\/blog.espol.edu.ec\/jeliboti\/files\/2009\/08\/pilas-200x300.jpg 200w\" sizes=\"auto, (max-width: 203px) 100vw, 203px\" \/><p id=\"caption-attachment-83\" class=\"wp-caption-text\">Muy peligrosa , una sola puede ocasionar muchos problemas.<\/p><\/div>\n<p>Las pilas alcalinas, est\u00e1n compuestas por di\u00f3x\u00eddo de manganeso y zinc, y las comunes por zinc y carbono.<br \/>\nRespecto a las micropilas, existen diferentes clases: las constituidas por zinc-aire, las alcalinas, las de \u00f3xido de plata, las de l\u00edtio y 1as \u00f3xido de mercurio, habiendo una larga lista de otros componentes.<br \/>\nSeg\u00fan estudios especializados,<strong> una micro pila de mercurio, puede llegar a contaminar 600.000 litros de agua, una de zinc-aire 12.000 litros, una de \u00f3xido de plata 14.000 litros y una pila com\u00fan 3.000 litros.<br \/>\n<\/strong>Al descomponerse la capa protectora que las recubre, se liberan los metales que contienen, y all\u00ed se produce la contaminaci\u00f3n.<br \/>\nLOS GRAVES DA\u00d1OS QUE LAS PILAS CAUSAN SON:<\/p>\n<p>Entre las consecuencias que pueden acarrear estos metales en los seres humanos y animales podemos citar:<\/p>\n<p>\u00a0<\/p>\n<blockquote><p><img loading=\"lazy\" decoding=\"async\" src=\"http:\/\/www.mantra.com.ar\/imagenes\/imagecologia\/boleco.jpg\" border=\"0\" alt=\"\" width=\"15\" height=\"14\" \/>\u00a0En el caso del mercurio, da\u00f1os en el sistema nervioso, fallas renales, trastornos gastrointestinales y de acuerdo con la dimensi\u00f3n de su ingesti\u00f3n, hasta la muerte;<br \/>\n<img loading=\"lazy\" decoding=\"async\" src=\"http:\/\/www.mantra.com.ar\/imagenes\/imagecologia\/boleco.jpg\" border=\"0\" alt=\"\" width=\"15\" height=\"14\" \/>\u00a0El manganeso (\u00f3xido de manganeso) puede afectar tanto el sistema nervioso central como e1 h\u00edgado;<br \/>\n<img loading=\"lazy\" decoding=\"async\" src=\"http:\/\/www.mantra.com.ar\/imagenes\/imagecologia\/boleco.jpg\" border=\"0\" alt=\"\" width=\"15\" height=\"14\" \/>\u00a0Las sales de plata, el zinc, el litio, el cadmio, tambi\u00e9n son elementos nocivos para la salud, si por alg\u00fan motivo se incorporan al organismo.<\/p>\n<p>\u00a0<\/p>\n<p><strong>Referencia Electr\u00f3nica<\/strong><\/p>\n<p><span style=\"font-size: small;font-family: Calibri\"><strong>MUNICIPALIDAD GENERAL DE ROCA<\/strong>(2009) , <span style=\"font-size: large\">COMPOSICI\u00d3N DE LAS PILAS<\/span>, Mantra, obtenido el 9, agosto, 2009; <a href=\"http:\/\/www.mantra.com.ar\/contecologia\/composiciondelaspilas.html\">http:\/\/www.mantra.com.ar\/contecologia\/composiciondelaspilas.html<\/a>, <\/span><\/p>\n<p><span style=\"font-size: small;font-family: Calibri\">Guayaquil-Ecuador.<\/span><\/p><\/blockquote>\n","protected":false},"excerpt":{"rendered":"<p>Las pilas alcalinas, est\u00e1n compuestas por di\u00f3x\u00eddo de manganeso y zinc, y las comunes por zinc y carbono. Respecto a las micropilas, existen diferentes clases: las constituidas por zinc-aire, las alcalinas, las de \u00f3xido de plata, las de l\u00edtio y 1as \u00f3xido de mercurio, habiendo una larga lista de otros componentes. Seg\u00fan estudios especializados, una [&hellip;]<\/p>\n","protected":false},"author":1839,"featured_media":0,"parent":0,"menu_order":0,"comment_status":"open","ping_status":"open","template":"","meta":{"footnotes":""},"class_list":["post-82","page","type-page","status-publish","hentry"],"_links":{"self":[{"href":"https:\/\/blog.espol.edu.ec\/jeliboti\/wp-json\/wp\/v2\/pages\/82","targetHints":{"allow":["GET"]}}],"collection":[{"href":"https:\/\/blog.espol.edu.ec\/jeliboti\/wp-json\/wp\/v2\/pages"}],"about":[{"href":"https:\/\/blog.espol.edu.ec\/jeliboti\/wp-json\/wp\/v2\/types\/page"}],"author":[{"embeddable":true,"href":"https:\/\/blog.espol.edu.ec\/jeliboti\/wp-json\/wp\/v2\/users\/1839"}],"replies":[{"embeddable":true,"href":"https:\/\/blog.espol.edu.ec\/jeliboti\/wp-json\/wp\/v2\/comments?post=82"}],"version-history":[{"count":4,"href":"https:\/\/blog.espol.edu.ec\/jeliboti\/wp-json\/wp\/v2\/pages\/82\/revisions"}],"predecessor-version":[{"id":86,"href":"https:\/\/blog.espol.edu.ec\/jeliboti\/wp-json\/wp\/v2\/pages\/82\/revisions\/86"}],"wp:attachment":[{"href":"https:\/\/blog.espol.edu.ec\/jeliboti\/wp-json\/wp\/v2\/media?parent=82"}],"curies":[{"name":"wp","href":"https:\/\/api.w.org\/{rel}","templated":true}]}}