{"id":2,"date":"2010-05-25T19:30:54","date_gmt":"2010-05-25T19:30:54","guid":{"rendered":""},"modified":"2010-07-27T03:09:38","modified_gmt":"2010-07-27T03:09:38","slug":"about","status":"publish","type":"page","link":"https:\/\/blog.espol.edu.ec\/jemiball\/about\/","title":{"rendered":"About me"},"content":{"rendered":"<p>hello me llamo jemina vera espero que les guste mi blog, soy estudiante de la espol<br \/>\nen la carrera de ingenieria en logistica y transporte, naci el 2 de septimembre de 1992, por lo tanto haciendo cuentas tengo 17 a\u00f1os, tengo una hermana gemela llamada Dora y aparte de ella dos hermanos m\u00e0s: Keren y Andres, me gradue de la especializaci\u00f2n fima en el colegio \"ciencia y fe\".<br \/>\nme gusta mucho los mangas y animes.Mis animes favoritos son:<br \/>\nnaruto, one piece, captain tsubasa, bleach, nana, urutsey yatsura,maison ikkoku, saint seiya,merman melody, etc<br \/>\nen mi blog podras disponer de los mangas de naruto totalmente gratis<br \/>\ntambien les he publicado mis videos favoritos, que se trata de mi personaje favorito de naruto,<br \/>\nhablo de kakashi,\u00a0 las p\u00e0ginas donde me pueden encontrar son:<\/p>\n<p>http:\/\/twitter.com\/jemraver, http:\/\/blog.espol.edu.ec\/jemraver<\/p>\n<p>mi correo electr\u00f2nico y el de la espol son los siquientes:<\/p>\n<p>www.jemiball-7@hotmail.com , www.jemraver@espol.edu.ec<\/p>\n<p>bueno los dejo<\/p>\n<p>visitenmee<\/p>\n","protected":false},"excerpt":{"rendered":"<p>hello me llamo jemina vera espero que les guste mi blog, soy estudiante de la espol en la carrera de ingenieria en logistica y transporte, naci el 2 de septimembre de 1992, por lo tanto haciendo cuentas tengo 17 a\u00f1os, tengo una hermana gemela llamada Dora y aparte de ella dos hermanos m\u00e0s: Keren y [&hellip;]<\/p>\n","protected":false},"author":3998,"featured_media":0,"parent":0,"menu_order":0,"comment_status":"open","ping_status":"open","template":"","meta":{"footnotes":""},"class_list":["post-2","page","type-page","status-publish","hentry"],"_links":{"self":[{"href":"https:\/\/blog.espol.edu.ec\/jemiball\/wp-json\/wp\/v2\/pages\/2","targetHints":{"allow":["GET"]}}],"collection":[{"href":"https:\/\/blog.espol.edu.ec\/jemiball\/wp-json\/wp\/v2\/pages"}],"about":[{"href":"https:\/\/blog.espol.edu.ec\/jemiball\/wp-json\/wp\/v2\/types\/page"}],"author":[{"embeddable":true,"href":"https:\/\/blog.espol.edu.ec\/jemiball\/wp-json\/wp\/v2\/users\/3998"}],"replies":[{"embeddable":true,"href":"https:\/\/blog.espol.edu.ec\/jemiball\/wp-json\/wp\/v2\/comments?post=2"}],"version-history":[{"count":5,"href":"https:\/\/blog.espol.edu.ec\/jemiball\/wp-json\/wp\/v2\/pages\/2\/revisions"}],"predecessor-version":[{"id":14,"href":"https:\/\/blog.espol.edu.ec\/jemiball\/wp-json\/wp\/v2\/pages\/2\/revisions\/14"}],"wp:attachment":[{"href":"https:\/\/blog.espol.edu.ec\/jemiball\/wp-json\/wp\/v2\/media?parent=2"}],"curies":[{"name":"wp","href":"https:\/\/api.w.org\/{rel}","templated":true}]}}