{"id":24,"date":"2013-11-20T01:29:30","date_gmt":"2013-11-20T01:29:30","guid":{"rendered":"http:\/\/blog.espol.edu.ec\/jesalnav\/?page_id=24"},"modified":"2013-11-20T06:50:41","modified_gmt":"2013-11-20T06:50:41","slug":"la-novela","status":"publish","type":"page","link":"https:\/\/blog.espol.edu.ec\/jesalnav\/la-novela\/","title":{"rendered":"Los Libros"},"content":{"rendered":"<p>Hola, les quiero compartir los libros de esta excelente saga , pues si son impacientes y sienten que quieren llenar aun mas su adicci\u00f3n por esta serie, lo mejor es leer los libros, te saciaran y son lo bastante largos para mantenerte con las ganas hasta la siguiente temporada.<\/p>\n<p><strong>1. Juego de Tronos.<\/strong><\/p>\n<p><b>Peso:<\/b>\u00a02.2MB \/ 2.6MB<br \/>\n<b>Tipo:<\/b>\u00a0Word \/ PDF<br \/>\n<b>Link Word:<\/b>\u00a0<a href=\"https:\/\/mega.co.nz\/#!x0khCDBT!c6jgvHGLPsa09CDhsoF35wBRmaY8GZw35FeXXfp6phw\" target=\"_blank\" rel=\"nofollow\">MEGA<\/a><br \/>\n<b>Link PDF:<\/b>\u00a0<a href=\"https:\/\/mega.co.nz\/#!kgUFnL4a!UsmZASYtoLGmFIttcYU_BkeRbUxZZgkZpKkj_Bdi6-Y\" target=\"_blank\" rel=\"nofollow\">MEGA<\/a><\/p>\n<div>Tras el largo verano, el invierno se acerca a los Siete Reinos. Lord Eddard Stark, se\u00f1or de Invernalia, deja sus dominios para unirse a la corte del rey Robert Baratheon el Usurpador, hombre d\u00edscolo y otrora guerrero audaz cuyas mayores aficiones son comer, beber y engendrar bastardos. Eddard Stark desempe\u00f1ar\u00e1 el cargo de Mano del Rey e intentar\u00e1 desentra\u00f1ar una mara\u00f1a de intrigas que pondr\u00e1 en peligro su vida... y la de los suyos. En un mundo cuyas estaciones duran d\u00e9cadas y en el que retazos de una magia inmemorial y olvidada surgen en los rincones m\u00e1s sombr\u00edos y maravillosos, la traici\u00f3n y la lealtad, la compasi\u00f3n y la sed de venganza, el amor y el poder hacen del juego de tronos una poderosa trampa que atrapa en sus fauces a los personajes... y al lector.<\/div>\n<div><\/div>\n<div><img decoding=\"async\" class=\"aligncenter\" alt=\"Juego de tronos  - Los Libros (Castellano)\" src=\"https:\/\/lh6.googleusercontent.com\/-2B-H-tXQRwY\/T6lmbLZEL5I\/AAAAAAAAAOk\/ePncWb9utU0\/s512\/principal.jpg\" border=\"0\" \/><\/div>\n<div><\/div>\n<div><\/div>\n<div><strong>2. Choque de Reyes.<\/strong><\/div>\n<div>\n<div><b>Peso:<\/b>\u00a02.5MB \/ 3.0MB<br \/>\n<b>Tipo:<\/b>\u00a0Word \/ PDF<br \/>\n<b>Link Word:<\/b>\u00a0<a href=\"https:\/\/mega.co.nz\/#!0lsmBZ7I!TOFZc0uGfUsSG1jN5QOab1Aeo28tpPDlJc2hgczO-JM\" target=\"_blank\" rel=\"nofollow\">MEGA<\/a><br \/>\n<b>Link PDF:<\/b>\u00a0<a href=\"https:\/\/mega.co.nz\/#!Qt8UxZCL!e4COq0BmeKjY8Acz4s1dZmNDNK0tSJyYjJSr3J8Qx88\" target=\"_blank\" rel=\"nofollow\">MEGA<\/a><\/div>\n<div><\/div>\n<div>Un cometa del color de la sangre hiende el cielo, cargado de malos augurios. Y hay razones sobradas para pensar as\u00ed: los Siete Reinos se ven sacudidos por las luchas intestinas entre los nobles por la sucesi\u00f3n al Trono de Hierro. En la otra orilla del mar Angosto, la princesa Daenerys Targaryen conduce a su pueblo de jinetes salvajes a trav\u00e9s del desierto. Y en los p\u00e1ramos helados del norte, m\u00e1s all\u00e1 del Muro, un ej\u00e9rcito implacable avanza hacia un territorio asolado por el caos y las guerras fratricidas.<\/div>\n<div>George R.R. Martin, con pulso firme y en\u00e9rgico, nos deleita con un brillante despliegue de personajes, engranando una trama rica, densa y sorprendente. Nos vuelve testigos de luchas fratricidas, intrigas y traiciones palaciegas en una tierra maldita por la guerra, donde fuerzas ocultas se alzan de nuevo y acechan para reinar en las noches del largo invierno que se avecina.<\/div>\n<div><img decoding=\"async\" class=\"aligncenter\" alt=\"choque de reyes\" src=\"http:\/\/3.bp.blogspot.com\/-9njrhLdXisA\/UI-YRF3MakI\/AAAAAAAAA-g\/C8U598338_4\/s1600\/Cubierta+Ficci%C3%B3n+021+-+Choque+de+reyes+13.%C2%AA+edici%C3%B3n.jpg\" border=\"0\" \/><\/div>\n<div><\/div>\n<div><\/div>\n<div><strong>3.Tormenta de Espadas.<\/strong><\/div>\n<div><\/div>\n<div><strong><strong><b>*Nota:<\/b>\u00a0Este libro esta dividido en dos tomos. Coloco las dos partes separadas.<\/strong><\/strong><b>TOMO 1<\/b><br \/>\n<b>Peso:<\/b>\u00a01.6MB \/ 2.1 MB<br \/>\n<b>Tipo:<\/b>\u00a0Word \/ PDF<br \/>\n<b>Link Word:<\/b>\u00a0<a href=\"https:\/\/mega.co.nz\/#!9lsRXYJD!Khu8vlQK0vXUQ482lgWQd115MsEh88N0kPJyQb05Uu0\" target=\"_blank\" rel=\"nofollow\">MEGA<\/a><br \/>\n<b>Link PDF:<\/b>\u00a0<a href=\"https:\/\/mega.co.nz\/#!I1lwlAAC!dgtmCiYIxChVEfy-n2uhXw2A1zlyQhxFBhZfYLJKuJ0\" target=\"_blank\" rel=\"nofollow\">MEGA<\/a><b>TOMO 2<\/b><br \/>\n<b>Peso:<\/b>\u00a01.5MB \/ 2.0MB<br \/>\n<b>Tipo:<\/b>\u00a0Word \/ PDF<br \/>\n<b>Link Word:<\/b>\u00a0<a href=\"https:\/\/mega.co.nz\/#!899SUbIK!MAtJODMVhyU2Ez5YFfYF-XASYRwX1iDLMIm5pSf_4S8\" target=\"_blank\" rel=\"nofollow\">MEGA<\/a><br \/>\n<b>Link PDF:<\/b>\u00a0<a href=\"https:\/\/mega.co.nz\/#!NllBVCDI!Cl8eKHVePncjEVjfeZW6xkmFkBJsZESPBjimvVDelZY\" target=\"_blank\" rel=\"nofollow\">MEGA<\/a><\/p>\n<div><\/div>\n<div>Las huestes de los fugaces reyes de Poniente, descompuestas en hordas, asuelan y esquilman una tierra castigada por la guerra e indefensa ante un invierno que se anuncia inusitadamente crudo. Las alianzas nacen y se desvanecen como volutas de humo bajo el viento helado del Norte. Ajena a las intrigas palaciegas, e ignorante del aut\u00e9ntico peligro en ciernes, la Guardia de la Noche se ve desbordada por los salvajes. Y al otro lado del mundo, Daenerys Targaryen intenta reclutar en las Ciudades Libres un ej\u00e9rcito con el que desembarcar en su tierra.<br \/>\nMartin hace que lo imposible parezca sencillo. Tormenta de espadas confirma Canci\u00f3n de hielo y fuego como un hito de la fantas\u00eda \u00e9pica. Brutal y po\u00e9tica, conmovedora y cruel, la magia de Martin, como la del mundo de Poniente, necesita apenas una pincelada para cautivar al lector, hacerlo re\u00edr y llorar, y conseguir que el asombro ceda paso a la m\u00e1s profunda admiraci\u00f3n por la serie.<\/div>\n<div><img decoding=\"async\" class=\"aligncenter\" alt=\"game of thrones\" src=\"http:\/\/www.gigamesh.com\/portadas\/libros32.jpg\" border=\"0\" \/><\/div>\n<div><\/div>\n<div><strong>4. Fest\u00edn de Cuervos.<\/strong><\/div>\n<div><\/div>\n<div><strong><b>Peso:<\/b>\u00a02.6MB \/ 3.6MB<br \/>\n<b>Tipo:<\/b>\u00a0Word \/ PDF<br \/>\n<b>Link Word:<\/b>\u00a0<a href=\"https:\/\/mega.co.nz\/#!wwUhWKoC!Cg0OrEh0dRi4QyH-JBonfxgAzm9JyGw_zT9fGE8Vk0Y\" target=\"_blank\" rel=\"nofollow\">MEGA<\/a><br \/>\n<b>Link PDF:<\/b>\u00a0<a href=\"https:\/\/mega.co.nz\/#!Q1UGQIib!Z8r6fk2lQhSkOxAiTRnYHleYltYzg5RDzyFJJxUdCeM\" target=\"_blank\" rel=\"nofollow\">MEGA<\/a>\u00a0<\/strong><\/div>\n<div><strong><\/strong><\/p>\n<div>Mientras los vientos del oto\u00f1o desnudan los \u00e1rboles, las \u00faltimas cosechas se pudren en los pocos campos que no han sido devastados por la guerra, y por los r\u00edos te\u00f1idos de rojo bajan cad\u00e1veres de todos los blasones y estirpes. Y aunque casi todo Poniente yace extenuado, en diversos rincones florecen nuevas e inquietantes intrigas que ans\u00edan nutrirse de los despojos de un reino moribundo. George R.R. Martin contin\u00faa sumando hordas de seguidores incondicionales mientras desgrana, con pulso firme y certero, una de las experiencias literarias m\u00e1s ambiciosas y apasionantes que se hayan propuesto nunca en el terreno de la fantas\u00eda. Fest\u00edn de cuervos, como la calma que precede a la tempestad, desarrolla nuevos personajes y tramas de un retablo tenso y sobrecogedor.<\/div>\n<div><img decoding=\"async\" alt=\"storm of swords\" src=\"http:\/\/images3.wikia.nocookie.net\/__cb20130204013545\/hieloyfuego\/images\/b\/b5\/Festin_de_Cuervos.jpg\" border=\"0\" \/><\/div>\n<div><\/div>\n<div><strong>5. Danza de Dragones.<\/strong><\/div>\n<div><\/div>\n<div><b>Peso:<\/b>\u00a06.8MB \/ 16.1 MB (No tengo idea porque salieron tan pesados)<br \/>\n<b>Tipo:<\/b>\u00a0Word \/ PDF<br \/>\n<b>Link Word:<\/b>\u00a0<a href=\"https:\/\/mega.co.nz\/#!Utlh1BiJ!YmfKtB8pJZ9Va5jgVofXLjNxaM9guRF8NlT9m2vlnfg\" target=\"_blank\" rel=\"nofollow\">MEGA<\/a><br \/>\n<b>Link PDF:<\/b>\u00a0<a href=\"https:\/\/mega.co.nz\/#!9pcQmYrD!M7ho20aOEtnIzxESI1nASX0Z6RQohKa_-5LsYXYAyhs\" target=\"_blank\" rel=\"nofollow\">MEGA<\/a><\/div>\n<div><strong><\/strong><\/p>\n<div>Danza de dragones es la quinta entrega de la serie Canci\u00f3n de Hielo y Fuego, en la que su autor retoma personajes como el Rey Stannis, Jon Nieve, Tyrion Lannister o Daenerys Targaryen, narrando sus peripecias bien en el lejano norte, junto al muro, o en el caluroso sur de las ciudades esclavistas.<\/div>\n<div><img decoding=\"async\" alt=\"feast for crows\" src=\"http:\/\/2.bp.blogspot.com\/-x9avxtqE3yc\/T9IPBlYgLzI\/AAAAAAAADMA\/LdOE9LOo_hM\/s1600\/Poster48x68Danzaq.jpg\" border=\"0\" \/><\/div>\n<\/div>\n<\/div>\n<\/div>\n<\/div>\n","protected":false},"excerpt":{"rendered":"<p>Hola, les quiero compartir los libros de esta excelente saga , pues si son impacientes y sienten que quieren llenar aun mas su adicci\u00f3n por esta serie, lo mejor es leer los libros, te saciaran y son lo bastante largos para mantenerte con las ganas hasta la siguiente temporada. 1. Juego de Tronos. Peso:\u00a02.2MB \/ <a href=\"https:\/\/blog.espol.edu.ec\/jesalnav\/la-novela\/\">Continue reading &#8594;<\/a><\/p>\n","protected":false},"author":8855,"featured_media":0,"parent":0,"menu_order":0,"comment_status":"open","ping_status":"open","template":"","meta":{"footnotes":""},"class_list":["post-24","page","type-page","status-publish","hentry"],"_links":{"self":[{"href":"https:\/\/blog.espol.edu.ec\/jesalnav\/wp-json\/wp\/v2\/pages\/24","targetHints":{"allow":["GET"]}}],"collection":[{"href":"https:\/\/blog.espol.edu.ec\/jesalnav\/wp-json\/wp\/v2\/pages"}],"about":[{"href":"https:\/\/blog.espol.edu.ec\/jesalnav\/wp-json\/wp\/v2\/types\/page"}],"author":[{"embeddable":true,"href":"https:\/\/blog.espol.edu.ec\/jesalnav\/wp-json\/wp\/v2\/users\/8855"}],"replies":[{"embeddable":true,"href":"https:\/\/blog.espol.edu.ec\/jesalnav\/wp-json\/wp\/v2\/comments?post=24"}],"version-history":[{"count":9,"href":"https:\/\/blog.espol.edu.ec\/jesalnav\/wp-json\/wp\/v2\/pages\/24\/revisions"}],"predecessor-version":[{"id":65,"href":"https:\/\/blog.espol.edu.ec\/jesalnav\/wp-json\/wp\/v2\/pages\/24\/revisions\/65"}],"wp:attachment":[{"href":"https:\/\/blog.espol.edu.ec\/jesalnav\/wp-json\/wp\/v2\/media?parent=24"}],"curies":[{"name":"wp","href":"https:\/\/api.w.org\/{rel}","templated":true}]}}