{"id":7,"date":"2013-11-05T11:46:28","date_gmt":"2013-11-05T11:46:28","guid":{"rendered":"http:\/\/blog.espol.edu.ec\/jesalnav\/?page_id=7"},"modified":"2013-11-20T06:20:37","modified_gmt":"2013-11-20T06:20:37","slug":"jovenes-talentos","status":"publish","type":"page","link":"https:\/\/blog.espol.edu.ec\/jesalnav\/jovenes-talentos\/","title":{"rendered":"J\u00f3venes Talentos"},"content":{"rendered":"<p>Los ni\u00f1os que aparecen en las 3 temporadas de Juego de Tronos (Game of Thrones)<\/p>\n<p style=\"text-align: center\"><strong>Maisie Williams -\u00a0Arya Stark<\/strong><\/p>\n<div><strong><a href=\"http:\/\/blog.espol.edu.ec\/jesalnav\/files\/2013\/11\/maisie-williams-juego-tronos.jpg\"><img loading=\"lazy\" decoding=\"async\" class=\"size-medium wp-image-34 aligncenter\" style=\"border: 1px solid black;margin-top: 1px;margin-bottom: 1px\" title=\"Maisie Williams - Arya Stark\" alt=\"maisie-williams-juego-tronos\" src=\"http:\/\/blog.espol.edu.ec\/jesalnav\/files\/2013\/11\/maisie-williams-juego-tronos-300x150.jpg\" width=\"300\" height=\"150\" srcset=\"https:\/\/blog.espol.edu.ec\/jesalnav\/files\/2013\/11\/maisie-williams-juego-tronos-300x150.jpg 300w, https:\/\/blog.espol.edu.ec\/jesalnav\/files\/2013\/11\/maisie-williams-juego-tronos.jpg 660w\" sizes=\"auto, (max-width: 300px) 100vw, 300px\" \/><\/a><\/strong><\/div>\n<div>\n<p><strong>Maisie Williams<\/strong>\u00a0es la actriz inglesa (1997) que interpreta a la hija menor de Eddard y Catelyn Stark en Juego de Tronos, Arya Stark. Y es una actriz brillante, fresca y natural, a pesar de que \u00e9ste ha sido su primer papel como actriz de cine o televisi\u00f3n.<\/p>\n<p>Su carrera, por tanto, es muy reciente, aunque promete mucho; de momento una temporada m\u00e1s de Juego de Tronos, que se corresponder\u00e1 con las aventuras de Arya Stark narradas en el libro Choque de Reyes. Seguramente la veremos brillar tanto como hasta ahora.<\/p>\n<p>Por su interpretaci\u00f3n en el papel de Arya Stark, ha sido nominada a los Screen Actors Guild Awards de 2012.<\/p>\n<p>En una entrevista que la revista Weekly Entertainment realiz\u00f3 a los productores ejecutivos de la serie, David Benioff y Dan Weiss, \u00e9stos afirmaron que\u00a0<strong>Maisie Williams<\/strong>\u00a0destacaba entre los ni\u00f1os actores.<\/p>\n<div>\n<div>\n<div style=\"text-align: center\"><strong>Jack Gleeson - Joffrey Baratheon<\/strong><\/div>\n<\/div>\n<\/div>\n<p><a href=\"http:\/\/blog.espol.edu.ec\/jesalnav\/files\/2013\/11\/487px-Jack_Gleeson_August_2012_headshot.jpg\"><img loading=\"lazy\" decoding=\"async\" class=\"size-medium wp-image-38 aligncenter\" alt=\"487px-Jack_Gleeson_(August_2012)_(headshot)\" src=\"http:\/\/blog.espol.edu.ec\/jesalnav\/files\/2013\/11\/487px-Jack_Gleeson_August_2012_headshot-243x300.jpg\" width=\"243\" height=\"300\" srcset=\"https:\/\/blog.espol.edu.ec\/jesalnav\/files\/2013\/11\/487px-Jack_Gleeson_August_2012_headshot-243x300.jpg 243w, https:\/\/blog.espol.edu.ec\/jesalnav\/files\/2013\/11\/487px-Jack_Gleeson_August_2012_headshot.jpg 487w\" sizes=\"auto, (max-width: 243px) 100vw, 243px\" \/><\/a><\/p>\n<p><strong>Jack Gleeson<\/strong>\u00a0naci\u00f3 en Irlanda en 1993, y comenz\u00f3 su carrera siendo a\u00fan un ni\u00f1o, protagonizando varios cortometrajes en su pa\u00eds de origen. En 2005 lo vimos fugazmente en Batman Begins junto a un excelente reparto formado por Christian Bale, Katie Holmes, Gary Oldman y Morgan Freeman entre otros.<\/p>\n<p>&nbsp;<\/p>\n<p>Despu\u00e9s ha protagonizado diversas pel\u00edculas, como \"Cabeza de muerte\" (2007); \"A Shine of rainbows\" (2009), un drama coproducido entre Irlanda e Inglaterra; y \"All Good Children\" (2010), film melodram\u00e1tico en que interpreta a un hu\u00e9rfano irland\u00e9s que se va a vivir junto con su hermana a casa de sus t\u00edos en Francia, tras la muerte de su madre.<\/p>\n<div>\n<div style=\"text-align: center\"><strong>Sophie Turner - Sansa Stark<\/strong><\/div>\n<div style=\"text-align: center\"><\/div>\n<div style=\"text-align: center\"><a href=\"http:\/\/blog.espol.edu.ec\/jesalnav\/files\/2013\/11\/Sansa-Stark.jpg\"><img loading=\"lazy\" decoding=\"async\" class=\"alignnone size-medium wp-image-43\" alt=\"Sansa-Stark\" src=\"http:\/\/blog.espol.edu.ec\/jesalnav\/files\/2013\/11\/Sansa-Stark-300x150.jpg\" width=\"300\" height=\"150\" srcset=\"https:\/\/blog.espol.edu.ec\/jesalnav\/files\/2013\/11\/Sansa-Stark-300x150.jpg 300w, https:\/\/blog.espol.edu.ec\/jesalnav\/files\/2013\/11\/Sansa-Stark.jpg 660w\" sizes=\"auto, (max-width: 300px) 100vw, 300px\" \/><\/a><\/div>\n<div style=\"text-align: center\"><\/div>\n<div style=\"text-align: center\">\n<p style=\"text-align: left\"><strong>Sophie Turner<\/strong>\u00a0es una actriz inglesa que nacer\u00eda el 21 de febrero de 1996.<\/p>\n<p style=\"text-align: left\">Con sus 15 a\u00f1os, ser\u00eda escogida para protagonizar a la mayor de las hermanas Stark, Sansa en la serie de Juego de Tronos.<\/p>\n<p style=\"text-align: left\">No se conoce mucho de su joven vida, pero estudia en una compa\u00f1\u00eda teatral para j\u00f3venes actores (entre 5 y 25 a\u00f1os) llamada Playbox Theatre.<\/p>\n<p><strong>Isaac Hempstead - Bran Stark<\/strong><\/p>\n<p><a href=\"http:\/\/blog.espol.edu.ec\/jesalnav\/files\/2013\/11\/brandon.jpg\"><img loading=\"lazy\" decoding=\"async\" class=\"alignnone size-medium wp-image-45\" alt=\"brandon\" src=\"http:\/\/blog.espol.edu.ec\/jesalnav\/files\/2013\/11\/brandon-300x180.jpg\" width=\"300\" height=\"180\" srcset=\"https:\/\/blog.espol.edu.ec\/jesalnav\/files\/2013\/11\/brandon-300x180.jpg 300w, https:\/\/blog.espol.edu.ec\/jesalnav\/files\/2013\/11\/brandon.jpg 640w\" sizes=\"auto, (max-width: 300px) 100vw, 300px\" \/><\/a><\/p>\n<p>&nbsp;<\/p>\n<p style=\"text-align: left\">William Isaac Hempstead-Wright (Inglaterra, Reino Unido, 19 de abril de 1999) es un actor ingl\u00e9s conocido por su papel de Bran Stark en la serie de HBO Game of Thrones y por su papel de Tom en The Awakening.<\/p>\n<p style=\"text-align: left\">Debut\u00f3 en el 2011 con su papel de Tom en la pel\u00edcula The Awakening. En el mismo a\u00f1o, fue elegido para el papel de Bran Stark en la popular serie de HBO Game of Thrones, que le vali\u00f3 una nominaci\u00f3n para un Young Artist Award al Mejor Actor de Reparto joven en una serie de TV.<\/p>\n<p style=\"text-align: left\">En la actualidad, reside en Faversham, Kent, con su familia, y est\u00e1 haciendo malabares entre la escuela y el trabajo como actor<\/p>\n<p><strong>Thomas Sangster - Jojen Reed<\/strong><\/p>\n<div>\n<ul>\n<li><a href=\"http:\/\/blog.espol.edu.ec\/jesalnav\/files\/2013\/11\/400px-ThomasSangsterJuly06.jpg\"><img loading=\"lazy\" decoding=\"async\" class=\"alignnone size-medium wp-image-47\" alt=\"400px-ThomasSangsterJuly06\" src=\"http:\/\/blog.espol.edu.ec\/jesalnav\/files\/2013\/11\/400px-ThomasSangsterJuly06-200x300.jpg\" width=\"200\" height=\"300\" srcset=\"https:\/\/blog.espol.edu.ec\/jesalnav\/files\/2013\/11\/400px-ThomasSangsterJuly06-200x300.jpg 200w, https:\/\/blog.espol.edu.ec\/jesalnav\/files\/2013\/11\/400px-ThomasSangsterJuly06.jpg 400w\" sizes=\"auto, (max-width: 200px) 100vw, 200px\" \/><\/a>\n<div><\/div>\n<\/li>\n<\/ul>\n<div><\/div>\n<div style=\"text-align: left\"><span style=\"text-align: left\">Thomas Brodie Sangster (Londres, Inglaterra, 16 de mayo de 1990) es un actor brit\u00e1nico, m\u00e1s conocido por sus actuaciones en las pel\u00edculas Love Actually (2003), Nanny McPhee (2005) y The Last Legion (2007).<\/span><\/div>\n<div style=\"text-align: left\"><\/div>\n<div style=\"text-align: left\">Sangster naci\u00f3 en el sur de Londres en 1990, donde a\u00fan vive con su hermana, Ava, y sus padres, los actores Tasha Bertram y Mark Sangster. Su madre, bailarina y actriz, ha aparecido en varias pel\u00edculas de la BBC mientras que su padre, quien tambi\u00e9n es m\u00fasico, protagoniza el musical The Lion King en Alemania. Sangster es primo segundo del actor Hugh Grant, junto a quien aparece en Love Actually; su abuela, Barbara Bertram, y la abuela de Grant son hermanas. El abuelo de Sangster, Anthony Bertram, fue un novelista. Los intereses de Sangster son la pintura, el tenis, dibujar y el skate. Mide 1.79 m. Estudia en Pimlico School en Pimlico, Londres.<\/div>\n<div style=\"text-align: left\"><\/div>\n<div style=\"text-align: left\"><\/div>\n<\/div>\n<\/div>\n<\/div>\n<\/div>\n","protected":false},"excerpt":{"rendered":"<p>Los ni\u00f1os que aparecen en las 3 temporadas de Juego de Tronos (Game of Thrones) Maisie Williams -\u00a0Arya Stark Maisie Williams\u00a0es la actriz inglesa (1997) que interpreta a la hija menor de Eddard y Catelyn Stark en Juego de Tronos, Arya Stark. Y es una actriz brillante, fresca y natural, a pesar de que \u00e9ste <a href=\"https:\/\/blog.espol.edu.ec\/jesalnav\/jovenes-talentos\/\">Continue reading &#8594;<\/a><\/p>\n","protected":false},"author":8855,"featured_media":0,"parent":0,"menu_order":0,"comment_status":"open","ping_status":"closed","template":"","meta":{"footnotes":""},"class_list":["post-7","page","type-page","status-publish","hentry"],"_links":{"self":[{"href":"https:\/\/blog.espol.edu.ec\/jesalnav\/wp-json\/wp\/v2\/pages\/7","targetHints":{"allow":["GET"]}}],"collection":[{"href":"https:\/\/blog.espol.edu.ec\/jesalnav\/wp-json\/wp\/v2\/pages"}],"about":[{"href":"https:\/\/blog.espol.edu.ec\/jesalnav\/wp-json\/wp\/v2\/types\/page"}],"author":[{"embeddable":true,"href":"https:\/\/blog.espol.edu.ec\/jesalnav\/wp-json\/wp\/v2\/users\/8855"}],"replies":[{"embeddable":true,"href":"https:\/\/blog.espol.edu.ec\/jesalnav\/wp-json\/wp\/v2\/comments?post=7"}],"version-history":[{"count":14,"href":"https:\/\/blog.espol.edu.ec\/jesalnav\/wp-json\/wp\/v2\/pages\/7\/revisions"}],"predecessor-version":[{"id":33,"href":"https:\/\/blog.espol.edu.ec\/jesalnav\/wp-json\/wp\/v2\/pages\/7\/revisions\/33"}],"wp:attachment":[{"href":"https:\/\/blog.espol.edu.ec\/jesalnav\/wp-json\/wp\/v2\/media?parent=7"}],"curies":[{"name":"wp","href":"https:\/\/api.w.org\/{rel}","templated":true}]}}