{"id":2,"date":"2016-10-13T13:46:49","date_gmt":"2016-10-13T13:46:49","guid":{"rendered":"http:\/\/blog.espol.edu.ec\/jesusflores\/?page_id=2"},"modified":"2016-10-25T07:57:28","modified_gmt":"2016-10-25T12:57:28","slug":"pagina-ejemplo","status":"publish","type":"page","link":"https:\/\/blog.espol.edu.ec\/jesusflores\/","title":{"rendered":"Inicio"},"content":{"rendered":"<p>Sean bienvenidos entonces a la sesi\u00f3n de hoy.<br \/>\nEl espacio de hoy ser\u00e1 dedicado al an\u00e1lisis conceptual y visual de algunos v\u00eddeos y g\u00e9neros musicales, mi prop\u00f3sito es darle un punto de vista sobre aquello. Sin m\u00e1s, empecemos.<\/p>\n<p><iframe loading=\"lazy\" title=\"MACINTOSH PLUS - \u82b1\u306e\u5c02\u9580\u5e97\" width=\"584\" height=\"438\" src=\"https:\/\/www.youtube.com\/embed\/si1llfNXsI0?feature=oembed\" frameborder=\"0\" allow=\"accelerometer; autoplay; clipboard-write; encrypted-media; gyroscope; picture-in-picture; web-share\" referrerpolicy=\"strict-origin-when-cross-origin\" allowfullscreen><\/iframe><\/p>\n<p><strong>Macintosh plus<\/strong><\/p>\n<p><a href=\"https:\/\/vektroid.bandcamp.com\/album\/floral-shoppe\">Macintosh plus<\/a> es el alter ego que tiene la productora norte americana\u00a0Ramona Andra Xavier que a pesar tener otros proyectos como\u00a0New Dreams Ltd, PrismCorp Virtual Enterprises, Laserdisc Visions, \u60c5\u5831\u30c7\u30b9\u30afVIRTUAL\u00a0y\u00a0dstnt, Macintosh plus es sin duda el m\u00e1s conocido, no solo por el hecho de que se haya vuelto viral por una serie de memes en diversas redes sociales, sino por ser una de las pioneras en el genero\u00a0<strong>vaporwave.<\/strong><\/p>\n<p>No hablare del genero en si por que me tomar\u00eda todo el d\u00eda, as\u00ed que profundizare solo en el v\u00eddeo. Macintosh plus hace puramente m\u00fasica y una visual m\u00e1s \"est\u00e1tica\" que en movimiento, tal es el caso de la portada de su EP\u00a0\u00a0Florarl Shoppe, sin embargo la est\u00e9tica audiovisual en el vaporwave es muy rica, va desde los puros tapes de vhs que tratan sobre comerciales de tv que sal\u00edan entre programas que ya fueron olvidados con el pasar de los a\u00f1os, hasta animaciones digitales de mediados de los 80s y finales de los 90s.<\/p>\n<p>En el v\u00eddeo podremos observar perfectamente esto, acompa\u00f1ado de una de las canciones del EP;\u00a0\u82b1\u306e\u5c02\u9580\u5e97. Sin duda es un v\u00eddeo que transmite mucha nostalgia, los loops del <a href=\"https:\/\/es.wikipedia.org\/wiki\/Sample\">sample<\/a> cortados de esa manera acompa\u00f1ados de las im\u00e1genes crean un cierto agujero en la consciente del espectador, haci\u00e9ndote sentir que quisieras estar en un verano de la d\u00e9cada del 80s mientras tomas una pepsi en la playa viendo el atardecer, eso es macintosh plus, junto a esto tambi\u00e9n esta un poco el trasfondo art\u00edstico\/protestante, que me recuerda mucho a ciertas obras de \u00edndole pop art, como se puede observar en el minuto 2:13, ese circulo repetitivo del ser humano por consumir lo mismo y lo mismo una y otra y otra vez, algo muy interesante. Para\u00a0cualquier tipo de persona el v\u00eddeo puede resultar extra\u00f1o y hasta aterrador debido a los cortes y los tapes de vhs que nada tienen que ver, pero si que es cierto que esa es en parte el alma del vaporwave, los invito entonces a conocer m\u00e1s del genero\u00a0y todas sus variantes.<\/p>\n<p><iframe loading=\"lazy\" title=\"Death Grips - You might think he loves you for your money but I know what he really loves you for...\" width=\"584\" height=\"329\" src=\"https:\/\/www.youtube.com\/embed\/y2cQvZPX3OY?feature=oembed\" frameborder=\"0\" allow=\"accelerometer; autoplay; clipboard-write; encrypted-media; gyroscope; picture-in-picture; web-share\" referrerpolicy=\"strict-origin-when-cross-origin\" allowfullscreen><\/iframe><\/p>\n<p><strong>Death Grips<\/strong><\/p>\n<p><a href=\"https:\/\/deathgrips.bandcamp.com\/\">Death grips <\/a>es un tri\u00f3 de Sacramento-California\u00a0conformado por el vocalista\u00a0Stefan Burnett aka Mc ride, el baterista zach hill, conocido por proyectos como hella y otros bajo su mismo nombre, y \u00a0el tecladista y co-productor\u00a0Andy Morin. En lo personal no podr\u00eda encasillar en un solo genero a death grips ya que siempre abren un abanico rico en matices sonoras sepultando todo tipo de ficha, pero ellos mismos catalogan su trabajo como Flatlander.<\/p>\n<p><strong>\"You might think he loves you for your money but I know what he really loves you for...\"\u00a0<\/strong>por su traducci\u00f3n <strong>\"Se podr\u00eda pensar que te quiere\u00a0por tu dinero, pero s\u00e9 que realmente te quiere\u00a0por ...\"\u00a0<\/strong>es una canci\u00f3n bastante inquietante comenzando por su letra que expresa claramente odio, repulsi\u00f3n y desprecio con un lenguaje que definitivamente no es apto para menores. Sin duda la mezcla de la letra con el ritmo agresivo de los sintetizadores con distorsi\u00f3n y los remates de bater\u00eda crea ese ambiente propicio para golpear a alguien en medio de un pogo en el mismo concierto de death grips.<\/p>\n<p>La visual, por otro lado, te inserta en el misterio con esa flama del inicio, a primera vista no sabes de que se va a tratar el v\u00eddeo hasta que escuchas esa copa romperse y empiezan los versos agresivos de mc ride y te prepara para un viaje de locura con 2 minutos y 58 segundos de su propio rostro expresando diferentes emociones, felicidad, dolor, tristeza, rabia, y su mirada sumergida en la locura es inquietante y te hace sentir que estas apunto de ser asesinado. Los invito entonces a escuchar a Death grips ya que es una banda que vale la pena conocer.<\/p>\n<p><iframe loading=\"lazy\" title=\"Bones - GladWeHaveAnUnderstanding\" width=\"584\" height=\"329\" src=\"https:\/\/www.youtube.com\/embed\/dPGxYXWhCzM?feature=oembed\" frameborder=\"0\" allow=\"accelerometer; autoplay; clipboard-write; encrypted-media; gyroscope; picture-in-picture; web-share\" referrerpolicy=\"strict-origin-when-cross-origin\" allowfullscreen><\/iframe><\/p>\n<p><strong>Bones\/teamsesh<\/strong><\/p>\n<p>Elmo Kennedy O'Connor aka <a href=\"https:\/\/soundcloud.com\/teamsesh\">Bones\/th@kid<\/a>, es\u00a0un\u00a0rapero underground oriundo de Muir Beach - California, caracterizado por desarrollarse en el genero cloud trap y por incluir influencias de generos como el metal core, es uno de los cantantes m\u00e1s respetados de la escena under estadounidense. Bones hace canciones que hablan de muchas cosas, prostituci\u00f3n, drogas, asesinatos, desamor, oscuridad, entre otras.<\/p>\n<p>GladWeHaveAnUnderstanding es un video que en lo personal me encanto cuando lo vi por primera vez, bones se caracteriza mucho por ambientar sus v\u00eddeos con el estilo tape vhs (como en el vaporwave), en este podemos apreciarlo, el ambiente obscuro acompa\u00f1ado de ese sonido de guitarra con mucho reverb y la edici\u00f3n con los cortes y el ruido visual te recuerda un poco a pel\u00edculas de tipo falso documental como la bruja de blair.<\/p>\n<p>La letra de esta canci\u00f3n habla de muchas cosas pero mayoritariamente solo son los sentimientos de elmo y de como ve el mundo que lo rodea. Bones bautiza a la m\u00fasica que hace como genero \"sesh\" que en espa\u00f1ol se traduce como \"sesi\u00f3n\" pero si se contextualiza cada vez que la usa se la podr\u00eda ver como una especie de \"amen\". Recomiendo mucho escuchar m\u00e1s de bones y del<a href=\"https:\/\/soundcloud.com\/teamsesh\"> teamsesh<\/a> que lo conforman otros productores.<\/p>\n","protected":false},"excerpt":{"rendered":"<p>Sean bienvenidos entonces a la sesi\u00f3n de hoy. El espacio de hoy ser\u00e1 dedicado al an\u00e1lisis conceptual y visual de algunos v\u00eddeos y g\u00e9neros musicales, mi prop\u00f3sito es darle un punto de vista sobre aquello. Sin m\u00e1s, empecemos. Macintosh plus &hellip; <a href=\"https:\/\/blog.espol.edu.ec\/jesusflores\/\">Sigue leyendo <span class=\"meta-nav\">&rarr;<\/span><\/a><\/p>\n","protected":false},"author":10551,"featured_media":0,"parent":0,"menu_order":0,"comment_status":"closed","ping_status":"open","template":"","meta":{"footnotes":""},"class_list":["post-2","page","type-page","status-publish","hentry"],"_links":{"self":[{"href":"https:\/\/blog.espol.edu.ec\/jesusflores\/index.php?rest_route=\/wp\/v2\/pages\/2","targetHints":{"allow":["GET"]}}],"collection":[{"href":"https:\/\/blog.espol.edu.ec\/jesusflores\/index.php?rest_route=\/wp\/v2\/pages"}],"about":[{"href":"https:\/\/blog.espol.edu.ec\/jesusflores\/index.php?rest_route=\/wp\/v2\/types\/page"}],"author":[{"embeddable":true,"href":"https:\/\/blog.espol.edu.ec\/jesusflores\/index.php?rest_route=\/wp\/v2\/users\/10551"}],"replies":[{"embeddable":true,"href":"https:\/\/blog.espol.edu.ec\/jesusflores\/index.php?rest_route=%2Fwp%2Fv2%2Fcomments&post=2"}],"version-history":[{"count":15,"href":"https:\/\/blog.espol.edu.ec\/jesusflores\/index.php?rest_route=\/wp\/v2\/pages\/2\/revisions"}],"predecessor-version":[{"id":104,"href":"https:\/\/blog.espol.edu.ec\/jesusflores\/index.php?rest_route=\/wp\/v2\/pages\/2\/revisions\/104"}],"wp:attachment":[{"href":"https:\/\/blog.espol.edu.ec\/jesusflores\/index.php?rest_route=%2Fwp%2Fv2%2Fmedia&parent=2"}],"curies":[{"name":"wp","href":"https:\/\/api.w.org\/{rel}","templated":true}]}}