{"id":6,"date":"2016-10-13T14:05:18","date_gmt":"2016-10-13T14:05:18","guid":{"rendered":"http:\/\/blog.espol.edu.ec\/jesusflores\/?page_id=6"},"modified":"2016-10-22T12:49:30","modified_gmt":"2016-10-22T17:49:30","slug":"mi-primera-entrada","status":"publish","type":"page","link":"https:\/\/blog.espol.edu.ec\/jesusflores\/?page_id=6","title":{"rendered":"Bienvenidos"},"content":{"rendered":"<p>Bienvenidos<img loading=\"lazy\" decoding=\"async\" class=\"size-full wp-image-29 alignleft\" src=\"http:\/\/blog.espol.edu.ec\/jesusflores\/files\/2016\/10\/6bd.jpg\" alt=\"6bd\" width=\"163\" height=\"225\" \/> a tu rinc\u00f3n obscuro, un espacio creado para compartir y explorar la parte negativa interior del ser humano. En este blog podr\u00e1n leer historias, poemas, an\u00e9cdotas m\u00edas o ajenas, creepypastas y juegos, hablaremos tambi\u00e9n de obras de arte tanto pl\u00e1sticas como sonoras. Todo el contenido publicado en este blog es meramente ficticio, y con la intenci\u00f3n de entretener, las interpretaciones del mismo quedan bajo el juicio de los lectores y participantes.<\/p>\n","protected":false},"excerpt":{"rendered":"<p>Bienvenidos a tu rinc\u00f3n obscuro, un espacio creado para compartir y explorar la parte negativa interior del ser humano. En este blog podr\u00e1n leer historias, poemas, an\u00e9cdotas m\u00edas o ajenas, creepypastas y juegos, hablaremos tambi\u00e9n de obras de arte tanto &hellip; <a href=\"https:\/\/blog.espol.edu.ec\/jesusflores\/?page_id=6\">Sigue leyendo <span class=\"meta-nav\">&rarr;<\/span><\/a><\/p>\n","protected":false},"author":10551,"featured_media":0,"parent":0,"menu_order":0,"comment_status":"closed","ping_status":"closed","template":"","meta":{"footnotes":""},"class_list":["post-6","page","type-page","status-publish","hentry"],"_links":{"self":[{"href":"https:\/\/blog.espol.edu.ec\/jesusflores\/index.php?rest_route=\/wp\/v2\/pages\/6","targetHints":{"allow":["GET"]}}],"collection":[{"href":"https:\/\/blog.espol.edu.ec\/jesusflores\/index.php?rest_route=\/wp\/v2\/pages"}],"about":[{"href":"https:\/\/blog.espol.edu.ec\/jesusflores\/index.php?rest_route=\/wp\/v2\/types\/page"}],"author":[{"embeddable":true,"href":"https:\/\/blog.espol.edu.ec\/jesusflores\/index.php?rest_route=\/wp\/v2\/users\/10551"}],"replies":[{"embeddable":true,"href":"https:\/\/blog.espol.edu.ec\/jesusflores\/index.php?rest_route=%2Fwp%2Fv2%2Fcomments&post=6"}],"version-history":[{"count":3,"href":"https:\/\/blog.espol.edu.ec\/jesusflores\/index.php?rest_route=\/wp\/v2\/pages\/6\/revisions"}],"predecessor-version":[{"id":30,"href":"https:\/\/blog.espol.edu.ec\/jesusflores\/index.php?rest_route=\/wp\/v2\/pages\/6\/revisions\/30"}],"wp:attachment":[{"href":"https:\/\/blog.espol.edu.ec\/jesusflores\/index.php?rest_route=%2Fwp%2Fv2%2Fmedia&parent=6"}],"curies":[{"name":"wp","href":"https:\/\/api.w.org\/{rel}","templated":true}]}}