{"id":100,"date":"2010-05-30T12:21:46","date_gmt":"2010-05-30T12:21:46","guid":{"rendered":"http:\/\/blog.espol.edu.ec\/jgmartin\/?page_id=100"},"modified":"2010-05-30T12:39:34","modified_gmt":"2010-05-30T12:39:34","slug":"gastronomia","status":"publish","type":"page","link":"https:\/\/blog.espol.edu.ec\/jgmartin\/gastronomia\/","title":{"rendered":"Gastronomia"},"content":{"rendered":"<p>En Guayaquil es posible encontrar restaurantes de comida t\u00edpica, internacional y especializada en diferentes lugares de la ciudad. Los principales sectores de restaurantes internacionales son Urdesa, Alborada y el centro de la ciudad.<\/p>\n<p>Dentro de los platos t\u00edpicos guayaquile\u00f1os se puede destacar el <a title=\"Arroz con menestra\" href=\"http:\/\/laylita.com\/recetas\/2008\/01\/11\/arroz-con-menestra\/\">arroz con menestra <\/a>y carne asada; es un plato preparado con fr\u00e9jol del tipo conocido localmente como canario, aunque tambi\u00e9n se lo puede preparar con lentejas, garbanzos o con otro distinto tipo de fr\u00e9jol, as\u00ed como variantes de carne (chuleta, pescado, pollo o chorizos), la carne debe ser asada al carb\u00f3n y lleva como complemento patacones (trozos de pl\u00e1tano verde frito). Tambi\u00e9n es muy tradicional consumir el t\u00edpico<a title=\"Encebollado\" href=\"http:\/\/recetaecuatoriana.com\/2009\/02\/encebollado-de-pescado\/\"> encebollado<\/a>, un caldo con pescado (albacora o at\u00fan preferentemente) y yuca, y aderezado con cebolla, cilantro y jugo de lim\u00f3n, considerado un excelente reanimador luego de una noche de diversi\u00f3n. Al estar cerca del mar, abundan los mariscos, por lo que tambi\u00e9n son muy consumidos los <a title=\"Ceviche\" href=\"http:\/\/es.wikipedia.org\/wiki\/Cebiche\">ceviches<\/a> sean de pescado (encurtido), camar\u00f3n o concha (cocidos); otro producto de mar, es el cangrejo, muy popular y muy consumido sobre todo los fines de semana en la ciudad, se prepara al ajillo, \"criollo\", en ensalada, etc. Una opci\u00f3n para los desayunos son los <a title=\"Bolones de verde\" href=\"http:\/\/www.edufuturo.com\/educacion.php?c=1113\">bolones de verde<\/a> (bolas de pl\u00e1tano verde frito, que se le da la forma con las manos) con trozos fritos de piel de cerdo (chicharr\u00f3n) o con trozos de queso fresco. Adem\u00e1s est\u00e1n los aperitivos salados como las <a title=\"Humitas\" href=\"http:\/\/es.wikipedia.org\/wiki\/Humita\">humitas<\/a> (elaboradas con ma\u00edz tierno molido, junto a trozos de queso, envueltas en la propia hoja de ma\u00edz), las hayacas (elaboradas con harina de ma\u00edz, junto a trozos de cerdo o pollo, vegetales, uvas pasas, guisantes, envueltas en la hoja de pl\u00e1tano), los <a title=\"Bollos de pescado\" href=\"http:\/\/www.hoy.com.ec\/noticias-ecuador\/la-receta-de-hoy-bollos-de-pescado-326486.html\">bollos de pescado<\/a> (preparado con pl\u00e1tano verde molido, pescado, man\u00ed o cacahuate, envuelto tambi\u00e9n en una hoja de pl\u00e1tano) y las empanadas de pl\u00e1tano verde, rellenas con queso o carne. Tambi\u00e9n destaca el <a title=\"Caldo de salchica\" href=\"http:\/\/www.hoy.com.ec\/especial\/cocina\/ecuador1.htm#ecua029\">caldo de salchicha<\/a> (o de manguera), caldo realizado con menudencias rellenas de sangre y arroz o verde rallado, h\u00edgado, pies, orejas, entre otras partes del cerdo que se utilizan para su elaboraci\u00f3n. Entre los postres, est\u00e1 la t\u00edpica ensalada de frutas, jugo de naranjas al que se le agrega trozos de pi\u00f1a, mel\u00f3n, sand\u00eda, banano, uvas y otras tantas frutas tropicales m\u00e1s al gusto del comensal. Entre las bebidas t\u00edpicas est\u00e1 el qu\u00e1ker, nombre comercial de una marca de cereal, que ha sido adoptado por \u00e9sta bebida, que consiste en una<a title=\"Colada\" href=\"http:\/\/www.enbuenasmanos.com\/articulos\/muestra.asp?art=602\"> colada <\/a>hecha con copos de avena, junto a naranjilla y\/o maracuy\u00e1, canela y panela (bloque de az\u00facar sin refinar) incluidas en su cocci\u00f3n; se puede beber tibia o fr\u00eda.<\/p>\n<p>Entre los establecimientos de comida internacional y especializada, la m\u00e1s consumida es la comida italiana. Existen pizzer\u00edas (con su oferta de pastas y dem\u00e1s comida italiana), parrillas (donde se vende asados o parrilladas al estilo rioplatense), asaderos (venta de pollos asados), chifas (restaurantes de comida china), restaurantes de comida mexicana, as\u00ed como las cadenas mundiales de comida r\u00e1pida, de hamburguesas, pollo frito, pizzas y comida mexicana.<\/p>\n\n\t\t<style type=\"text\/css\">\n\t\t\t#gallery-1 {\n\t\t\t\tmargin: auto;\n\t\t\t}\n\t\t\t#gallery-1 .gallery-item {\n\t\t\t\tfloat: left;\n\t\t\t\tmargin-top: 10px;\n\t\t\t\ttext-align: center;\n\t\t\t\twidth: 33%;\n\t\t\t}\n\t\t\t#gallery-1 img {\n\t\t\t\tborder: 2px solid #cfcfcf;\n\t\t\t}\n\t\t\t#gallery-1 .gallery-caption {\n\t\t\t\tmargin-left: 0;\n\t\t\t}\n\t\t\t\/* see gallery_shortcode() in wp-includes\/media.php *\/\n\t\t<\/style>\n\t\t<div id='gallery-1' class='gallery galleryid-100 gallery-columns-3 gallery-size-thumbnail'><dl class='gallery-item'>\n\t\t\t<dt class='gallery-icon landscape'>\n\t\t\t\t<a href='https:\/\/blog.espol.edu.ec\/jgmartin\/gastronomia\/caldosalchicha\/'><img loading=\"lazy\" decoding=\"async\" width=\"150\" height=\"150\" src=\"https:\/\/blog.espol.edu.ec\/jgmartin\/files\/2010\/05\/caldosalchicha-150x150.jpg\" class=\"attachment-thumbnail size-thumbnail\" alt=\"\" \/><\/a>\n\t\t\t<\/dt><\/dl><dl class='gallery-item'>\n\t\t\t<dt class='gallery-icon landscape'>\n\t\t\t\t<a href='https:\/\/blog.espol.edu.ec\/jgmartin\/gastronomia\/ence\/'><img loading=\"lazy\" decoding=\"async\" width=\"150\" height=\"150\" src=\"https:\/\/blog.espol.edu.ec\/jgmartin\/files\/2010\/05\/ence-150x150.jpg\" class=\"attachment-thumbnail size-thumbnail\" alt=\"\" \/><\/a>\n\t\t\t<\/dt><\/dl><dl class='gallery-item'>\n\t\t\t<dt class='gallery-icon landscape'>\n\t\t\t\t<a href='https:\/\/blog.espol.edu.ec\/jgmartin\/gastronomia\/bolon-de-verde-3\/'><img loading=\"lazy\" decoding=\"async\" width=\"150\" height=\"150\" src=\"https:\/\/blog.espol.edu.ec\/jgmartin\/files\/2010\/05\/bolon-de-verde-3-150x150.jpg\" class=\"attachment-thumbnail size-thumbnail\" alt=\"\" \/><\/a>\n\t\t\t<\/dt><\/dl><br style=\"clear: both\" \/><dl class='gallery-item'>\n\t\t\t<dt class='gallery-icon landscape'>\n\t\t\t\t<a href='https:\/\/blog.espol.edu.ec\/jgmartin\/gastronomia\/bollo_pescado2\/'><img loading=\"lazy\" decoding=\"async\" width=\"150\" height=\"150\" src=\"https:\/\/blog.espol.edu.ec\/jgmartin\/files\/2010\/05\/bollo_pescado2-150x150.jpg\" class=\"attachment-thumbnail size-thumbnail\" alt=\"\" \/><\/a>\n\t\t\t<\/dt><\/dl>\n\t\t\t<br style='clear: both' \/>\n\t\t<\/div>\n\n","protected":false},"excerpt":{"rendered":"<p>En Guayaquil es posible encontrar restaurantes de comida t\u00edpica, internacional y especializada en diferentes lugares de la ciudad. Los principales sectores de restaurantes internacionales son Urdesa, Alborada y el centro de la ciudad. Dentro de los platos t\u00edpicos guayaquile\u00f1os se puede destacar el arroz con menestra y carne asada; es un plato preparado con fr\u00e9jol [&hellip;]<\/p>\n","protected":false},"author":3769,"featured_media":0,"parent":0,"menu_order":0,"comment_status":"open","ping_status":"open","template":"","meta":{"_monsterinsights_skip_tracking":false,"_monsterinsights_sitenote_active":false,"_monsterinsights_sitenote_note":"","_monsterinsights_sitenote_category":0,"footnotes":""},"class_list":["post-100","page","type-page","status-publish","hentry"],"_links":{"self":[{"href":"https:\/\/blog.espol.edu.ec\/jgmartin\/wp-json\/wp\/v2\/pages\/100","targetHints":{"allow":["GET"]}}],"collection":[{"href":"https:\/\/blog.espol.edu.ec\/jgmartin\/wp-json\/wp\/v2\/pages"}],"about":[{"href":"https:\/\/blog.espol.edu.ec\/jgmartin\/wp-json\/wp\/v2\/types\/page"}],"author":[{"embeddable":true,"href":"https:\/\/blog.espol.edu.ec\/jgmartin\/wp-json\/wp\/v2\/users\/3769"}],"replies":[{"embeddable":true,"href":"https:\/\/blog.espol.edu.ec\/jgmartin\/wp-json\/wp\/v2\/comments?post=100"}],"version-history":[{"count":7,"href":"https:\/\/blog.espol.edu.ec\/jgmartin\/wp-json\/wp\/v2\/pages\/100\/revisions"}],"predecessor-version":[{"id":103,"href":"https:\/\/blog.espol.edu.ec\/jgmartin\/wp-json\/wp\/v2\/pages\/100\/revisions\/103"}],"wp:attachment":[{"href":"https:\/\/blog.espol.edu.ec\/jgmartin\/wp-json\/wp\/v2\/media?parent=100"}],"curies":[{"name":"wp","href":"https:\/\/api.w.org\/{rel}","templated":true}]}}