{"id":112,"date":"2010-05-30T12:52:33","date_gmt":"2010-05-30T12:52:33","guid":{"rendered":"http:\/\/blog.espol.edu.ec\/jgmartin\/?page_id=112"},"modified":"2010-05-30T16:52:20","modified_gmt":"2010-05-30T16:52:20","slug":"pasion-futbolera-de-guayaquil","status":"publish","type":"page","link":"https:\/\/blog.espol.edu.ec\/jgmartin\/pasion-futbolera-de-guayaquil\/","title":{"rendered":"Pasion futbolera de Guayaquil"},"content":{"rendered":"<p><a title=\"bsc\" href=\"http:\/\/www.bsc.ec\/\">BARCELONA S.C<\/a><\/p>\n<p>El Barcelona Sporting Club es un club deportivo de la ciudad de Guayaquil, Ecuador. Fue fundado como club de f\u00fatbol el 1 de mayo de 1925  por varios j\u00f3venes aficionados ecuatorianos y espa\u00f1oles (espec\u00edficamente de Catalu\u00f1a). El club, mejor conocido simplemente como Barcelona, es uno de los equipos con mayor trascendencia en el \u00e1mbito deportivo de la naci\u00f3n. El color que identifica al club es el amarillo, y sus colores secundarios actuales son el negro y el rojo; aunque en sus inicios portaron camiseta y medias negras con pantalones blancos.<\/p>\n<p>Dentro de las principales caracter\u00edsticas del Barcelona est\u00e1 su car\u00e1cter polideportivo. Su principal actividad es el f\u00fatbol y se desempe\u00f1a en la Serie A del Campeonato Ecuatoriano de F\u00fatbol. Adem\u00e1s de su secci\u00f3n principal, la de f\u00fatbol, el club cuenta con secciones profesionales de baloncesto, bolos, boxeo, nataci\u00f3n, volley, b\u00e9isbol, f\u00fatbol sala, atletismo y tenis. En el 2008, su secci\u00f3n de baloncesto qued\u00f3 campe\u00f3n en la Liga Nacional de B\u00e1squet 2008 de Ecuador.<\/p>\n<p>La popularidad del Barcelona no abarca solamente una mayor\u00eda en la ciudad de Guayaquil, sino tambi\u00e9n una gran parte en el \u00e1mbito nacional. La barra brava Sur Oscura es el m\u00e1s representativo grupo del Barcelona, y es considerada la mayor barra del Ecuador. Su nombre proviene del hecho que siempre se sit\u00faa en la parte de la \"General Sur\" del Estadio Monumental Banco Pichincha. Fue fundada en los a\u00f1os 1990 por varios seguidores del equipo, bajo el nombre de Uni\u00f3n Amarilla.  En la actualidad el control en las cercan\u00edas de los estadios es fuerte por parte de los agentes policiales pero hace algunos a\u00f1os, la Sur Oscura se enfrentaba en violentas peleas callejeras contra la Boca del Pozo, la cual es hinchada del Emelec, especialmente en d\u00edas de Cl\u00e1sico del Astillero.<\/p>\n<p>Varios casos de vandalismo se han registrado por parte de esta barra brava como es el caso de la destrucci\u00f3n de una buena parte del Estadio George Capwell del Emelec durante un Cl\u00e1sico del Astillero en el a\u00f1o 2006.<br \/>\nHinchada del Barcelona<\/p>\n<p>La Zona Norte es otra barra brava del Barcelona y \u00e9sta se ubica en el sector de la \"General Norte\" del estadio. Asiste a todos los partidos del equipo cuando juega de local. Es la m\u00e1s joven de las barras del Ecuador aunque no se tiene fecha exacta de su fundaci\u00f3n u organizaci\u00f3n.<\/p>\n<p>Una de las figuras m\u00e1s representativas de la hinchada barcelonista fue la de Julio Espinoza, com\u00fanmente conocido como \"El Hombre de la Campana\", el cual se hizo famoso por su peculiar costumbre de animar al equipo desde las tribunas utilizando una campana. Debido a su pobreza y su necesidad por comprar medicinas para tratar de aplacar sus problemas hep\u00e1ticos y del coraz\u00f3n, tuvo que vender aquella campana por $500. Poco despu\u00e9s volvi\u00f3 a aparecer en el estadio con otra campana. Sin embargo, muri\u00f3 a los 81 a\u00f1os el 30 de junio de 2007. Es recordado por muchos como una de las figuras populares m\u00e1s emblem\u00e1ticas del Barcelona.<\/p>\n<p><a href=\"http:\/\/blog.espol.edu.ec\/jgmartin\/files\/2010\/05\/bsc.jpeg\"><img loading=\"lazy\" decoding=\"async\" class=\"alignleft size-medium wp-image-113\" title=\"bsc\" src=\"http:\/\/blog.espol.edu.ec\/jgmartin\/files\/2010\/05\/bsc-300x224.jpg\" alt=\"\" width=\"300\" height=\"224\" srcset=\"https:\/\/blog.espol.edu.ec\/jgmartin\/files\/2010\/05\/bsc-300x224.jpg 300w, https:\/\/blog.espol.edu.ec\/jgmartin\/files\/2010\/05\/bsc.jpeg 650w\" sizes=\"auto, (max-width: 300px) 100vw, 300px\" \/><\/a><\/p>\n<p><a title=\"emelec\" href=\"http:\/\/www.emelec.com.ec\/\">Club sport emelec<\/a><\/p>\n<p>El <strong>Club Sport Emelec<\/strong> es un club deportivo de la ciudad de Guayaquil,  Provincia del Guayas,  Ecuador.  Fue fundado el 28 de abril de 1929 por el  norteamericano George Capwell, en ese entonces  superintendente de la Empresa El\u00e9ctrica del Ecuador.  Su principal deporte es el f\u00fatbol,  en el cual juega en la Serie A de Ecuador y la ha ganado en diez ocasiones,  siendo el primero en ganarla en su primera edici\u00f3n. Es el \u00fanico equipo  ecuatoriano que ha sido campe\u00f3n en todas las d\u00e9cadas en la que se han  jugado campeonatos nacionales: 1957, 1961, 1965, 1972, 1979, 1988, 1993,  1994, 2001 y 2002.<\/p>\n<p>El estadounidense George Capwell lleg\u00f3 a Guayaquil para ser Superintendente de la Empresa El\u00e9ctrica del Ecuador en 1926.  Era un aficionado al deporte, principalmente del boxeo y b\u00e1squetbol. En 1929, a  finales del mes de abril decidi\u00f3 formar un Club de la empresa  debidamente organizado. Convoc\u00f3 a una asamblea y junto con otros  deportistas, amigos y empleados de la empresa el\u00e9ctrica, como Nathan  Meyers, V\u00edctor Pe\u00f1aherrera, Octavio Arba\u00edza M\u00e1rquez de la Plata y  Rigoberto Alvarado, fund\u00f3 un club deportivo al que se le puso el nombre  de la Empresa El\u00e9ctrica del Ecuador: Emelec<\/p>\n<p>Seg\u00fan consta en el Acta de Fundaci\u00f3n, la primera Junta de Socios se  realiz\u00f3 el 28 de abril de 1929. Desde sus inicios el club contaba con equipos de nataci\u00f3n,  b\u00e9isbol,  boxeo, b\u00e1squetbol y atletismo.  Dado a que su fundador, George Capwell, ten\u00eda predilecci\u00f3n por el  b\u00e9isbol, su idea no fue formar un club deportivo que se centrara en el  f\u00fatbol. Poco tiempo despu\u00e9s se cre\u00f3 la rama de ese deporte, y el 7 de  junio de 1929,  el equipo de f\u00fatbol de Emelec se afili\u00f3 a la Federaci\u00f3n Deportiva del  Guayas. Ingres\u00f3 a la Serie C, donde debut\u00f3 el 24  de junio, con una derrota de 2 a 1 frente a Gimn\u00e1stico.<\/p>\n<p>Sin embargo, la historia de Emelec empez\u00f3 antes de su fundaci\u00f3n  oficial. En 1925 ya exist\u00eda un Emelec, que jugaba los campeonatos de la Uni\u00f3n Deportiva  Comercial de Guayaquil que fue creada en 1923. Aquel  Emelec, que estaba constituido por empleados de la Empresa El\u00e9ctrica,  sirvi\u00f3 de inspiraci\u00f3n para que cuatro a\u00f1os despu\u00e9s se fundara  oficialmente el Club Sport Emelec.<\/p>\n<p><a href=\"http:\/\/blog.espol.edu.ec\/jgmartin\/files\/2010\/05\/emelec_hinchada.jpg\"><img loading=\"lazy\" decoding=\"async\" class=\"alignleft size-medium wp-image-117\" title=\"emelec_hinchada\" src=\"http:\/\/blog.espol.edu.ec\/jgmartin\/files\/2010\/05\/emelec_hinchada-300x225.jpg\" alt=\"\" width=\"300\" height=\"225\" srcset=\"https:\/\/blog.espol.edu.ec\/jgmartin\/files\/2010\/05\/emelec_hinchada-300x225.jpg 300w, https:\/\/blog.espol.edu.ec\/jgmartin\/files\/2010\/05\/emelec_hinchada.jpg 800w\" sizes=\"auto, (max-width: 300px) 100vw, 300px\" \/><\/a><\/p>\n","protected":false},"excerpt":{"rendered":"<p>BARCELONA S.C El Barcelona Sporting Club es un club deportivo de la ciudad de Guayaquil, Ecuador. Fue fundado como club de f\u00fatbol el 1 de mayo de 1925 por varios j\u00f3venes aficionados ecuatorianos y espa\u00f1oles (espec\u00edficamente de Catalu\u00f1a). El club, mejor conocido simplemente como Barcelona, es uno de los equipos con mayor trascendencia en el [&hellip;]<\/p>\n","protected":false},"author":3769,"featured_media":0,"parent":0,"menu_order":0,"comment_status":"open","ping_status":"open","template":"","meta":{"_monsterinsights_skip_tracking":false,"_monsterinsights_sitenote_active":false,"_monsterinsights_sitenote_note":"","_monsterinsights_sitenote_category":0,"footnotes":""},"class_list":["post-112","page","type-page","status-publish","hentry"],"_links":{"self":[{"href":"https:\/\/blog.espol.edu.ec\/jgmartin\/wp-json\/wp\/v2\/pages\/112","targetHints":{"allow":["GET"]}}],"collection":[{"href":"https:\/\/blog.espol.edu.ec\/jgmartin\/wp-json\/wp\/v2\/pages"}],"about":[{"href":"https:\/\/blog.espol.edu.ec\/jgmartin\/wp-json\/wp\/v2\/types\/page"}],"author":[{"embeddable":true,"href":"https:\/\/blog.espol.edu.ec\/jgmartin\/wp-json\/wp\/v2\/users\/3769"}],"replies":[{"embeddable":true,"href":"https:\/\/blog.espol.edu.ec\/jgmartin\/wp-json\/wp\/v2\/comments?post=112"}],"version-history":[{"count":7,"href":"https:\/\/blog.espol.edu.ec\/jgmartin\/wp-json\/wp\/v2\/pages\/112\/revisions"}],"predecessor-version":[{"id":115,"href":"https:\/\/blog.espol.edu.ec\/jgmartin\/wp-json\/wp\/v2\/pages\/112\/revisions\/115"}],"wp:attachment":[{"href":"https:\/\/blog.espol.edu.ec\/jgmartin\/wp-json\/wp\/v2\/media?parent=112"}],"curies":[{"name":"wp","href":"https:\/\/api.w.org\/{rel}","templated":true}]}}