{"id":140,"date":"2010-05-30T14:40:51","date_gmt":"2010-05-30T14:40:51","guid":{"rendered":"http:\/\/blog.espol.edu.ec\/jgmartin\/?page_id=140"},"modified":"2010-06-01T00:40:26","modified_gmt":"2010-06-01T00:40:26","slug":"lugares-turisticos","status":"publish","type":"page","link":"https:\/\/blog.espol.edu.ec\/jgmartin\/lugares-turisticos\/","title":{"rendered":"Lugares Turisticos De la ciudad"},"content":{"rendered":"<p><a title=\"cerro santa ana\" href=\"http:\/\/www.visitaecuador.com\/index.php?hasta=20&amp;codi_seccion=0&amp;cod_seccion=5&amp;codigo=OhL3IbzN\">.Cerro santa Ana<\/a>: El cerro, llamado antiguamente <strong>Cerrito Verde<\/strong>, es el sitio donde  se origin\u00f3 la ciudad, ya que en sus faldas se produjo su definitiva  fundaci\u00f3n en 1547. Cuenta la leyenda que Nino de Lecumberri, espa\u00f1ol  buscador de tesoros, invoc\u00f3 a Santa Ana cuando se encontraba en peligro  de muerte. En agradecimiento coloc\u00f3 una Cruz con la leyenda \u201cSanta Ana\u201d  en la cima del cerro, nombre que sustituy\u00f3 desde entonces al de Cerrito  Verde.<\/p>\n<p><a href=\"http:\/\/blog.espol.edu.ec\/jgmartin\/files\/2010\/05\/cerr.jpg\"><img loading=\"lazy\" decoding=\"async\" class=\"aligncenter size-medium wp-image-141\" title=\"Escaleras del cerro\" src=\"http:\/\/blog.espol.edu.ec\/jgmartin\/files\/2010\/05\/cerr-300x225.jpg\" alt=\"\" width=\"300\" height=\"225\" srcset=\"https:\/\/blog.espol.edu.ec\/jgmartin\/files\/2010\/05\/cerr-300x225.jpg 300w, https:\/\/blog.espol.edu.ec\/jgmartin\/files\/2010\/05\/cerr.jpg 480w\" sizes=\"auto, (max-width: 300px) 100vw, 300px\" \/><\/a><a title=\"Malecon 2000\" href=\"http:\/\/www.viajandox.com\/guayas\/guay_guayaquil_malecon2000.htm\"><\/a><\/p>\n<p><a title=\"Malecon 2000\" href=\"http:\/\/www.viajandox.com\/guayas\/guay_guayaquil_malecon2000.htm\">Malecon 2000<\/a>: \u00a0 <strong>Malec\u00f3n 2000<\/strong> es un proyecto de regeneraci\u00f3n urbana del antiguo  Malec\u00f3n Sim\u00f3n Bol\u00edvar, de 2.5 km de extensi\u00f3n en donde se puede  disfrutar de los grandes monumentos de la historia de <a title=\"Guayaquil\" href=\"http:\/\/es.wikipedia.org\/wiki\/Guayaquil\">Guayaquil<\/a>,  museos, jardines, fuentes, centro comercial, restaurantes, bares,  patios de comida, el primer cine IMAX de Sudam\u00e9rica, as\u00ed como muelles,  desde donde se puede abordar embarcaciones para realizar paseos diurnos y  nocturnos por el <a title=\"R\u00edo Guayas\" href=\"http:\/\/es.wikipedia.org\/wiki\/R%C3%ADo_Guayas\">r\u00edo Guayas<\/a> y miradores entre otras atracciones.<\/p>\n<p><a href=\"http:\/\/blog.espol.edu.ec\/jgmartin\/files\/2010\/05\/W_Malecon2000.jpg\"><img loading=\"lazy\" decoding=\"async\" class=\"aligncenter size-medium wp-image-142\" title=\"Malecon2000\" src=\"http:\/\/blog.espol.edu.ec\/jgmartin\/files\/2010\/05\/W_Malecon2000-300x225.jpg\" alt=\"\" width=\"300\" height=\"225\" srcset=\"https:\/\/blog.espol.edu.ec\/jgmartin\/files\/2010\/05\/W_Malecon2000-300x225.jpg 300w, https:\/\/blog.espol.edu.ec\/jgmartin\/files\/2010\/05\/W_Malecon2000.jpg 1024w\" sizes=\"auto, (max-width: 300px) 100vw, 300px\" \/><\/a><\/p>\n<p><a title=\"Malecon del salado\" href=\"http:\/\/www.visitaecuador.com\/index.php?hasta=280&amp;codi_seccion=0&amp;cod_seccion=5&amp;codigo=6VHogy6R\">Malecon Del Salado:<strong> <\/strong><\/a> <strong>Malec\u00f3n del Estero Salado<\/strong>, construido  bajo la administraci\u00f3n municipal del Jaime Nebot Saadi, en 2009, el  proyecto abarca desde la facultad de educaci\u00f3n f\u00edsica(tambi\u00e9n llamado  malecon universitario) de la Universidad de Guayaquil hasta el puente del  velero , desde all\u00ed cambia de nombre a malecon del  suburbio, en frente se encuentra el parque lineal, forma parte de  la regeneraci\u00f3n urbana de Guayaquil del 1999-2006.<\/p>\n<p><a href=\"http:\/\/blog.espol.edu.ec\/jgmartin\/files\/2010\/05\/800px-Malecon_del_Salado.jpg\"><img loading=\"lazy\" decoding=\"async\" class=\"aligncenter size-medium wp-image-145\" title=\"Malecon del salado\" src=\"http:\/\/blog.espol.edu.ec\/jgmartin\/files\/2010\/05\/800px-Malecon_del_Salado-300x225.jpg\" alt=\"\" width=\"300\" height=\"225\" srcset=\"https:\/\/blog.espol.edu.ec\/jgmartin\/files\/2010\/05\/800px-Malecon_del_Salado-300x225.jpg 300w, https:\/\/blog.espol.edu.ec\/jgmartin\/files\/2010\/05\/800px-Malecon_del_Salado.jpg 800w\" sizes=\"auto, (max-width: 300px) 100vw, 300px\" \/><\/a><\/p>\n<p>En la ciudad existen tambien centros comerciales populares tales como:<\/p>\n<p><a title=\"san marino\" href=\"http:\/\/www.sanmarinosite.com\/eng\/shopping.html\">San Marino shopping Center :<\/a>El centro comercial San Marino, es uno de los ultimos que se construyeron en la ciudad. Esta ubicado en la Av. Francisco de orellana y Plaza Da\u00f1in.<\/p>\n<p><a href=\"http:\/\/blog.espol.edu.ec\/jgmartin\/files\/2010\/05\/San-Marino_thumb1.jpg\"><img loading=\"lazy\" decoding=\"async\" class=\"aligncenter size-medium wp-image-147\" title=\"San Marino\" src=\"http:\/\/blog.espol.edu.ec\/jgmartin\/files\/2010\/05\/San-Marino_thumb1-300x300.jpg\" alt=\"\" width=\"300\" height=\"300\" srcset=\"https:\/\/blog.espol.edu.ec\/jgmartin\/files\/2010\/05\/San-Marino_thumb1-300x300.jpg 300w, https:\/\/blog.espol.edu.ec\/jgmartin\/files\/2010\/05\/San-Marino_thumb1-150x150.jpg 150w, https:\/\/blog.espol.edu.ec\/jgmartin\/files\/2010\/05\/San-Marino_thumb1.jpg 393w\" sizes=\"auto, (max-width: 300px) 100vw, 300px\" \/><\/a><\/p>\n<p>En necesario saber que el malecon 2000 como el malecon del salado tambien son centros comeriales, ya que en los mismo se pueden realizar diferentes tipos de activiades comerciales<\/p>\n<p>Buses para deleitarse conociendo nuestra bella ciudad<\/p>\n<p><a href=\"http:\/\/blog.espol.edu.ec\/jgmartin\/files\/2010\/05\/bus2.jpg\"><img loading=\"lazy\" decoding=\"async\" class=\"aligncenter size-medium wp-image-169\" title=\"Guayaquil vision\" src=\"http:\/\/blog.espol.edu.ec\/jgmartin\/files\/2010\/05\/bus2-300x172.jpg\" alt=\"\" width=\"300\" height=\"172\" srcset=\"https:\/\/blog.espol.edu.ec\/jgmartin\/files\/2010\/05\/bus2-300x172.jpg 300w, https:\/\/blog.espol.edu.ec\/jgmartin\/files\/2010\/05\/bus2.jpg 674w\" sizes=\"auto, (max-width: 300px) 100vw, 300px\" \/><\/a><\/p>\n","protected":false},"excerpt":{"rendered":"<p>.Cerro santa Ana: El cerro, llamado antiguamente Cerrito Verde, es el sitio donde se origin\u00f3 la ciudad, ya que en sus faldas se produjo su definitiva fundaci\u00f3n en 1547. Cuenta la leyenda que Nino de Lecumberri, espa\u00f1ol buscador de tesoros, invoc\u00f3 a Santa Ana cuando se encontraba en peligro de muerte. En agradecimiento coloc\u00f3 una [&hellip;]<\/p>\n","protected":false},"author":3769,"featured_media":0,"parent":0,"menu_order":0,"comment_status":"open","ping_status":"open","template":"","meta":{"_monsterinsights_skip_tracking":false,"_monsterinsights_sitenote_active":false,"_monsterinsights_sitenote_note":"","_monsterinsights_sitenote_category":0,"footnotes":""},"class_list":["post-140","page","type-page","status-publish","hentry"],"_links":{"self":[{"href":"https:\/\/blog.espol.edu.ec\/jgmartin\/wp-json\/wp\/v2\/pages\/140","targetHints":{"allow":["GET"]}}],"collection":[{"href":"https:\/\/blog.espol.edu.ec\/jgmartin\/wp-json\/wp\/v2\/pages"}],"about":[{"href":"https:\/\/blog.espol.edu.ec\/jgmartin\/wp-json\/wp\/v2\/types\/page"}],"author":[{"embeddable":true,"href":"https:\/\/blog.espol.edu.ec\/jgmartin\/wp-json\/wp\/v2\/users\/3769"}],"replies":[{"embeddable":true,"href":"https:\/\/blog.espol.edu.ec\/jgmartin\/wp-json\/wp\/v2\/comments?post=140"}],"version-history":[{"count":14,"href":"https:\/\/blog.espol.edu.ec\/jgmartin\/wp-json\/wp\/v2\/pages\/140\/revisions"}],"predecessor-version":[{"id":144,"href":"https:\/\/blog.espol.edu.ec\/jgmartin\/wp-json\/wp\/v2\/pages\/140\/revisions\/144"}],"wp:attachment":[{"href":"https:\/\/blog.espol.edu.ec\/jgmartin\/wp-json\/wp\/v2\/media?parent=140"}],"curies":[{"name":"wp","href":"https:\/\/api.w.org\/{rel}","templated":true}]}}