{"id":39,"date":"2010-05-26T23:30:04","date_gmt":"2010-05-26T23:30:04","guid":{"rendered":"http:\/\/blog.espol.edu.ec\/jgmartin\/?page_id=39"},"modified":"2010-05-30T13:58:07","modified_gmt":"2010-05-30T13:58:07","slug":"hoteles-de-guayaquil","status":"publish","type":"page","link":"https:\/\/blog.espol.edu.ec\/jgmartin\/hoteles-de-guayaquil\/","title":{"rendered":"Guayaquil - Ubicacion y Geografia"},"content":{"rendered":"<p>Guayaquil, oficialmente Santiago de Guayaquil, es la ciudad m\u00e1s poblada de la Rep\u00fablica del Ecuador. El \u00e1rea urbana de Guayaquil se alinea entre las ciudades m\u00e1s grandes de <a title=\"America latina\" href=\"http:\/\/es.wikipedia.org\/wiki\/Am%C3%A9rica_Latina\">Am\u00e9rica Latina<\/a>. Es adem\u00e1s un importante centro de comercio con influencia a nivel regional en el \u00e1mbito comercial, de finanzas, cultural, y de entretenimiento. La ciudad es la cabecera cantonal del cant\u00f3n hom\u00f3nimo y la capital de la provincia del Guayas.<\/p>\n<p>La geograf\u00eda de Guayaquil est\u00e1 caracterizada por su posici\u00f3n costera en la parte noroccidental de Am\u00e9rica del Sur, en la regi\u00f3n litoral  de Ecuador  y su ubicaci\u00f3n entre el <a title=\"Rio Guayas\" href=\"http:\/\/es.wikipedia.org\/wiki\/R%C3%ADo_Guayas\">r\u00edo Guayas <\/a>y el estero Salado. La geograf\u00eda de la ciudad, con su cercan\u00eda al oc\u00e9ano y su condici\u00f3n de puerto, ha contribuido como un importante factor para hacer de Guayaquil la ciudad con mayor densidad poblacional de la Rep\u00fablica de Ecuador.<\/p>\n<p>La ciudad de Guayaquil est\u00e1 ubicada en la parte noroeste de Am\u00e9rica del Sur, con pocos elevaciones y alejada de la <a title=\"Los andes\" href=\"http:\/\/www.profesorenlinea.cl\/Chilegeografia\/CordilleraAndes.htm\">Cordillera de los Andes<\/a>. El poco relieve de la ciudad y del cant\u00f3n est\u00e1 formado por cerros que atraviesan la ciudad y luego se unen a un sistema monta\u00f1oso menor llamado \"Chong\u00f3n-Colonche\" al oeste de la ciudad. La red fluvial del Guayas cerca a Guayaquil por el este, mientras que es atravesada y cercada al oeste por el Estero Salado. Tiene f\u00e1cil acceso al oc\u00e9ano Pac\u00edfico por medio del <a title=\"Golfo de Guayaquil\" href=\"http:\/\/es.wikipedia.org\/wiki\/Golfo_de_Guayaquil\">Golfo de Guayaquil.<\/a><\/p>\n<p>La ciudad se encuentra situada en la cuenca baja del r\u00edo Guayas, que nace en las provincias de <a title=\"Pichincha\" href=\"http:\/\/www.ecuatravel.8m.com\/pichincha.htm\">Pichincha<\/a> y de <a title=\"cotopaxi\" href=\"http:\/\/es.wikipedia.org\/wiki\/Cotopaxi\">Cotopaxi<\/a>, y desemboca en el Golfo de Guayaquil en el <a title=\"oceano pacifico\" href=\"http:\/\/www.practiciencia.com.ar\/ctierrayesp\/tierra\/superficie\/hidrosfera\/oceanos\/pacifico\/index.html\">Oc\u00e9ano Pac\u00edfico<\/a>. Recibe las aguas de los r\u00edos Daule y Babahoyo. El Daule y sus afluentes ba\u00f1an las provincias de Manab\u00ed, Los R\u00edos y Guayas. El Babahoyo est\u00e1 formado por el r\u00edo Yaguachi, y \u00e9ste por la uni\u00f3n de los r\u00edos Chimbo  y Chanch\u00e1n. Recorre las provincias de Chimborazo, Los R\u00edos y Guayas. La cuenca del Guayas  es la m\u00e1s grande de la vertiente del Pac\u00edfico, con 40 000 km\u00b2 y una extensa \u00e1rea de la costa ecuatoriana ba\u00f1ada por el r\u00edo del mismo nombre y toda su red de afluentes<\/p>\n<p>os dos m\u00e1s importantes afluentes, el <a title=\"Rio daule\" href=\"http:\/\/www.tutiempo.net\/Tierra\/Ecuador\/Rio-Daule-EC003756.html\">Daule <\/a>y el <a title=\"rio babahoyo\" href=\"http:\/\/www.tutiempo.net\/Tierra\/Ecuador\/Rio-Babahoyo-EC000743.html\">Babahoyo<\/a>, se unen al norte de la ciudad formando un gran caudal que descarga en el Golfo de Guayaquil, que es el principal r\u00edo y accidente geogr\u00e1fico en la vertiente del Pac\u00edfico de toda Am\u00e9rica, con un promedio anual de 30 000 millones de m\u00b3 de agua. Otros r\u00edos son el Tigre, Congo Juj\u00e1n, Pita, Chimbo, Pangor, muchos de los cuales nacen en la cordillera de los Andes.[49]<\/p>\n<p>Frente a la ciudad nace una cordillera costanera, que en tramo de la ciudad se encuentran los cerros de Santa Ana y del Carmen (ubicados pr\u00e1cticamente junto al r\u00edo), su elevaci\u00f3n m\u00e1s alta se da en el sector donde se encuentran las ciudadelas Los Ceibos y se los denomina cerro Azul, en su l\u00edmite occidental, m\u00e1s adelante este sistema monta\u00f1oso toma el nombre de Chong\u00f3n y luego Colonche.<\/p>\n<p>La ciudad es en su mayor parte llana, con elevaciones como el <a title=\"cerro santa ana\" href=\"http:\/\/www.visitaecuador.com\/index.php?hasta=20&amp;codi_seccion=0&amp;cod_seccion=5&amp;codigo=OhL3IbzN\">Cerro Santa Ana<\/a>, en su ladera oriental se encuentra el <a title=\"las pe\u00f1as\" href=\"http:\/\/www.google.com.ec\/#hl=es&amp;q=barrio+las+pe%C3%B1as&amp;aq=f&amp;aqi=&amp;aql=&amp;oq=&amp;gs_rfai=&amp;fp=ed07987019b99e40\">Barrio Las Pe\u00f1as<\/a>, el <a title=\"carmen\" href=\"http:\/\/es.wikipedia.org\/wiki\/Cerrito_del_Carmen\">Cerro del Carmen<\/a>, contiguo al Santa Ana, donde se encuentra el Monumento del Coraz\u00f3n de Jes\u00fas, el Cerro San Eduardo, en la zona noroccidental y m\u00e1s hacia el oeste el Cerro Azul, m\u00e1xima elevaci\u00f3n de la ciudad junto a las ciudadelas Los Ceibos y Los Olivos.<\/p>\n<p><a href=\"http:\/\/blog.espol.edu.ec\/jgmartin\/files\/2010\/05\/mapa-guayaqul.jpg\">\n\t\t<style type=\"text\/css\">\n\t\t\t#gallery-1 {\n\t\t\t\tmargin: auto;\n\t\t\t}\n\t\t\t#gallery-1 .gallery-item {\n\t\t\t\tfloat: left;\n\t\t\t\tmargin-top: 10px;\n\t\t\t\ttext-align: center;\n\t\t\t\twidth: 33%;\n\t\t\t}\n\t\t\t#gallery-1 img {\n\t\t\t\tborder: 2px solid #cfcfcf;\n\t\t\t}\n\t\t\t#gallery-1 .gallery-caption {\n\t\t\t\tmargin-left: 0;\n\t\t\t}\n\t\t\t\/* see gallery_shortcode() in wp-includes\/media.php *\/\n\t\t<\/style>\n\t\t<div id='gallery-1' class='gallery galleryid-39 gallery-columns-3 gallery-size-thumbnail'><dl class='gallery-item'>\n\t\t\t<dt class='gallery-icon landscape'>\n\t\t\t\t<a href='https:\/\/blog.espol.edu.ec\/jgmartin\/hoteles-de-guayaquil\/mapa-guayaqul\/'><img loading=\"lazy\" decoding=\"async\" width=\"150\" height=\"150\" src=\"https:\/\/blog.espol.edu.ec\/jgmartin\/files\/2010\/05\/mapa-guayaqul-150x150.jpg\" class=\"attachment-thumbnail size-thumbnail\" alt=\"Ubicacion de la ciudad en la provincia del guayas\" \/><\/a>\n\t\t\t<\/dt><\/dl><dl class='gallery-item'>\n\t\t\t<dt class='gallery-icon landscape'>\n\t\t\t\t<a href='https:\/\/blog.espol.edu.ec\/jgmartin\/hoteles-de-guayaquil\/sa-gu\/'><img loading=\"lazy\" decoding=\"async\" width=\"150\" height=\"150\" src=\"https:\/\/blog.espol.edu.ec\/jgmartin\/files\/2010\/05\/sa-gu-150x150.jpg\" class=\"attachment-thumbnail size-thumbnail\" alt=\"\" \/><\/a>\n\t\t\t<\/dt><\/dl><dl class='gallery-item'>\n\t\t\t<dt class='gallery-icon portrait'>\n\t\t\t\t<a href='https:\/\/blog.espol.edu.ec\/jgmartin\/hoteles-de-guayaquil\/guayaquil_satelite_blue_marble_retocada-2\/'><img loading=\"lazy\" decoding=\"async\" width=\"150\" height=\"150\" src=\"https:\/\/blog.espol.edu.ec\/jgmartin\/files\/2010\/05\/Guayaquil_Satelite_Blue_Marble_retocada1-150x150.jpg\" class=\"attachment-thumbnail size-thumbnail\" alt=\"\" \/><\/a>\n\t\t\t<\/dt><\/dl><br style=\"clear: both\" \/>\n\t\t<\/div>\n<br \/>\n<\/a><\/p>\n","protected":false},"excerpt":{"rendered":"<p>Guayaquil, oficialmente Santiago de Guayaquil, es la ciudad m\u00e1s poblada de la Rep\u00fablica del Ecuador. El \u00e1rea urbana de Guayaquil se alinea entre las ciudades m\u00e1s grandes de Am\u00e9rica Latina. Es adem\u00e1s un importante centro de comercio con influencia a nivel regional en el \u00e1mbito comercial, de finanzas, cultural, y de entretenimiento. La ciudad es [&hellip;]<\/p>\n","protected":false},"author":3769,"featured_media":0,"parent":0,"menu_order":0,"comment_status":"open","ping_status":"open","template":"","meta":{"_monsterinsights_skip_tracking":false,"_monsterinsights_sitenote_active":false,"_monsterinsights_sitenote_note":"","_monsterinsights_sitenote_category":0,"footnotes":""},"class_list":["post-39","page","type-page","status-publish","hentry"],"_links":{"self":[{"href":"https:\/\/blog.espol.edu.ec\/jgmartin\/wp-json\/wp\/v2\/pages\/39","targetHints":{"allow":["GET"]}}],"collection":[{"href":"https:\/\/blog.espol.edu.ec\/jgmartin\/wp-json\/wp\/v2\/pages"}],"about":[{"href":"https:\/\/blog.espol.edu.ec\/jgmartin\/wp-json\/wp\/v2\/types\/page"}],"author":[{"embeddable":true,"href":"https:\/\/blog.espol.edu.ec\/jgmartin\/wp-json\/wp\/v2\/users\/3769"}],"replies":[{"embeddable":true,"href":"https:\/\/blog.espol.edu.ec\/jgmartin\/wp-json\/wp\/v2\/comments?post=39"}],"version-history":[{"count":15,"href":"https:\/\/blog.espol.edu.ec\/jgmartin\/wp-json\/wp\/v2\/pages\/39\/revisions"}],"predecessor-version":[{"id":41,"href":"https:\/\/blog.espol.edu.ec\/jgmartin\/wp-json\/wp\/v2\/pages\/39\/revisions\/41"}],"wp:attachment":[{"href":"https:\/\/blog.espol.edu.ec\/jgmartin\/wp-json\/wp\/v2\/media?parent=39"}],"curies":[{"name":"wp","href":"https:\/\/api.w.org\/{rel}","templated":true}]}}