{"id":2,"date":"2014-05-23T14:48:15","date_gmt":"2014-05-23T14:48:15","guid":{"rendered":"http:\/\/blog.espol.edu.ec\/jgzamora\/?page_id=2"},"modified":"2014-06-10T20:08:31","modified_gmt":"2014-06-10T20:08:31","slug":"historia-de-ecuador","status":"publish","type":"page","link":"https:\/\/blog.espol.edu.ec\/jgzamora\/historia-de-ecuador\/","title":{"rendered":"Historia de Ecuador"},"content":{"rendered":"<p>Fue un guayaquile\u00f1o el que trajo la primera pelota a Ecuador y tambi\u00e9n la motivaci\u00f3n suficiente para encender la pasi\u00f3n por este deporte a la masa popular. Nos referimos a<strong>\u00a0<\/strong><strong>Juan Alfredo Wright<\/strong>, quien despu\u00e9s de residir en Inglaterra junto a su hermano Roberto, actu\u00f3 en el Uni\u00f3n Cricket de Lima, Per\u00fa. El retorno de ambos a Ecuador (mediados de 1899), incentiv\u00f3 a los j\u00f3venes ecuatorianos a practicar f\u00fatbol.<\/p>\n<p><strong>1899<\/strong>: El 23 de abril de este a\u00f1o nace la primera instituci\u00f3n de pr\u00e1ctica de f\u00fatbol,\u00a0<strong>el Club Sport Guayaquil.<\/strong>\u00a0Posteriormente se cre\u00f3 el\u00a0<strong>Club Sport Ecuador<\/strong>\u00a0y el de la\u00a0<strong>Asociaci\u00f3n de Empleados.<br \/>\n<\/strong><br \/>\n<strong>1900:<\/strong>\u00a0El 28 de enero de este a\u00f1o se registran los primeros encuentros.<\/p>\n<p><strong>1922:<\/strong>\u00a0Las provincias del Guayas y del Pichincha empiezan a organizar campeonatos amateurs, hasta 1950 (Guayas) y 1953 (Pichincha).<\/p>\n<p><strong>1925:<\/strong>\u00a0El 30 de mayo de este a\u00f1o nace la<strong>\u00a0<\/strong><strong>Federaci\u00f3n Deportiva Nacional del Ecuador<\/strong>.<\/p>\n<p><strong>1926:<\/strong>\u00a0Se realiza la\u00a0<strong>Olimpiada de Riobamba<\/strong>, que fue ganada por el anfitri\u00f3n Chimborazo en forma invicta. En este mismo a\u00f1o<strong>\u00a0<\/strong><strong>se incorpora Ecuador a la FIFA.<br \/>\n<\/strong><br \/>\n<strong>1927:<\/strong>\u00a0Ecuador se afilia a la\u00a0<strong>Conmebol.\u00a0<\/strong><\/p>\n<p><strong>1940- 1949:<\/strong>\u00a0Se disputan los primeros campeonatos nacionales de selecciones amateurs.<\/p>\n<p><strong>D\u00e9cada de los cincuenta:<\/strong>\u00a0La provincia del Guayas y la del Pichincha dejan el amateurismo.<\/p>\n<p><strong>1951:<\/strong>\u00a0La provincia del Guayas comienza los campeonatos provinciales profesionales.<\/p>\n<p><strong>1953:<\/strong>\u00a0La provincia del Pichincha comienza tambi\u00e9n los campeonatos provinciales profesionales.<\/p>\n<p><strong>1957:<\/strong>\u00a0Comienzan los\u00a0<strong>Campeonatos Nacionales de clubes<\/strong>\u00a0<strong>en Ecuador.\u00a0<\/strong>Aunque se suspendieron en los dos a\u00f1os siguientes, se reanudaron en 1960 y contin\u00faan hasta hoy.<\/p>\n<p><strong>1967:<\/strong>\u00a0Guayas y Pichincha concluyen sus campeonatos individuales de primera provincial. El 30 de junio de este a\u00f1o nace tambi\u00e9n la\u00a0<strong>Asociaci\u00f3n Ecuatoriana de F\u00fatbol.<\/strong><\/p>\n<p><strong>1978:<\/strong>\u00a0El 26 de mayo de este a\u00f1o se reforman los estatutos y se cambia el nombre de la instituci\u00f3n a\u00a0<strong>Federaci\u00f3n Ecuatoriana de F\u00fatbol.<\/strong><\/p>\n","protected":false},"excerpt":{"rendered":"<p>Fue un guayaquile\u00f1o el que trajo la primera pelota a Ecuador y tambi\u00e9n la motivaci\u00f3n suficiente para encender la pasi\u00f3n por este deporte a la masa popular. Nos referimos a\u00a0Juan Alfredo Wright, quien despu\u00e9s de residir en Inglaterra junto a su hermano Roberto, actu\u00f3 en el Uni\u00f3n Cricket de Lima, Per\u00fa. El retorno de ambos [&hellip;]<\/p>\n","protected":false},"author":9129,"featured_media":0,"parent":0,"menu_order":0,"comment_status":"open","ping_status":"open","template":"","meta":{"footnotes":""},"class_list":["post-2","page","type-page","status-publish","hentry"],"_links":{"self":[{"href":"https:\/\/blog.espol.edu.ec\/jgzamora\/wp-json\/wp\/v2\/pages\/2","targetHints":{"allow":["GET"]}}],"collection":[{"href":"https:\/\/blog.espol.edu.ec\/jgzamora\/wp-json\/wp\/v2\/pages"}],"about":[{"href":"https:\/\/blog.espol.edu.ec\/jgzamora\/wp-json\/wp\/v2\/types\/page"}],"author":[{"embeddable":true,"href":"https:\/\/blog.espol.edu.ec\/jgzamora\/wp-json\/wp\/v2\/users\/9129"}],"replies":[{"embeddable":true,"href":"https:\/\/blog.espol.edu.ec\/jgzamora\/wp-json\/wp\/v2\/comments?post=2"}],"version-history":[{"count":4,"href":"https:\/\/blog.espol.edu.ec\/jgzamora\/wp-json\/wp\/v2\/pages\/2\/revisions"}],"predecessor-version":[{"id":45,"href":"https:\/\/blog.espol.edu.ec\/jgzamora\/wp-json\/wp\/v2\/pages\/2\/revisions\/45"}],"wp:attachment":[{"href":"https:\/\/blog.espol.edu.ec\/jgzamora\/wp-json\/wp\/v2\/media?parent=2"}],"curies":[{"name":"wp","href":"https:\/\/api.w.org\/{rel}","templated":true}]}}