{"id":40,"date":"2014-06-10T20:04:11","date_gmt":"2014-06-10T20:04:11","guid":{"rendered":"http:\/\/blog.espol.edu.ec\/jgzamora\/?page_id=40"},"modified":"2014-06-10T20:10:43","modified_gmt":"2014-06-10T20:10:43","slug":"estadisticas","status":"publish","type":"page","link":"https:\/\/blog.espol.edu.ec\/jgzamora\/estadisticas\/","title":{"rendered":"Estadisticas"},"content":{"rendered":"<p>El primer torneo oficial donde particip\u00f3 Ecuador fueron los\u00a0<strong>Juegos Deportivos Bolivarianos<\/strong>\u00a0en 1938 y a nivel de Selecciones de adultos fue la \u00fanica participaci\u00f3n oficial en este torneo. Luego vino en 1939 el inicio de una serie todav\u00eda vigente de participaciones en la\u00a0<strong>Copa Am\u00e9rica<\/strong>\u00a0\u00f3 Campeonato Sudamericano de Selecciones, durante mucho tiempo este torneo er\u00e1 el \u00fanico oficial en el cual participaba Ecuador, y es el torneo oficial donde tenemos el m\u00e1s bajo porcentaje de rendimiento.<\/p>\n<p>En 1960, Ecuador se inscribi\u00f3 por primera vez para participar en las\u00a0<strong>Eliminatorias para la Copa del Mundo de la FIFA<\/strong>\u00a0en Chile 1962, Argentina nos vapule\u00f3 en una serie a dos partidos, y as\u00ed nos siguieron vapuleando nuestros vecinos de Sudam\u00e9rica hasta mediados de los a\u00f1os noventa del siglo pasado; ah\u00ed empezamos a cambiar el panorama y llegamos a clasificar a dos Copas del Mundo de forma consecutiva. Ahora las Eliminatorias a la Copa del Mundo son el torneo con mayor cantidad de participaciones oficiales por parte de Ecuador, y considerando el sistema de competici\u00f3n de todos contra todos que se ha usado en los cuatro \u00faltimos mundiales y que se usar\u00e1 en el pr\u00f3ximo de Brasil 2014, ir\u00e1 incrementando su porcentaje de participaci\u00f3n, a\u00fan m\u00e1s.<\/p>\n<p>Los otros torneos oficiales donde hemos intervenidos, son la\u00a0<strong>Copa del Mundo de la FIFA<\/strong>(2002 y 2006) y la\u00a0<strong>Copa de Oro de la CONCACAF<\/strong>\u00a0(como invitados en el 2002). Tambi\u00e9n participamos en el torneo\u00a0<strong>Mundialito<\/strong>\u00a0que organiz\u00f3 Brasil en 1972 para conmemorar el Sesquicenten\u00e1rio de su Independencia (torneo, tambi\u00e9n llamado\u00a0<strong>Copa Independencia<\/strong>), que fue un torneo casi oficial.<\/p>\n<p>El resto son torneos amistosos, algunos de caracter semi permanente como las Copas Kirin, Canada y Corea; y el resto torneos espor\u00e1dicos a veces de un solo partido como las Copas LG, Soccer Bowl, Torneo de la Amistad, etc. Y el resto son partidos amistosos internacionales y en esta ocasi\u00f3n tambi\u00e9n agrego los no internacionales, que no tuvieron una denominaci\u00f3n oficial o comercial.<\/p>\n","protected":false},"excerpt":{"rendered":"<p>El primer torneo oficial donde particip\u00f3 Ecuador fueron los\u00a0Juegos Deportivos Bolivarianos\u00a0en 1938 y a nivel de Selecciones de adultos fue la \u00fanica participaci\u00f3n oficial en este torneo. Luego vino en 1939 el inicio de una serie todav\u00eda vigente de participaciones en la\u00a0Copa Am\u00e9rica\u00a0\u00f3 Campeonato Sudamericano de Selecciones, durante mucho tiempo este torneo er\u00e1 el \u00fanico [&hellip;]<\/p>\n","protected":false},"author":9129,"featured_media":0,"parent":0,"menu_order":0,"comment_status":"open","ping_status":"open","template":"","meta":{"footnotes":""},"class_list":["post-40","page","type-page","status-publish","hentry"],"_links":{"self":[{"href":"https:\/\/blog.espol.edu.ec\/jgzamora\/wp-json\/wp\/v2\/pages\/40","targetHints":{"allow":["GET"]}}],"collection":[{"href":"https:\/\/blog.espol.edu.ec\/jgzamora\/wp-json\/wp\/v2\/pages"}],"about":[{"href":"https:\/\/blog.espol.edu.ec\/jgzamora\/wp-json\/wp\/v2\/types\/page"}],"author":[{"embeddable":true,"href":"https:\/\/blog.espol.edu.ec\/jgzamora\/wp-json\/wp\/v2\/users\/9129"}],"replies":[{"embeddable":true,"href":"https:\/\/blog.espol.edu.ec\/jgzamora\/wp-json\/wp\/v2\/comments?post=40"}],"version-history":[{"count":3,"href":"https:\/\/blog.espol.edu.ec\/jgzamora\/wp-json\/wp\/v2\/pages\/40\/revisions"}],"predecessor-version":[{"id":47,"href":"https:\/\/blog.espol.edu.ec\/jgzamora\/wp-json\/wp\/v2\/pages\/40\/revisions\/47"}],"wp:attachment":[{"href":"https:\/\/blog.espol.edu.ec\/jgzamora\/wp-json\/wp\/v2\/media?parent=40"}],"curies":[{"name":"wp","href":"https:\/\/api.w.org\/{rel}","templated":true}]}}