{"id":273,"date":"2016-06-01T05:24:14","date_gmt":"2016-06-01T10:24:14","guid":{"rendered":"http:\/\/blog.espol.edu.ec\/jhecarev\/?page_id=273"},"modified":"2016-06-01T05:39:11","modified_gmt":"2016-06-01T10:39:11","slug":"jungla","status":"publish","type":"page","link":"https:\/\/blog.espol.edu.ec\/jhecarev\/pagina-ejemplo\/jungla\/","title":{"rendered":"Jungla"},"content":{"rendered":"<p style=\"text-align: center\"><strong><em>Nature\u2019s Prophet<\/em><\/strong><\/p>\n<p style=\"text-align: center\"><img loading=\"lazy\" decoding=\"async\" class=\"aligncenter wp-image-286 size-full\" src=\"http:\/\/blog.espol.edu.ec\/jhecarev\/files\/2016\/06\/natures-prophet.jpg\" alt=\"natures-prophet\" width=\"1920\" height=\"1080\" srcset=\"https:\/\/blog.espol.edu.ec\/jhecarev\/files\/2016\/06\/natures-prophet.jpg 1920w, https:\/\/blog.espol.edu.ec\/jhecarev\/files\/2016\/06\/natures-prophet-300x169.jpg 300w, https:\/\/blog.espol.edu.ec\/jhecarev\/files\/2016\/06\/natures-prophet-768x432.jpg 768w, https:\/\/blog.espol.edu.ec\/jhecarev\/files\/2016\/06\/natures-prophet-1024x576.jpg 1024w\" sizes=\"auto, (max-width: 1920px) 100vw, 1920px\" \/><\/p>\n<p>Estos h\u00e9roes pueden comenzar la partida en la <b>jungla<\/b>, siendo especialmente efectivos matando creeps neutrales. En consecuencia, habr\u00e1, por norma general, tres h\u00e9roes obteniendo el oro y experiencia completa de su l\u00ednea; sin necesidad de compartirlo con otro. Siendo as\u00ed, es evidente que un cazador\/jungler puede aportar mucho a la batalla econ\u00f3mica de los equipos.<\/p>\n<p>Tambi\u00e9n pueden aprovechar su posici\u00f3n para realizar rotaciones y as\u00ed emboscar a enemigos despreocupados.<\/p>\n<p><em>Ejemplos: Nature\u2019s Prophet, Chen o Enchantress. <\/em><\/p>\n","protected":false},"excerpt":{"rendered":"<p>Nature\u2019s Prophet Estos h\u00e9roes pueden comenzar la partida en la jungla, siendo especialmente efectivos matando creeps neutrales. En consecuencia, habr\u00e1, por norma general, tres h\u00e9roes obteniendo el oro y experiencia completa de su l\u00ednea; sin necesidad de compartirlo con otro. Siendo as\u00ed, es evidente que un cazador\/jungler puede aportar mucho a la batalla econ\u00f3mica de [&hellip;]<\/p>\n","protected":false},"author":10295,"featured_media":0,"parent":2,"menu_order":0,"comment_status":"closed","ping_status":"closed","template":"","meta":{"footnotes":""},"class_list":["post-273","page","type-page","status-publish","hentry"],"_links":{"self":[{"href":"https:\/\/blog.espol.edu.ec\/jhecarev\/wp-json\/wp\/v2\/pages\/273","targetHints":{"allow":["GET"]}}],"collection":[{"href":"https:\/\/blog.espol.edu.ec\/jhecarev\/wp-json\/wp\/v2\/pages"}],"about":[{"href":"https:\/\/blog.espol.edu.ec\/jhecarev\/wp-json\/wp\/v2\/types\/page"}],"author":[{"embeddable":true,"href":"https:\/\/blog.espol.edu.ec\/jhecarev\/wp-json\/wp\/v2\/users\/10295"}],"replies":[{"embeddable":true,"href":"https:\/\/blog.espol.edu.ec\/jhecarev\/wp-json\/wp\/v2\/comments?post=273"}],"version-history":[{"count":3,"href":"https:\/\/blog.espol.edu.ec\/jhecarev\/wp-json\/wp\/v2\/pages\/273\/revisions"}],"predecessor-version":[{"id":287,"href":"https:\/\/blog.espol.edu.ec\/jhecarev\/wp-json\/wp\/v2\/pages\/273\/revisions\/287"}],"up":[{"embeddable":true,"href":"https:\/\/blog.espol.edu.ec\/jhecarev\/wp-json\/wp\/v2\/pages\/2"}],"wp:attachment":[{"href":"https:\/\/blog.espol.edu.ec\/jhecarev\/wp-json\/wp\/v2\/media?parent=273"}],"curies":[{"name":"wp","href":"https:\/\/api.w.org\/{rel}","templated":true}]}}