{"id":275,"date":"2016-06-01T05:28:22","date_gmt":"2016-06-01T10:28:22","guid":{"rendered":"http:\/\/blog.espol.edu.ec\/jhecarev\/?page_id=275"},"modified":"2016-06-01T05:29:06","modified_gmt":"2016-06-01T10:29:06","slug":"pusher","status":"publish","type":"page","link":"https:\/\/blog.espol.edu.ec\/jhecarev\/pagina-ejemplo\/pusher\/","title":{"rendered":"Pusher"},"content":{"rendered":"<p style=\"text-align: center\"><strong>Broodmother<\/strong><\/p>\n<p><img loading=\"lazy\" decoding=\"async\" class=\"aligncenter wp-image-276 size-full\" src=\"http:\/\/blog.espol.edu.ec\/jhecarev\/files\/2016\/06\/Broodermother.jpg\" alt=\"Broodermother\" width=\"2560\" height=\"1440\" srcset=\"https:\/\/blog.espol.edu.ec\/jhecarev\/files\/2016\/06\/Broodermother.jpg 2560w, https:\/\/blog.espol.edu.ec\/jhecarev\/files\/2016\/06\/Broodermother-300x169.jpg 300w, https:\/\/blog.espol.edu.ec\/jhecarev\/files\/2016\/06\/Broodermother-768x432.jpg 768w, https:\/\/blog.espol.edu.ec\/jhecarev\/files\/2016\/06\/Broodermother-1024x576.jpg 1024w\" sizes=\"auto, (max-width: 2560px) 100vw, 2560px\" \/><\/p>\n<p>El objetivo que tienen estos h\u00e9roes es encargarse de <b>destruir los edificios en el menor tiempo posible<\/b>. Gracias a la gran presi\u00f3n que pueden ejercer, tiran abajo torres, matan oleadas de creeps y ofrecen control sobre el mapa.<\/p>\n<p>Esto puede provocar una enorme presi\u00f3n en el equipo que sufre al h\u00e9roe pues deben dividir sus esfuerzos para pararle los pies, o de lo contrario podr\u00eda acabar \u00e9l solo con toda una l\u00ednea.<\/p>\n<p><em>Ejemplos: Broodmother, Leshrac o Shadow Shaman. <\/em><\/p>\n","protected":false},"excerpt":{"rendered":"<p>Broodmother El objetivo que tienen estos h\u00e9roes es encargarse de destruir los edificios en el menor tiempo posible. Gracias a la gran presi\u00f3n que pueden ejercer, tiran abajo torres, matan oleadas de creeps y ofrecen control sobre el mapa. Esto puede provocar una enorme presi\u00f3n en el equipo que sufre al h\u00e9roe pues deben dividir [&hellip;]<\/p>\n","protected":false},"author":10295,"featured_media":0,"parent":2,"menu_order":0,"comment_status":"closed","ping_status":"closed","template":"","meta":{"footnotes":""},"class_list":["post-275","page","type-page","status-publish","hentry"],"_links":{"self":[{"href":"https:\/\/blog.espol.edu.ec\/jhecarev\/wp-json\/wp\/v2\/pages\/275","targetHints":{"allow":["GET"]}}],"collection":[{"href":"https:\/\/blog.espol.edu.ec\/jhecarev\/wp-json\/wp\/v2\/pages"}],"about":[{"href":"https:\/\/blog.espol.edu.ec\/jhecarev\/wp-json\/wp\/v2\/types\/page"}],"author":[{"embeddable":true,"href":"https:\/\/blog.espol.edu.ec\/jhecarev\/wp-json\/wp\/v2\/users\/10295"}],"replies":[{"embeddable":true,"href":"https:\/\/blog.espol.edu.ec\/jhecarev\/wp-json\/wp\/v2\/comments?post=275"}],"version-history":[{"count":2,"href":"https:\/\/blog.espol.edu.ec\/jhecarev\/wp-json\/wp\/v2\/pages\/275\/revisions"}],"predecessor-version":[{"id":278,"href":"https:\/\/blog.espol.edu.ec\/jhecarev\/wp-json\/wp\/v2\/pages\/275\/revisions\/278"}],"up":[{"embeddable":true,"href":"https:\/\/blog.espol.edu.ec\/jhecarev\/wp-json\/wp\/v2\/pages\/2"}],"wp:attachment":[{"href":"https:\/\/blog.espol.edu.ec\/jhecarev\/wp-json\/wp\/v2\/media?parent=275"}],"curies":[{"name":"wp","href":"https:\/\/api.w.org\/{rel}","templated":true}]}}