{"id":279,"date":"2016-06-01T05:33:21","date_gmt":"2016-06-01T10:33:21","guid":{"rendered":"http:\/\/blog.espol.edu.ec\/jhecarev\/?page_id=279"},"modified":"2016-06-01T05:33:21","modified_gmt":"2016-06-01T10:33:21","slug":"iniciador","status":"publish","type":"page","link":"https:\/\/blog.espol.edu.ec\/jhecarev\/pagina-ejemplo\/iniciador\/","title":{"rendered":"Iniciador"},"content":{"rendered":"<p style=\"text-align: center\"><strong>Dark Seer<\/strong><\/p>\n<p style=\"text-align: center\"><img loading=\"lazy\" decoding=\"async\" class=\"aligncenter wp-image-280 size-full\" src=\"http:\/\/blog.espol.edu.ec\/jhecarev\/files\/2016\/06\/Dark-seer.jpg\" alt=\"Dark seer\" width=\"2036\" height=\"1008\" srcset=\"https:\/\/blog.espol.edu.ec\/jhecarev\/files\/2016\/06\/Dark-seer.jpg 2036w, https:\/\/blog.espol.edu.ec\/jhecarev\/files\/2016\/06\/Dark-seer-300x149.jpg 300w, https:\/\/blog.espol.edu.ec\/jhecarev\/files\/2016\/06\/Dark-seer-768x380.jpg 768w, https:\/\/blog.espol.edu.ec\/jhecarev\/files\/2016\/06\/Dark-seer-1024x507.jpg 1024w\" sizes=\"auto, (max-width: 2036px) 100vw, 2036px\" \/><\/p>\n<p>Son los h\u00e9roes encargados de dar <b>comienzo a las batallas entre equipos<\/b> o team-fights. Poseen habilidades de \u00e1rea, control o, sencillamente, con gran potencial para desbaratar los planes enemigos, situ\u00e1ndoles donde quieres. Muchos de ellos requieren de una Daga de Translaci\u00f3n para iniciar.<\/p>\n<p><em>Ejemplos: Dark Seer, Magnus o Enigma. <\/em><\/p>\n","protected":false},"excerpt":{"rendered":"<p>Dark Seer Son los h\u00e9roes encargados de dar comienzo a las batallas entre equipos o team-fights. Poseen habilidades de \u00e1rea, control o, sencillamente, con gran potencial para desbaratar los planes enemigos, situ\u00e1ndoles donde quieres. Muchos de ellos requieren de una Daga de Translaci\u00f3n para iniciar. Ejemplos: Dark Seer, Magnus o Enigma.<\/p>\n","protected":false},"author":10295,"featured_media":0,"parent":2,"menu_order":0,"comment_status":"closed","ping_status":"closed","template":"","meta":{"footnotes":""},"class_list":["post-279","page","type-page","status-publish","hentry"],"_links":{"self":[{"href":"https:\/\/blog.espol.edu.ec\/jhecarev\/wp-json\/wp\/v2\/pages\/279","targetHints":{"allow":["GET"]}}],"collection":[{"href":"https:\/\/blog.espol.edu.ec\/jhecarev\/wp-json\/wp\/v2\/pages"}],"about":[{"href":"https:\/\/blog.espol.edu.ec\/jhecarev\/wp-json\/wp\/v2\/types\/page"}],"author":[{"embeddable":true,"href":"https:\/\/blog.espol.edu.ec\/jhecarev\/wp-json\/wp\/v2\/users\/10295"}],"replies":[{"embeddable":true,"href":"https:\/\/blog.espol.edu.ec\/jhecarev\/wp-json\/wp\/v2\/comments?post=279"}],"version-history":[{"count":1,"href":"https:\/\/blog.espol.edu.ec\/jhecarev\/wp-json\/wp\/v2\/pages\/279\/revisions"}],"predecessor-version":[{"id":281,"href":"https:\/\/blog.espol.edu.ec\/jhecarev\/wp-json\/wp\/v2\/pages\/279\/revisions\/281"}],"up":[{"embeddable":true,"href":"https:\/\/blog.espol.edu.ec\/jhecarev\/wp-json\/wp\/v2\/pages\/2"}],"wp:attachment":[{"href":"https:\/\/blog.espol.edu.ec\/jhecarev\/wp-json\/wp\/v2\/media?parent=279"}],"curies":[{"name":"wp","href":"https:\/\/api.w.org\/{rel}","templated":true}]}}