{"id":33,"date":"2016-05-25T17:48:59","date_gmt":"2016-05-25T17:48:59","guid":{"rendered":"http:\/\/blog.espol.edu.ec\/jhecarev\/?page_id=33"},"modified":"2016-06-01T05:42:48","modified_gmt":"2016-06-01T10:42:48","slug":"hard-carry","status":"publish","type":"page","link":"https:\/\/blog.espol.edu.ec\/jhecarev\/pagina-ejemplo\/hard-carry\/","title":{"rendered":"Hard Carry"},"content":{"rendered":"<p style=\"text-align: center\"><strong>Faceless Void<\/strong><\/p>\n<p style=\"text-align: center\"><img loading=\"lazy\" decoding=\"async\" class=\"aligncenter wp-image-289 size-full\" src=\"http:\/\/blog.espol.edu.ec\/jhecarev\/files\/2016\/05\/Faceless-void.jpg\" alt=\"Faceless void\" width=\"1920\" height=\"1080\" srcset=\"https:\/\/blog.espol.edu.ec\/jhecarev\/files\/2016\/05\/Faceless-void.jpg 1920w, https:\/\/blog.espol.edu.ec\/jhecarev\/files\/2016\/05\/Faceless-void-300x169.jpg 300w, https:\/\/blog.espol.edu.ec\/jhecarev\/files\/2016\/05\/Faceless-void-768x432.jpg 768w, https:\/\/blog.espol.edu.ec\/jhecarev\/files\/2016\/05\/Faceless-void-1024x576.jpg 1024w\" sizes=\"auto, (max-width: 1920px) 100vw, 1920px\" \/><\/p>\n<p>Estos son los h\u00e9roes que obtienen m\u00e1s poder y utilidad a medida que el juego progresa. \u201cPortan\u201d el peso del equipo y se vuelven <b>temibles si logran amasar una gran cantidad de oro y experiencia<\/b>. Se espera de ellos que sean los principales referentes en los combates, obteniendo un elevado n\u00famero de asesinatos.<\/p>\n<p>Durante las <b>primeras etapas<\/b> del juego, los portadores\/carries son h\u00e9roes [\/b]fr\u00e1giles[\/b] y que necesitan apoyo para as\u00ed poder explotar m\u00e1s adelante. Es por eso que deben estar acompa\u00f1ados por otro h\u00e9roe que les facilite su desarrollo. De igual manera, atacarles en las primeras fases puede ser fundamental para evitar que mejoren y as\u00ed contar con una gran ventaja que incline los combates a vuestro favor. Estos h\u00e9roes conf\u00edan en sus ataques normales para causar el mayor da\u00f1o posible.<\/p>\n<p><em>Ejemplos: Faceless Void, Anti Mage o Phantom Lancer.<\/em><\/p>\n<p>Dentro de esta categor\u00eda es interesante se\u00f1alar a aquellos que cumplen la funci\u00f3n de<b>semi-portador o semi-carry<\/b>. Esto es, h\u00e9roes que tambi\u00e9n requieren de cierta inversi\u00f3n pero que pueden actuar antes con contundencia, perdiendo efectividad en los estados m\u00e1s avanzados del juego.<\/p>\n<p><em>Ejemplos: Windrunner, Queen of Pain o Necrolyte. <\/em><\/p>\n","protected":false},"excerpt":{"rendered":"<p>Faceless Void Estos son los h\u00e9roes que obtienen m\u00e1s poder y utilidad a medida que el juego progresa. \u201cPortan\u201d el peso del equipo y se vuelven temibles si logran amasar una gran cantidad de oro y experiencia. Se espera de ellos que sean los principales referentes en los combates, obteniendo un elevado n\u00famero de asesinatos. [&hellip;]<\/p>\n","protected":false},"author":10295,"featured_media":0,"parent":2,"menu_order":0,"comment_status":"closed","ping_status":"closed","template":"","meta":{"footnotes":""},"class_list":["post-33","page","type-page","status-publish","hentry"],"_links":{"self":[{"href":"https:\/\/blog.espol.edu.ec\/jhecarev\/wp-json\/wp\/v2\/pages\/33","targetHints":{"allow":["GET"]}}],"collection":[{"href":"https:\/\/blog.espol.edu.ec\/jhecarev\/wp-json\/wp\/v2\/pages"}],"about":[{"href":"https:\/\/blog.espol.edu.ec\/jhecarev\/wp-json\/wp\/v2\/types\/page"}],"author":[{"embeddable":true,"href":"https:\/\/blog.espol.edu.ec\/jhecarev\/wp-json\/wp\/v2\/users\/10295"}],"replies":[{"embeddable":true,"href":"https:\/\/blog.espol.edu.ec\/jhecarev\/wp-json\/wp\/v2\/comments?post=33"}],"version-history":[{"count":3,"href":"https:\/\/blog.espol.edu.ec\/jhecarev\/wp-json\/wp\/v2\/pages\/33\/revisions"}],"predecessor-version":[{"id":290,"href":"https:\/\/blog.espol.edu.ec\/jhecarev\/wp-json\/wp\/v2\/pages\/33\/revisions\/290"}],"up":[{"embeddable":true,"href":"https:\/\/blog.espol.edu.ec\/jhecarev\/wp-json\/wp\/v2\/pages\/2"}],"wp:attachment":[{"href":"https:\/\/blog.espol.edu.ec\/jhecarev\/wp-json\/wp\/v2\/media?parent=33"}],"curies":[{"name":"wp","href":"https:\/\/api.w.org\/{rel}","templated":true}]}}