{"id":112,"date":"2014-03-02T03:17:32","date_gmt":"2014-03-02T03:17:32","guid":{"rendered":"http:\/\/blog.espol.edu.ec\/jhohearr\/?page_id=112"},"modified":"2014-05-17T21:04:05","modified_gmt":"2014-05-17T21:04:05","slug":"letras-y-acordes","status":"publish","type":"page","link":"https:\/\/blog.espol.edu.ec\/jhohearr\/letras-y-acordes\/","title":{"rendered":"Energ\u00eda Hidr\u00e1ulica"},"content":{"rendered":"<p>Energ\u00eda hidr\u00e1ulica\u00a0o\u00a0energ\u00eda h\u00eddrica\u00a0a aquella que se obtiene del aprovechamiento de las energ\u00edas\u00a0<a href=\"http:\/\/es.wikipedia.org\/wiki\/Energ%C3%ADa_cin%C3%A9tica\">cin\u00e9tica<\/a>\u00a0y\u00a0<a href=\"http:\/\/es.wikipedia.org\/wiki\/Energ%C3%ADa_potencial\">potencial<\/a>\u00a0de la corriente del agua. Es un tipo de\u00a0<a href=\"http:\/\/es.wikipedia.org\/wiki\/Energ%C3%ADa_verde\">energ\u00eda verde<\/a>\u00a0cuando su impacto ambiental es m\u00ednimo y usa la fuerza h\u00eddrica sin represarla, en caso contrario es considerada s\u00f3lo una forma de energ\u00eda renovable.<\/p>\n","protected":false},"excerpt":{"rendered":"<p>Energ\u00eda hidr\u00e1ulica\u00a0o\u00a0energ\u00eda h\u00eddrica\u00a0a aquella que se obtiene del aprovechamiento de las energ\u00edas\u00a0cin\u00e9tica\u00a0y\u00a0potencial\u00a0de la corriente del agua. Es un tipo de\u00a0energ\u00eda verde\u00a0cuando su impacto ambiental es m\u00ednimo y usa la fuerza h\u00eddrica sin represarla, en caso contrario es considerada s\u00f3lo una forma de energ\u00eda renovable.<\/p>\n","protected":false},"author":8793,"featured_media":0,"parent":0,"menu_order":0,"comment_status":"open","ping_status":"open","template":"","meta":{"footnotes":""},"class_list":["post-112","page","type-page","status-publish","hentry"],"_links":{"self":[{"href":"https:\/\/blog.espol.edu.ec\/jhohearr\/wp-json\/wp\/v2\/pages\/112","targetHints":{"allow":["GET"]}}],"collection":[{"href":"https:\/\/blog.espol.edu.ec\/jhohearr\/wp-json\/wp\/v2\/pages"}],"about":[{"href":"https:\/\/blog.espol.edu.ec\/jhohearr\/wp-json\/wp\/v2\/types\/page"}],"author":[{"embeddable":true,"href":"https:\/\/blog.espol.edu.ec\/jhohearr\/wp-json\/wp\/v2\/users\/8793"}],"replies":[{"embeddable":true,"href":"https:\/\/blog.espol.edu.ec\/jhohearr\/wp-json\/wp\/v2\/comments?post=112"}],"version-history":[{"count":4,"href":"https:\/\/blog.espol.edu.ec\/jhohearr\/wp-json\/wp\/v2\/pages\/112\/revisions"}],"predecessor-version":[{"id":121,"href":"https:\/\/blog.espol.edu.ec\/jhohearr\/wp-json\/wp\/v2\/pages\/112\/revisions\/121"}],"wp:attachment":[{"href":"https:\/\/blog.espol.edu.ec\/jhohearr\/wp-json\/wp\/v2\/media?parent=112"}],"curies":[{"name":"wp","href":"https:\/\/api.w.org\/{rel}","templated":true}]}}