{"id":127,"date":"2014-05-17T21:35:37","date_gmt":"2014-05-17T21:35:37","guid":{"rendered":"http:\/\/blog.espol.edu.ec\/jhohearr\/?page_id=127"},"modified":"2014-05-17T21:56:32","modified_gmt":"2014-05-17T21:56:32","slug":"centrales-hidroelectricas-del-ecuador","status":"publish","type":"page","link":"https:\/\/blog.espol.edu.ec\/jhohearr\/energia-hidraulica-en-el-ecuador\/centrales-hidroelectricas-del-ecuador\/","title":{"rendered":"CENTRALES HIDROEL\u00c9CTRICAS DEL ECUADOR"},"content":{"rendered":"<p><strong>Central Hidroel\u00e9ctrica Paute<\/strong><\/p>\n<p style=\"text-align: center\">\u00a0 \u00a0 \u00a0\u00a0<a href=\"http:\/\/blog.espol.edu.ec\/jhohearr\/files\/2014\/05\/hpaute.jpg\"><img loading=\"lazy\" decoding=\"async\" class=\"alignnone size-medium wp-image-128\" src=\"http:\/\/blog.espol.edu.ec\/jhohearr\/files\/2014\/05\/hpaute-300x228.jpg\" alt=\"hpaute\" width=\"300\" height=\"228\" srcset=\"https:\/\/blog.espol.edu.ec\/jhohearr\/files\/2014\/05\/hpaute-300x228.jpg 300w, https:\/\/blog.espol.edu.ec\/jhohearr\/files\/2014\/05\/hpaute.jpg 393w\" sizes=\"auto, (max-width: 300px) 100vw, 300px\" \/><\/a><\/p>\n<p>&nbsp;<\/p>\n<p>El Proyecto hidroel\u00e9ctrico Paute fue concebido por el Ingeniero Daniel Palacios Izquierdo, visionario profesional en cuyo honor lleva su nombre la presa de Amaluza que permite la regulaci\u00f3n y conducci\u00f3n de las aguas para la Central Molino. El Ingeniero Palacios como Superintendente de Campo de la Compa\u00f1\u00eda Inglesa Shell, ten\u00eda bajo su control los estudios Geof\u00edsicos y Geol\u00f3gicos, y su centro de operaciones era el oriente ecuatoriano, posteriormente, como funcionario del Centro de Reconversi\u00f3n Econ\u00f3mica del Azuay Ca\u00f1ar y Morona Santiago CREA; durante sus recorridos descubri\u00f3 el accidente geogr\u00e1fico que por sus caracter\u00edsticas consist\u00eda en un recurso aprovechable para la generaci\u00f3n hidroel\u00e9ctrica.<\/p>\n<p>El r\u00edo Paute portador de un gran caudal en el sitio denominado Cola de San Pablo, en corta distancia medida en l\u00ednea recta, presenta una gran diferencia de niveles, haci\u00e9ndose aprovechable esa energ\u00eda potencial; esta condici\u00f3n favorable fue expuesta en su informe ante las autoridades superiores y de la provincia, sin embargo para esa \u00e9poca, esta idea no fue f\u00e1cilmente entendida, resultaba una propuesta de una persona ilusa, por la magnitud de las obras de Ingenier\u00eda y sus costos.<\/p>\n<p>Fue tanta la insistencia de este profesional, que el Directorio del CREA resolvi\u00f3 encargar a una empresa Americana la realizaci\u00f3n de los primeros estudios, luego de los que, al constatar que no era una concepci\u00f3n disparatada; en 1961 se realizan gestiones con INECEL de reciente creaci\u00f3n, y para Mayo de 1962, t\u00e9cnicos japoneses de la Electrical Power Co. luego del reconocimiento preliminar, confirman el recurso.<\/p>\n<p>INECEL, encargado de la planificaci\u00f3n y desarrollo de la electrificaci\u00f3n, contrata los estudios de pre-factibilidad y factibilidad; para esos a\u00f1os el pa\u00eds contaba ya con recursos gracias a la exploraci\u00f3n y explotaci\u00f3n petrolera que se presentaba con grandes resultados. Bajo estas circunstancias el Gobierno Nacional lo defini\u00f3 como de ejecuci\u00f3n prioritaria, por ser de beneficio para el desarrollo del pa\u00eds y se dec\u00eda la mejor alternativa de \"SEMBRAR EL PETR\u00d3LEO\" recurso NO RENOVABLE. Como se\u00f1ala el Plan Maestro de Electrificaci\u00f3n, el objetivo de Paute y de otros proyectos de este g\u00e9nero, est\u00e1 dirigido a la utilizaci\u00f3n preponderante de los recursos h\u00eddricos que permitan sustituir los recursos no renovables, por fuentes renovables en la generaci\u00f3n de energ\u00eda el\u00e9ctrica.\u00a0<strong>Ante la decisi\u00f3n tomada y considerando que para la \u00e9poca la demanda de energ\u00eda era muy peque\u00f1a, de exigencia pr\u00e1cticamente dom\u00e9stica, se presentaban tantas especulaciones entre ellas que se llegar\u00eda a exportar grandes cantidades de energ\u00eda a los vecinos pa\u00edses de Colombia y Per\u00fa. El Sistema Hidroel\u00e9ctrico Paute con estos antecedentes, se defini\u00f3 como el aprovechamiento integral del recurso h\u00eddrico, mediante tres centrales: Molino, Mazar y Sopladora con la construcci\u00f3n de tres embalses: Amaluza, Mazar y Marcayacu (esta \u00faltima en el dise\u00f1o original), situados en serie, habl\u00e1ndose tambi\u00e9n en la \u00e9poca de otras instalaciones en cascada hasta el Cant\u00f3n M\u00e9ndez para una\u00a0<\/strong>capacidad a ser instalada total alrededor de 2600MW.<\/p>\n<p>&nbsp;<\/p>\n<p><strong>Central Hidroel\u00e9ctrica Agoy\u00e1n<\/strong><\/p>\n<p style=\"text-align: center\">\u00a0<a href=\"http:\/\/blog.espol.edu.ec\/jhohearr\/files\/2014\/05\/agoyan.jpg\"><img loading=\"lazy\" decoding=\"async\" class=\"alignnone size-medium wp-image-129\" src=\"http:\/\/blog.espol.edu.ec\/jhohearr\/files\/2014\/05\/agoyan-300x204.jpg\" alt=\"agoyan\" width=\"300\" height=\"204\" srcset=\"https:\/\/blog.espol.edu.ec\/jhohearr\/files\/2014\/05\/agoyan-300x204.jpg 300w, https:\/\/blog.espol.edu.ec\/jhohearr\/files\/2014\/05\/agoyan.jpg 395w\" sizes=\"auto, (max-width: 300px) 100vw, 300px\" \/><\/a><\/p>\n<p>&nbsp;<\/p>\n<p>La Central Agoy\u00e1n fue concebida para aprovechar el caudal del R\u00edo Pastaza, localizada en la provincia de Tungurahua a 180 Km. al Sureste de Quito y a 5 Km. al este de la ciudad de Ba\u00f1os en el sector denominado Agoy\u00e1n de la parroquia Ulba, en la via principal de entrada al sector amazonico ecuatoriano.<br \/>\nLa cuenca del rio Pastaza tiene una extension de 8270 Km2, en las provincias de Cotopaxi, Chimborazo y Tungurahua.<\/p>\n<p>La extensi\u00f3n global de la zona de influencia de la Central es de 5.00 Km2 con una\u00a0<strong>producci\u00f3n media anual de 1.080 GWH<\/strong>. El nivel maximo del embalse se encuentra a una altitud de 1651 m.s.n.m.<\/p>\n<p>La presa esta formada por:<br \/>\n- Dos desag\u00fces de fondo de 9m. de ancho por 9m. de altura, para la limpieza de sedimentos y vaciado del embalse.<br \/>\n- Tres vertederos de excesos de 15m. de altura por 12m. de ancho.<br \/>\n- Un estanque desarenador semi-natural de 150m. de largo por 90m. de ancho.<br \/>\n- Un desag\u00fce de fondo del desarenador y estructura de la toma.<br \/>\n- T\u00fanel de carga cuya toma est\u00e1 ubicada en el cuerpo de la presa; tiene una longitud de 2378m. y 6m. de di\u00e1metro interno. Conduce un caudal de 120m3 por segundo.<br \/>\n- Tuber\u00eda de presi\u00f3n subterr\u00e1nea vertical de 5m de di\u00e1metro promedio.<\/p>\n<p>Captaciones y conducci\u00f3n<br \/>\nAl Pastaza aportan los R\u00edos: Chambo y Patate.<\/p>\n<p>&nbsp;<\/p>\n<p><strong>Central Hidroel\u00e9ctrica San Francisco<\/strong><\/p>\n<p>&nbsp;<\/p>\n<p style=\"text-align: center\">\u00a0<a href=\"http:\/\/blog.espol.edu.ec\/jhohearr\/files\/2014\/05\/sa.jpg\"><img loading=\"lazy\" decoding=\"async\" class=\"alignnone size-medium wp-image-130\" src=\"http:\/\/blog.espol.edu.ec\/jhohearr\/files\/2014\/05\/sa-300x199.jpg\" alt=\"sa\" width=\"300\" height=\"199\" srcset=\"https:\/\/blog.espol.edu.ec\/jhohearr\/files\/2014\/05\/sa-300x199.jpg 300w, https:\/\/blog.espol.edu.ec\/jhohearr\/files\/2014\/05\/sa.jpg 386w\" sizes=\"auto, (max-width: 300px) 100vw, 300px\" \/><\/a><\/p>\n<p>La central San Francisco se construy\u00f3 desde febrero de 2004 y dio inicio a la generaci\u00f3n comercial la primera unidad (Unidad 02) el 03 de mayo del 2007, la otra Unidad U1 a principios de Junio -07. La central San Francisco est\u00e1 ubicada entre la cuenca media y baja del R\u00edo Pastaza, municipio de Ba\u00f1os de Agua Santa, Provincia de Tungurahua, regi\u00f3n central del Ecuador. La central San Francisco tiene dos (2) unidades generadoras de 115 MW cada una, con 230 MW de potencia instalada.<\/p>\n<p>La Central Hidroel\u00e9ctrica San Francisco tiene una\u00a0<strong>potencia instalada de 230 MW<\/strong>\u00a0para la producci\u00f3n de energ\u00eda hidroel\u00e9ctrica y la demanda del Sistema Nacional Interconectado del Ecuador.<\/p>\n<p>&nbsp;<\/p>\n<p><strong>Central Hidroel\u00e9ctrica Pucar\u00e1-Pisayambo<\/strong><\/p>\n<p>&nbsp;<\/p>\n<p style=\"text-align: center\"><a href=\"http:\/\/blog.espol.edu.ec\/jhohearr\/files\/2014\/05\/u.jpg\"><img loading=\"lazy\" decoding=\"async\" class=\"alignnone size-medium wp-image-131\" src=\"http:\/\/blog.espol.edu.ec\/jhohearr\/files\/2014\/05\/u-300x221.jpg\" alt=\"u\" width=\"300\" height=\"221\" srcset=\"https:\/\/blog.espol.edu.ec\/jhohearr\/files\/2014\/05\/u-300x221.jpg 300w, https:\/\/blog.espol.edu.ec\/jhohearr\/files\/2014\/05\/u.jpg 399w\" sizes=\"auto, (max-width: 300px) 100vw, 300px\" \/><\/a><\/p>\n<p>El Proyecto Pisayambo fue concebido para aprovechar una zona lacustre, localizada en la Cordillera Oriental de los Andes, aproximadamente a 35 Km. de P\u00edllaro Provincia del Tungurahua. El embalse esta ubicado dentro del Parque Nacional Llanganates.<\/p>\n<p>La extensi\u00f3n global de la zona de influencia del proyecto es de 250 Km2, con una\u00a0<strong>producci\u00f3n media anual de 230 GWH<\/strong>.<\/p>\n<p>La laguna de Pisayambo constituye el embalse de la central, y se encuentra a una altitud de 3.537 m.s.n.m. con una extensi\u00f3n de 8 Km2 y a una distancia aproximadamente de 160 Km al sureste de Quito.<\/p>\n<p>Captaciones y conducci\u00f3n:<\/p>\n<p>Al reservorio aportan los R\u00edos: El Roncador, El Mil\u00edn, El Tambo. Las aguas de los r\u00edos Talatag, Quillopaccha y Agualongopungo son conducidas al embalse mediante obras de captaci\u00f3n.<\/p>\n","protected":false},"excerpt":{"rendered":"<p>Central Hidroel\u00e9ctrica Paute \u00a0 \u00a0 \u00a0\u00a0 &nbsp; El Proyecto hidroel\u00e9ctrico Paute fue concebido por el Ingeniero Daniel Palacios Izquierdo, visionario profesional en cuyo honor lleva su nombre la presa de Amaluza que permite la regulaci\u00f3n y conducci\u00f3n de las aguas para la Central Molino. El Ingeniero Palacios como Superintendente de Campo de la Compa\u00f1\u00eda Inglesa [&hellip;]<\/p>\n","protected":false},"author":8793,"featured_media":0,"parent":124,"menu_order":1,"comment_status":"open","ping_status":"open","template":"","meta":{"footnotes":""},"class_list":["post-127","page","type-page","status-publish","hentry"],"_links":{"self":[{"href":"https:\/\/blog.espol.edu.ec\/jhohearr\/wp-json\/wp\/v2\/pages\/127","targetHints":{"allow":["GET"]}}],"collection":[{"href":"https:\/\/blog.espol.edu.ec\/jhohearr\/wp-json\/wp\/v2\/pages"}],"about":[{"href":"https:\/\/blog.espol.edu.ec\/jhohearr\/wp-json\/wp\/v2\/types\/page"}],"author":[{"embeddable":true,"href":"https:\/\/blog.espol.edu.ec\/jhohearr\/wp-json\/wp\/v2\/users\/8793"}],"replies":[{"embeddable":true,"href":"https:\/\/blog.espol.edu.ec\/jhohearr\/wp-json\/wp\/v2\/comments?post=127"}],"version-history":[{"count":2,"href":"https:\/\/blog.espol.edu.ec\/jhohearr\/wp-json\/wp\/v2\/pages\/127\/revisions"}],"predecessor-version":[{"id":134,"href":"https:\/\/blog.espol.edu.ec\/jhohearr\/wp-json\/wp\/v2\/pages\/127\/revisions\/134"}],"up":[{"embeddable":true,"href":"https:\/\/blog.espol.edu.ec\/jhohearr\/wp-json\/wp\/v2\/pages\/124"}],"wp:attachment":[{"href":"https:\/\/blog.espol.edu.ec\/jhohearr\/wp-json\/wp\/v2\/media?parent=127"}],"curies":[{"name":"wp","href":"https:\/\/api.w.org\/{rel}","templated":true}]}}