{"id":99,"date":"2014-03-01T05:28:22","date_gmt":"2014-03-01T05:28:22","guid":{"rendered":"http:\/\/blog.espol.edu.ec\/jhohearr\/?page_id=99"},"modified":"2014-05-17T21:15:05","modified_gmt":"2014-05-17T21:15:05","slug":"videos","status":"publish","type":"page","link":"https:\/\/blog.espol.edu.ec\/jhohearr\/videos\/","title":{"rendered":"Energ\u00eda E\u00f3lica"},"content":{"rendered":"<h1>\u00bfQue es la energ\u00eda e\u00f3lica?<\/h1>\n<p>&nbsp;<\/p>\n<p>La energ\u00eda e\u00f3lica es la energ\u00eda cuyo origen proviene del movimiento de masa de aire es decir del viento.<\/p>\n<p>En la tierra el movimiento de las masas de aire se deben principalmente a la diferencia de presiones existentes en distintos lugares de esta, movi\u00e9ndose de alta a baja presi\u00f3n, este tipo de viento se llama\u00a0<strong>viento geoestrofico<\/strong>.<\/p>\n<p>Para la generaci\u00f3n de energ\u00eda el\u00e9ctrica\u00a0\u00a0a partir de la energ\u00eda del viento a nosotros nos interesa mucho mas el origen de los vientos en zonas mas especificas del planeta, estos vientos son los llamados\u00a0<strong>vientos locales,\u00a0<\/strong>entre estos est\u00e1n las brisas marinas que son debida a la diferencia de temperatura entre el mar y la tierra , tambi\u00e9n est\u00e1n los llamados vientos de monta\u00f1a que se producen por el calentamiento de las monta\u00f1as y esto afecta en la densidad del aire y hace que el viento suba por la ladera de la monta\u00f1a o baje por esta dependiendo si es de noche o de d\u00eda.<\/p>\n<p>&nbsp;<\/p>\n","protected":false},"excerpt":{"rendered":"<p>\u00bfQue es la energ\u00eda e\u00f3lica? &nbsp; La energ\u00eda e\u00f3lica es la energ\u00eda cuyo origen proviene del movimiento de masa de aire es decir del viento. En la tierra el movimiento de las masas de aire se deben principalmente a la diferencia de presiones existentes en distintos lugares de esta, movi\u00e9ndose de alta a baja presi\u00f3n, [&hellip;]<\/p>\n","protected":false},"author":8793,"featured_media":0,"parent":0,"menu_order":0,"comment_status":"open","ping_status":"closed","template":"","meta":{"footnotes":""},"class_list":["post-99","page","type-page","status-publish","hentry"],"_links":{"self":[{"href":"https:\/\/blog.espol.edu.ec\/jhohearr\/wp-json\/wp\/v2\/pages\/99","targetHints":{"allow":["GET"]}}],"collection":[{"href":"https:\/\/blog.espol.edu.ec\/jhohearr\/wp-json\/wp\/v2\/pages"}],"about":[{"href":"https:\/\/blog.espol.edu.ec\/jhohearr\/wp-json\/wp\/v2\/types\/page"}],"author":[{"embeddable":true,"href":"https:\/\/blog.espol.edu.ec\/jhohearr\/wp-json\/wp\/v2\/users\/8793"}],"replies":[{"embeddable":true,"href":"https:\/\/blog.espol.edu.ec\/jhohearr\/wp-json\/wp\/v2\/comments?post=99"}],"version-history":[{"count":11,"href":"https:\/\/blog.espol.edu.ec\/jhohearr\/wp-json\/wp\/v2\/pages\/99\/revisions"}],"predecessor-version":[{"id":122,"href":"https:\/\/blog.espol.edu.ec\/jhohearr\/wp-json\/wp\/v2\/pages\/99\/revisions\/122"}],"wp:attachment":[{"href":"https:\/\/blog.espol.edu.ec\/jhohearr\/wp-json\/wp\/v2\/media?parent=99"}],"curies":[{"name":"wp","href":"https:\/\/api.w.org\/{rel}","templated":true}]}}