{"id":22,"date":"2010-10-19T19:50:13","date_gmt":"2010-10-19T19:50:13","guid":{"rendered":"http:\/\/blog.espol.edu.ec\/jhongiler\/?page_id=22"},"modified":"2010-11-02T07:56:40","modified_gmt":"2010-11-02T07:56:40","slug":"condiciones","status":"publish","type":"page","link":"https:\/\/blog.espol.edu.ec\/jhongiler\/condiciones\/","title":{"rendered":"Presentaciones y videos"},"content":{"rendered":"<p style=\"margin-bottom: 20px\">\n<div id=\"__ss_4465783\" style=\"width: 425px\"><strong><a title=\"Twitter\" href=\"http:\/\/www.slideshare.net\/alvarezalfre\/twitter-4465783\">Twitter<\/a><\/strong><object classid=\"clsid:d27cdb6e-ae6d-11cf-96b8-444553540000\" width=\"425\" height=\"355\"><param name=\"src\" value=\"http:\/\/static.slidesharecdn.com\/swf\/ssplayer2.swf?doc=twitter-100610105553-phpapp02&amp;stripped_title=twitter-4465783&amp;userName=alvarezalfre\" \/><param name=\"allowfullscreen\" value=\"true\" \/><embed type=\"application\/x-shockwave-flash\" width=\"425\" height=\"355\" src=\"http:\/\/static.slidesharecdn.com\/swf\/ssplayer2.swf?doc=twitter-100610105553-phpapp02&amp;stripped_title=twitter-4465783&amp;userName=alvarezalfre\" allowfullscreen=\"true\"><\/embed><\/object><\/p>\n<div style=\"padding: 5px 0 12px\">\n<p>iPad 1ra Generaci\u00f3n<\/p>\n<p style=\"margin-bottom: 20px\">\n<p><object classid=\"clsid:d27cdb6e-ae6d-11cf-96b8-444553540000\" width=\"640\" height=\"385\"><param name=\"allowFullScreen\" value=\"true\" \/><param name=\"allowscriptaccess\" value=\"always\" \/><param name=\"src\" value=\"http:\/\/www.youtube.com\/v\/MKxoqRoRB0c?fs=1&amp;hl=es_ES\" \/><param name=\"allowfullscreen\" value=\"true\" \/><embed type=\"application\/x-shockwave-flash\" width=\"640\" height=\"385\" src=\"http:\/\/www.youtube.com\/v\/MKxoqRoRB0c?fs=1&amp;hl=es_ES\" allowscriptaccess=\"always\" allowfullscreen=\"true\"><\/embed><\/object><\/p>\n<p style=\"margin-bottom: 20px\">\n<p>iPhone 4ta Genaraci\u00f3n<\/p>\n<p style=\"margin-bottom: 20px\">\n<p><object classid=\"clsid:d27cdb6e-ae6d-11cf-96b8-444553540000\" width=\"640\" height=\"385\"><param name=\"allowFullScreen\" value=\"true\" \/><param name=\"allowscriptaccess\" value=\"always\" \/><param name=\"src\" value=\"http:\/\/www.youtube.com\/v\/R1wbQdVezio?fs=1&amp;hl=en_US\" \/><param name=\"allowfullscreen\" value=\"true\" \/><embed type=\"application\/x-shockwave-flash\" width=\"640\" height=\"385\" src=\"http:\/\/www.youtube.com\/v\/R1wbQdVezio?fs=1&amp;hl=en_US\" allowscriptaccess=\"always\" allowfullscreen=\"true\"><\/embed><\/object><\/p>\n<p style=\"margin-bottom: 20px\">\n<p>iPod touch 4ta Generaci\u00f3n<\/p>\n<p style=\"margin-bottom: 20px\">\n<p><object classid=\"clsid:d27cdb6e-ae6d-11cf-96b8-444553540000\" width=\"640\" height=\"385\"><param name=\"allowFullScreen\" value=\"true\" \/><param name=\"allowscriptaccess\" value=\"always\" \/><param name=\"src\" value=\"http:\/\/www.youtube.com\/v\/av4RXjZHDqE?fs=1&amp;hl=en_US\" \/><param name=\"allowfullscreen\" value=\"true\" \/><embed type=\"application\/x-shockwave-flash\" width=\"640\" height=\"385\" src=\"http:\/\/www.youtube.com\/v\/av4RXjZHDqE?fs=1&amp;hl=en_US\" allowscriptaccess=\"always\" allowfullscreen=\"true\"><\/embed><\/object><\/p>\n<p style=\"margin-bottom: 20px\">\n<p>iPod nano 6ta Genaraci\u00f3n<\/p>\n<p style=\"margin-bottom: 20px\">\n<p><object classid=\"clsid:d27cdb6e-ae6d-11cf-96b8-444553540000\" width=\"640\" height=\"385\"><param name=\"allowFullScreen\" value=\"true\" \/><param name=\"allowscriptaccess\" value=\"always\" \/><param name=\"src\" value=\"http:\/\/www.youtube.com\/v\/UXUNGfL4ZAw?fs=1&amp;hl=en_US\" \/><param name=\"allowfullscreen\" value=\"true\" \/><embed type=\"application\/x-shockwave-flash\" width=\"640\" height=\"385\" src=\"http:\/\/www.youtube.com\/v\/UXUNGfL4ZAw?fs=1&amp;hl=en_US\" allowscriptaccess=\"always\" allowfullscreen=\"true\"><\/embed><\/object><\/p>\n<p style=\"margin-bottom: 20px\">\n<p>Macbook Air 2da Generaci\u00f3n<\/p>\n<p style=\"margin-bottom: 20px\">\n<p><object classid=\"clsid:d27cdb6e-ae6d-11cf-96b8-444553540000\" width=\"640\" height=\"385\"><param name=\"allowFullScreen\" value=\"true\" \/><param name=\"allowscriptaccess\" value=\"always\" \/><param name=\"src\" value=\"http:\/\/www.youtube.com\/v\/q6oGhLvLfgs?fs=1&amp;hl=en_US\" \/><param name=\"allowfullscreen\" value=\"true\" \/><embed type=\"application\/x-shockwave-flash\" width=\"640\" height=\"385\" src=\"http:\/\/www.youtube.com\/v\/q6oGhLvLfgs?fs=1&amp;hl=en_US\" allowscriptaccess=\"always\" allowfullscreen=\"true\"><\/embed><\/object><\/p>\n","protected":false},"excerpt":{"rendered":"<p>Twitter iPad 1ra Generaci\u00f3n iPhone 4ta Genaraci\u00f3n iPod touch 4ta Generaci\u00f3n iPod nano 6ta Genaraci\u00f3n Macbook Air 2da Generaci\u00f3n<\/p>\n","protected":false},"author":5229,"featured_media":0,"parent":0,"menu_order":0,"comment_status":"open","ping_status":"open","template":"","meta":{"footnotes":""},"class_list":["post-22","page","type-page","status-publish","hentry"],"_links":{"self":[{"href":"https:\/\/blog.espol.edu.ec\/jhongiler\/wp-json\/wp\/v2\/pages\/22","targetHints":{"allow":["GET"]}}],"collection":[{"href":"https:\/\/blog.espol.edu.ec\/jhongiler\/wp-json\/wp\/v2\/pages"}],"about":[{"href":"https:\/\/blog.espol.edu.ec\/jhongiler\/wp-json\/wp\/v2\/types\/page"}],"author":[{"embeddable":true,"href":"https:\/\/blog.espol.edu.ec\/jhongiler\/wp-json\/wp\/v2\/users\/5229"}],"replies":[{"embeddable":true,"href":"https:\/\/blog.espol.edu.ec\/jhongiler\/wp-json\/wp\/v2\/comments?post=22"}],"version-history":[{"count":18,"href":"https:\/\/blog.espol.edu.ec\/jhongiler\/wp-json\/wp\/v2\/pages\/22\/revisions"}],"predecessor-version":[{"id":150,"href":"https:\/\/blog.espol.edu.ec\/jhongiler\/wp-json\/wp\/v2\/pages\/22\/revisions\/150"}],"wp:attachment":[{"href":"https:\/\/blog.espol.edu.ec\/jhongiler\/wp-json\/wp\/v2\/media?parent=22"}],"curies":[{"name":"wp","href":"https:\/\/api.w.org\/{rel}","templated":true}]}}